{"id":10083,"date":"2024-06-13T14:58:43","date_gmt":"2024-06-13T11:58:43","guid":{"rendered":"https:\/\/uuswp.workshop.ee\/?page_id=10083"},"modified":"2024-09-16T16:57:18","modified_gmt":"2024-09-16T13:57:18","slug":"kauba-kohale-toimetamine","status":"publish","type":"page","link":"https:\/\/www.workshop.ee\/en\/kauba-kohale-toimetamine\/","title":{"rendered":"Kauba kohale toimetamine"},"content":{"rendered":"<p><strong>Kauba transpordiks on j\u00e4rgmised v\u00f5imalused<\/strong><\/p>\n<p>1.&#8221;Ise j\u00e4rgi&#8221; &#8211; Valides selle tarneviisi, saate oma tellimuse k\u00e4tte Workshop\u2019i\u00a0\u00a0 e-poest Haapsalu linnas ,V\u00e4ike-T\u00f6\u00f6stuse tn 4 .Toote k\u00e4ttesaamiseks helistate \u00a05016281v\u00f5i 56694810 \u00a0ja lepite kokku Teile sobiva p\u00e4eva ja \u00a0kellaaja.<br \/>\nSellisel juhul ei lisandu transporditasu .<br \/>\nKui kaup on valmis \u00fcleandmiseks, v\u00f5tab e-poe\u00a0 t\u00f6\u00f6taja Teiega telefoni v\u00f5i elektronposti teel \u00fchendust ning teavitab Teid sellest.\u00a0Kaupa hoitakse nimetatud aadressil teile 10 t\u00f6\u00f6p\u00e4eva.<br \/>\nKui te selle aja jooksul ei ole kaubale j\u00e4rgi tulnud, siis teie tellimus t\u00fchistatakse ja ettemakstud raha ei kuulu tagastamisele.\u00a0Kaubale j\u00e4rele tulles palume kaasa v\u00f5tta isikutt\u00f5endav dokument ja v\u00e4ljaprinditud tellimuse koopia.<\/p>\n<p>2.&#8221;Kuller&#8221; &#8211; Valides selle tarneviisi, saadame Teile kauba kulleriga aadressile(kodu,t\u00f6\u00f6 vms), mille tellimuse vormistamisel kauba k\u00e4ttesaamise kohaks sisestasite.<br \/>\nOstja teeb enne paki teelesaatmist ettemaksu. Kohaletoimetamise p\u00e4eval v\u00f5tab kullerfirma esindaja Teiega \u00fchendust ning lepib kokku Teile sobiva kauba \u00fcleandmise aja.\u00a0Kullerteenuse korral v\u00f5ib paki \u00fcle anda ka Teie kolleegidele, pereliikmetele (v\u00e4lja arvatud lapsed alla 16 eluaasta).<\/p>\n<p>3. Lisaks toimub toote saatmine kokkuleppel pakiautomaati\u00a0 .<\/p>\n<p>4. Kauba k\u00e4ttesaamine \u00a0Workshopi O\u00dc e-poest ,Haapsalu ,V\u00e4ike-T\u00f6\u00f6stuse 4 .<\/p>","protected":false},"excerpt":{"rendered":"<p>Kauba transpordiks on j\u00e4rgmised v\u00f5imalused 1.&#8221;Ise j\u00e4rgi&#8221; &#8211; Valides selle tarneviisi, saate oma tellimuse k\u00e4tte Workshop\u2019i\u00a0\u00a0 e-poest Haapsalu linnas ,V\u00e4ike-T\u00f6\u00f6stuse<\/p>\n","protected":false},"author":1,"featured_media":0,"parent":0,"menu_order":0,"comment_status":"closed","ping_status":"closed","template":"","meta":{"footnotes":""},"class_list":["post-10083","page","type-page","status-publish","hentry"],"yoast_head":"<!-- This site is optimized with the Yoast SEO plugin v26.8 - https:\/\/yoast.com\/product\/yoast-seo-wordpress\/ -->\n<title>Kauba kohale toimetamine - WorkShop<\/title>\n<meta name=\"robots\" content=\"index, follow, max-snippet:-1, max-image-preview:large, max-video-preview:-1\" \/>\n<link rel=\"canonical\" href=\"https:\/\/www.workshop.ee\/en\/kauba-kohale-toimetamine\/\" \/>\n<meta property=\"og:locale\" content=\"en_US\" \/>\n<meta property=\"og:type\" content=\"article\" \/>\n<meta property=\"og:title\" content=\"Kauba kohale toimetamine - WorkShop\" \/>\n<meta property=\"og:description\" content=\"Kauba transpordiks on j\u00e4rgmised v\u00f5imalused 1.&#8221;Ise j\u00e4rgi&#8221; &#8211; Valides selle tarneviisi, saate oma tellimuse k\u00e4tte Workshop\u2019i\u00a0\u00a0 e-poest Haapsalu linnas ,V\u00e4ike-T\u00f6\u00f6stuse\" \/>\n<meta property=\"og:url\" content=\"https:\/\/www.workshop.ee\/en\/kauba-kohale-toimetamine\/\" \/>\n<meta property=\"og:site_name\" content=\"WorkShop\" \/>\n<meta property=\"article:modified_time\" content=\"2024-09-16T13:57:18+00:00\" \/>\n<meta name=\"twitter:card\" content=\"summary_large_image\" \/>\n<meta name=\"twitter:label1\" content=\"Est. reading time\" \/>\n\t<meta name=\"twitter:data1\" content=\"8 minutes\" \/>\n<script type=\"application\/ld+json\" class=\"yoast-schema-graph\">{\"@context\":\"https:\/\/schema.org\",\"@graph\":[{\"@type\":\"WebPage\",\"@id\":\"https:\/\/www.workshop.ee\/en\/kauba-kohale-toimetamine\/\",\"url\":\"https:\/\/www.workshop.ee\/en\/kauba-kohale-toimetamine\/\",\"name\":\"Kauba kohale toimetamine - WorkShop\",\"isPartOf\":{\"@id\":\"https:\/\/www.workshop.ee\/en\/#website\"},\"datePublished\":\"2024-06-13T11:58:43+00:00\",\"dateModified\":\"2024-09-16T13:57:18+00:00\",\"breadcrumb\":{\"@id\":\"https:\/\/www.workshop.ee\/en\/kauba-kohale-toimetamine\/#breadcrumb\"},\"inLanguage\":\"en-US\",\"potentialAction\":[{\"@type\":\"ReadAction\",\"target\":[[\"https:\/\/www.workshop.ee\/en\/kauba-kohale-toimetamine\/\"]]}]},{\"@type\":\"BreadcrumbList\",\"@id\":\"https:\/\/www.workshop.ee\/en\/kauba-kohale-toimetamine\/#breadcrumb\",\"itemListElement\":[{\"@type\":\"ListItem\",\"position\":1,\"name\":\"Home\",\"item\":\"https:\/\/www.workshop.ee\/en\/\"},{\"@type\":\"ListItem\",\"position\":2,\"name\":\"Kauba kohale toimetamine\"}]},{\"@type\":\"WebSite\",\"@id\":\"https:\/\/www.workshop.ee\/en\/#website\",\"url\":\"https:\/\/www.workshop.ee\/en\/\",\"name\":\"WorkShop\",\"description\":\"\",\"publisher\":{\"@id\":\"https:\/\/www.workshop.ee\/en\/#organization\"},\"potentialAction\":[{\"@type\":\"SearchAction\",\"target\":{\"@type\":\"EntryPoint\",\"urlTemplate\":\"https:\/\/www.workshop.ee\/en\/?s={search_term_string}\"},\"query-input\":{\"@type\":\"PropertyValueSpecification\",\"valueRequired\":true,\"valueName\":\"search_term_string\"}}],\"inLanguage\":\"en-US\"},{\"@type\":\"Organization\",\"@id\":\"https:\/\/www.workshop.ee\/en\/#organization\",\"name\":\"WorkShop\",\"url\":\"https:\/\/www.workshop.ee\/en\/\",\"logo\":{\"@type\":\"ImageObject\",\"inLanguage\":\"en-US\",\"@id\":\"https:\/\/www.workshop.ee\/en\/#\/schema\/logo\/image\/\",\"url\":\"https:\/\/www.workshop.ee\/wp-content\/uploads\/2024\/06\/logo.png\",\"contentUrl\":\"https:\/\/www.workshop.ee\/wp-content\/uploads\/2024\/06\/logo.png\",\"width\":170,\"height\":57,\"caption\":\"WorkShop\"},\"image\":{\"@id\":\"https:\/\/www.workshop.ee\/en\/#\/schema\/logo\/image\/\"}}]}<\/script>\n<!-- \/ Yoast SEO plugin. -->","yoast_head_json":{"title":"Kauba kohale toimetamine - WorkShop","robots":{"index":"index","follow":"follow","max-snippet":"max-snippet:-1","max-image-preview":"max-image-preview:large","max-video-preview":"max-video-preview:-1"},"canonical":"https:\/\/www.workshop.ee\/en\/kauba-kohale-toimetamine\/","og_locale":"en_US","og_type":"article","og_title":"Kauba kohale toimetamine - WorkShop","og_description":"Kauba transpordiks on j\u00e4rgmised v\u00f5imalused 1.&#8221;Ise j\u00e4rgi&#8221; &#8211; Valides selle tarneviisi, saate oma tellimuse k\u00e4tte Workshop\u2019i\u00a0\u00a0 e-poest Haapsalu linnas ,V\u00e4ike-T\u00f6\u00f6stuse","og_url":"https:\/\/www.workshop.ee\/en\/kauba-kohale-toimetamine\/","og_site_name":"WorkShop","article_modified_time":"2024-09-16T13:57:18+00:00","twitter_card":"summary_large_image","twitter_misc":{"Est. reading time":"8 minutes"},"schema":{"@context":"https:\/\/schema.org","@graph":[{"@type":"WebPage","@id":"https:\/\/www.workshop.ee\/en\/kauba-kohale-toimetamine\/","url":"https:\/\/www.workshop.ee\/en\/kauba-kohale-toimetamine\/","name":"Kauba kohale toimetamine - WorkShop","isPartOf":{"@id":"https:\/\/www.workshop.ee\/en\/#website"},"datePublished":"2024-06-13T11:58:43+00:00","dateModified":"2024-09-16T13:57:18+00:00","breadcrumb":{"@id":"https:\/\/www.workshop.ee\/en\/kauba-kohale-toimetamine\/#breadcrumb"},"inLanguage":"en-US","potentialAction":[{"@type":"ReadAction","target":[["https:\/\/www.workshop.ee\/en\/kauba-kohale-toimetamine\/"]]}]},{"@type":"BreadcrumbList","@id":"https:\/\/www.workshop.ee\/en\/kauba-kohale-toimetamine\/#breadcrumb","itemListElement":[{"@type":"ListItem","position":1,"name":"Home","item":"https:\/\/www.workshop.ee\/en\/"},{"@type":"ListItem","position":2,"name":"Kauba kohale toimetamine"}]},{"@type":"WebSite","@id":"https:\/\/www.workshop.ee\/en\/#website","url":"https:\/\/www.workshop.ee\/en\/","name":"WorkShop","description":"","publisher":{"@id":"https:\/\/www.workshop.ee\/en\/#organization"},"potentialAction":[{"@type":"SearchAction","target":{"@type":"EntryPoint","urlTemplate":"https:\/\/www.workshop.ee\/en\/?s={search_term_string}"},"query-input":{"@type":"PropertyValueSpecification","valueRequired":true,"valueName":"search_term_string"}}],"inLanguage":"en-US"},{"@type":"Organization","@id":"https:\/\/www.workshop.ee\/en\/#organization","name":"WorkShop","url":"https:\/\/www.workshop.ee\/en\/","logo":{"@type":"ImageObject","inLanguage":"en-US","@id":"https:\/\/www.workshop.ee\/en\/#\/schema\/logo\/image\/","url":"https:\/\/www.workshop.ee\/wp-content\/uploads\/2024\/06\/logo.png","contentUrl":"https:\/\/www.workshop.ee\/wp-content\/uploads\/2024\/06\/logo.png","width":170,"height":57,"caption":"WorkShop"},"image":{"@id":"https:\/\/www.workshop.ee\/en\/#\/schema\/logo\/image\/"}}]}},"_links":{"self":[{"href":"https:\/\/www.workshop.ee\/en\/wp-json\/wp\/v2\/pages\/10083","targetHints":{"allow":["GET"]}}],"collection":[{"href":"https:\/\/www.workshop.ee\/en\/wp-json\/wp\/v2\/pages"}],"about":[{"href":"https:\/\/www.workshop.ee\/en\/wp-json\/wp\/v2\/types\/page"}],"author":[{"embeddable":true,"href":"https:\/\/www.workshop.ee\/en\/wp-json\/wp\/v2\/users\/1"}],"replies":[{"embeddable":true,"href":"https:\/\/www.workshop.ee\/en\/wp-json\/wp\/v2\/comments?post=10083"}],"version-history":[{"count":2,"href":"https:\/\/www.workshop.ee\/en\/wp-json\/wp\/v2\/pages\/10083\/revisions"}],"predecessor-version":[{"id":10836,"href":"https:\/\/www.workshop.ee\/en\/wp-json\/wp\/v2\/pages\/10083\/revisions\/10836"}],"wp:attachment":[{"href":"https:\/\/www.workshop.ee\/en\/wp-json\/wp\/v2\/media?parent=10083"}],"curies":[{"name":"wp","href":"https:\/\/api.w.org\/{rel}","templated":true}]}}