{"id":10165,"date":"2024-07-07T10:19:30","date_gmt":"2024-07-07T07:19:30","guid":{"rendered":"https:\/\/uuswp.workshop.ee\/?post_type=product&#038;p=10165"},"modified":"2025-11-16T15:53:30","modified_gmt":"2025-11-16T13:53:30","slug":"kasvustart-ii-kurgile-1l","status":"publish","type":"product","link":"https:\/\/www.workshop.ee\/en\/toode\/kasvustart-ii-kurgile-1l\/","title":{"rendered":"KasvuStart-II Kurgile 1L"},"content":{"rendered":"<p>Kasvu-Start II sobib kurgile lisa toitainete andmiseks. Esimene pealtv\u00e4etamine toimub 15&#8230;20 p\u00e4eva peale kurgitaimede kasvukohale istutamist. Uus v\u00e4etamine j\u00e4rgneb eelmiselt 7&#8230;10 p\u00e4eva j\u00e4rel.. Viljade moodustamise aegu andke ka Kasvu-Start III. Saagiperioodil v\u00f5ib Kasvu- Start II anda isegi 2 korda n\u00e4dalas. Kasutada m\u00e4rtsist augustini vastavalt vajadusele. Istutuseelseks p\u00f5hiv\u00e4etiseks andke Kanakaka Composti.<br \/>\n<\/p>","protected":false},"excerpt":{"rendered":"<p>N-P-K<br \/>\n6-4-0,4<\/p>\n","protected":false},"featured_media":10167,"template":"","meta":[],"product_brand":[],"product_cat":[75],"product_tag":[],"class_list":{"0":"post-10165","1":"product","2":"type-product","3":"status-publish","4":"has-post-thumbnail","6":"product_cat-tarbeaeda-loodusvaetised","8":"first","9":"instock","10":"shipping-taxable","11":"purchasable","12":"product-type-simple"},"yoast_head":"<!-- This site is optimized with the Yoast SEO plugin v26.8 - https:\/\/yoast.com\/product\/yoast-seo-wordpress\/ -->\n<title>KasvuStart-II Kurgile 1L - WorkShop kurgile<\/title>\n<meta name=\"description\" content=\"Kasvu-Start II sopii kurkkutaimille lis\u00e4ravinteeksi. Ensimm\u00e4inen lannoitus tapahtuu 15 - 20p\u00e4iv\u00e4\u00e4 kurkkukasvien istutuksen j\u00e4lkeen. Uusi lannoitus tapahtuu 7-10 p\u00e4iv\u00e4n kuluttua. Annamy\u00f6s Kasvu-Start III hedelmien muodostuessa. Sadonkorjuukauden aikana Kasvu-Start IIvoidaan antaa jopa 2 x viikossa. Kasvattuna kurkut tarvitsevat tasaisen ja jatkuvanravintoaineiden saannin Ennen kuin kaivaat s\u00e4nkyj\u00e4, lis\u00e4\u00e4 Kanakaka Composti. N\u00e4m\u00e4 kasvitreagoivat hyvin orgaanisten lannoitteiden k\u00e4ytt\u00f6\u00f6n, jotka parantavat maaper\u00e4n rakennetta.K\u00e4yt\u00e4 tarvittaessa maaliskuusta elokuuhun.\" \/>\n<meta name=\"robots\" content=\"index, follow, max-snippet:-1, max-image-preview:large, max-video-preview:-1\" \/>\n<link rel=\"canonical\" href=\"https:\/\/www.workshop.ee\/en\/toode\/kasvustart-ii-kurgile-1l\/\" \/>\n<meta property=\"og:locale\" content=\"en_US\" \/>\n<meta property=\"og:type\" content=\"article\" \/>\n<meta property=\"og:title\" content=\"KasvuStart-II Kurgile 1L - WorkShop kurgile\" \/>\n<meta property=\"og:description\" content=\"Kasvu-Start II sopii kurkkutaimille lis\u00e4ravinteeksi. Ensimm\u00e4inen lannoitus tapahtuu 15 - 20p\u00e4iv\u00e4\u00e4 kurkkukasvien istutuksen j\u00e4lkeen. Uusi lannoitus tapahtuu 7-10 p\u00e4iv\u00e4n kuluttua. Annamy\u00f6s Kasvu-Start III hedelmien muodostuessa. Sadonkorjuukauden aikana Kasvu-Start IIvoidaan antaa jopa 2 x viikossa. Kasvattuna kurkut tarvitsevat tasaisen ja jatkuvanravintoaineiden saannin Ennen kuin kaivaat s\u00e4nkyj\u00e4, lis\u00e4\u00e4 Kanakaka Composti. N\u00e4m\u00e4 kasvitreagoivat hyvin orgaanisten lannoitteiden k\u00e4ytt\u00f6\u00f6n, jotka parantavat maaper\u00e4n rakennetta.K\u00e4yt\u00e4 tarvittaessa maaliskuusta elokuuhun.\" \/>\n<meta property=\"og:url\" content=\"https:\/\/www.workshop.ee\/en\/toode\/kasvustart-ii-kurgile-1l\/\" \/>\n<meta property=\"og:site_name\" content=\"WorkShop\" \/>\n<meta property=\"article:modified_time\" content=\"2025-11-16T13:53:30+00:00\" \/>\n<meta property=\"og:image\" content=\"https:\/\/www.workshop.ee\/wp-content\/uploads\/2024\/07\/Kasvustart2_kurk.jpg\" \/>\n\t<meta property=\"og:image:width\" content=\"640\" \/>\n\t<meta property=\"og:image:height\" content=\"952\" \/>\n\t<meta property=\"og:image:type\" content=\"image\/jpeg\" \/>\n<meta name=\"twitter:card\" content=\"summary_large_image\" \/>\n<meta name=\"twitter:label1\" content=\"Est. reading time\" \/>\n\t<meta name=\"twitter:data1\" content=\"1 minute\" \/>\n<script type=\"application\/ld+json\" class=\"yoast-schema-graph\">{\"@context\":\"https:\/\/schema.org\",\"@graph\":[{\"@type\":\"WebPage\",\"@id\":\"https:\/\/www.workshop.ee\/en\/toode\/kasvustart-ii-kurgile-1l\/\",\"url\":\"https:\/\/www.workshop.ee\/en\/toode\/kasvustart-ii-kurgile-1l\/\",\"name\":\"KasvuStart-II Kurgile 1L - WorkShop kurgile\",\"isPartOf\":{\"@id\":\"https:\/\/www.workshop.ee\/en\/#website\"},\"primaryImageOfPage\":{\"@id\":\"https:\/\/www.workshop.ee\/en\/toode\/kasvustart-ii-kurgile-1l\/#primaryimage\"},\"image\":{\"@id\":\"https:\/\/www.workshop.ee\/toode\/kasvustart-ii-kurgile-1l\/#primaryimage\"},\"thumbnailUrl\":\"https:\/\/www.workshop.ee\/wp-content\/uploads\/2024\/07\/Kasvustart2_kurk.jpg\",\"datePublished\":\"2024-07-07T07:19:30+00:00\",\"dateModified\":\"2025-11-16T13:53:30+00:00\",\"description\":\"Kasvu-Start II sopii kurkkutaimille lis\u00e4ravinteeksi. Ensimm\u00e4inen lannoitus tapahtuu 15 - 20p\u00e4iv\u00e4\u00e4 kurkkukasvien istutuksen j\u00e4lkeen. Uusi lannoitus tapahtuu 7-10 p\u00e4iv\u00e4n kuluttua. Annamy\u00f6s Kasvu-Start III hedelmien muodostuessa. Sadonkorjuukauden aikana Kasvu-Start IIvoidaan antaa jopa 2 x viikossa. Kasvattuna kurkut tarvitsevat tasaisen ja jatkuvanravintoaineiden saannin Ennen kuin kaivaat s\u00e4nkyj\u00e4, lis\u00e4\u00e4 Kanakaka Composti. N\u00e4m\u00e4 kasvitreagoivat hyvin orgaanisten lannoitteiden k\u00e4ytt\u00f6\u00f6n, jotka parantavat maaper\u00e4n rakennetta.K\u00e4yt\u00e4 tarvittaessa maaliskuusta elokuuhun.\",\"breadcrumb\":{\"@id\":\"https:\/\/www.workshop.ee\/en\/toode\/kasvustart-ii-kurgile-1l\/#breadcrumb\"},\"inLanguage\":\"en-US\",\"potentialAction\":[{\"@type\":\"ReadAction\",\"target\":[[\"https:\/\/www.workshop.ee\/en\/toode\/kasvustart-ii-kurgile-1l\/\"]]}]},{\"@type\":\"ImageObject\",\"inLanguage\":\"en-US\",\"@id\":\"https:\/\/www.workshop.ee\/en\/toode\/kasvustart-ii-kurgile-1l\/#primaryimage\",\"url\":\"https:\/\/www.workshop.ee\/wp-content\/uploads\/2024\/07\/Kasvustart2_kurk.jpg\",\"contentUrl\":\"https:\/\/www.workshop.ee\/wp-content\/uploads\/2024\/07\/Kasvustart2_kurk.jpg\",\"width\":640,\"height\":952},{\"@type\":\"BreadcrumbList\",\"@id\":\"https:\/\/www.workshop.ee\/en\/toode\/kasvustart-ii-kurgile-1l\/#breadcrumb\",\"itemListElement\":[{\"@type\":\"ListItem\",\"position\":1,\"name\":\"Home\",\"item\":\"https:\/\/www.workshop.ee\/en\/\"},{\"@type\":\"ListItem\",\"position\":2,\"name\":\"E-pood\",\"item\":\"https:\/\/www.workshop.ee\/en\/e-pood\/\"},{\"@type\":\"ListItem\",\"position\":3,\"name\":\"KasvuStart-II Kurgile 1L\"}]},{\"@type\":\"WebSite\",\"@id\":\"https:\/\/www.workshop.ee\/en\/#website\",\"url\":\"https:\/\/www.workshop.ee\/en\/\",\"name\":\"WorkShop\",\"description\":\"\",\"publisher\":{\"@id\":\"https:\/\/www.workshop.ee\/en\/#organization\"},\"potentialAction\":[{\"@type\":\"SearchAction\",\"target\":{\"@type\":\"EntryPoint\",\"urlTemplate\":\"https:\/\/www.workshop.ee\/en\/?s={search_term_string}\"},\"query-input\":{\"@type\":\"PropertyValueSpecification\",\"valueRequired\":true,\"valueName\":\"search_term_string\"}}],\"inLanguage\":\"en-US\"},{\"@type\":\"Organization\",\"@id\":\"https:\/\/www.workshop.ee\/en\/#organization\",\"name\":\"WorkShop\",\"url\":\"https:\/\/www.workshop.ee\/en\/\",\"logo\":{\"@type\":\"ImageObject\",\"inLanguage\":\"en-US\",\"@id\":\"https:\/\/www.workshop.ee\/en\/#\/schema\/logo\/image\/\",\"url\":\"https:\/\/www.workshop.ee\/wp-content\/uploads\/2024\/06\/logo.png\",\"contentUrl\":\"https:\/\/www.workshop.ee\/wp-content\/uploads\/2024\/06\/logo.png\",\"width\":170,\"height\":57,\"caption\":\"WorkShop\"},\"image\":{\"@id\":\"https:\/\/www.workshop.ee\/en\/#\/schema\/logo\/image\/\"}}]}<\/script>\n<!-- \/ Yoast SEO plugin. -->","yoast_head_json":{"title":"KasvuStart-II Kurgile 1L - WorkShop kurgile","description":"Kasvu-Start II sopii kurkkutaimille lis\u00e4ravinteeksi. Ensimm\u00e4inen lannoitus tapahtuu 15 - 20p\u00e4iv\u00e4\u00e4 kurkkukasvien istutuksen j\u00e4lkeen. Uusi lannoitus tapahtuu 7-10 p\u00e4iv\u00e4n kuluttua. Annamy\u00f6s Kasvu-Start III hedelmien muodostuessa. Sadonkorjuukauden aikana Kasvu-Start IIvoidaan antaa jopa 2 x viikossa. Kasvattuna kurkut tarvitsevat tasaisen ja jatkuvanravintoaineiden saannin Ennen kuin kaivaat s\u00e4nkyj\u00e4, lis\u00e4\u00e4 Kanakaka Composti. N\u00e4m\u00e4 kasvitreagoivat hyvin orgaanisten lannoitteiden k\u00e4ytt\u00f6\u00f6n, jotka parantavat maaper\u00e4n rakennetta.K\u00e4yt\u00e4 tarvittaessa maaliskuusta elokuuhun.","robots":{"index":"index","follow":"follow","max-snippet":"max-snippet:-1","max-image-preview":"max-image-preview:large","max-video-preview":"max-video-preview:-1"},"canonical":"https:\/\/www.workshop.ee\/en\/toode\/kasvustart-ii-kurgile-1l\/","og_locale":"en_US","og_type":"article","og_title":"KasvuStart-II Kurgile 1L - WorkShop kurgile","og_description":"Kasvu-Start II sopii kurkkutaimille lis\u00e4ravinteeksi. Ensimm\u00e4inen lannoitus tapahtuu 15 - 20p\u00e4iv\u00e4\u00e4 kurkkukasvien istutuksen j\u00e4lkeen. Uusi lannoitus tapahtuu 7-10 p\u00e4iv\u00e4n kuluttua. Annamy\u00f6s Kasvu-Start III hedelmien muodostuessa. Sadonkorjuukauden aikana Kasvu-Start IIvoidaan antaa jopa 2 x viikossa. Kasvattuna kurkut tarvitsevat tasaisen ja jatkuvanravintoaineiden saannin Ennen kuin kaivaat s\u00e4nkyj\u00e4, lis\u00e4\u00e4 Kanakaka Composti. N\u00e4m\u00e4 kasvitreagoivat hyvin orgaanisten lannoitteiden k\u00e4ytt\u00f6\u00f6n, jotka parantavat maaper\u00e4n rakennetta.K\u00e4yt\u00e4 tarvittaessa maaliskuusta elokuuhun.","og_url":"https:\/\/www.workshop.ee\/en\/toode\/kasvustart-ii-kurgile-1l\/","og_site_name":"WorkShop","article_modified_time":"2025-11-16T13:53:30+00:00","og_image":[{"width":640,"height":952,"url":"https:\/\/www.workshop.ee\/wp-content\/uploads\/2024\/07\/Kasvustart2_kurk.jpg","type":"image\/jpeg"}],"twitter_card":"summary_large_image","twitter_misc":{"Est. reading time":"1 minute"},"schema":{"@context":"https:\/\/schema.org","@graph":[{"@type":"WebPage","@id":"https:\/\/www.workshop.ee\/en\/toode\/kasvustart-ii-kurgile-1l\/","url":"https:\/\/www.workshop.ee\/en\/toode\/kasvustart-ii-kurgile-1l\/","name":"KasvuStart-II Kurgile 1L - WorkShop kurgile","isPartOf":{"@id":"https:\/\/www.workshop.ee\/en\/#website"},"primaryImageOfPage":{"@id":"https:\/\/www.workshop.ee\/en\/toode\/kasvustart-ii-kurgile-1l\/#primaryimage"},"image":{"@id":"https:\/\/www.workshop.ee\/toode\/kasvustart-ii-kurgile-1l\/#primaryimage"},"thumbnailUrl":"https:\/\/www.workshop.ee\/wp-content\/uploads\/2024\/07\/Kasvustart2_kurk.jpg","datePublished":"2024-07-07T07:19:30+00:00","dateModified":"2025-11-16T13:53:30+00:00","description":"Kasvu-Start II sopii kurkkutaimille lis\u00e4ravinteeksi. Ensimm\u00e4inen lannoitus tapahtuu 15 - 20p\u00e4iv\u00e4\u00e4 kurkkukasvien istutuksen j\u00e4lkeen. Uusi lannoitus tapahtuu 7-10 p\u00e4iv\u00e4n kuluttua. Annamy\u00f6s Kasvu-Start III hedelmien muodostuessa. Sadonkorjuukauden aikana Kasvu-Start IIvoidaan antaa jopa 2 x viikossa. Kasvattuna kurkut tarvitsevat tasaisen ja jatkuvanravintoaineiden saannin Ennen kuin kaivaat s\u00e4nkyj\u00e4, lis\u00e4\u00e4 Kanakaka Composti. N\u00e4m\u00e4 kasvitreagoivat hyvin orgaanisten lannoitteiden k\u00e4ytt\u00f6\u00f6n, jotka parantavat maaper\u00e4n rakennetta.K\u00e4yt\u00e4 tarvittaessa maaliskuusta elokuuhun.","breadcrumb":{"@id":"https:\/\/www.workshop.ee\/en\/toode\/kasvustart-ii-kurgile-1l\/#breadcrumb"},"inLanguage":"en-US","potentialAction":[{"@type":"ReadAction","target":[["https:\/\/www.workshop.ee\/en\/toode\/kasvustart-ii-kurgile-1l\/"]]}]},{"@type":"ImageObject","inLanguage":"en-US","@id":"https:\/\/www.workshop.ee\/en\/toode\/kasvustart-ii-kurgile-1l\/#primaryimage","url":"https:\/\/www.workshop.ee\/wp-content\/uploads\/2024\/07\/Kasvustart2_kurk.jpg","contentUrl":"https:\/\/www.workshop.ee\/wp-content\/uploads\/2024\/07\/Kasvustart2_kurk.jpg","width":640,"height":952},{"@type":"BreadcrumbList","@id":"https:\/\/www.workshop.ee\/en\/toode\/kasvustart-ii-kurgile-1l\/#breadcrumb","itemListElement":[{"@type":"ListItem","position":1,"name":"Home","item":"https:\/\/www.workshop.ee\/en\/"},{"@type":"ListItem","position":2,"name":"E-pood","item":"https:\/\/www.workshop.ee\/en\/e-pood\/"},{"@type":"ListItem","position":3,"name":"KasvuStart-II Kurgile 1L"}]},{"@type":"WebSite","@id":"https:\/\/www.workshop.ee\/en\/#website","url":"https:\/\/www.workshop.ee\/en\/","name":"WorkShop","description":"","publisher":{"@id":"https:\/\/www.workshop.ee\/en\/#organization"},"potentialAction":[{"@type":"SearchAction","target":{"@type":"EntryPoint","urlTemplate":"https:\/\/www.workshop.ee\/en\/?s={search_term_string}"},"query-input":{"@type":"PropertyValueSpecification","valueRequired":true,"valueName":"search_term_string"}}],"inLanguage":"en-US"},{"@type":"Organization","@id":"https:\/\/www.workshop.ee\/en\/#organization","name":"WorkShop","url":"https:\/\/www.workshop.ee\/en\/","logo":{"@type":"ImageObject","inLanguage":"en-US","@id":"https:\/\/www.workshop.ee\/en\/#\/schema\/logo\/image\/","url":"https:\/\/www.workshop.ee\/wp-content\/uploads\/2024\/06\/logo.png","contentUrl":"https:\/\/www.workshop.ee\/wp-content\/uploads\/2024\/06\/logo.png","width":170,"height":57,"caption":"WorkShop"},"image":{"@id":"https:\/\/www.workshop.ee\/en\/#\/schema\/logo\/image\/"}}]}},"_links":{"self":[{"href":"https:\/\/www.workshop.ee\/en\/wp-json\/wp\/v2\/product\/10165","targetHints":{"allow":["GET"]}}],"collection":[{"href":"https:\/\/www.workshop.ee\/en\/wp-json\/wp\/v2\/product"}],"about":[{"href":"https:\/\/www.workshop.ee\/en\/wp-json\/wp\/v2\/types\/product"}],"wp:featuredmedia":[{"embeddable":true,"href":"https:\/\/www.workshop.ee\/en\/wp-json\/wp\/v2\/media\/10167"}],"wp:attachment":[{"href":"https:\/\/www.workshop.ee\/en\/wp-json\/wp\/v2\/media?parent=10165"}],"wp:term":[{"taxonomy":"product_brand","embeddable":true,"href":"https:\/\/www.workshop.ee\/en\/wp-json\/wp\/v2\/product_brand?post=10165"},{"taxonomy":"product_cat","embeddable":true,"href":"https:\/\/www.workshop.ee\/en\/wp-json\/wp\/v2\/product_cat?post=10165"},{"taxonomy":"product_tag","embeddable":true,"href":"https:\/\/www.workshop.ee\/en\/wp-json\/wp\/v2\/product_tag?post=10165"}],"curies":[{"name":"wp","href":"https:\/\/api.w.org\/{rel}","templated":true}]}}