{"id":10592,"date":"2024-07-07T16:56:53","date_gmt":"2024-07-07T13:56:53","guid":{"rendered":"https:\/\/uuswp.workshop.ee\/toode\/maasik-marja-vaetis-3l\/"},"modified":"2025-11-16T14:01:24","modified_gmt":"2025-11-16T12:01:24","slug":"maasik-marja-vaetis-3l","status":"publish","type":"product","link":"https:\/\/www.workshop.ee\/en\/toode\/maasik-marja-vaetis-3l\/","title":{"rendered":"Maasik-marja v\u00e4etis-3L"},"content":{"rendered":"<p>Maasik-marja v\u00e4etis on h\u00fcgeene loodustoode ja ei sidalda umbrohu seemneid .S\u00f5nnik on kuumutatud ja granuleeritud ,seda on lihtne ja puhas k\u00e4sitseda . Maasik-marja v\u00e4etis sisaldab taimede jaoks vajalikke p\u00f5hi ja mikroelemente nende looduslikul kujul. Tagab taimede tugeva kasvu ja rikkaliku \u00f5itsemise ,suurendab saagikust,s\u00f5nnik t\u00f5stab mulla huumuse sisaldust ja toidab pinnasele kasulikke mikroorganisme ja vihmausse\u00a0<\/p>","protected":false},"excerpt":{"rendered":"<p>Pakend 3L.Maasik-marja v\u00e4etis sisaldab taimede jaoks vajalikke p\u00f5hi ja mikroelemente nende looduslikul kujul.T\u00f5stab mulla huumuse sisaldust toidab pinnasele kasulikke mikro- organisme ja vihmausse\u00a0<\/p>\n","protected":false},"featured_media":10427,"template":"","meta":[],"product_brand":[],"product_cat":[81,75],"product_tag":[],"class_list":{"0":"post-10592","1":"product","2":"type-product","3":"status-publish","4":"has-post-thumbnail","6":"product_cat-iluaeda-loodusvaetised-2","7":"product_cat-tarbeaeda-loodusvaetised","9":"first","10":"instock","11":"sale","12":"shipping-taxable","13":"purchasable","14":"product-type-simple"},"yoast_head":"<!-- This site is optimized with the Yoast SEO plugin v26.8 - https:\/\/yoast.com\/product\/yoast-seo-wordpress\/ -->\n<title>Maasik-marja v\u00e4etis-3L - WorkShop<\/title>\n<meta name=\"robots\" content=\"index, follow, max-snippet:-1, max-image-preview:large, max-video-preview:-1\" \/>\n<link rel=\"canonical\" href=\"https:\/\/www.workshop.ee\/en\/toode\/maasik-marja-vaetis-3l\/\" \/>\n<meta property=\"og:locale\" content=\"en_US\" \/>\n<meta property=\"og:type\" content=\"article\" \/>\n<meta property=\"og:title\" content=\"Maasik-marja v\u00e4etis-3L - WorkShop\" \/>\n<meta property=\"og:description\" content=\"Pakend 3L.Maasik-marja v\u00e4etis sisaldab taimede jaoks vajalikke p\u00f5hi ja mikroelemente nende looduslikul kujul.T\u00f5stab mulla huumuse sisaldust toidab pinnasele kasulikke mikro- organisme ja vihmausse\u00a0\" \/>\n<meta property=\"og:url\" content=\"https:\/\/www.workshop.ee\/en\/toode\/maasik-marja-vaetis-3l\/\" \/>\n<meta property=\"og:site_name\" content=\"WorkShop\" \/>\n<meta property=\"article:modified_time\" content=\"2025-11-16T12:01:24+00:00\" \/>\n<meta property=\"og:image\" content=\"https:\/\/www.workshop.ee\/wp-content\/uploads\/2024\/07\/Maasik-marja.jpg\" \/>\n\t<meta property=\"og:image:width\" content=\"1181\" \/>\n\t<meta property=\"og:image:height\" content=\"1771\" \/>\n\t<meta property=\"og:image:type\" content=\"image\/jpeg\" \/>\n<meta name=\"twitter:card\" content=\"summary_large_image\" \/>\n<meta name=\"twitter:label1\" content=\"Est. reading time\" \/>\n\t<meta name=\"twitter:data1\" content=\"1 minute\" \/>\n<script type=\"application\/ld+json\" class=\"yoast-schema-graph\">{\"@context\":\"https:\/\/schema.org\",\"@graph\":[{\"@type\":\"WebPage\",\"@id\":\"https:\/\/www.workshop.ee\/en\/toode\/maasik-marja-vaetis-3l\/\",\"url\":\"https:\/\/www.workshop.ee\/en\/toode\/maasik-marja-vaetis-3l\/\",\"name\":\"Maasik-marja v\u00e4etis-3L - WorkShop\",\"isPartOf\":{\"@id\":\"https:\/\/www.workshop.ee\/en\/#website\"},\"primaryImageOfPage\":{\"@id\":\"https:\/\/www.workshop.ee\/en\/toode\/maasik-marja-vaetis-3l\/#primaryimage\"},\"image\":{\"@id\":\"https:\/\/www.workshop.ee\/toode\/maasik-marja-vaetis-3l\/#primaryimage\"},\"thumbnailUrl\":\"https:\/\/www.workshop.ee\/wp-content\/uploads\/2024\/07\/Maasik-marja.jpg\",\"datePublished\":\"2024-07-07T13:56:53+00:00\",\"dateModified\":\"2025-11-16T12:01:24+00:00\",\"breadcrumb\":{\"@id\":\"https:\/\/www.workshop.ee\/en\/toode\/maasik-marja-vaetis-3l\/#breadcrumb\"},\"inLanguage\":\"en-US\",\"potentialAction\":[{\"@type\":\"ReadAction\",\"target\":[[\"https:\/\/www.workshop.ee\/en\/toode\/maasik-marja-vaetis-3l\/\"]]}]},{\"@type\":\"ImageObject\",\"inLanguage\":\"en-US\",\"@id\":\"https:\/\/www.workshop.ee\/en\/toode\/maasik-marja-vaetis-3l\/#primaryimage\",\"url\":\"https:\/\/www.workshop.ee\/wp-content\/uploads\/2024\/07\/Maasik-marja.jpg\",\"contentUrl\":\"https:\/\/www.workshop.ee\/wp-content\/uploads\/2024\/07\/Maasik-marja.jpg\",\"width\":1181,\"height\":1771},{\"@type\":\"BreadcrumbList\",\"@id\":\"https:\/\/www.workshop.ee\/en\/toode\/maasik-marja-vaetis-3l\/#breadcrumb\",\"itemListElement\":[{\"@type\":\"ListItem\",\"position\":1,\"name\":\"Home\",\"item\":\"https:\/\/www.workshop.ee\/en\/\"},{\"@type\":\"ListItem\",\"position\":2,\"name\":\"E-pood\",\"item\":\"https:\/\/www.workshop.ee\/en\/e-pood\/\"},{\"@type\":\"ListItem\",\"position\":3,\"name\":\"Maasik-marja v\u00e4etis-3L\"}]},{\"@type\":\"WebSite\",\"@id\":\"https:\/\/www.workshop.ee\/en\/#website\",\"url\":\"https:\/\/www.workshop.ee\/en\/\",\"name\":\"WorkShop\",\"description\":\"\",\"publisher\":{\"@id\":\"https:\/\/www.workshop.ee\/en\/#organization\"},\"potentialAction\":[{\"@type\":\"SearchAction\",\"target\":{\"@type\":\"EntryPoint\",\"urlTemplate\":\"https:\/\/www.workshop.ee\/en\/?s={search_term_string}\"},\"query-input\":{\"@type\":\"PropertyValueSpecification\",\"valueRequired\":true,\"valueName\":\"search_term_string\"}}],\"inLanguage\":\"en-US\"},{\"@type\":\"Organization\",\"@id\":\"https:\/\/www.workshop.ee\/en\/#organization\",\"name\":\"WorkShop\",\"url\":\"https:\/\/www.workshop.ee\/en\/\",\"logo\":{\"@type\":\"ImageObject\",\"inLanguage\":\"en-US\",\"@id\":\"https:\/\/www.workshop.ee\/en\/#\/schema\/logo\/image\/\",\"url\":\"https:\/\/www.workshop.ee\/wp-content\/uploads\/2024\/06\/logo.png\",\"contentUrl\":\"https:\/\/www.workshop.ee\/wp-content\/uploads\/2024\/06\/logo.png\",\"width\":170,\"height\":57,\"caption\":\"WorkShop\"},\"image\":{\"@id\":\"https:\/\/www.workshop.ee\/en\/#\/schema\/logo\/image\/\"}}]}<\/script>\n<!-- \/ Yoast SEO plugin. -->","yoast_head_json":{"title":"Maasik-marja v\u00e4etis-3L - WorkShop","robots":{"index":"index","follow":"follow","max-snippet":"max-snippet:-1","max-image-preview":"max-image-preview:large","max-video-preview":"max-video-preview:-1"},"canonical":"https:\/\/www.workshop.ee\/en\/toode\/maasik-marja-vaetis-3l\/","og_locale":"en_US","og_type":"article","og_title":"Maasik-marja v\u00e4etis-3L - WorkShop","og_description":"Pakend 3L.Maasik-marja v\u00e4etis sisaldab taimede jaoks vajalikke p\u00f5hi ja mikroelemente nende looduslikul kujul.T\u00f5stab mulla huumuse sisaldust toidab pinnasele kasulikke mikro- organisme ja vihmausse\u00a0","og_url":"https:\/\/www.workshop.ee\/en\/toode\/maasik-marja-vaetis-3l\/","og_site_name":"WorkShop","article_modified_time":"2025-11-16T12:01:24+00:00","og_image":[{"width":1181,"height":1771,"url":"https:\/\/www.workshop.ee\/wp-content\/uploads\/2024\/07\/Maasik-marja.jpg","type":"image\/jpeg"}],"twitter_card":"summary_large_image","twitter_misc":{"Est. reading time":"1 minute"},"schema":{"@context":"https:\/\/schema.org","@graph":[{"@type":"WebPage","@id":"https:\/\/www.workshop.ee\/en\/toode\/maasik-marja-vaetis-3l\/","url":"https:\/\/www.workshop.ee\/en\/toode\/maasik-marja-vaetis-3l\/","name":"Maasik-marja v\u00e4etis-3L - WorkShop","isPartOf":{"@id":"https:\/\/www.workshop.ee\/en\/#website"},"primaryImageOfPage":{"@id":"https:\/\/www.workshop.ee\/en\/toode\/maasik-marja-vaetis-3l\/#primaryimage"},"image":{"@id":"https:\/\/www.workshop.ee\/toode\/maasik-marja-vaetis-3l\/#primaryimage"},"thumbnailUrl":"https:\/\/www.workshop.ee\/wp-content\/uploads\/2024\/07\/Maasik-marja.jpg","datePublished":"2024-07-07T13:56:53+00:00","dateModified":"2025-11-16T12:01:24+00:00","breadcrumb":{"@id":"https:\/\/www.workshop.ee\/en\/toode\/maasik-marja-vaetis-3l\/#breadcrumb"},"inLanguage":"en-US","potentialAction":[{"@type":"ReadAction","target":[["https:\/\/www.workshop.ee\/en\/toode\/maasik-marja-vaetis-3l\/"]]}]},{"@type":"ImageObject","inLanguage":"en-US","@id":"https:\/\/www.workshop.ee\/en\/toode\/maasik-marja-vaetis-3l\/#primaryimage","url":"https:\/\/www.workshop.ee\/wp-content\/uploads\/2024\/07\/Maasik-marja.jpg","contentUrl":"https:\/\/www.workshop.ee\/wp-content\/uploads\/2024\/07\/Maasik-marja.jpg","width":1181,"height":1771},{"@type":"BreadcrumbList","@id":"https:\/\/www.workshop.ee\/en\/toode\/maasik-marja-vaetis-3l\/#breadcrumb","itemListElement":[{"@type":"ListItem","position":1,"name":"Home","item":"https:\/\/www.workshop.ee\/en\/"},{"@type":"ListItem","position":2,"name":"E-pood","item":"https:\/\/www.workshop.ee\/en\/e-pood\/"},{"@type":"ListItem","position":3,"name":"Maasik-marja v\u00e4etis-3L"}]},{"@type":"WebSite","@id":"https:\/\/www.workshop.ee\/en\/#website","url":"https:\/\/www.workshop.ee\/en\/","name":"WorkShop","description":"","publisher":{"@id":"https:\/\/www.workshop.ee\/en\/#organization"},"potentialAction":[{"@type":"SearchAction","target":{"@type":"EntryPoint","urlTemplate":"https:\/\/www.workshop.ee\/en\/?s={search_term_string}"},"query-input":{"@type":"PropertyValueSpecification","valueRequired":true,"valueName":"search_term_string"}}],"inLanguage":"en-US"},{"@type":"Organization","@id":"https:\/\/www.workshop.ee\/en\/#organization","name":"WorkShop","url":"https:\/\/www.workshop.ee\/en\/","logo":{"@type":"ImageObject","inLanguage":"en-US","@id":"https:\/\/www.workshop.ee\/en\/#\/schema\/logo\/image\/","url":"https:\/\/www.workshop.ee\/wp-content\/uploads\/2024\/06\/logo.png","contentUrl":"https:\/\/www.workshop.ee\/wp-content\/uploads\/2024\/06\/logo.png","width":170,"height":57,"caption":"WorkShop"},"image":{"@id":"https:\/\/www.workshop.ee\/en\/#\/schema\/logo\/image\/"}}]}},"_links":{"self":[{"href":"https:\/\/www.workshop.ee\/en\/wp-json\/wp\/v2\/product\/10592","targetHints":{"allow":["GET"]}}],"collection":[{"href":"https:\/\/www.workshop.ee\/en\/wp-json\/wp\/v2\/product"}],"about":[{"href":"https:\/\/www.workshop.ee\/en\/wp-json\/wp\/v2\/types\/product"}],"wp:featuredmedia":[{"embeddable":true,"href":"https:\/\/www.workshop.ee\/en\/wp-json\/wp\/v2\/media\/10427"}],"wp:attachment":[{"href":"https:\/\/www.workshop.ee\/en\/wp-json\/wp\/v2\/media?parent=10592"}],"wp:term":[{"taxonomy":"product_brand","embeddable":true,"href":"https:\/\/www.workshop.ee\/en\/wp-json\/wp\/v2\/product_brand?post=10592"},{"taxonomy":"product_cat","embeddable":true,"href":"https:\/\/www.workshop.ee\/en\/wp-json\/wp\/v2\/product_cat?post=10592"},{"taxonomy":"product_tag","embeddable":true,"href":"https:\/\/www.workshop.ee\/en\/wp-json\/wp\/v2\/product_tag?post=10592"}],"curies":[{"name":"wp","href":"https:\/\/api.w.org\/{rel}","templated":true}]}}