{"id":10609,"date":"2024-07-07T16:57:01","date_gmt":"2024-07-07T13:57:01","guid":{"rendered":"https:\/\/uuswp.workshop.ee\/toode\/veganvaetis-juurviljale-1l\/"},"modified":"2024-07-07T16:57:01","modified_gmt":"2024-07-07T13:57:01","slug":"veganvaetis-juurviljale-1l","status":"publish","type":"product","link":"https:\/\/www.workshop.ee\/en\/toode\/veganvaetis-juurviljale-1l\/","title":{"rendered":"Veganv\u00e4etis juurviljale-1L"},"content":{"rendered":"<p>T\u00fc\u00fcp nimetus Orgaaniline veganv\u00e4etis 4-4-4. Taimse p\u00e4ritoluga.<br \/>\nVeganv\u00e4etis juurviljale on h\u00fcgieenne loodustoode. Seda on lihtne kasutada ning veganv\u00e4etis on ohutu loomadele ja inimestele. Veganv\u00e4etis sisaldab \u00fcksnes taimse p\u00e4ritoluga orgaanilist ainet ja on vaba igasugustest loomsetest valkudest. Orgaanilises veganv\u00e4etises enamik toiteelemente on taimedele omastatavad kogu kasvuperioodi jooksul. Orgaaniline veganv\u00e4etis on huumuse tekkeks asendamatu, kuna see on sobivaks elukeskkonnaks mulla mikroorganismidele. Mikroorganismid omakorda vabastavad taimede jaoks k\u00e4ttesaamatut lahustumatut kaaliumi ja fosforit. Orgaanilised v\u00e4etised on taastuva p\u00e4ritoluga, biolagunevad, keskkonnas\u00f5bralikud ja aitavad kaasa toitainete ringlusele. See v\u00e4etis ei kahjusta p\u00f5hjavett, on aeglase toimega ja ei p\u00f5leta taimi ning toimib 4 kuud.<br \/>\nKasutusjuhend:<br \/>\nTaimede v\u00e4etamine: m\u00e4rtsist-septembrini 50-150 g\/m2<br \/>\nIstutamine: 150 g\/m2 Taimede istutamisel v\u00f5i \u00fcmberistutamisel kevadel ja s\u00fcgisel<br \/>\nNormid on antud keskmise viljakusega maale. V\u00e4etis tuleb hoida kuivas ja otsese p\u00e4ikesevalguse eest kaitstud. Kasutada ainult m\u00e4rgitud otstarbeks. Lubatud kasutuskoguseid ei tohi \u00fcletada.<\/p>\n","protected":false},"excerpt":{"rendered":"<p>Veganv\u00e4etis sisaldab \u00fcksnes taimse p\u00e4ritoluga orgaanilist ainet ja on vaba igasugustest loomsetest valkudest.<\/p>\n","protected":false},"featured_media":10528,"template":"","meta":[],"product_brand":[],"product_cat":[84],"product_tag":[],"class_list":{"0":"post-10609","1":"product","2":"type-product","3":"status-publish","4":"has-post-thumbnail","6":"product_cat-vegan-vaetised","8":"first","9":"instock","10":"shipping-taxable","11":"purchasable","12":"product-type-simple"},"yoast_head":"<!-- This site is optimized with the Yoast SEO plugin v26.8 - https:\/\/yoast.com\/product\/yoast-seo-wordpress\/ -->\n<title>Veganv\u00e4etis juurviljale-1L - WorkShop<\/title>\n<meta name=\"robots\" content=\"index, follow, max-snippet:-1, max-image-preview:large, max-video-preview:-1\" \/>\n<link rel=\"canonical\" href=\"https:\/\/www.workshop.ee\/en\/toode\/veganvaetis-juurviljale-1l\/\" \/>\n<meta property=\"og:locale\" content=\"en_US\" \/>\n<meta property=\"og:type\" content=\"article\" \/>\n<meta property=\"og:title\" content=\"Veganv\u00e4etis juurviljale-1L - WorkShop\" \/>\n<meta property=\"og:description\" content=\"Veganv\u00e4etis sisaldab \u00fcksnes taimse p\u00e4ritoluga orgaanilist ainet ja on vaba igasugustest loomsetest valkudest.\" \/>\n<meta property=\"og:url\" content=\"https:\/\/www.workshop.ee\/en\/toode\/veganvaetis-juurviljale-1l\/\" \/>\n<meta property=\"og:site_name\" content=\"WorkShop\" \/>\n<meta property=\"og:image\" content=\"https:\/\/www.workshop.ee\/wp-content\/uploads\/2024\/07\/Vegan_juurvili-539x800.jpg\" \/>\n\t<meta property=\"og:image:width\" content=\"539\" \/>\n\t<meta property=\"og:image:height\" content=\"800\" \/>\n\t<meta property=\"og:image:type\" content=\"image\/jpeg\" \/>\n<meta name=\"twitter:card\" content=\"summary_large_image\" \/>\n<meta name=\"twitter:label1\" content=\"Est. reading time\" \/>\n\t<meta name=\"twitter:data1\" content=\"1 minute\" \/>\n<script type=\"application\/ld+json\" class=\"yoast-schema-graph\">{\"@context\":\"https:\/\/schema.org\",\"@graph\":[{\"@type\":\"WebPage\",\"@id\":\"https:\/\/www.workshop.ee\/en\/toode\/veganvaetis-juurviljale-1l\/\",\"url\":\"https:\/\/www.workshop.ee\/en\/toode\/veganvaetis-juurviljale-1l\/\",\"name\":\"Veganv\u00e4etis juurviljale-1L - WorkShop\",\"isPartOf\":{\"@id\":\"https:\/\/www.workshop.ee\/en\/#website\"},\"primaryImageOfPage\":{\"@id\":\"https:\/\/www.workshop.ee\/en\/toode\/veganvaetis-juurviljale-1l\/#primaryimage\"},\"image\":{\"@id\":\"https:\/\/www.workshop.ee\/toode\/veganvaetis-juurviljale-1l\/#primaryimage\"},\"thumbnailUrl\":\"https:\/\/www.workshop.ee\/wp-content\/uploads\/2024\/07\/Vegan_juurvili.jpg\",\"datePublished\":\"2024-07-07T13:57:01+00:00\",\"breadcrumb\":{\"@id\":\"https:\/\/www.workshop.ee\/en\/toode\/veganvaetis-juurviljale-1l\/#breadcrumb\"},\"inLanguage\":\"en-US\",\"potentialAction\":[{\"@type\":\"ReadAction\",\"target\":[[\"https:\/\/www.workshop.ee\/en\/toode\/veganvaetis-juurviljale-1l\/\"]]}]},{\"@type\":\"ImageObject\",\"inLanguage\":\"en-US\",\"@id\":\"https:\/\/www.workshop.ee\/en\/toode\/veganvaetis-juurviljale-1l\/#primaryimage\",\"url\":\"https:\/\/www.workshop.ee\/wp-content\/uploads\/2024\/07\/Vegan_juurvili.jpg\",\"contentUrl\":\"https:\/\/www.workshop.ee\/wp-content\/uploads\/2024\/07\/Vegan_juurvili.jpg\",\"width\":1191,\"height\":1769},{\"@type\":\"BreadcrumbList\",\"@id\":\"https:\/\/www.workshop.ee\/en\/toode\/veganvaetis-juurviljale-1l\/#breadcrumb\",\"itemListElement\":[{\"@type\":\"ListItem\",\"position\":1,\"name\":\"Home\",\"item\":\"https:\/\/www.workshop.ee\/en\/\"},{\"@type\":\"ListItem\",\"position\":2,\"name\":\"E-pood\",\"item\":\"https:\/\/www.workshop.ee\/en\/e-pood\/\"},{\"@type\":\"ListItem\",\"position\":3,\"name\":\"Veganv\u00e4etis juurviljale-1L\"}]},{\"@type\":\"WebSite\",\"@id\":\"https:\/\/www.workshop.ee\/en\/#website\",\"url\":\"https:\/\/www.workshop.ee\/en\/\",\"name\":\"WorkShop\",\"description\":\"\",\"publisher\":{\"@id\":\"https:\/\/www.workshop.ee\/en\/#organization\"},\"potentialAction\":[{\"@type\":\"SearchAction\",\"target\":{\"@type\":\"EntryPoint\",\"urlTemplate\":\"https:\/\/www.workshop.ee\/en\/?s={search_term_string}\"},\"query-input\":{\"@type\":\"PropertyValueSpecification\",\"valueRequired\":true,\"valueName\":\"search_term_string\"}}],\"inLanguage\":\"en-US\"},{\"@type\":\"Organization\",\"@id\":\"https:\/\/www.workshop.ee\/en\/#organization\",\"name\":\"WorkShop\",\"url\":\"https:\/\/www.workshop.ee\/en\/\",\"logo\":{\"@type\":\"ImageObject\",\"inLanguage\":\"en-US\",\"@id\":\"https:\/\/www.workshop.ee\/en\/#\/schema\/logo\/image\/\",\"url\":\"https:\/\/www.workshop.ee\/wp-content\/uploads\/2024\/06\/logo.png\",\"contentUrl\":\"https:\/\/www.workshop.ee\/wp-content\/uploads\/2024\/06\/logo.png\",\"width\":170,\"height\":57,\"caption\":\"WorkShop\"},\"image\":{\"@id\":\"https:\/\/www.workshop.ee\/en\/#\/schema\/logo\/image\/\"}}]}<\/script>\n<!-- \/ Yoast SEO plugin. -->","yoast_head_json":{"title":"Veganv\u00e4etis juurviljale-1L - WorkShop","robots":{"index":"index","follow":"follow","max-snippet":"max-snippet:-1","max-image-preview":"max-image-preview:large","max-video-preview":"max-video-preview:-1"},"canonical":"https:\/\/www.workshop.ee\/en\/toode\/veganvaetis-juurviljale-1l\/","og_locale":"en_US","og_type":"article","og_title":"Veganv\u00e4etis juurviljale-1L - WorkShop","og_description":"Veganv\u00e4etis sisaldab \u00fcksnes taimse p\u00e4ritoluga orgaanilist ainet ja on vaba igasugustest loomsetest valkudest.","og_url":"https:\/\/www.workshop.ee\/en\/toode\/veganvaetis-juurviljale-1l\/","og_site_name":"WorkShop","og_image":[{"width":539,"height":800,"url":"https:\/\/www.workshop.ee\/wp-content\/uploads\/2024\/07\/Vegan_juurvili-539x800.jpg","type":"image\/jpeg"}],"twitter_card":"summary_large_image","twitter_misc":{"Est. reading time":"1 minute"},"schema":{"@context":"https:\/\/schema.org","@graph":[{"@type":"WebPage","@id":"https:\/\/www.workshop.ee\/en\/toode\/veganvaetis-juurviljale-1l\/","url":"https:\/\/www.workshop.ee\/en\/toode\/veganvaetis-juurviljale-1l\/","name":"Veganv\u00e4etis juurviljale-1L - WorkShop","isPartOf":{"@id":"https:\/\/www.workshop.ee\/en\/#website"},"primaryImageOfPage":{"@id":"https:\/\/www.workshop.ee\/en\/toode\/veganvaetis-juurviljale-1l\/#primaryimage"},"image":{"@id":"https:\/\/www.workshop.ee\/toode\/veganvaetis-juurviljale-1l\/#primaryimage"},"thumbnailUrl":"https:\/\/www.workshop.ee\/wp-content\/uploads\/2024\/07\/Vegan_juurvili.jpg","datePublished":"2024-07-07T13:57:01+00:00","breadcrumb":{"@id":"https:\/\/www.workshop.ee\/en\/toode\/veganvaetis-juurviljale-1l\/#breadcrumb"},"inLanguage":"en-US","potentialAction":[{"@type":"ReadAction","target":[["https:\/\/www.workshop.ee\/en\/toode\/veganvaetis-juurviljale-1l\/"]]}]},{"@type":"ImageObject","inLanguage":"en-US","@id":"https:\/\/www.workshop.ee\/en\/toode\/veganvaetis-juurviljale-1l\/#primaryimage","url":"https:\/\/www.workshop.ee\/wp-content\/uploads\/2024\/07\/Vegan_juurvili.jpg","contentUrl":"https:\/\/www.workshop.ee\/wp-content\/uploads\/2024\/07\/Vegan_juurvili.jpg","width":1191,"height":1769},{"@type":"BreadcrumbList","@id":"https:\/\/www.workshop.ee\/en\/toode\/veganvaetis-juurviljale-1l\/#breadcrumb","itemListElement":[{"@type":"ListItem","position":1,"name":"Home","item":"https:\/\/www.workshop.ee\/en\/"},{"@type":"ListItem","position":2,"name":"E-pood","item":"https:\/\/www.workshop.ee\/en\/e-pood\/"},{"@type":"ListItem","position":3,"name":"Veganv\u00e4etis juurviljale-1L"}]},{"@type":"WebSite","@id":"https:\/\/www.workshop.ee\/en\/#website","url":"https:\/\/www.workshop.ee\/en\/","name":"WorkShop","description":"","publisher":{"@id":"https:\/\/www.workshop.ee\/en\/#organization"},"potentialAction":[{"@type":"SearchAction","target":{"@type":"EntryPoint","urlTemplate":"https:\/\/www.workshop.ee\/en\/?s={search_term_string}"},"query-input":{"@type":"PropertyValueSpecification","valueRequired":true,"valueName":"search_term_string"}}],"inLanguage":"en-US"},{"@type":"Organization","@id":"https:\/\/www.workshop.ee\/en\/#organization","name":"WorkShop","url":"https:\/\/www.workshop.ee\/en\/","logo":{"@type":"ImageObject","inLanguage":"en-US","@id":"https:\/\/www.workshop.ee\/en\/#\/schema\/logo\/image\/","url":"https:\/\/www.workshop.ee\/wp-content\/uploads\/2024\/06\/logo.png","contentUrl":"https:\/\/www.workshop.ee\/wp-content\/uploads\/2024\/06\/logo.png","width":170,"height":57,"caption":"WorkShop"},"image":{"@id":"https:\/\/www.workshop.ee\/en\/#\/schema\/logo\/image\/"}}]}},"_links":{"self":[{"href":"https:\/\/www.workshop.ee\/en\/wp-json\/wp\/v2\/product\/10609","targetHints":{"allow":["GET"]}}],"collection":[{"href":"https:\/\/www.workshop.ee\/en\/wp-json\/wp\/v2\/product"}],"about":[{"href":"https:\/\/www.workshop.ee\/en\/wp-json\/wp\/v2\/types\/product"}],"wp:featuredmedia":[{"embeddable":true,"href":"https:\/\/www.workshop.ee\/en\/wp-json\/wp\/v2\/media\/10528"}],"wp:attachment":[{"href":"https:\/\/www.workshop.ee\/en\/wp-json\/wp\/v2\/media?parent=10609"}],"wp:term":[{"taxonomy":"product_brand","embeddable":true,"href":"https:\/\/www.workshop.ee\/en\/wp-json\/wp\/v2\/product_brand?post=10609"},{"taxonomy":"product_cat","embeddable":true,"href":"https:\/\/www.workshop.ee\/en\/wp-json\/wp\/v2\/product_cat?post=10609"},{"taxonomy":"product_tag","embeddable":true,"href":"https:\/\/www.workshop.ee\/en\/wp-json\/wp\/v2\/product_tag?post=10609"}],"curies":[{"name":"wp","href":"https:\/\/api.w.org\/{rel}","templated":true}]}}