{"id":10611,"date":"2024-07-07T16:57:01","date_gmt":"2024-07-07T13:57:01","guid":{"rendered":"https:\/\/uuswp.workshop.ee\/toode\/orhideevaetise-toitelahus-1l\/"},"modified":"2025-02-26T10:32:21","modified_gmt":"2025-02-26T08:32:21","slug":"orhideevaetise-toitelahus-1l","status":"publish","type":"product","link":"https:\/\/www.workshop.ee\/en\/toode\/orhideevaetise-toitelahus-1l\/","title":{"rendered":"Orhideev\u00e4etise toitelahus 1L"},"content":{"rendered":"<p>ORHIDEE TOITELAHUS Merevetika toitelahu k\u00f5ikidele orhideeliikidele aastaringseks kasutamiseks kastmisvette segatuna. Toitelahu on valmistatud vetikapreparaadist ja sisaldab orhideedele vajalikke looduslikke taimehormoone ja erinevaid toitaineid, mikromineraale need on olulised taime tervislikuks kasvuks. Merevetikas on palju kaaliumi, see on t\u00e4htis makroelement taimede kasvuks ja arenguks, parandades n\u00e4iteks k\u00fclma-, haigus- ja p\u00f5uakindlust, kindlustab fotos\u00fcnteesiprotsesside kulgemist ning parandab taime kvaliteeti. Merevetikas sisaldab ka antitoksiine, mis aitavad taimedel v\u00f5idelda bakterite ja viiruste vastu ning peletada putukaid. T\u00f5stab taime taluvust keskkonnast tuleneva stressi vastu ja soodustab v\u00f5rsete ja juurte arenemist. Seega aktiveerib \u00f5itsemist, orhideede \u00f5ied on lopsakad ja kirka \u00f5iev\u00e4rviga. Kastmine; 1 korgit\u00e4is merevetika-toitelahust 1 &#8211; 2 liitri vee kohta (vihmavesi v\u00f5i keedetud leige vesi), kasvuperioodil v\u00e4etada 2-3 korda kuus, talvel (oktoobrist m\u00e4rtsini) 1-2 korda kuus.. Enne tarvitamist loksutada.Kaitsta j\u00e4\u00e4tumise eest.Hoida temperatuuril alla 34\u00b0C. TOOTE KOOSTIS -T\u00fc\u00fcbi nimetus: orgaaniline v\u00e4etis 1,5-0,16-18<br \/>\n<\/p>","protected":false},"excerpt":{"rendered":"<p>Orhidee-toitelahus k\u00f5ikidele orhideeliikidele kasutamiseks kastmisvette segatuna.<br \/>\nToitelahu on valmistatud vetikapreparaadist ja sisaldab orhideedele vajalikke looduslikke taimehormoone .<\/p>\n","protected":false},"featured_media":10453,"template":"","meta":[],"product_brand":[],"product_cat":[81,70],"product_tag":[],"class_list":{"0":"post-10611","1":"product","2":"type-product","3":"status-publish","4":"has-post-thumbnail","6":"product_cat-iluaeda-loodusvaetised-2","7":"product_cat-loodusvaetised","9":"first","10":"instock","11":"shipping-taxable","12":"purchasable","13":"product-type-simple"},"yoast_head":"<!-- This site is optimized with the Yoast SEO plugin v26.8 - https:\/\/yoast.com\/product\/yoast-seo-wordpress\/ -->\n<title>Orhideev\u00e4etise toitelahus 1L - WorkShop<\/title>\n<meta name=\"robots\" content=\"index, follow, max-snippet:-1, max-image-preview:large, max-video-preview:-1\" \/>\n<link rel=\"canonical\" href=\"https:\/\/www.workshop.ee\/en\/toode\/orhideevaetise-toitelahus-1l\/\" \/>\n<meta property=\"og:locale\" content=\"en_US\" \/>\n<meta property=\"og:type\" content=\"article\" \/>\n<meta property=\"og:title\" content=\"Orhideev\u00e4etise toitelahus 1L - WorkShop\" \/>\n<meta property=\"og:description\" content=\"Orhidee-toitelahus k\u00f5ikidele orhideeliikidele kasutamiseks kastmisvette segatuna. Toitelahu on valmistatud vetikapreparaadist ja sisaldab orhideedele vajalikke looduslikke taimehormoone .\" \/>\n<meta property=\"og:url\" content=\"https:\/\/www.workshop.ee\/en\/toode\/orhideevaetise-toitelahus-1l\/\" \/>\n<meta property=\"og:site_name\" content=\"WorkShop\" \/>\n<meta property=\"article:modified_time\" content=\"2025-02-26T08:32:21+00:00\" \/>\n<meta property=\"og:image\" content=\"https:\/\/www.workshop.ee\/wp-content\/uploads\/2024\/07\/Orhidee-parandusega-2017-09-18-1.jpg\" \/>\n\t<meta property=\"og:image:width\" content=\"686\" \/>\n\t<meta property=\"og:image:height\" content=\"1172\" \/>\n\t<meta property=\"og:image:type\" content=\"image\/jpeg\" \/>\n<meta name=\"twitter:card\" content=\"summary_large_image\" \/>\n<meta name=\"twitter:label1\" content=\"Est. reading time\" \/>\n\t<meta name=\"twitter:data1\" content=\"1 minute\" \/>\n<script type=\"application\/ld+json\" class=\"yoast-schema-graph\">{\"@context\":\"https:\/\/schema.org\",\"@graph\":[{\"@type\":\"WebPage\",\"@id\":\"https:\/\/www.workshop.ee\/en\/toode\/orhideevaetise-toitelahus-1l\/\",\"url\":\"https:\/\/www.workshop.ee\/en\/toode\/orhideevaetise-toitelahus-1l\/\",\"name\":\"Orhideev\u00e4etise toitelahus 1L - WorkShop\",\"isPartOf\":{\"@id\":\"https:\/\/www.workshop.ee\/en\/#website\"},\"primaryImageOfPage\":{\"@id\":\"https:\/\/www.workshop.ee\/en\/toode\/orhideevaetise-toitelahus-1l\/#primaryimage\"},\"image\":{\"@id\":\"https:\/\/www.workshop.ee\/toode\/orhideevaetise-toitelahus-1l\/#primaryimage\"},\"thumbnailUrl\":\"https:\/\/www.workshop.ee\/wp-content\/uploads\/2024\/07\/Orhidee-parandusega-2017-09-18-1.jpg\",\"datePublished\":\"2024-07-07T13:57:01+00:00\",\"dateModified\":\"2025-02-26T08:32:21+00:00\",\"breadcrumb\":{\"@id\":\"https:\/\/www.workshop.ee\/en\/toode\/orhideevaetise-toitelahus-1l\/#breadcrumb\"},\"inLanguage\":\"en-US\",\"potentialAction\":[{\"@type\":\"ReadAction\",\"target\":[[\"https:\/\/www.workshop.ee\/en\/toode\/orhideevaetise-toitelahus-1l\/\"]]}]},{\"@type\":\"ImageObject\",\"inLanguage\":\"en-US\",\"@id\":\"https:\/\/www.workshop.ee\/en\/toode\/orhideevaetise-toitelahus-1l\/#primaryimage\",\"url\":\"https:\/\/www.workshop.ee\/wp-content\/uploads\/2024\/07\/Orhidee-parandusega-2017-09-18-1.jpg\",\"contentUrl\":\"https:\/\/www.workshop.ee\/wp-content\/uploads\/2024\/07\/Orhidee-parandusega-2017-09-18-1.jpg\",\"width\":686,\"height\":1172},{\"@type\":\"BreadcrumbList\",\"@id\":\"https:\/\/www.workshop.ee\/en\/toode\/orhideevaetise-toitelahus-1l\/#breadcrumb\",\"itemListElement\":[{\"@type\":\"ListItem\",\"position\":1,\"name\":\"Home\",\"item\":\"https:\/\/www.workshop.ee\/en\/\"},{\"@type\":\"ListItem\",\"position\":2,\"name\":\"E-pood\",\"item\":\"https:\/\/www.workshop.ee\/en\/e-pood\/\"},{\"@type\":\"ListItem\",\"position\":3,\"name\":\"Orhideev\u00e4etise toitelahus 1L\"}]},{\"@type\":\"WebSite\",\"@id\":\"https:\/\/www.workshop.ee\/en\/#website\",\"url\":\"https:\/\/www.workshop.ee\/en\/\",\"name\":\"WorkShop\",\"description\":\"\",\"publisher\":{\"@id\":\"https:\/\/www.workshop.ee\/en\/#organization\"},\"potentialAction\":[{\"@type\":\"SearchAction\",\"target\":{\"@type\":\"EntryPoint\",\"urlTemplate\":\"https:\/\/www.workshop.ee\/en\/?s={search_term_string}\"},\"query-input\":{\"@type\":\"PropertyValueSpecification\",\"valueRequired\":true,\"valueName\":\"search_term_string\"}}],\"inLanguage\":\"en-US\"},{\"@type\":\"Organization\",\"@id\":\"https:\/\/www.workshop.ee\/en\/#organization\",\"name\":\"WorkShop\",\"url\":\"https:\/\/www.workshop.ee\/en\/\",\"logo\":{\"@type\":\"ImageObject\",\"inLanguage\":\"en-US\",\"@id\":\"https:\/\/www.workshop.ee\/en\/#\/schema\/logo\/image\/\",\"url\":\"https:\/\/www.workshop.ee\/wp-content\/uploads\/2024\/06\/logo.png\",\"contentUrl\":\"https:\/\/www.workshop.ee\/wp-content\/uploads\/2024\/06\/logo.png\",\"width\":170,\"height\":57,\"caption\":\"WorkShop\"},\"image\":{\"@id\":\"https:\/\/www.workshop.ee\/en\/#\/schema\/logo\/image\/\"}}]}<\/script>\n<!-- \/ Yoast SEO plugin. -->","yoast_head_json":{"title":"Orhideev\u00e4etise toitelahus 1L - WorkShop","robots":{"index":"index","follow":"follow","max-snippet":"max-snippet:-1","max-image-preview":"max-image-preview:large","max-video-preview":"max-video-preview:-1"},"canonical":"https:\/\/www.workshop.ee\/en\/toode\/orhideevaetise-toitelahus-1l\/","og_locale":"en_US","og_type":"article","og_title":"Orhideev\u00e4etise toitelahus 1L - WorkShop","og_description":"Orhidee-toitelahus k\u00f5ikidele orhideeliikidele kasutamiseks kastmisvette segatuna. Toitelahu on valmistatud vetikapreparaadist ja sisaldab orhideedele vajalikke looduslikke taimehormoone .","og_url":"https:\/\/www.workshop.ee\/en\/toode\/orhideevaetise-toitelahus-1l\/","og_site_name":"WorkShop","article_modified_time":"2025-02-26T08:32:21+00:00","og_image":[{"width":686,"height":1172,"url":"https:\/\/www.workshop.ee\/wp-content\/uploads\/2024\/07\/Orhidee-parandusega-2017-09-18-1.jpg","type":"image\/jpeg"}],"twitter_card":"summary_large_image","twitter_misc":{"Est. reading time":"1 minute"},"schema":{"@context":"https:\/\/schema.org","@graph":[{"@type":"WebPage","@id":"https:\/\/www.workshop.ee\/en\/toode\/orhideevaetise-toitelahus-1l\/","url":"https:\/\/www.workshop.ee\/en\/toode\/orhideevaetise-toitelahus-1l\/","name":"Orhideev\u00e4etise toitelahus 1L - WorkShop","isPartOf":{"@id":"https:\/\/www.workshop.ee\/en\/#website"},"primaryImageOfPage":{"@id":"https:\/\/www.workshop.ee\/en\/toode\/orhideevaetise-toitelahus-1l\/#primaryimage"},"image":{"@id":"https:\/\/www.workshop.ee\/toode\/orhideevaetise-toitelahus-1l\/#primaryimage"},"thumbnailUrl":"https:\/\/www.workshop.ee\/wp-content\/uploads\/2024\/07\/Orhidee-parandusega-2017-09-18-1.jpg","datePublished":"2024-07-07T13:57:01+00:00","dateModified":"2025-02-26T08:32:21+00:00","breadcrumb":{"@id":"https:\/\/www.workshop.ee\/en\/toode\/orhideevaetise-toitelahus-1l\/#breadcrumb"},"inLanguage":"en-US","potentialAction":[{"@type":"ReadAction","target":[["https:\/\/www.workshop.ee\/en\/toode\/orhideevaetise-toitelahus-1l\/"]]}]},{"@type":"ImageObject","inLanguage":"en-US","@id":"https:\/\/www.workshop.ee\/en\/toode\/orhideevaetise-toitelahus-1l\/#primaryimage","url":"https:\/\/www.workshop.ee\/wp-content\/uploads\/2024\/07\/Orhidee-parandusega-2017-09-18-1.jpg","contentUrl":"https:\/\/www.workshop.ee\/wp-content\/uploads\/2024\/07\/Orhidee-parandusega-2017-09-18-1.jpg","width":686,"height":1172},{"@type":"BreadcrumbList","@id":"https:\/\/www.workshop.ee\/en\/toode\/orhideevaetise-toitelahus-1l\/#breadcrumb","itemListElement":[{"@type":"ListItem","position":1,"name":"Home","item":"https:\/\/www.workshop.ee\/en\/"},{"@type":"ListItem","position":2,"name":"E-pood","item":"https:\/\/www.workshop.ee\/en\/e-pood\/"},{"@type":"ListItem","position":3,"name":"Orhideev\u00e4etise toitelahus 1L"}]},{"@type":"WebSite","@id":"https:\/\/www.workshop.ee\/en\/#website","url":"https:\/\/www.workshop.ee\/en\/","name":"WorkShop","description":"","publisher":{"@id":"https:\/\/www.workshop.ee\/en\/#organization"},"potentialAction":[{"@type":"SearchAction","target":{"@type":"EntryPoint","urlTemplate":"https:\/\/www.workshop.ee\/en\/?s={search_term_string}"},"query-input":{"@type":"PropertyValueSpecification","valueRequired":true,"valueName":"search_term_string"}}],"inLanguage":"en-US"},{"@type":"Organization","@id":"https:\/\/www.workshop.ee\/en\/#organization","name":"WorkShop","url":"https:\/\/www.workshop.ee\/en\/","logo":{"@type":"ImageObject","inLanguage":"en-US","@id":"https:\/\/www.workshop.ee\/en\/#\/schema\/logo\/image\/","url":"https:\/\/www.workshop.ee\/wp-content\/uploads\/2024\/06\/logo.png","contentUrl":"https:\/\/www.workshop.ee\/wp-content\/uploads\/2024\/06\/logo.png","width":170,"height":57,"caption":"WorkShop"},"image":{"@id":"https:\/\/www.workshop.ee\/en\/#\/schema\/logo\/image\/"}}]}},"_links":{"self":[{"href":"https:\/\/www.workshop.ee\/en\/wp-json\/wp\/v2\/product\/10611","targetHints":{"allow":["GET"]}}],"collection":[{"href":"https:\/\/www.workshop.ee\/en\/wp-json\/wp\/v2\/product"}],"about":[{"href":"https:\/\/www.workshop.ee\/en\/wp-json\/wp\/v2\/types\/product"}],"wp:featuredmedia":[{"embeddable":true,"href":"https:\/\/www.workshop.ee\/en\/wp-json\/wp\/v2\/media\/10453"}],"wp:attachment":[{"href":"https:\/\/www.workshop.ee\/en\/wp-json\/wp\/v2\/media?parent=10611"}],"wp:term":[{"taxonomy":"product_brand","embeddable":true,"href":"https:\/\/www.workshop.ee\/en\/wp-json\/wp\/v2\/product_brand?post=10611"},{"taxonomy":"product_cat","embeddable":true,"href":"https:\/\/www.workshop.ee\/en\/wp-json\/wp\/v2\/product_cat?post=10611"},{"taxonomy":"product_tag","embeddable":true,"href":"https:\/\/www.workshop.ee\/en\/wp-json\/wp\/v2\/product_tag?post=10611"}],"curies":[{"name":"wp","href":"https:\/\/api.w.org\/{rel}","templated":true}]}}