{"id":10612,"date":"2024-07-07T16:57:01","date_gmt":"2024-07-07T13:57:01","guid":{"rendered":"https:\/\/uuswp.workshop.ee\/toode\/joululillede-konsentraat-025-l\/"},"modified":"2024-08-25T15:21:56","modified_gmt":"2024-08-25T12:21:56","slug":"joululillede-konsentraat-025-l","status":"publish","type":"product","link":"https:\/\/www.workshop.ee\/en\/toode\/joululillede-konsentraat-025-l\/","title":{"rendered":"Joululillede konsentraat 0,25 L"},"content":{"rendered":"<p>J\u00f5ululilledele-toitelahus j\u00f5ulukaktuse, j\u00f5ulut\u00e4he ja ratsurit\u00e4he toitmiseks kastmisvette segatun.<br \/>\nToitelahu on valmistatud vetikapreparaadist ja sisaldab taimedele vajalikke looduslikke taimehormoone ja erinevaid toitaineid, mikromineraale need on olulised taime tervislikuks kasvuks. Merevetikas on palju kaalium, see on t\u00e4htis makroelement taimede kasvus ja arengus, parandades n\u00e4iteks k\u00fclma-, haigus- ja p\u00f5uakindlust, kindlustab fotos\u00fcnteesiprotsesside kulgemist ning parandab taime kvaliteeti. Merevetikas sisaldab ka antitoksiine, mis aitavad taimedel v\u00f5idelda bakterite ja viiruste vastu ning peletada putukaid. T\u00f5stab taime taluvust keskkonnast tuleneva stressi vastu ja soodustab v\u00f5rsete ja juurte arenemist. Seega aktiveerib \u00f5itsemist, taimede \u00f5ied on lopsakad ja kirka \u00f5iev\u00e4rviga.<br \/>\nJ\u00f5ulut\u00e4ht ja j\u00f5ulukaktus<br \/>\nKastmine; \u00bdkorgit\u00e4it merevetika-toitelahust 1 &#8211; 2 liitri vee kohta (vihmavesi v\u00f5i keedetud leige vesi), \u00f5itsemisest m\u00e4rtsini v\u00e4etada 1-2 korda kuus, suvel 2-3 korda kuus.<br \/>\nRatsurit\u00e4ht<br \/>\nKastmine; 1korgit\u00e4is merevetika-toitelahust 1 &#8211; 2 liitri vee kohta (vihmavesi v\u00f5i keedetud leige vesi), kasvuperioodil (s.o peale \u00f5itsemist)v\u00e4etada 3-4 korda kuus. Septembris tuleb kastmist j\u00e4rsult v\u00e4hendada kuni k\u00f5ik lehed kuivavad ja t\u00f5sta sibul sooja (18-23\u00b0C) ja pimedasse kohta puhkama.Kui taim alustab uuesti kasvamist v\u00e4etada1-2 korda kuus.<br \/>\nEnne tarvitamist loksutada. Kaitsta j\u00e4\u00e4tumise eest. Hoida temperatuuril alla 34\u00b0C.<br \/>\nTootekoostis &#8211;<br \/>\nT\u00fc\u00fcbi nimetus: orgaaniline v\u00e4etis 1,5-0,16-18 Tooraine: <\/p>","protected":false},"excerpt":{"rendered":"<p>J\u00f5ululilledele- toitekonsentraat j\u00f5ulukaktuse -t\u00e4he ja ratsurit\u00e4he toitmiseks kastmisvette segatuna.<\/p>\n","protected":false},"featured_media":10373,"template":"","meta":[],"product_brand":[],"product_cat":[81],"product_tag":[],"class_list":{"0":"post-10612","1":"product","2":"type-product","3":"status-publish","4":"has-post-thumbnail","6":"product_cat-iluaeda-loodusvaetised-2","8":"first","9":"instock","10":"shipping-taxable","11":"purchasable","12":"product-type-simple"},"yoast_head":"<!-- This site is optimized with the Yoast SEO plugin v26.8 - https:\/\/yoast.com\/product\/yoast-seo-wordpress\/ -->\n<title>Joululillede konsentraat 0,25 L - WorkShop<\/title>\n<meta name=\"robots\" content=\"index, follow, max-snippet:-1, max-image-preview:large, max-video-preview:-1\" \/>\n<link rel=\"canonical\" href=\"https:\/\/www.workshop.ee\/en\/toode\/joululillede-konsentraat-025-l\/\" \/>\n<meta property=\"og:locale\" content=\"en_US\" \/>\n<meta property=\"og:type\" content=\"article\" \/>\n<meta property=\"og:title\" content=\"Joululillede konsentraat 0,25 L - WorkShop\" \/>\n<meta property=\"og:description\" content=\"J\u00f5ululilledele- toitekonsentraat j\u00f5ulukaktuse -t\u00e4he ja ratsurit\u00e4he toitmiseks kastmisvette segatuna.\" \/>\n<meta property=\"og:url\" content=\"https:\/\/www.workshop.ee\/en\/toode\/joululillede-konsentraat-025-l\/\" \/>\n<meta property=\"og:site_name\" content=\"WorkShop\" \/>\n<meta property=\"article:modified_time\" content=\"2024-08-25T12:21:56+00:00\" \/>\n<meta property=\"og:image\" content=\"https:\/\/www.workshop.ee\/wp-content\/uploads\/2024\/07\/Joululillede-konsentraat-481x800.jpg\" \/>\n\t<meta property=\"og:image:width\" content=\"481\" \/>\n\t<meta property=\"og:image:height\" content=\"800\" \/>\n\t<meta property=\"og:image:type\" content=\"image\/jpeg\" \/>\n<meta name=\"twitter:card\" content=\"summary_large_image\" \/>\n<meta name=\"twitter:label1\" content=\"Est. reading time\" \/>\n\t<meta name=\"twitter:data1\" content=\"2 minutes\" \/>\n<script type=\"application\/ld+json\" class=\"yoast-schema-graph\">{\"@context\":\"https:\/\/schema.org\",\"@graph\":[{\"@type\":\"WebPage\",\"@id\":\"https:\/\/www.workshop.ee\/en\/toode\/joululillede-konsentraat-025-l\/\",\"url\":\"https:\/\/www.workshop.ee\/en\/toode\/joululillede-konsentraat-025-l\/\",\"name\":\"Joululillede konsentraat 0,25 L - WorkShop\",\"isPartOf\":{\"@id\":\"https:\/\/www.workshop.ee\/en\/#website\"},\"primaryImageOfPage\":{\"@id\":\"https:\/\/www.workshop.ee\/en\/toode\/joululillede-konsentraat-025-l\/#primaryimage\"},\"image\":{\"@id\":\"https:\/\/www.workshop.ee\/toode\/joululillede-konsentraat-025-l\/#primaryimage\"},\"thumbnailUrl\":\"https:\/\/www.workshop.ee\/wp-content\/uploads\/2024\/07\/Joululillede-konsentraat.jpg\",\"datePublished\":\"2024-07-07T13:57:01+00:00\",\"dateModified\":\"2024-08-25T12:21:56+00:00\",\"breadcrumb\":{\"@id\":\"https:\/\/www.workshop.ee\/en\/toode\/joululillede-konsentraat-025-l\/#breadcrumb\"},\"inLanguage\":\"en-US\",\"potentialAction\":[{\"@type\":\"ReadAction\",\"target\":[[\"https:\/\/www.workshop.ee\/en\/toode\/joululillede-konsentraat-025-l\/\"]]}]},{\"@type\":\"ImageObject\",\"inLanguage\":\"en-US\",\"@id\":\"https:\/\/www.workshop.ee\/en\/toode\/joululillede-konsentraat-025-l\/#primaryimage\",\"url\":\"https:\/\/www.workshop.ee\/wp-content\/uploads\/2024\/07\/Joululillede-konsentraat.jpg\",\"contentUrl\":\"https:\/\/www.workshop.ee\/wp-content\/uploads\/2024\/07\/Joululillede-konsentraat.jpg\",\"width\":837,\"height\":1392},{\"@type\":\"BreadcrumbList\",\"@id\":\"https:\/\/www.workshop.ee\/en\/toode\/joululillede-konsentraat-025-l\/#breadcrumb\",\"itemListElement\":[{\"@type\":\"ListItem\",\"position\":1,\"name\":\"Home\",\"item\":\"https:\/\/www.workshop.ee\/en\/\"},{\"@type\":\"ListItem\",\"position\":2,\"name\":\"E-pood\",\"item\":\"https:\/\/www.workshop.ee\/en\/e-pood\/\"},{\"@type\":\"ListItem\",\"position\":3,\"name\":\"Joululillede konsentraat 0,25 L\"}]},{\"@type\":\"WebSite\",\"@id\":\"https:\/\/www.workshop.ee\/en\/#website\",\"url\":\"https:\/\/www.workshop.ee\/en\/\",\"name\":\"WorkShop\",\"description\":\"\",\"publisher\":{\"@id\":\"https:\/\/www.workshop.ee\/en\/#organization\"},\"potentialAction\":[{\"@type\":\"SearchAction\",\"target\":{\"@type\":\"EntryPoint\",\"urlTemplate\":\"https:\/\/www.workshop.ee\/en\/?s={search_term_string}\"},\"query-input\":{\"@type\":\"PropertyValueSpecification\",\"valueRequired\":true,\"valueName\":\"search_term_string\"}}],\"inLanguage\":\"en-US\"},{\"@type\":\"Organization\",\"@id\":\"https:\/\/www.workshop.ee\/en\/#organization\",\"name\":\"WorkShop\",\"url\":\"https:\/\/www.workshop.ee\/en\/\",\"logo\":{\"@type\":\"ImageObject\",\"inLanguage\":\"en-US\",\"@id\":\"https:\/\/www.workshop.ee\/en\/#\/schema\/logo\/image\/\",\"url\":\"https:\/\/www.workshop.ee\/wp-content\/uploads\/2024\/06\/logo.png\",\"contentUrl\":\"https:\/\/www.workshop.ee\/wp-content\/uploads\/2024\/06\/logo.png\",\"width\":170,\"height\":57,\"caption\":\"WorkShop\"},\"image\":{\"@id\":\"https:\/\/www.workshop.ee\/en\/#\/schema\/logo\/image\/\"}}]}<\/script>\n<!-- \/ Yoast SEO plugin. -->","yoast_head_json":{"title":"Joululillede konsentraat 0,25 L - WorkShop","robots":{"index":"index","follow":"follow","max-snippet":"max-snippet:-1","max-image-preview":"max-image-preview:large","max-video-preview":"max-video-preview:-1"},"canonical":"https:\/\/www.workshop.ee\/en\/toode\/joululillede-konsentraat-025-l\/","og_locale":"en_US","og_type":"article","og_title":"Joululillede konsentraat 0,25 L - WorkShop","og_description":"J\u00f5ululilledele- toitekonsentraat j\u00f5ulukaktuse -t\u00e4he ja ratsurit\u00e4he toitmiseks kastmisvette segatuna.","og_url":"https:\/\/www.workshop.ee\/en\/toode\/joululillede-konsentraat-025-l\/","og_site_name":"WorkShop","article_modified_time":"2024-08-25T12:21:56+00:00","og_image":[{"width":481,"height":800,"url":"https:\/\/www.workshop.ee\/wp-content\/uploads\/2024\/07\/Joululillede-konsentraat-481x800.jpg","type":"image\/jpeg"}],"twitter_card":"summary_large_image","twitter_misc":{"Est. reading time":"2 minutes"},"schema":{"@context":"https:\/\/schema.org","@graph":[{"@type":"WebPage","@id":"https:\/\/www.workshop.ee\/en\/toode\/joululillede-konsentraat-025-l\/","url":"https:\/\/www.workshop.ee\/en\/toode\/joululillede-konsentraat-025-l\/","name":"Joululillede konsentraat 0,25 L - WorkShop","isPartOf":{"@id":"https:\/\/www.workshop.ee\/en\/#website"},"primaryImageOfPage":{"@id":"https:\/\/www.workshop.ee\/en\/toode\/joululillede-konsentraat-025-l\/#primaryimage"},"image":{"@id":"https:\/\/www.workshop.ee\/toode\/joululillede-konsentraat-025-l\/#primaryimage"},"thumbnailUrl":"https:\/\/www.workshop.ee\/wp-content\/uploads\/2024\/07\/Joululillede-konsentraat.jpg","datePublished":"2024-07-07T13:57:01+00:00","dateModified":"2024-08-25T12:21:56+00:00","breadcrumb":{"@id":"https:\/\/www.workshop.ee\/en\/toode\/joululillede-konsentraat-025-l\/#breadcrumb"},"inLanguage":"en-US","potentialAction":[{"@type":"ReadAction","target":[["https:\/\/www.workshop.ee\/en\/toode\/joululillede-konsentraat-025-l\/"]]}]},{"@type":"ImageObject","inLanguage":"en-US","@id":"https:\/\/www.workshop.ee\/en\/toode\/joululillede-konsentraat-025-l\/#primaryimage","url":"https:\/\/www.workshop.ee\/wp-content\/uploads\/2024\/07\/Joululillede-konsentraat.jpg","contentUrl":"https:\/\/www.workshop.ee\/wp-content\/uploads\/2024\/07\/Joululillede-konsentraat.jpg","width":837,"height":1392},{"@type":"BreadcrumbList","@id":"https:\/\/www.workshop.ee\/en\/toode\/joululillede-konsentraat-025-l\/#breadcrumb","itemListElement":[{"@type":"ListItem","position":1,"name":"Home","item":"https:\/\/www.workshop.ee\/en\/"},{"@type":"ListItem","position":2,"name":"E-pood","item":"https:\/\/www.workshop.ee\/en\/e-pood\/"},{"@type":"ListItem","position":3,"name":"Joululillede konsentraat 0,25 L"}]},{"@type":"WebSite","@id":"https:\/\/www.workshop.ee\/en\/#website","url":"https:\/\/www.workshop.ee\/en\/","name":"WorkShop","description":"","publisher":{"@id":"https:\/\/www.workshop.ee\/en\/#organization"},"potentialAction":[{"@type":"SearchAction","target":{"@type":"EntryPoint","urlTemplate":"https:\/\/www.workshop.ee\/en\/?s={search_term_string}"},"query-input":{"@type":"PropertyValueSpecification","valueRequired":true,"valueName":"search_term_string"}}],"inLanguage":"en-US"},{"@type":"Organization","@id":"https:\/\/www.workshop.ee\/en\/#organization","name":"WorkShop","url":"https:\/\/www.workshop.ee\/en\/","logo":{"@type":"ImageObject","inLanguage":"en-US","@id":"https:\/\/www.workshop.ee\/en\/#\/schema\/logo\/image\/","url":"https:\/\/www.workshop.ee\/wp-content\/uploads\/2024\/06\/logo.png","contentUrl":"https:\/\/www.workshop.ee\/wp-content\/uploads\/2024\/06\/logo.png","width":170,"height":57,"caption":"WorkShop"},"image":{"@id":"https:\/\/www.workshop.ee\/en\/#\/schema\/logo\/image\/"}}]}},"_links":{"self":[{"href":"https:\/\/www.workshop.ee\/en\/wp-json\/wp\/v2\/product\/10612","targetHints":{"allow":["GET"]}}],"collection":[{"href":"https:\/\/www.workshop.ee\/en\/wp-json\/wp\/v2\/product"}],"about":[{"href":"https:\/\/www.workshop.ee\/en\/wp-json\/wp\/v2\/types\/product"}],"wp:featuredmedia":[{"embeddable":true,"href":"https:\/\/www.workshop.ee\/en\/wp-json\/wp\/v2\/media\/10373"}],"wp:attachment":[{"href":"https:\/\/www.workshop.ee\/en\/wp-json\/wp\/v2\/media?parent=10612"}],"wp:term":[{"taxonomy":"product_brand","embeddable":true,"href":"https:\/\/www.workshop.ee\/en\/wp-json\/wp\/v2\/product_brand?post=10612"},{"taxonomy":"product_cat","embeddable":true,"href":"https:\/\/www.workshop.ee\/en\/wp-json\/wp\/v2\/product_cat?post=10612"},{"taxonomy":"product_tag","embeddable":true,"href":"https:\/\/www.workshop.ee\/en\/wp-json\/wp\/v2\/product_tag?post=10612"}],"curies":[{"name":"wp","href":"https:\/\/api.w.org\/{rel}","templated":true}]}}