{"id":10632,"date":"2024-07-07T16:57:08","date_gmt":"2024-07-07T13:57:08","guid":{"rendered":"https:\/\/uuswp.workshop.ee\/toode\/hortensia-vaetis-ph-1l\/"},"modified":"2025-11-16T13:23:15","modified_gmt":"2025-11-16T11:23:15","slug":"hortensia-vaetis-ph-1l","status":"publish","type":"product","link":"https:\/\/www.workshop.ee\/en\/toode\/hortensia-vaetis-ph-1l\/","title":{"rendered":"Hortensia v\u00e4etis pH-1L"},"content":{"rendered":"<p>Hortensia v\u00e4etis on h\u00fcgieene loodus toode seda on lihtne kasutada. Spetsiaalse koostisega v\u00e4etis, mis s\u00e4ilitab hortensiatele vajaliku optimaalse mullahappesuse. Sobib k\u00f5ikide hortensialiikide v\u00e4etamiseks, tagab \u00f5ite v\u00e4rvikirkuse ja s\u00fcgavrohelised lehed, V\u00e4etamine soodustab taimede kasvu, \u00f5iepungade moodustumist ja tagab rikkaliku \u00f5itsemise. Aitab kaasa v\u00f5rsete \u00f5igeaegsele puitumisele, T\u00f5stab taimede talvekindlust ja vastupanuv\u00f5imet haiguste ja kahjurite suhtes,Toimib 3 kuud<br \/>\n<\/p>","protected":false},"excerpt":{"rendered":"<p>Hortensia v\u00e4etis on h\u00fcgieene loodus toode seda on lihtne kasutada. Spetsiaalse koostisega v\u00e4etis, mis s\u00e4ilitab hortensiatele vajaliku optimaalse mullahappesuse. Sobib k\u00f5ikide hortensialiikide v\u00e4etamiseks, tagab \u00f5ite v\u00e4rvikirkuse ja s\u00fcgavrohelised lehed.<\/p>\n","protected":false},"featured_media":10371,"template":"","meta":[],"product_brand":[],"product_cat":[81],"product_tag":[],"class_list":{"0":"post-10632","1":"product","2":"type-product","3":"status-publish","4":"has-post-thumbnail","6":"product_cat-iluaeda-loodusvaetised-2","8":"first","9":"instock","10":"shipping-taxable","11":"purchasable","12":"product-type-simple"},"yoast_head":"<!-- This site is optimized with the Yoast SEO plugin v26.8 - https:\/\/yoast.com\/product\/yoast-seo-wordpress\/ -->\n<title>Hortensia v\u00e4etis pH-1L - WorkShop<\/title>\n<meta name=\"robots\" content=\"index, follow, max-snippet:-1, max-image-preview:large, max-video-preview:-1\" \/>\n<link rel=\"canonical\" href=\"https:\/\/www.workshop.ee\/en\/toode\/hortensia-vaetis-ph-1l\/\" \/>\n<meta property=\"og:locale\" content=\"en_US\" \/>\n<meta property=\"og:type\" content=\"article\" \/>\n<meta property=\"og:title\" content=\"Hortensia v\u00e4etis pH-1L - WorkShop\" \/>\n<meta property=\"og:description\" content=\"Hortensia v\u00e4etis on h\u00fcgieene loodus toode seda on lihtne kasutada. Spetsiaalse koostisega v\u00e4etis, mis s\u00e4ilitab hortensiatele vajaliku optimaalse mullahappesuse. Sobib k\u00f5ikide hortensialiikide v\u00e4etamiseks, tagab \u00f5ite v\u00e4rvikirkuse ja s\u00fcgavrohelised lehed.\" \/>\n<meta property=\"og:url\" content=\"https:\/\/www.workshop.ee\/en\/toode\/hortensia-vaetis-ph-1l\/\" \/>\n<meta property=\"og:site_name\" content=\"WorkShop\" \/>\n<meta property=\"article:modified_time\" content=\"2025-11-16T11:23:15+00:00\" \/>\n<meta property=\"og:image\" content=\"https:\/\/www.workshop.ee\/wp-content\/uploads\/2024\/07\/Hortensia-537x800.jpg\" \/>\n\t<meta property=\"og:image:width\" content=\"537\" \/>\n\t<meta property=\"og:image:height\" content=\"800\" \/>\n\t<meta property=\"og:image:type\" content=\"image\/jpeg\" \/>\n<meta name=\"twitter:card\" content=\"summary_large_image\" \/>\n<meta name=\"twitter:label1\" content=\"Est. reading time\" \/>\n\t<meta name=\"twitter:data1\" content=\"1 minute\" \/>\n<script type=\"application\/ld+json\" class=\"yoast-schema-graph\">{\"@context\":\"https:\/\/schema.org\",\"@graph\":[{\"@type\":\"WebPage\",\"@id\":\"https:\/\/www.workshop.ee\/en\/toode\/hortensia-vaetis-ph-1l\/\",\"url\":\"https:\/\/www.workshop.ee\/en\/toode\/hortensia-vaetis-ph-1l\/\",\"name\":\"Hortensia v\u00e4etis pH-1L - WorkShop\",\"isPartOf\":{\"@id\":\"https:\/\/www.workshop.ee\/en\/#website\"},\"primaryImageOfPage\":{\"@id\":\"https:\/\/www.workshop.ee\/en\/toode\/hortensia-vaetis-ph-1l\/#primaryimage\"},\"image\":{\"@id\":\"https:\/\/www.workshop.ee\/toode\/hortensia-vaetis-ph-1l\/#primaryimage\"},\"thumbnailUrl\":\"https:\/\/www.workshop.ee\/wp-content\/uploads\/2024\/07\/Hortensia.jpg\",\"datePublished\":\"2024-07-07T13:57:08+00:00\",\"dateModified\":\"2025-11-16T11:23:15+00:00\",\"breadcrumb\":{\"@id\":\"https:\/\/www.workshop.ee\/en\/toode\/hortensia-vaetis-ph-1l\/#breadcrumb\"},\"inLanguage\":\"en-US\",\"potentialAction\":[{\"@type\":\"ReadAction\",\"target\":[[\"https:\/\/www.workshop.ee\/en\/toode\/hortensia-vaetis-ph-1l\/\"]]}]},{\"@type\":\"ImageObject\",\"inLanguage\":\"en-US\",\"@id\":\"https:\/\/www.workshop.ee\/en\/toode\/hortensia-vaetis-ph-1l\/#primaryimage\",\"url\":\"https:\/\/www.workshop.ee\/wp-content\/uploads\/2024\/07\/Hortensia.jpg\",\"contentUrl\":\"https:\/\/www.workshop.ee\/wp-content\/uploads\/2024\/07\/Hortensia.jpg\",\"width\":793,\"height\":1181},{\"@type\":\"BreadcrumbList\",\"@id\":\"https:\/\/www.workshop.ee\/en\/toode\/hortensia-vaetis-ph-1l\/#breadcrumb\",\"itemListElement\":[{\"@type\":\"ListItem\",\"position\":1,\"name\":\"Home\",\"item\":\"https:\/\/www.workshop.ee\/en\/\"},{\"@type\":\"ListItem\",\"position\":2,\"name\":\"E-pood\",\"item\":\"https:\/\/www.workshop.ee\/en\/e-pood\/\"},{\"@type\":\"ListItem\",\"position\":3,\"name\":\"Hortensia v\u00e4etis pH-1L\"}]},{\"@type\":\"WebSite\",\"@id\":\"https:\/\/www.workshop.ee\/en\/#website\",\"url\":\"https:\/\/www.workshop.ee\/en\/\",\"name\":\"WorkShop\",\"description\":\"\",\"publisher\":{\"@id\":\"https:\/\/www.workshop.ee\/en\/#organization\"},\"potentialAction\":[{\"@type\":\"SearchAction\",\"target\":{\"@type\":\"EntryPoint\",\"urlTemplate\":\"https:\/\/www.workshop.ee\/en\/?s={search_term_string}\"},\"query-input\":{\"@type\":\"PropertyValueSpecification\",\"valueRequired\":true,\"valueName\":\"search_term_string\"}}],\"inLanguage\":\"en-US\"},{\"@type\":\"Organization\",\"@id\":\"https:\/\/www.workshop.ee\/en\/#organization\",\"name\":\"WorkShop\",\"url\":\"https:\/\/www.workshop.ee\/en\/\",\"logo\":{\"@type\":\"ImageObject\",\"inLanguage\":\"en-US\",\"@id\":\"https:\/\/www.workshop.ee\/en\/#\/schema\/logo\/image\/\",\"url\":\"https:\/\/www.workshop.ee\/wp-content\/uploads\/2024\/06\/logo.png\",\"contentUrl\":\"https:\/\/www.workshop.ee\/wp-content\/uploads\/2024\/06\/logo.png\",\"width\":170,\"height\":57,\"caption\":\"WorkShop\"},\"image\":{\"@id\":\"https:\/\/www.workshop.ee\/en\/#\/schema\/logo\/image\/\"}}]}<\/script>\n<!-- \/ Yoast SEO plugin. -->","yoast_head_json":{"title":"Hortensia v\u00e4etis pH-1L - WorkShop","robots":{"index":"index","follow":"follow","max-snippet":"max-snippet:-1","max-image-preview":"max-image-preview:large","max-video-preview":"max-video-preview:-1"},"canonical":"https:\/\/www.workshop.ee\/en\/toode\/hortensia-vaetis-ph-1l\/","og_locale":"en_US","og_type":"article","og_title":"Hortensia v\u00e4etis pH-1L - WorkShop","og_description":"Hortensia v\u00e4etis on h\u00fcgieene loodus toode seda on lihtne kasutada. Spetsiaalse koostisega v\u00e4etis, mis s\u00e4ilitab hortensiatele vajaliku optimaalse mullahappesuse. Sobib k\u00f5ikide hortensialiikide v\u00e4etamiseks, tagab \u00f5ite v\u00e4rvikirkuse ja s\u00fcgavrohelised lehed.","og_url":"https:\/\/www.workshop.ee\/en\/toode\/hortensia-vaetis-ph-1l\/","og_site_name":"WorkShop","article_modified_time":"2025-11-16T11:23:15+00:00","og_image":[{"width":537,"height":800,"url":"https:\/\/www.workshop.ee\/wp-content\/uploads\/2024\/07\/Hortensia-537x800.jpg","type":"image\/jpeg"}],"twitter_card":"summary_large_image","twitter_misc":{"Est. reading time":"1 minute"},"schema":{"@context":"https:\/\/schema.org","@graph":[{"@type":"WebPage","@id":"https:\/\/www.workshop.ee\/en\/toode\/hortensia-vaetis-ph-1l\/","url":"https:\/\/www.workshop.ee\/en\/toode\/hortensia-vaetis-ph-1l\/","name":"Hortensia v\u00e4etis pH-1L - WorkShop","isPartOf":{"@id":"https:\/\/www.workshop.ee\/en\/#website"},"primaryImageOfPage":{"@id":"https:\/\/www.workshop.ee\/en\/toode\/hortensia-vaetis-ph-1l\/#primaryimage"},"image":{"@id":"https:\/\/www.workshop.ee\/toode\/hortensia-vaetis-ph-1l\/#primaryimage"},"thumbnailUrl":"https:\/\/www.workshop.ee\/wp-content\/uploads\/2024\/07\/Hortensia.jpg","datePublished":"2024-07-07T13:57:08+00:00","dateModified":"2025-11-16T11:23:15+00:00","breadcrumb":{"@id":"https:\/\/www.workshop.ee\/en\/toode\/hortensia-vaetis-ph-1l\/#breadcrumb"},"inLanguage":"en-US","potentialAction":[{"@type":"ReadAction","target":[["https:\/\/www.workshop.ee\/en\/toode\/hortensia-vaetis-ph-1l\/"]]}]},{"@type":"ImageObject","inLanguage":"en-US","@id":"https:\/\/www.workshop.ee\/en\/toode\/hortensia-vaetis-ph-1l\/#primaryimage","url":"https:\/\/www.workshop.ee\/wp-content\/uploads\/2024\/07\/Hortensia.jpg","contentUrl":"https:\/\/www.workshop.ee\/wp-content\/uploads\/2024\/07\/Hortensia.jpg","width":793,"height":1181},{"@type":"BreadcrumbList","@id":"https:\/\/www.workshop.ee\/en\/toode\/hortensia-vaetis-ph-1l\/#breadcrumb","itemListElement":[{"@type":"ListItem","position":1,"name":"Home","item":"https:\/\/www.workshop.ee\/en\/"},{"@type":"ListItem","position":2,"name":"E-pood","item":"https:\/\/www.workshop.ee\/en\/e-pood\/"},{"@type":"ListItem","position":3,"name":"Hortensia v\u00e4etis pH-1L"}]},{"@type":"WebSite","@id":"https:\/\/www.workshop.ee\/en\/#website","url":"https:\/\/www.workshop.ee\/en\/","name":"WorkShop","description":"","publisher":{"@id":"https:\/\/www.workshop.ee\/en\/#organization"},"potentialAction":[{"@type":"SearchAction","target":{"@type":"EntryPoint","urlTemplate":"https:\/\/www.workshop.ee\/en\/?s={search_term_string}"},"query-input":{"@type":"PropertyValueSpecification","valueRequired":true,"valueName":"search_term_string"}}],"inLanguage":"en-US"},{"@type":"Organization","@id":"https:\/\/www.workshop.ee\/en\/#organization","name":"WorkShop","url":"https:\/\/www.workshop.ee\/en\/","logo":{"@type":"ImageObject","inLanguage":"en-US","@id":"https:\/\/www.workshop.ee\/en\/#\/schema\/logo\/image\/","url":"https:\/\/www.workshop.ee\/wp-content\/uploads\/2024\/06\/logo.png","contentUrl":"https:\/\/www.workshop.ee\/wp-content\/uploads\/2024\/06\/logo.png","width":170,"height":57,"caption":"WorkShop"},"image":{"@id":"https:\/\/www.workshop.ee\/en\/#\/schema\/logo\/image\/"}}]}},"_links":{"self":[{"href":"https:\/\/www.workshop.ee\/en\/wp-json\/wp\/v2\/product\/10632","targetHints":{"allow":["GET"]}}],"collection":[{"href":"https:\/\/www.workshop.ee\/en\/wp-json\/wp\/v2\/product"}],"about":[{"href":"https:\/\/www.workshop.ee\/en\/wp-json\/wp\/v2\/types\/product"}],"wp:featuredmedia":[{"embeddable":true,"href":"https:\/\/www.workshop.ee\/en\/wp-json\/wp\/v2\/media\/10371"}],"wp:attachment":[{"href":"https:\/\/www.workshop.ee\/en\/wp-json\/wp\/v2\/media?parent=10632"}],"wp:term":[{"taxonomy":"product_brand","embeddable":true,"href":"https:\/\/www.workshop.ee\/en\/wp-json\/wp\/v2\/product_brand?post=10632"},{"taxonomy":"product_cat","embeddable":true,"href":"https:\/\/www.workshop.ee\/en\/wp-json\/wp\/v2\/product_cat?post=10632"},{"taxonomy":"product_tag","embeddable":true,"href":"https:\/\/www.workshop.ee\/en\/wp-json\/wp\/v2\/product_tag?post=10632"}],"curies":[{"name":"wp","href":"https:\/\/api.w.org\/{rel}","templated":true}]}}