{"id":10652,"date":"2024-07-07T16:57:11","date_gmt":"2024-07-07T13:57:11","guid":{"rendered":"https:\/\/uuswp.workshop.ee\/toode\/looduslik-mullaparandaja-1l\/"},"modified":"2025-02-25T15:41:35","modified_gmt":"2025-02-25T13:41:35","slug":"looduslik-mullaparandaja-1l","status":"publish","type":"product","link":"https:\/\/www.workshop.ee\/en\/toode\/looduslik-mullaparandaja-1l\/","title":{"rendered":"Looduslik mullaparandaja-1L"},"content":{"rendered":"<p>Lehtpuu tuha n\u00e4ol on tegu soodsa orgaanilise mullaparandajaga\/neutraliseerija, mida saab kerge vaevaga aias kasutada. Tuhal on v\u00f5ime mulda parandada ja muuta selle struktuuri. T\u00e4nu k\u00f5rgele leelisusele neutraliseerib tuhk mulla liigset happesust. Mullareaktsioon on \u00fcks t\u00e4htsamaid maa viljelusv\u00e4\u00e4rtuse n\u00e4itajaid. Sellest s\u00f5ltub taimetoitainete k\u00e4ttesaadavus, kultuuride saagikus, saagi kvaliteet ja palju muudki. Happelistel muldadel kannatavad taimed kaltsiumi- ja magneesiumipuuduse all.<\/p>\n","protected":false},"excerpt":{"rendered":"<p>Lehtpuu tuha n\u00e4ol on tegu soodsa orgaanilise mullaparandajaga\/neutraliseerija, mida saab kerge vaevaga aias kasutada. T\u00e4nu k\u00f5rgele leelisusele neutraliseerib tuhk mulla liigset happesust.<\/p>\n","protected":false},"featured_media":10424,"template":"","meta":[],"product_brand":[],"product_cat":[81,82,75,70],"product_tag":[],"class_list":{"0":"post-10652","1":"product","2":"type-product","3":"status-publish","4":"has-post-thumbnail","6":"product_cat-iluaeda-loodusvaetised-2","7":"product_cat-bio-mahe-vaetis-2","8":"product_cat-tarbeaeda-loodusvaetised","9":"product_cat-loodusvaetised","11":"first","12":"instock","13":"shipping-taxable","14":"purchasable","15":"product-type-simple"},"yoast_head":"<!-- This site is optimized with the Yoast SEO plugin v26.8 - https:\/\/yoast.com\/product\/yoast-seo-wordpress\/ -->\n<title>Looduslik mullaparandaja-1L - WorkShop<\/title>\n<meta name=\"robots\" content=\"index, follow, max-snippet:-1, max-image-preview:large, max-video-preview:-1\" \/>\n<link rel=\"canonical\" href=\"https:\/\/www.workshop.ee\/en\/toode\/looduslik-mullaparandaja-1l\/\" \/>\n<meta property=\"og:locale\" content=\"en_US\" \/>\n<meta property=\"og:type\" content=\"article\" \/>\n<meta property=\"og:title\" content=\"Looduslik mullaparandaja-1L - WorkShop\" \/>\n<meta property=\"og:description\" content=\"Lehtpuu tuha n\u00e4ol on tegu soodsa orgaanilise mullaparandajaga\/neutraliseerija, mida saab kerge vaevaga aias kasutada. T\u00e4nu k\u00f5rgele leelisusele neutraliseerib tuhk mulla liigset happesust.\" \/>\n<meta property=\"og:url\" content=\"https:\/\/www.workshop.ee\/en\/toode\/looduslik-mullaparandaja-1l\/\" \/>\n<meta property=\"og:site_name\" content=\"WorkShop\" \/>\n<meta property=\"article:modified_time\" content=\"2025-02-25T13:41:35+00:00\" \/>\n<meta property=\"og:image\" content=\"https:\/\/www.workshop.ee\/wp-content\/uploads\/2024\/07\/Looduslik_mullaparandaja_tuhk-538x800.jpg\" \/>\n\t<meta property=\"og:image:width\" content=\"538\" \/>\n\t<meta property=\"og:image:height\" content=\"800\" \/>\n\t<meta property=\"og:image:type\" content=\"image\/jpeg\" \/>\n<meta name=\"twitter:card\" content=\"summary_large_image\" \/>\n<meta name=\"twitter:label1\" content=\"Est. reading time\" \/>\n\t<meta name=\"twitter:data1\" content=\"1 minute\" \/>\n<script type=\"application\/ld+json\" class=\"yoast-schema-graph\">{\"@context\":\"https:\/\/schema.org\",\"@graph\":[{\"@type\":\"WebPage\",\"@id\":\"https:\/\/www.workshop.ee\/en\/toode\/looduslik-mullaparandaja-1l\/\",\"url\":\"https:\/\/www.workshop.ee\/en\/toode\/looduslik-mullaparandaja-1l\/\",\"name\":\"Looduslik mullaparandaja-1L - WorkShop\",\"isPartOf\":{\"@id\":\"https:\/\/www.workshop.ee\/en\/#website\"},\"primaryImageOfPage\":{\"@id\":\"https:\/\/www.workshop.ee\/en\/toode\/looduslik-mullaparandaja-1l\/#primaryimage\"},\"image\":{\"@id\":\"https:\/\/www.workshop.ee\/toode\/looduslik-mullaparandaja-1l\/#primaryimage\"},\"thumbnailUrl\":\"https:\/\/www.workshop.ee\/wp-content\/uploads\/2024\/07\/Looduslik_mullaparandaja_tuhk.jpg\",\"datePublished\":\"2024-07-07T13:57:11+00:00\",\"dateModified\":\"2025-02-25T13:41:35+00:00\",\"breadcrumb\":{\"@id\":\"https:\/\/www.workshop.ee\/en\/toode\/looduslik-mullaparandaja-1l\/#breadcrumb\"},\"inLanguage\":\"en-US\",\"potentialAction\":[{\"@type\":\"ReadAction\",\"target\":[[\"https:\/\/www.workshop.ee\/en\/toode\/looduslik-mullaparandaja-1l\/\"]]}]},{\"@type\":\"ImageObject\",\"inLanguage\":\"en-US\",\"@id\":\"https:\/\/www.workshop.ee\/en\/toode\/looduslik-mullaparandaja-1l\/#primaryimage\",\"url\":\"https:\/\/www.workshop.ee\/wp-content\/uploads\/2024\/07\/Looduslik_mullaparandaja_tuhk.jpg\",\"contentUrl\":\"https:\/\/www.workshop.ee\/wp-content\/uploads\/2024\/07\/Looduslik_mullaparandaja_tuhk.jpg\",\"width\":1191,\"height\":1772},{\"@type\":\"BreadcrumbList\",\"@id\":\"https:\/\/www.workshop.ee\/en\/toode\/looduslik-mullaparandaja-1l\/#breadcrumb\",\"itemListElement\":[{\"@type\":\"ListItem\",\"position\":1,\"name\":\"Home\",\"item\":\"https:\/\/www.workshop.ee\/en\/\"},{\"@type\":\"ListItem\",\"position\":2,\"name\":\"E-pood\",\"item\":\"https:\/\/www.workshop.ee\/en\/e-pood\/\"},{\"@type\":\"ListItem\",\"position\":3,\"name\":\"Looduslik mullaparandaja-1L\"}]},{\"@type\":\"WebSite\",\"@id\":\"https:\/\/www.workshop.ee\/en\/#website\",\"url\":\"https:\/\/www.workshop.ee\/en\/\",\"name\":\"WorkShop\",\"description\":\"\",\"publisher\":{\"@id\":\"https:\/\/www.workshop.ee\/en\/#organization\"},\"potentialAction\":[{\"@type\":\"SearchAction\",\"target\":{\"@type\":\"EntryPoint\",\"urlTemplate\":\"https:\/\/www.workshop.ee\/en\/?s={search_term_string}\"},\"query-input\":{\"@type\":\"PropertyValueSpecification\",\"valueRequired\":true,\"valueName\":\"search_term_string\"}}],\"inLanguage\":\"en-US\"},{\"@type\":\"Organization\",\"@id\":\"https:\/\/www.workshop.ee\/en\/#organization\",\"name\":\"WorkShop\",\"url\":\"https:\/\/www.workshop.ee\/en\/\",\"logo\":{\"@type\":\"ImageObject\",\"inLanguage\":\"en-US\",\"@id\":\"https:\/\/www.workshop.ee\/en\/#\/schema\/logo\/image\/\",\"url\":\"https:\/\/www.workshop.ee\/wp-content\/uploads\/2024\/06\/logo.png\",\"contentUrl\":\"https:\/\/www.workshop.ee\/wp-content\/uploads\/2024\/06\/logo.png\",\"width\":170,\"height\":57,\"caption\":\"WorkShop\"},\"image\":{\"@id\":\"https:\/\/www.workshop.ee\/en\/#\/schema\/logo\/image\/\"}}]}<\/script>\n<!-- \/ Yoast SEO plugin. -->","yoast_head_json":{"title":"Looduslik mullaparandaja-1L - WorkShop","robots":{"index":"index","follow":"follow","max-snippet":"max-snippet:-1","max-image-preview":"max-image-preview:large","max-video-preview":"max-video-preview:-1"},"canonical":"https:\/\/www.workshop.ee\/en\/toode\/looduslik-mullaparandaja-1l\/","og_locale":"en_US","og_type":"article","og_title":"Looduslik mullaparandaja-1L - WorkShop","og_description":"Lehtpuu tuha n\u00e4ol on tegu soodsa orgaanilise mullaparandajaga\/neutraliseerija, mida saab kerge vaevaga aias kasutada. T\u00e4nu k\u00f5rgele leelisusele neutraliseerib tuhk mulla liigset happesust.","og_url":"https:\/\/www.workshop.ee\/en\/toode\/looduslik-mullaparandaja-1l\/","og_site_name":"WorkShop","article_modified_time":"2025-02-25T13:41:35+00:00","og_image":[{"width":538,"height":800,"url":"https:\/\/www.workshop.ee\/wp-content\/uploads\/2024\/07\/Looduslik_mullaparandaja_tuhk-538x800.jpg","type":"image\/jpeg"}],"twitter_card":"summary_large_image","twitter_misc":{"Est. reading time":"1 minute"},"schema":{"@context":"https:\/\/schema.org","@graph":[{"@type":"WebPage","@id":"https:\/\/www.workshop.ee\/en\/toode\/looduslik-mullaparandaja-1l\/","url":"https:\/\/www.workshop.ee\/en\/toode\/looduslik-mullaparandaja-1l\/","name":"Looduslik mullaparandaja-1L - WorkShop","isPartOf":{"@id":"https:\/\/www.workshop.ee\/en\/#website"},"primaryImageOfPage":{"@id":"https:\/\/www.workshop.ee\/en\/toode\/looduslik-mullaparandaja-1l\/#primaryimage"},"image":{"@id":"https:\/\/www.workshop.ee\/toode\/looduslik-mullaparandaja-1l\/#primaryimage"},"thumbnailUrl":"https:\/\/www.workshop.ee\/wp-content\/uploads\/2024\/07\/Looduslik_mullaparandaja_tuhk.jpg","datePublished":"2024-07-07T13:57:11+00:00","dateModified":"2025-02-25T13:41:35+00:00","breadcrumb":{"@id":"https:\/\/www.workshop.ee\/en\/toode\/looduslik-mullaparandaja-1l\/#breadcrumb"},"inLanguage":"en-US","potentialAction":[{"@type":"ReadAction","target":[["https:\/\/www.workshop.ee\/en\/toode\/looduslik-mullaparandaja-1l\/"]]}]},{"@type":"ImageObject","inLanguage":"en-US","@id":"https:\/\/www.workshop.ee\/en\/toode\/looduslik-mullaparandaja-1l\/#primaryimage","url":"https:\/\/www.workshop.ee\/wp-content\/uploads\/2024\/07\/Looduslik_mullaparandaja_tuhk.jpg","contentUrl":"https:\/\/www.workshop.ee\/wp-content\/uploads\/2024\/07\/Looduslik_mullaparandaja_tuhk.jpg","width":1191,"height":1772},{"@type":"BreadcrumbList","@id":"https:\/\/www.workshop.ee\/en\/toode\/looduslik-mullaparandaja-1l\/#breadcrumb","itemListElement":[{"@type":"ListItem","position":1,"name":"Home","item":"https:\/\/www.workshop.ee\/en\/"},{"@type":"ListItem","position":2,"name":"E-pood","item":"https:\/\/www.workshop.ee\/en\/e-pood\/"},{"@type":"ListItem","position":3,"name":"Looduslik mullaparandaja-1L"}]},{"@type":"WebSite","@id":"https:\/\/www.workshop.ee\/en\/#website","url":"https:\/\/www.workshop.ee\/en\/","name":"WorkShop","description":"","publisher":{"@id":"https:\/\/www.workshop.ee\/en\/#organization"},"potentialAction":[{"@type":"SearchAction","target":{"@type":"EntryPoint","urlTemplate":"https:\/\/www.workshop.ee\/en\/?s={search_term_string}"},"query-input":{"@type":"PropertyValueSpecification","valueRequired":true,"valueName":"search_term_string"}}],"inLanguage":"en-US"},{"@type":"Organization","@id":"https:\/\/www.workshop.ee\/en\/#organization","name":"WorkShop","url":"https:\/\/www.workshop.ee\/en\/","logo":{"@type":"ImageObject","inLanguage":"en-US","@id":"https:\/\/www.workshop.ee\/en\/#\/schema\/logo\/image\/","url":"https:\/\/www.workshop.ee\/wp-content\/uploads\/2024\/06\/logo.png","contentUrl":"https:\/\/www.workshop.ee\/wp-content\/uploads\/2024\/06\/logo.png","width":170,"height":57,"caption":"WorkShop"},"image":{"@id":"https:\/\/www.workshop.ee\/en\/#\/schema\/logo\/image\/"}}]}},"_links":{"self":[{"href":"https:\/\/www.workshop.ee\/en\/wp-json\/wp\/v2\/product\/10652","targetHints":{"allow":["GET"]}}],"collection":[{"href":"https:\/\/www.workshop.ee\/en\/wp-json\/wp\/v2\/product"}],"about":[{"href":"https:\/\/www.workshop.ee\/en\/wp-json\/wp\/v2\/types\/product"}],"wp:featuredmedia":[{"embeddable":true,"href":"https:\/\/www.workshop.ee\/en\/wp-json\/wp\/v2\/media\/10424"}],"wp:attachment":[{"href":"https:\/\/www.workshop.ee\/en\/wp-json\/wp\/v2\/media?parent=10652"}],"wp:term":[{"taxonomy":"product_brand","embeddable":true,"href":"https:\/\/www.workshop.ee\/en\/wp-json\/wp\/v2\/product_brand?post=10652"},{"taxonomy":"product_cat","embeddable":true,"href":"https:\/\/www.workshop.ee\/en\/wp-json\/wp\/v2\/product_cat?post=10652"},{"taxonomy":"product_tag","embeddable":true,"href":"https:\/\/www.workshop.ee\/en\/wp-json\/wp\/v2\/product_tag?post=10652"}],"curies":[{"name":"wp","href":"https:\/\/api.w.org\/{rel}","templated":true}]}}