{"id":10654,"date":"2024-07-07T16:57:11","date_gmt":"2024-07-07T13:57:11","guid":{"rendered":"https:\/\/uuswp.workshop.ee\/toode\/samblaeemaldaja-ja-muruvaetise-konsentraat-1l\/"},"modified":"2025-11-16T11:44:44","modified_gmt":"2025-11-16T09:44:44","slug":"samblaeemaldaja-ja-muruvaetise-konsentraat-1l","status":"publish","type":"product","link":"https:\/\/www.workshop.ee\/en\/toode\/samblaeemaldaja-ja-muruvaetise-konsentraat-1l\/","title":{"rendered":"Samblaeemaldaja ja muruv\u00e4etise konsentraat-1L"},"content":{"rendered":"<p>100% orgaaniline kiire toimega samblaeemaldaja ja muruv\u00e4etis. Pritsige sammaldunud murule samblaeemaldaja lahust ja 24 tunni jooksul muutub sammal pruuniks. Eemaldage surnud sammal murust ja j\u00e4tkake terve hooaeg tavap\u00e4rast muru \u00f5hutamist(augustage mulla kamarat), v\u00e4etamist ja niitmist (4 cm niitek\u00f5rgusega). Pinnase alalise liigniiskuse korral peab parandama drenaa\u017ei Vastavalt vajadusele korrake toimingut.<br \/>\n<\/p>","protected":false},"excerpt":{"rendered":"<p>100% orgaaniline kiire toimega samblaeemaldaja ja muruv\u00e4etis. Vastavalt vajadusele korrake toimingut,lahus teha 1L:9L vett<\/p>\n","protected":false},"featured_media":10481,"template":"","meta":[],"product_brand":[],"product_cat":[81],"product_tag":[],"class_list":{"0":"post-10654","1":"product","2":"type-product","3":"status-publish","4":"has-post-thumbnail","6":"product_cat-iluaeda-loodusvaetised-2","8":"first","9":"instock","10":"shipping-taxable","11":"purchasable","12":"product-type-simple"},"yoast_head":"<!-- This site is optimized with the Yoast SEO plugin v26.8 - https:\/\/yoast.com\/product\/yoast-seo-wordpress\/ -->\n<title>Samblaeemaldaja ja muruv\u00e4etise konsentraat-1L - WorkShop<\/title>\n<meta name=\"robots\" content=\"index, follow, max-snippet:-1, max-image-preview:large, max-video-preview:-1\" \/>\n<link rel=\"canonical\" href=\"https:\/\/www.workshop.ee\/en\/toode\/samblaeemaldaja-ja-muruvaetise-konsentraat-1l\/\" \/>\n<meta property=\"og:locale\" content=\"en_US\" \/>\n<meta property=\"og:type\" content=\"article\" \/>\n<meta property=\"og:title\" content=\"Samblaeemaldaja ja muruv\u00e4etise konsentraat-1L - WorkShop\" \/>\n<meta property=\"og:description\" content=\"100% orgaaniline kiire toimega samblaeemaldaja ja muruv\u00e4etis. Vastavalt vajadusele korrake toimingut,lahus teha 1L:9L vett\" \/>\n<meta property=\"og:url\" content=\"https:\/\/www.workshop.ee\/en\/toode\/samblaeemaldaja-ja-muruvaetise-konsentraat-1l\/\" \/>\n<meta property=\"og:site_name\" content=\"WorkShop\" \/>\n<meta property=\"article:modified_time\" content=\"2025-11-16T09:44:44+00:00\" \/>\n<meta property=\"og:image\" content=\"https:\/\/www.workshop.ee\/wp-content\/uploads\/2024\/07\/Sammal_vaetis_konts.jpg\" \/>\n\t<meta property=\"og:image:width\" content=\"266\" \/>\n\t<meta property=\"og:image:height\" content=\"448\" \/>\n\t<meta property=\"og:image:type\" content=\"image\/jpeg\" \/>\n<meta name=\"twitter:card\" content=\"summary_large_image\" \/>\n<meta name=\"twitter:label1\" content=\"Est. reading time\" \/>\n\t<meta name=\"twitter:data1\" content=\"1 minute\" \/>\n<script type=\"application\/ld+json\" class=\"yoast-schema-graph\">{\"@context\":\"https:\/\/schema.org\",\"@graph\":[{\"@type\":\"WebPage\",\"@id\":\"https:\/\/www.workshop.ee\/en\/toode\/samblaeemaldaja-ja-muruvaetise-konsentraat-1l\/\",\"url\":\"https:\/\/www.workshop.ee\/en\/toode\/samblaeemaldaja-ja-muruvaetise-konsentraat-1l\/\",\"name\":\"Samblaeemaldaja ja muruv\u00e4etise konsentraat-1L - WorkShop\",\"isPartOf\":{\"@id\":\"https:\/\/www.workshop.ee\/en\/#website\"},\"primaryImageOfPage\":{\"@id\":\"https:\/\/www.workshop.ee\/en\/toode\/samblaeemaldaja-ja-muruvaetise-konsentraat-1l\/#primaryimage\"},\"image\":{\"@id\":\"https:\/\/www.workshop.ee\/toode\/samblaeemaldaja-ja-muruvaetise-konsentraat-1l\/#primaryimage\"},\"thumbnailUrl\":\"https:\/\/www.workshop.ee\/wp-content\/uploads\/2024\/07\/Sammal_vaetis_konts.jpg\",\"datePublished\":\"2024-07-07T13:57:11+00:00\",\"dateModified\":\"2025-11-16T09:44:44+00:00\",\"breadcrumb\":{\"@id\":\"https:\/\/www.workshop.ee\/en\/toode\/samblaeemaldaja-ja-muruvaetise-konsentraat-1l\/#breadcrumb\"},\"inLanguage\":\"en-US\",\"potentialAction\":[{\"@type\":\"ReadAction\",\"target\":[[\"https:\/\/www.workshop.ee\/en\/toode\/samblaeemaldaja-ja-muruvaetise-konsentraat-1l\/\"]]}]},{\"@type\":\"ImageObject\",\"inLanguage\":\"en-US\",\"@id\":\"https:\/\/www.workshop.ee\/en\/toode\/samblaeemaldaja-ja-muruvaetise-konsentraat-1l\/#primaryimage\",\"url\":\"https:\/\/www.workshop.ee\/wp-content\/uploads\/2024\/07\/Sammal_vaetis_konts.jpg\",\"contentUrl\":\"https:\/\/www.workshop.ee\/wp-content\/uploads\/2024\/07\/Sammal_vaetis_konts.jpg\",\"width\":266,\"height\":448},{\"@type\":\"BreadcrumbList\",\"@id\":\"https:\/\/www.workshop.ee\/en\/toode\/samblaeemaldaja-ja-muruvaetise-konsentraat-1l\/#breadcrumb\",\"itemListElement\":[{\"@type\":\"ListItem\",\"position\":1,\"name\":\"Home\",\"item\":\"https:\/\/www.workshop.ee\/en\/\"},{\"@type\":\"ListItem\",\"position\":2,\"name\":\"E-pood\",\"item\":\"https:\/\/www.workshop.ee\/en\/e-pood\/\"},{\"@type\":\"ListItem\",\"position\":3,\"name\":\"Samblaeemaldaja ja muruv\u00e4etise konsentraat-1L\"}]},{\"@type\":\"WebSite\",\"@id\":\"https:\/\/www.workshop.ee\/en\/#website\",\"url\":\"https:\/\/www.workshop.ee\/en\/\",\"name\":\"WorkShop\",\"description\":\"\",\"publisher\":{\"@id\":\"https:\/\/www.workshop.ee\/en\/#organization\"},\"potentialAction\":[{\"@type\":\"SearchAction\",\"target\":{\"@type\":\"EntryPoint\",\"urlTemplate\":\"https:\/\/www.workshop.ee\/en\/?s={search_term_string}\"},\"query-input\":{\"@type\":\"PropertyValueSpecification\",\"valueRequired\":true,\"valueName\":\"search_term_string\"}}],\"inLanguage\":\"en-US\"},{\"@type\":\"Organization\",\"@id\":\"https:\/\/www.workshop.ee\/en\/#organization\",\"name\":\"WorkShop\",\"url\":\"https:\/\/www.workshop.ee\/en\/\",\"logo\":{\"@type\":\"ImageObject\",\"inLanguage\":\"en-US\",\"@id\":\"https:\/\/www.workshop.ee\/en\/#\/schema\/logo\/image\/\",\"url\":\"https:\/\/www.workshop.ee\/wp-content\/uploads\/2024\/06\/logo.png\",\"contentUrl\":\"https:\/\/www.workshop.ee\/wp-content\/uploads\/2024\/06\/logo.png\",\"width\":170,\"height\":57,\"caption\":\"WorkShop\"},\"image\":{\"@id\":\"https:\/\/www.workshop.ee\/en\/#\/schema\/logo\/image\/\"}}]}<\/script>\n<!-- \/ Yoast SEO plugin. -->","yoast_head_json":{"title":"Samblaeemaldaja ja muruv\u00e4etise konsentraat-1L - WorkShop","robots":{"index":"index","follow":"follow","max-snippet":"max-snippet:-1","max-image-preview":"max-image-preview:large","max-video-preview":"max-video-preview:-1"},"canonical":"https:\/\/www.workshop.ee\/en\/toode\/samblaeemaldaja-ja-muruvaetise-konsentraat-1l\/","og_locale":"en_US","og_type":"article","og_title":"Samblaeemaldaja ja muruv\u00e4etise konsentraat-1L - WorkShop","og_description":"100% orgaaniline kiire toimega samblaeemaldaja ja muruv\u00e4etis. Vastavalt vajadusele korrake toimingut,lahus teha 1L:9L vett","og_url":"https:\/\/www.workshop.ee\/en\/toode\/samblaeemaldaja-ja-muruvaetise-konsentraat-1l\/","og_site_name":"WorkShop","article_modified_time":"2025-11-16T09:44:44+00:00","og_image":[{"width":266,"height":448,"url":"https:\/\/www.workshop.ee\/wp-content\/uploads\/2024\/07\/Sammal_vaetis_konts.jpg","type":"image\/jpeg"}],"twitter_card":"summary_large_image","twitter_misc":{"Est. reading time":"1 minute"},"schema":{"@context":"https:\/\/schema.org","@graph":[{"@type":"WebPage","@id":"https:\/\/www.workshop.ee\/en\/toode\/samblaeemaldaja-ja-muruvaetise-konsentraat-1l\/","url":"https:\/\/www.workshop.ee\/en\/toode\/samblaeemaldaja-ja-muruvaetise-konsentraat-1l\/","name":"Samblaeemaldaja ja muruv\u00e4etise konsentraat-1L - WorkShop","isPartOf":{"@id":"https:\/\/www.workshop.ee\/en\/#website"},"primaryImageOfPage":{"@id":"https:\/\/www.workshop.ee\/en\/toode\/samblaeemaldaja-ja-muruvaetise-konsentraat-1l\/#primaryimage"},"image":{"@id":"https:\/\/www.workshop.ee\/toode\/samblaeemaldaja-ja-muruvaetise-konsentraat-1l\/#primaryimage"},"thumbnailUrl":"https:\/\/www.workshop.ee\/wp-content\/uploads\/2024\/07\/Sammal_vaetis_konts.jpg","datePublished":"2024-07-07T13:57:11+00:00","dateModified":"2025-11-16T09:44:44+00:00","breadcrumb":{"@id":"https:\/\/www.workshop.ee\/en\/toode\/samblaeemaldaja-ja-muruvaetise-konsentraat-1l\/#breadcrumb"},"inLanguage":"en-US","potentialAction":[{"@type":"ReadAction","target":[["https:\/\/www.workshop.ee\/en\/toode\/samblaeemaldaja-ja-muruvaetise-konsentraat-1l\/"]]}]},{"@type":"ImageObject","inLanguage":"en-US","@id":"https:\/\/www.workshop.ee\/en\/toode\/samblaeemaldaja-ja-muruvaetise-konsentraat-1l\/#primaryimage","url":"https:\/\/www.workshop.ee\/wp-content\/uploads\/2024\/07\/Sammal_vaetis_konts.jpg","contentUrl":"https:\/\/www.workshop.ee\/wp-content\/uploads\/2024\/07\/Sammal_vaetis_konts.jpg","width":266,"height":448},{"@type":"BreadcrumbList","@id":"https:\/\/www.workshop.ee\/en\/toode\/samblaeemaldaja-ja-muruvaetise-konsentraat-1l\/#breadcrumb","itemListElement":[{"@type":"ListItem","position":1,"name":"Home","item":"https:\/\/www.workshop.ee\/en\/"},{"@type":"ListItem","position":2,"name":"E-pood","item":"https:\/\/www.workshop.ee\/en\/e-pood\/"},{"@type":"ListItem","position":3,"name":"Samblaeemaldaja ja muruv\u00e4etise konsentraat-1L"}]},{"@type":"WebSite","@id":"https:\/\/www.workshop.ee\/en\/#website","url":"https:\/\/www.workshop.ee\/en\/","name":"WorkShop","description":"","publisher":{"@id":"https:\/\/www.workshop.ee\/en\/#organization"},"potentialAction":[{"@type":"SearchAction","target":{"@type":"EntryPoint","urlTemplate":"https:\/\/www.workshop.ee\/en\/?s={search_term_string}"},"query-input":{"@type":"PropertyValueSpecification","valueRequired":true,"valueName":"search_term_string"}}],"inLanguage":"en-US"},{"@type":"Organization","@id":"https:\/\/www.workshop.ee\/en\/#organization","name":"WorkShop","url":"https:\/\/www.workshop.ee\/en\/","logo":{"@type":"ImageObject","inLanguage":"en-US","@id":"https:\/\/www.workshop.ee\/en\/#\/schema\/logo\/image\/","url":"https:\/\/www.workshop.ee\/wp-content\/uploads\/2024\/06\/logo.png","contentUrl":"https:\/\/www.workshop.ee\/wp-content\/uploads\/2024\/06\/logo.png","width":170,"height":57,"caption":"WorkShop"},"image":{"@id":"https:\/\/www.workshop.ee\/en\/#\/schema\/logo\/image\/"}}]}},"_links":{"self":[{"href":"https:\/\/www.workshop.ee\/en\/wp-json\/wp\/v2\/product\/10654","targetHints":{"allow":["GET"]}}],"collection":[{"href":"https:\/\/www.workshop.ee\/en\/wp-json\/wp\/v2\/product"}],"about":[{"href":"https:\/\/www.workshop.ee\/en\/wp-json\/wp\/v2\/types\/product"}],"wp:featuredmedia":[{"embeddable":true,"href":"https:\/\/www.workshop.ee\/en\/wp-json\/wp\/v2\/media\/10481"}],"wp:attachment":[{"href":"https:\/\/www.workshop.ee\/en\/wp-json\/wp\/v2\/media?parent=10654"}],"wp:term":[{"taxonomy":"product_brand","embeddable":true,"href":"https:\/\/www.workshop.ee\/en\/wp-json\/wp\/v2\/product_brand?post=10654"},{"taxonomy":"product_cat","embeddable":true,"href":"https:\/\/www.workshop.ee\/en\/wp-json\/wp\/v2\/product_cat?post=10654"},{"taxonomy":"product_tag","embeddable":true,"href":"https:\/\/www.workshop.ee\/en\/wp-json\/wp\/v2\/product_tag?post=10654"}],"curies":[{"name":"wp","href":"https:\/\/api.w.org\/{rel}","templated":true}]}}