{"id":10673,"date":"2024-07-07T16:57:21","date_gmt":"2024-07-07T13:57:21","guid":{"rendered":"https:\/\/uuswp.workshop.ee\/toode\/bio-kevadvaetis-1l\/"},"modified":"2025-11-16T11:13:00","modified_gmt":"2025-11-16T09:13:00","slug":"bio-kevadvaetis-1l","status":"publish","type":"product","link":"https:\/\/www.workshop.ee\/en\/toode\/bio-kevadvaetis-1l\/","title":{"rendered":"Bio-kevadv\u00e4etis-1L"},"content":{"rendered":"<p>Bio v\u00e4etis 5-1-1 on kevadv\u00e4etis, h\u00fcgieenne loodustoode mahep\u00f5llumajanduslikuks tootmiseks. Sisaldab ainult toorainet, mis on lubatud E\u00dc m\u00e4\u00e4rusega mahep\u00f5llumajanduses. Kevadv\u00e4etises sisalduvaid toitaineid on taimedel lihtne omastada. Nii muru, puude, p\u00f5\u00f5saste, p\u00fcsikute kui k\u00f6\u00f6givilja kasv saab selle v\u00e4etise abil kiiresti hoo sisse. Seda on lihtne kasutada. Bio v\u00e4etis 5-1-1 on ohutu loomadele ja inimestele. Bio v\u00e4etis 5-1-1 sisaldab taimse ja loomse p\u00e4ritoluga orgaanilist ainet. Orgaanilises v\u00e4etises enamik toiteelemente on taimedele omastatavad kogu kasvuperioodi jooksul. Orgaaniline v\u00e4etis on huumuse tekkeks asendamatu, kuna see on sobivaks elukeskkonnaks mulla mikroorganismidele. Mikroorganismid omakorda vabastavad taimede jaoks k\u00e4ttesaamatut lahustumatut kaaliumi ja fosforit. Orgaanilised v\u00e4etised on taastuva p\u00e4ritoluga, biolagunevad, keskkonnas\u00f5bralikud ja aitavad kaasa toitainete ringlusele. See v\u00e4etis ei kahjusta p\u00f5hjavett, on aeglase toimega ja ei p\u00f5leta taimi ning toimib 3 kuud.<br \/>\n<\/p>","protected":false},"excerpt":{"rendered":"<p>Sisaldab ainult toorainet, mis on lubatud E\u00dc m\u00e4\u00e4rusega mahep\u00f5llumajanduses.<\/p>\n","protected":false},"featured_media":10315,"template":"","meta":[],"product_brand":[],"product_cat":[82],"product_tag":[],"class_list":{"0":"post-10673","1":"product","2":"type-product","3":"status-publish","4":"has-post-thumbnail","6":"product_cat-bio-mahe-vaetis-2","8":"first","9":"instock","10":"shipping-taxable","11":"purchasable","12":"product-type-simple"},"yoast_head":"<!-- This site is optimized with the Yoast SEO plugin v26.8 - https:\/\/yoast.com\/product\/yoast-seo-wordpress\/ -->\n<title>Bio-kevadv\u00e4etis-1L - WorkShop<\/title>\n<meta name=\"robots\" content=\"index, follow, max-snippet:-1, max-image-preview:large, max-video-preview:-1\" \/>\n<link rel=\"canonical\" href=\"https:\/\/www.workshop.ee\/en\/toode\/bio-kevadvaetis-1l\/\" \/>\n<meta property=\"og:locale\" content=\"en_US\" \/>\n<meta property=\"og:type\" content=\"article\" \/>\n<meta property=\"og:title\" content=\"Bio-kevadv\u00e4etis-1L - WorkShop\" \/>\n<meta property=\"og:description\" content=\"Sisaldab ainult toorainet, mis on lubatud E\u00dc m\u00e4\u00e4rusega mahep\u00f5llumajanduses.\" \/>\n<meta property=\"og:url\" content=\"https:\/\/www.workshop.ee\/en\/toode\/bio-kevadvaetis-1l\/\" \/>\n<meta property=\"og:site_name\" content=\"WorkShop\" \/>\n<meta property=\"article:modified_time\" content=\"2025-11-16T09:13:00+00:00\" \/>\n<meta property=\"og:image\" content=\"https:\/\/www.workshop.ee\/wp-content\/uploads\/2024\/07\/BIO_kevadvaetis_JPG.jpg\" \/>\n\t<meta property=\"og:image:width\" content=\"787\" \/>\n\t<meta property=\"og:image:height\" content=\"1181\" \/>\n\t<meta property=\"og:image:type\" content=\"image\/jpeg\" \/>\n<meta name=\"twitter:card\" content=\"summary_large_image\" \/>\n<meta name=\"twitter:label1\" content=\"Est. reading time\" \/>\n\t<meta name=\"twitter:data1\" content=\"1 minute\" \/>\n<script type=\"application\/ld+json\" class=\"yoast-schema-graph\">{\"@context\":\"https:\/\/schema.org\",\"@graph\":[{\"@type\":\"WebPage\",\"@id\":\"https:\/\/www.workshop.ee\/en\/toode\/bio-kevadvaetis-1l\/\",\"url\":\"https:\/\/www.workshop.ee\/en\/toode\/bio-kevadvaetis-1l\/\",\"name\":\"Bio-kevadv\u00e4etis-1L - WorkShop\",\"isPartOf\":{\"@id\":\"https:\/\/www.workshop.ee\/en\/#website\"},\"primaryImageOfPage\":{\"@id\":\"https:\/\/www.workshop.ee\/en\/toode\/bio-kevadvaetis-1l\/#primaryimage\"},\"image\":{\"@id\":\"https:\/\/www.workshop.ee\/toode\/bio-kevadvaetis-1l\/#primaryimage\"},\"thumbnailUrl\":\"https:\/\/www.workshop.ee\/wp-content\/uploads\/2024\/07\/BIO_kevadvaetis_JPG.jpg\",\"datePublished\":\"2024-07-07T13:57:21+00:00\",\"dateModified\":\"2025-11-16T09:13:00+00:00\",\"breadcrumb\":{\"@id\":\"https:\/\/www.workshop.ee\/en\/toode\/bio-kevadvaetis-1l\/#breadcrumb\"},\"inLanguage\":\"en-US\",\"potentialAction\":[{\"@type\":\"ReadAction\",\"target\":[[\"https:\/\/www.workshop.ee\/en\/toode\/bio-kevadvaetis-1l\/\"]]}]},{\"@type\":\"ImageObject\",\"inLanguage\":\"en-US\",\"@id\":\"https:\/\/www.workshop.ee\/en\/toode\/bio-kevadvaetis-1l\/#primaryimage\",\"url\":\"https:\/\/www.workshop.ee\/wp-content\/uploads\/2024\/07\/BIO_kevadvaetis_JPG.jpg\",\"contentUrl\":\"https:\/\/www.workshop.ee\/wp-content\/uploads\/2024\/07\/BIO_kevadvaetis_JPG.jpg\",\"width\":787,\"height\":1181},{\"@type\":\"BreadcrumbList\",\"@id\":\"https:\/\/www.workshop.ee\/en\/toode\/bio-kevadvaetis-1l\/#breadcrumb\",\"itemListElement\":[{\"@type\":\"ListItem\",\"position\":1,\"name\":\"Home\",\"item\":\"https:\/\/www.workshop.ee\/en\/\"},{\"@type\":\"ListItem\",\"position\":2,\"name\":\"E-pood\",\"item\":\"https:\/\/www.workshop.ee\/en\/e-pood\/\"},{\"@type\":\"ListItem\",\"position\":3,\"name\":\"Bio-kevadv\u00e4etis-1L\"}]},{\"@type\":\"WebSite\",\"@id\":\"https:\/\/www.workshop.ee\/en\/#website\",\"url\":\"https:\/\/www.workshop.ee\/en\/\",\"name\":\"WorkShop\",\"description\":\"\",\"publisher\":{\"@id\":\"https:\/\/www.workshop.ee\/en\/#organization\"},\"potentialAction\":[{\"@type\":\"SearchAction\",\"target\":{\"@type\":\"EntryPoint\",\"urlTemplate\":\"https:\/\/www.workshop.ee\/en\/?s={search_term_string}\"},\"query-input\":{\"@type\":\"PropertyValueSpecification\",\"valueRequired\":true,\"valueName\":\"search_term_string\"}}],\"inLanguage\":\"en-US\"},{\"@type\":\"Organization\",\"@id\":\"https:\/\/www.workshop.ee\/en\/#organization\",\"name\":\"WorkShop\",\"url\":\"https:\/\/www.workshop.ee\/en\/\",\"logo\":{\"@type\":\"ImageObject\",\"inLanguage\":\"en-US\",\"@id\":\"https:\/\/www.workshop.ee\/en\/#\/schema\/logo\/image\/\",\"url\":\"https:\/\/www.workshop.ee\/wp-content\/uploads\/2024\/06\/logo.png\",\"contentUrl\":\"https:\/\/www.workshop.ee\/wp-content\/uploads\/2024\/06\/logo.png\",\"width\":170,\"height\":57,\"caption\":\"WorkShop\"},\"image\":{\"@id\":\"https:\/\/www.workshop.ee\/en\/#\/schema\/logo\/image\/\"}}]}<\/script>\n<!-- \/ Yoast SEO plugin. -->","yoast_head_json":{"title":"Bio-kevadv\u00e4etis-1L - WorkShop","robots":{"index":"index","follow":"follow","max-snippet":"max-snippet:-1","max-image-preview":"max-image-preview:large","max-video-preview":"max-video-preview:-1"},"canonical":"https:\/\/www.workshop.ee\/en\/toode\/bio-kevadvaetis-1l\/","og_locale":"en_US","og_type":"article","og_title":"Bio-kevadv\u00e4etis-1L - WorkShop","og_description":"Sisaldab ainult toorainet, mis on lubatud E\u00dc m\u00e4\u00e4rusega mahep\u00f5llumajanduses.","og_url":"https:\/\/www.workshop.ee\/en\/toode\/bio-kevadvaetis-1l\/","og_site_name":"WorkShop","article_modified_time":"2025-11-16T09:13:00+00:00","og_image":[{"width":787,"height":1181,"url":"https:\/\/www.workshop.ee\/wp-content\/uploads\/2024\/07\/BIO_kevadvaetis_JPG.jpg","type":"image\/jpeg"}],"twitter_card":"summary_large_image","twitter_misc":{"Est. reading time":"1 minute"},"schema":{"@context":"https:\/\/schema.org","@graph":[{"@type":"WebPage","@id":"https:\/\/www.workshop.ee\/en\/toode\/bio-kevadvaetis-1l\/","url":"https:\/\/www.workshop.ee\/en\/toode\/bio-kevadvaetis-1l\/","name":"Bio-kevadv\u00e4etis-1L - WorkShop","isPartOf":{"@id":"https:\/\/www.workshop.ee\/en\/#website"},"primaryImageOfPage":{"@id":"https:\/\/www.workshop.ee\/en\/toode\/bio-kevadvaetis-1l\/#primaryimage"},"image":{"@id":"https:\/\/www.workshop.ee\/toode\/bio-kevadvaetis-1l\/#primaryimage"},"thumbnailUrl":"https:\/\/www.workshop.ee\/wp-content\/uploads\/2024\/07\/BIO_kevadvaetis_JPG.jpg","datePublished":"2024-07-07T13:57:21+00:00","dateModified":"2025-11-16T09:13:00+00:00","breadcrumb":{"@id":"https:\/\/www.workshop.ee\/en\/toode\/bio-kevadvaetis-1l\/#breadcrumb"},"inLanguage":"en-US","potentialAction":[{"@type":"ReadAction","target":[["https:\/\/www.workshop.ee\/en\/toode\/bio-kevadvaetis-1l\/"]]}]},{"@type":"ImageObject","inLanguage":"en-US","@id":"https:\/\/www.workshop.ee\/en\/toode\/bio-kevadvaetis-1l\/#primaryimage","url":"https:\/\/www.workshop.ee\/wp-content\/uploads\/2024\/07\/BIO_kevadvaetis_JPG.jpg","contentUrl":"https:\/\/www.workshop.ee\/wp-content\/uploads\/2024\/07\/BIO_kevadvaetis_JPG.jpg","width":787,"height":1181},{"@type":"BreadcrumbList","@id":"https:\/\/www.workshop.ee\/en\/toode\/bio-kevadvaetis-1l\/#breadcrumb","itemListElement":[{"@type":"ListItem","position":1,"name":"Home","item":"https:\/\/www.workshop.ee\/en\/"},{"@type":"ListItem","position":2,"name":"E-pood","item":"https:\/\/www.workshop.ee\/en\/e-pood\/"},{"@type":"ListItem","position":3,"name":"Bio-kevadv\u00e4etis-1L"}]},{"@type":"WebSite","@id":"https:\/\/www.workshop.ee\/en\/#website","url":"https:\/\/www.workshop.ee\/en\/","name":"WorkShop","description":"","publisher":{"@id":"https:\/\/www.workshop.ee\/en\/#organization"},"potentialAction":[{"@type":"SearchAction","target":{"@type":"EntryPoint","urlTemplate":"https:\/\/www.workshop.ee\/en\/?s={search_term_string}"},"query-input":{"@type":"PropertyValueSpecification","valueRequired":true,"valueName":"search_term_string"}}],"inLanguage":"en-US"},{"@type":"Organization","@id":"https:\/\/www.workshop.ee\/en\/#organization","name":"WorkShop","url":"https:\/\/www.workshop.ee\/en\/","logo":{"@type":"ImageObject","inLanguage":"en-US","@id":"https:\/\/www.workshop.ee\/en\/#\/schema\/logo\/image\/","url":"https:\/\/www.workshop.ee\/wp-content\/uploads\/2024\/06\/logo.png","contentUrl":"https:\/\/www.workshop.ee\/wp-content\/uploads\/2024\/06\/logo.png","width":170,"height":57,"caption":"WorkShop"},"image":{"@id":"https:\/\/www.workshop.ee\/en\/#\/schema\/logo\/image\/"}}]}},"_links":{"self":[{"href":"https:\/\/www.workshop.ee\/en\/wp-json\/wp\/v2\/product\/10673","targetHints":{"allow":["GET"]}}],"collection":[{"href":"https:\/\/www.workshop.ee\/en\/wp-json\/wp\/v2\/product"}],"about":[{"href":"https:\/\/www.workshop.ee\/en\/wp-json\/wp\/v2\/types\/product"}],"wp:featuredmedia":[{"embeddable":true,"href":"https:\/\/www.workshop.ee\/en\/wp-json\/wp\/v2\/media\/10315"}],"wp:attachment":[{"href":"https:\/\/www.workshop.ee\/en\/wp-json\/wp\/v2\/media?parent=10673"}],"wp:term":[{"taxonomy":"product_brand","embeddable":true,"href":"https:\/\/www.workshop.ee\/en\/wp-json\/wp\/v2\/product_brand?post=10673"},{"taxonomy":"product_cat","embeddable":true,"href":"https:\/\/www.workshop.ee\/en\/wp-json\/wp\/v2\/product_cat?post=10673"},{"taxonomy":"product_tag","embeddable":true,"href":"https:\/\/www.workshop.ee\/en\/wp-json\/wp\/v2\/product_tag?post=10673"}],"curies":[{"name":"wp","href":"https:\/\/api.w.org\/{rel}","templated":true}]}}