{"id":10675,"date":"2024-07-07T16:57:22","date_gmt":"2024-07-07T13:57:22","guid":{"rendered":"https:\/\/uuswp.workshop.ee\/toode\/biovaetis-aed-ja-juurviljale-3-l\/"},"modified":"2025-11-15T17:34:40","modified_gmt":"2025-11-15T15:34:40","slug":"biovaetis-aed-ja-juurviljale-3-l","status":"publish","type":"product","link":"https:\/\/www.workshop.ee\/en\/toode\/biovaetis-aed-ja-juurviljale-3-l\/","title":{"rendered":"Biov\u00e4etis aed ja juurviljale-3 L"},"content":{"rendered":"<p>BIO aedvilja v\u00e4etis, on h\u00fcgieene loodus toode, seda on lihtne kasutada. Kondijahu on k\u00f5ige v\u00e4\u00e4rtuslikum aeglaselt vabaneva orgaanilise fosfori allikas. Fosfor tagab viljade, juurte moodustumise ja seega tagab rikkaliku \u00f5itsemise ja suure saagikuse. Samuti paraneb viljade maitse ja keemiline koostis ning suureneb viljade suhkrusisaldus. Kondijahu kiirendab m\u00e4rgatavalt viljade valmimist. Kondijahu soodustab taimede rakkudes vees\u00e4ilitamise v\u00f5imet, suurendades sellega taimede vastupidavust p\u00f5uale ja madalatele temperatuuridele.<br \/>\n<\/p>","protected":false},"excerpt":{"rendered":"<p>Toode vastab E\u00dc m\u00e4\u00e4ruele 834\/2007 ja 889\/2008.<\/p>\n","protected":false},"featured_media":10313,"template":"","meta":[],"product_brand":[],"product_cat":[82,75],"product_tag":[],"class_list":{"0":"post-10675","1":"product","2":"type-product","3":"status-publish","4":"has-post-thumbnail","6":"product_cat-bio-mahe-vaetis-2","7":"product_cat-tarbeaeda-loodusvaetised","9":"first","10":"instock","11":"shipping-taxable","12":"purchasable","13":"product-type-simple"},"yoast_head":"<!-- This site is optimized with the Yoast SEO plugin v26.8 - https:\/\/yoast.com\/product\/yoast-seo-wordpress\/ -->\n<title>Biov\u00e4etis aed ja juurviljale-3 L - WorkShop<\/title>\n<meta name=\"robots\" content=\"index, follow, max-snippet:-1, max-image-preview:large, max-video-preview:-1\" \/>\n<link rel=\"canonical\" href=\"https:\/\/www.workshop.ee\/en\/toode\/biovaetis-aed-ja-juurviljale-3-l\/\" \/>\n<meta property=\"og:locale\" content=\"en_US\" \/>\n<meta property=\"og:type\" content=\"article\" \/>\n<meta property=\"og:title\" content=\"Biov\u00e4etis aed ja juurviljale-3 L - WorkShop\" \/>\n<meta property=\"og:description\" content=\"Toode vastab E\u00dc m\u00e4\u00e4ruele 834\/2007 ja 889\/2008.\" \/>\n<meta property=\"og:url\" content=\"https:\/\/www.workshop.ee\/en\/toode\/biovaetis-aed-ja-juurviljale-3-l\/\" \/>\n<meta property=\"og:site_name\" content=\"WorkShop\" \/>\n<meta property=\"article:modified_time\" content=\"2025-11-15T15:34:40+00:00\" \/>\n<meta property=\"og:image\" content=\"https:\/\/www.workshop.ee\/wp-content\/uploads\/2024\/07\/Bio_aed_juurvili_JPG.jpg\" \/>\n\t<meta property=\"og:image:width\" content=\"787\" \/>\n\t<meta property=\"og:image:height\" content=\"1181\" \/>\n\t<meta property=\"og:image:type\" content=\"image\/jpeg\" \/>\n<meta name=\"twitter:card\" content=\"summary_large_image\" \/>\n<meta name=\"twitter:label1\" content=\"Est. reading time\" \/>\n\t<meta name=\"twitter:data1\" content=\"1 minute\" \/>\n<script type=\"application\/ld+json\" class=\"yoast-schema-graph\">{\"@context\":\"https:\/\/schema.org\",\"@graph\":[{\"@type\":\"WebPage\",\"@id\":\"https:\/\/www.workshop.ee\/en\/toode\/biovaetis-aed-ja-juurviljale-3-l\/\",\"url\":\"https:\/\/www.workshop.ee\/en\/toode\/biovaetis-aed-ja-juurviljale-3-l\/\",\"name\":\"Biov\u00e4etis aed ja juurviljale-3 L - WorkShop\",\"isPartOf\":{\"@id\":\"https:\/\/www.workshop.ee\/en\/#website\"},\"primaryImageOfPage\":{\"@id\":\"https:\/\/www.workshop.ee\/en\/toode\/biovaetis-aed-ja-juurviljale-3-l\/#primaryimage\"},\"image\":{\"@id\":\"https:\/\/www.workshop.ee\/toode\/biovaetis-aed-ja-juurviljale-3-l\/#primaryimage\"},\"thumbnailUrl\":\"https:\/\/www.workshop.ee\/wp-content\/uploads\/2024\/07\/Bio_aed_juurvili_JPG.jpg\",\"datePublished\":\"2024-07-07T13:57:22+00:00\",\"dateModified\":\"2025-11-15T15:34:40+00:00\",\"breadcrumb\":{\"@id\":\"https:\/\/www.workshop.ee\/en\/toode\/biovaetis-aed-ja-juurviljale-3-l\/#breadcrumb\"},\"inLanguage\":\"en-US\",\"potentialAction\":[{\"@type\":\"ReadAction\",\"target\":[[\"https:\/\/www.workshop.ee\/en\/toode\/biovaetis-aed-ja-juurviljale-3-l\/\"]]}]},{\"@type\":\"ImageObject\",\"inLanguage\":\"en-US\",\"@id\":\"https:\/\/www.workshop.ee\/en\/toode\/biovaetis-aed-ja-juurviljale-3-l\/#primaryimage\",\"url\":\"https:\/\/www.workshop.ee\/wp-content\/uploads\/2024\/07\/Bio_aed_juurvili_JPG.jpg\",\"contentUrl\":\"https:\/\/www.workshop.ee\/wp-content\/uploads\/2024\/07\/Bio_aed_juurvili_JPG.jpg\",\"width\":787,\"height\":1181},{\"@type\":\"BreadcrumbList\",\"@id\":\"https:\/\/www.workshop.ee\/en\/toode\/biovaetis-aed-ja-juurviljale-3-l\/#breadcrumb\",\"itemListElement\":[{\"@type\":\"ListItem\",\"position\":1,\"name\":\"Home\",\"item\":\"https:\/\/www.workshop.ee\/en\/\"},{\"@type\":\"ListItem\",\"position\":2,\"name\":\"E-pood\",\"item\":\"https:\/\/www.workshop.ee\/en\/e-pood\/\"},{\"@type\":\"ListItem\",\"position\":3,\"name\":\"Biov\u00e4etis aed ja juurviljale-3 L\"}]},{\"@type\":\"WebSite\",\"@id\":\"https:\/\/www.workshop.ee\/en\/#website\",\"url\":\"https:\/\/www.workshop.ee\/en\/\",\"name\":\"WorkShop\",\"description\":\"\",\"publisher\":{\"@id\":\"https:\/\/www.workshop.ee\/en\/#organization\"},\"potentialAction\":[{\"@type\":\"SearchAction\",\"target\":{\"@type\":\"EntryPoint\",\"urlTemplate\":\"https:\/\/www.workshop.ee\/en\/?s={search_term_string}\"},\"query-input\":{\"@type\":\"PropertyValueSpecification\",\"valueRequired\":true,\"valueName\":\"search_term_string\"}}],\"inLanguage\":\"en-US\"},{\"@type\":\"Organization\",\"@id\":\"https:\/\/www.workshop.ee\/en\/#organization\",\"name\":\"WorkShop\",\"url\":\"https:\/\/www.workshop.ee\/en\/\",\"logo\":{\"@type\":\"ImageObject\",\"inLanguage\":\"en-US\",\"@id\":\"https:\/\/www.workshop.ee\/en\/#\/schema\/logo\/image\/\",\"url\":\"https:\/\/www.workshop.ee\/wp-content\/uploads\/2024\/06\/logo.png\",\"contentUrl\":\"https:\/\/www.workshop.ee\/wp-content\/uploads\/2024\/06\/logo.png\",\"width\":170,\"height\":57,\"caption\":\"WorkShop\"},\"image\":{\"@id\":\"https:\/\/www.workshop.ee\/en\/#\/schema\/logo\/image\/\"}}]}<\/script>\n<!-- \/ Yoast SEO plugin. -->","yoast_head_json":{"title":"Biov\u00e4etis aed ja juurviljale-3 L - WorkShop","robots":{"index":"index","follow":"follow","max-snippet":"max-snippet:-1","max-image-preview":"max-image-preview:large","max-video-preview":"max-video-preview:-1"},"canonical":"https:\/\/www.workshop.ee\/en\/toode\/biovaetis-aed-ja-juurviljale-3-l\/","og_locale":"en_US","og_type":"article","og_title":"Biov\u00e4etis aed ja juurviljale-3 L - WorkShop","og_description":"Toode vastab E\u00dc m\u00e4\u00e4ruele 834\/2007 ja 889\/2008.","og_url":"https:\/\/www.workshop.ee\/en\/toode\/biovaetis-aed-ja-juurviljale-3-l\/","og_site_name":"WorkShop","article_modified_time":"2025-11-15T15:34:40+00:00","og_image":[{"width":787,"height":1181,"url":"https:\/\/www.workshop.ee\/wp-content\/uploads\/2024\/07\/Bio_aed_juurvili_JPG.jpg","type":"image\/jpeg"}],"twitter_card":"summary_large_image","twitter_misc":{"Est. reading time":"1 minute"},"schema":{"@context":"https:\/\/schema.org","@graph":[{"@type":"WebPage","@id":"https:\/\/www.workshop.ee\/en\/toode\/biovaetis-aed-ja-juurviljale-3-l\/","url":"https:\/\/www.workshop.ee\/en\/toode\/biovaetis-aed-ja-juurviljale-3-l\/","name":"Biov\u00e4etis aed ja juurviljale-3 L - WorkShop","isPartOf":{"@id":"https:\/\/www.workshop.ee\/en\/#website"},"primaryImageOfPage":{"@id":"https:\/\/www.workshop.ee\/en\/toode\/biovaetis-aed-ja-juurviljale-3-l\/#primaryimage"},"image":{"@id":"https:\/\/www.workshop.ee\/toode\/biovaetis-aed-ja-juurviljale-3-l\/#primaryimage"},"thumbnailUrl":"https:\/\/www.workshop.ee\/wp-content\/uploads\/2024\/07\/Bio_aed_juurvili_JPG.jpg","datePublished":"2024-07-07T13:57:22+00:00","dateModified":"2025-11-15T15:34:40+00:00","breadcrumb":{"@id":"https:\/\/www.workshop.ee\/en\/toode\/biovaetis-aed-ja-juurviljale-3-l\/#breadcrumb"},"inLanguage":"en-US","potentialAction":[{"@type":"ReadAction","target":[["https:\/\/www.workshop.ee\/en\/toode\/biovaetis-aed-ja-juurviljale-3-l\/"]]}]},{"@type":"ImageObject","inLanguage":"en-US","@id":"https:\/\/www.workshop.ee\/en\/toode\/biovaetis-aed-ja-juurviljale-3-l\/#primaryimage","url":"https:\/\/www.workshop.ee\/wp-content\/uploads\/2024\/07\/Bio_aed_juurvili_JPG.jpg","contentUrl":"https:\/\/www.workshop.ee\/wp-content\/uploads\/2024\/07\/Bio_aed_juurvili_JPG.jpg","width":787,"height":1181},{"@type":"BreadcrumbList","@id":"https:\/\/www.workshop.ee\/en\/toode\/biovaetis-aed-ja-juurviljale-3-l\/#breadcrumb","itemListElement":[{"@type":"ListItem","position":1,"name":"Home","item":"https:\/\/www.workshop.ee\/en\/"},{"@type":"ListItem","position":2,"name":"E-pood","item":"https:\/\/www.workshop.ee\/en\/e-pood\/"},{"@type":"ListItem","position":3,"name":"Biov\u00e4etis aed ja juurviljale-3 L"}]},{"@type":"WebSite","@id":"https:\/\/www.workshop.ee\/en\/#website","url":"https:\/\/www.workshop.ee\/en\/","name":"WorkShop","description":"","publisher":{"@id":"https:\/\/www.workshop.ee\/en\/#organization"},"potentialAction":[{"@type":"SearchAction","target":{"@type":"EntryPoint","urlTemplate":"https:\/\/www.workshop.ee\/en\/?s={search_term_string}"},"query-input":{"@type":"PropertyValueSpecification","valueRequired":true,"valueName":"search_term_string"}}],"inLanguage":"en-US"},{"@type":"Organization","@id":"https:\/\/www.workshop.ee\/en\/#organization","name":"WorkShop","url":"https:\/\/www.workshop.ee\/en\/","logo":{"@type":"ImageObject","inLanguage":"en-US","@id":"https:\/\/www.workshop.ee\/en\/#\/schema\/logo\/image\/","url":"https:\/\/www.workshop.ee\/wp-content\/uploads\/2024\/06\/logo.png","contentUrl":"https:\/\/www.workshop.ee\/wp-content\/uploads\/2024\/06\/logo.png","width":170,"height":57,"caption":"WorkShop"},"image":{"@id":"https:\/\/www.workshop.ee\/en\/#\/schema\/logo\/image\/"}}]}},"_links":{"self":[{"href":"https:\/\/www.workshop.ee\/en\/wp-json\/wp\/v2\/product\/10675","targetHints":{"allow":["GET"]}}],"collection":[{"href":"https:\/\/www.workshop.ee\/en\/wp-json\/wp\/v2\/product"}],"about":[{"href":"https:\/\/www.workshop.ee\/en\/wp-json\/wp\/v2\/types\/product"}],"wp:featuredmedia":[{"embeddable":true,"href":"https:\/\/www.workshop.ee\/en\/wp-json\/wp\/v2\/media\/10313"}],"wp:attachment":[{"href":"https:\/\/www.workshop.ee\/en\/wp-json\/wp\/v2\/media?parent=10675"}],"wp:term":[{"taxonomy":"product_brand","embeddable":true,"href":"https:\/\/www.workshop.ee\/en\/wp-json\/wp\/v2\/product_brand?post=10675"},{"taxonomy":"product_cat","embeddable":true,"href":"https:\/\/www.workshop.ee\/en\/wp-json\/wp\/v2\/product_cat?post=10675"},{"taxonomy":"product_tag","embeddable":true,"href":"https:\/\/www.workshop.ee\/en\/wp-json\/wp\/v2\/product_tag?post=10675"}],"curies":[{"name":"wp","href":"https:\/\/api.w.org\/{rel}","templated":true}]}}