{"id":10713,"date":"2024-07-07T17:02:24","date_gmt":"2024-07-07T14:02:24","guid":{"rendered":"https:\/\/uuswp.workshop.ee\/toode\/taimeriiul-marika\/"},"modified":"2026-01-01T23:01:09","modified_gmt":"2026-01-01T21:01:09","slug":"taimeriiul-marika","status":"publish","type":"product","link":"https:\/\/www.workshop.ee\/en\/toode\/taimeriiul-marika\/","title":{"rendered":"Taimeriiul &#8211; Marika"},"content":{"rendered":"","protected":false},"excerpt":{"rendered":"<p>Taimeriiul metallist, kaetud rohelise pulberv\u00e4rviga, \u00fchendus detailid plastikust,\u00a0\u00fcld m\u00f5\u00f5dud: 214*87*112cm,\u00a0toru: 16*0,4mm<\/p>\n","protected":false},"featured_media":10761,"template":"","meta":[],"product_brand":[],"product_cat":[21],"product_tag":[],"class_list":{"0":"post-10713","1":"product","2":"type-product","3":"status-publish","4":"has-post-thumbnail","6":"product_cat-leiunurk","8":"first","9":"instock","10":"shipping-taxable","11":"purchasable","12":"product-type-simple"},"yoast_head":"<!-- This site is optimized with the Yoast SEO plugin v26.8 - https:\/\/yoast.com\/product\/yoast-seo-wordpress\/ -->\n<title>Taimeriiul - Marika - WorkShop<\/title>\n<meta name=\"robots\" content=\"index, follow, max-snippet:-1, max-image-preview:large, max-video-preview:-1\" \/>\n<link rel=\"canonical\" href=\"https:\/\/www.workshop.ee\/en\/toode\/taimeriiul-marika\/\" \/>\n<meta property=\"og:locale\" content=\"en_US\" \/>\n<meta property=\"og:type\" content=\"article\" \/>\n<meta property=\"og:title\" content=\"Taimeriiul - Marika - WorkShop\" \/>\n<meta property=\"og:description\" content=\"Taimeriiul metallist, kaetud rohelise pulberv\u00e4rviga, \u00fchendus detailid plastikust,\u00a0\u00fcld m\u00f5\u00f5dud: 214*87*112cm,\u00a0toru: 16*0,4mm\" \/>\n<meta property=\"og:url\" content=\"https:\/\/www.workshop.ee\/en\/toode\/taimeriiul-marika\/\" \/>\n<meta property=\"og:site_name\" content=\"WorkShop\" \/>\n<meta property=\"article:modified_time\" content=\"2026-01-01T21:01:09+00:00\" \/>\n<meta property=\"og:image\" content=\"https:\/\/www.workshop.ee\/wp-content\/uploads\/2024\/07\/riiul-3-osast.jpg\" \/>\n\t<meta property=\"og:image:width\" content=\"323\" \/>\n\t<meta property=\"og:image:height\" content=\"223\" \/>\n\t<meta property=\"og:image:type\" content=\"image\/jpeg\" \/>\n<meta name=\"twitter:card\" content=\"summary_large_image\" \/>\n<meta name=\"twitter:label1\" content=\"Est. reading time\" \/>\n\t<meta name=\"twitter:data1\" content=\"1 minute\" \/>\n<script type=\"application\/ld+json\" class=\"yoast-schema-graph\">{\"@context\":\"https:\/\/schema.org\",\"@graph\":[{\"@type\":\"WebPage\",\"@id\":\"https:\/\/www.workshop.ee\/en\/toode\/taimeriiul-marika\/\",\"url\":\"https:\/\/www.workshop.ee\/en\/toode\/taimeriiul-marika\/\",\"name\":\"Taimeriiul - Marika - WorkShop\",\"isPartOf\":{\"@id\":\"https:\/\/www.workshop.ee\/en\/#website\"},\"primaryImageOfPage\":{\"@id\":\"https:\/\/www.workshop.ee\/en\/toode\/taimeriiul-marika\/#primaryimage\"},\"image\":{\"@id\":\"https:\/\/www.workshop.ee\/toode\/taimeriiul-marika\/#primaryimage\"},\"thumbnailUrl\":\"https:\/\/www.workshop.ee\/wp-content\/uploads\/2024\/07\/riiul-3-osast.jpg\",\"datePublished\":\"2024-07-07T14:02:24+00:00\",\"dateModified\":\"2026-01-01T21:01:09+00:00\",\"breadcrumb\":{\"@id\":\"https:\/\/www.workshop.ee\/en\/toode\/taimeriiul-marika\/#breadcrumb\"},\"inLanguage\":\"en-US\",\"potentialAction\":[{\"@type\":\"ReadAction\",\"target\":[[\"https:\/\/www.workshop.ee\/en\/toode\/taimeriiul-marika\/\"]]}]},{\"@type\":\"ImageObject\",\"inLanguage\":\"en-US\",\"@id\":\"https:\/\/www.workshop.ee\/en\/toode\/taimeriiul-marika\/#primaryimage\",\"url\":\"https:\/\/www.workshop.ee\/wp-content\/uploads\/2024\/07\/riiul-3-osast.jpg\",\"contentUrl\":\"https:\/\/www.workshop.ee\/wp-content\/uploads\/2024\/07\/riiul-3-osast.jpg\",\"width\":323,\"height\":223},{\"@type\":\"BreadcrumbList\",\"@id\":\"https:\/\/www.workshop.ee\/en\/toode\/taimeriiul-marika\/#breadcrumb\",\"itemListElement\":[{\"@type\":\"ListItem\",\"position\":1,\"name\":\"Home\",\"item\":\"https:\/\/www.workshop.ee\/en\/\"},{\"@type\":\"ListItem\",\"position\":2,\"name\":\"E-pood\",\"item\":\"https:\/\/www.workshop.ee\/en\/e-pood\/\"},{\"@type\":\"ListItem\",\"position\":3,\"name\":\"Taimeriiul &#8211; Marika\"}]},{\"@type\":\"WebSite\",\"@id\":\"https:\/\/www.workshop.ee\/en\/#website\",\"url\":\"https:\/\/www.workshop.ee\/en\/\",\"name\":\"WorkShop\",\"description\":\"\",\"publisher\":{\"@id\":\"https:\/\/www.workshop.ee\/en\/#organization\"},\"potentialAction\":[{\"@type\":\"SearchAction\",\"target\":{\"@type\":\"EntryPoint\",\"urlTemplate\":\"https:\/\/www.workshop.ee\/en\/?s={search_term_string}\"},\"query-input\":{\"@type\":\"PropertyValueSpecification\",\"valueRequired\":true,\"valueName\":\"search_term_string\"}}],\"inLanguage\":\"en-US\"},{\"@type\":\"Organization\",\"@id\":\"https:\/\/www.workshop.ee\/en\/#organization\",\"name\":\"WorkShop\",\"url\":\"https:\/\/www.workshop.ee\/en\/\",\"logo\":{\"@type\":\"ImageObject\",\"inLanguage\":\"en-US\",\"@id\":\"https:\/\/www.workshop.ee\/en\/#\/schema\/logo\/image\/\",\"url\":\"https:\/\/www.workshop.ee\/wp-content\/uploads\/2024\/06\/logo.png\",\"contentUrl\":\"https:\/\/www.workshop.ee\/wp-content\/uploads\/2024\/06\/logo.png\",\"width\":170,\"height\":57,\"caption\":\"WorkShop\"},\"image\":{\"@id\":\"https:\/\/www.workshop.ee\/en\/#\/schema\/logo\/image\/\"}}]}<\/script>\n<!-- \/ Yoast SEO plugin. -->","yoast_head_json":{"title":"Taimeriiul - Marika - WorkShop","robots":{"index":"index","follow":"follow","max-snippet":"max-snippet:-1","max-image-preview":"max-image-preview:large","max-video-preview":"max-video-preview:-1"},"canonical":"https:\/\/www.workshop.ee\/en\/toode\/taimeriiul-marika\/","og_locale":"en_US","og_type":"article","og_title":"Taimeriiul - Marika - WorkShop","og_description":"Taimeriiul metallist, kaetud rohelise pulberv\u00e4rviga, \u00fchendus detailid plastikust,\u00a0\u00fcld m\u00f5\u00f5dud: 214*87*112cm,\u00a0toru: 16*0,4mm","og_url":"https:\/\/www.workshop.ee\/en\/toode\/taimeriiul-marika\/","og_site_name":"WorkShop","article_modified_time":"2026-01-01T21:01:09+00:00","og_image":[{"width":323,"height":223,"url":"https:\/\/www.workshop.ee\/wp-content\/uploads\/2024\/07\/riiul-3-osast.jpg","type":"image\/jpeg"}],"twitter_card":"summary_large_image","twitter_misc":{"Est. reading time":"1 minute"},"schema":{"@context":"https:\/\/schema.org","@graph":[{"@type":"WebPage","@id":"https:\/\/www.workshop.ee\/en\/toode\/taimeriiul-marika\/","url":"https:\/\/www.workshop.ee\/en\/toode\/taimeriiul-marika\/","name":"Taimeriiul - Marika - WorkShop","isPartOf":{"@id":"https:\/\/www.workshop.ee\/en\/#website"},"primaryImageOfPage":{"@id":"https:\/\/www.workshop.ee\/en\/toode\/taimeriiul-marika\/#primaryimage"},"image":{"@id":"https:\/\/www.workshop.ee\/toode\/taimeriiul-marika\/#primaryimage"},"thumbnailUrl":"https:\/\/www.workshop.ee\/wp-content\/uploads\/2024\/07\/riiul-3-osast.jpg","datePublished":"2024-07-07T14:02:24+00:00","dateModified":"2026-01-01T21:01:09+00:00","breadcrumb":{"@id":"https:\/\/www.workshop.ee\/en\/toode\/taimeriiul-marika\/#breadcrumb"},"inLanguage":"en-US","potentialAction":[{"@type":"ReadAction","target":[["https:\/\/www.workshop.ee\/en\/toode\/taimeriiul-marika\/"]]}]},{"@type":"ImageObject","inLanguage":"en-US","@id":"https:\/\/www.workshop.ee\/en\/toode\/taimeriiul-marika\/#primaryimage","url":"https:\/\/www.workshop.ee\/wp-content\/uploads\/2024\/07\/riiul-3-osast.jpg","contentUrl":"https:\/\/www.workshop.ee\/wp-content\/uploads\/2024\/07\/riiul-3-osast.jpg","width":323,"height":223},{"@type":"BreadcrumbList","@id":"https:\/\/www.workshop.ee\/en\/toode\/taimeriiul-marika\/#breadcrumb","itemListElement":[{"@type":"ListItem","position":1,"name":"Home","item":"https:\/\/www.workshop.ee\/en\/"},{"@type":"ListItem","position":2,"name":"E-pood","item":"https:\/\/www.workshop.ee\/en\/e-pood\/"},{"@type":"ListItem","position":3,"name":"Taimeriiul &#8211; Marika"}]},{"@type":"WebSite","@id":"https:\/\/www.workshop.ee\/en\/#website","url":"https:\/\/www.workshop.ee\/en\/","name":"WorkShop","description":"","publisher":{"@id":"https:\/\/www.workshop.ee\/en\/#organization"},"potentialAction":[{"@type":"SearchAction","target":{"@type":"EntryPoint","urlTemplate":"https:\/\/www.workshop.ee\/en\/?s={search_term_string}"},"query-input":{"@type":"PropertyValueSpecification","valueRequired":true,"valueName":"search_term_string"}}],"inLanguage":"en-US"},{"@type":"Organization","@id":"https:\/\/www.workshop.ee\/en\/#organization","name":"WorkShop","url":"https:\/\/www.workshop.ee\/en\/","logo":{"@type":"ImageObject","inLanguage":"en-US","@id":"https:\/\/www.workshop.ee\/en\/#\/schema\/logo\/image\/","url":"https:\/\/www.workshop.ee\/wp-content\/uploads\/2024\/06\/logo.png","contentUrl":"https:\/\/www.workshop.ee\/wp-content\/uploads\/2024\/06\/logo.png","width":170,"height":57,"caption":"WorkShop"},"image":{"@id":"https:\/\/www.workshop.ee\/en\/#\/schema\/logo\/image\/"}}]}},"_links":{"self":[{"href":"https:\/\/www.workshop.ee\/en\/wp-json\/wp\/v2\/product\/10713","targetHints":{"allow":["GET"]}}],"collection":[{"href":"https:\/\/www.workshop.ee\/en\/wp-json\/wp\/v2\/product"}],"about":[{"href":"https:\/\/www.workshop.ee\/en\/wp-json\/wp\/v2\/types\/product"}],"wp:featuredmedia":[{"embeddable":true,"href":"https:\/\/www.workshop.ee\/en\/wp-json\/wp\/v2\/media\/10761"}],"wp:attachment":[{"href":"https:\/\/www.workshop.ee\/en\/wp-json\/wp\/v2\/media?parent=10713"}],"wp:term":[{"taxonomy":"product_brand","embeddable":true,"href":"https:\/\/www.workshop.ee\/en\/wp-json\/wp\/v2\/product_brand?post=10713"},{"taxonomy":"product_cat","embeddable":true,"href":"https:\/\/www.workshop.ee\/en\/wp-json\/wp\/v2\/product_cat?post=10713"},{"taxonomy":"product_tag","embeddable":true,"href":"https:\/\/www.workshop.ee\/en\/wp-json\/wp\/v2\/product_tag?post=10713"}],"curies":[{"name":"wp","href":"https:\/\/api.w.org\/{rel}","templated":true}]}}