{"id":10739,"date":"2024-07-07T17:02:30","date_gmt":"2024-07-07T14:02:30","guid":{"rendered":"https:\/\/uuswp.workshop.ee\/toode\/looduslik-aedviljavaetis-3l\/"},"modified":"2025-11-15T15:10:39","modified_gmt":"2025-11-15T13:10:39","slug":"looduslik-aedviljavaetis-3l","status":"publish","type":"product","link":"https:\/\/www.workshop.ee\/en\/toode\/looduslik-aedviljavaetis-3l\/","title":{"rendered":"Looduslik aedviljav\u00e4etis-10L"},"content":{"rendered":"<p>Loodusliku aedvilja v\u00e4etise p\u00f5hikomponentideks sule- ja sarvejahu. V\u00e4etis on h\u00fcgieene loodus tooted, mida on lihtne kasutada. Loodus v\u00e4etis sisaldab palju kiire toimega orgaanilist l\u00e4mmastikku. L\u00e4mmastik soodustab lehtede kasvu ja seega sobib aedviljadele, nagu kapsas salat ja spinatnende intensiivsel kasvuperioodil. Sule ja sarvejahuga saab suurt abi juurviljaaed jaanip\u00e4eva aegu, kui kasv \u00e4hvardab seiskuda!<\/p>","protected":false},"excerpt":{"rendered":"<p>Toode vastab E\u00dc m\u00e4\u00e4ruele 834\/2007 ja 889\/2008 ja on maheviljeluseks.<\/p>\n","protected":false},"featured_media":10768,"template":"","meta":[],"product_brand":[],"product_cat":[82],"product_tag":[],"class_list":{"0":"post-10739","1":"product","2":"type-product","3":"status-publish","4":"has-post-thumbnail","6":"product_cat-bio-mahe-vaetis-2","8":"first","9":"instock","10":"shipping-taxable","11":"purchasable","12":"product-type-simple"},"yoast_head":"<!-- This site is optimized with the Yoast SEO plugin v26.8 - https:\/\/yoast.com\/product\/yoast-seo-wordpress\/ -->\n<title>Looduslik aedviljav\u00e4etis-10L - WorkShop<\/title>\n<meta name=\"robots\" content=\"index, follow, max-snippet:-1, max-image-preview:large, max-video-preview:-1\" \/>\n<link rel=\"canonical\" href=\"https:\/\/www.workshop.ee\/en\/toode\/looduslik-aedviljavaetis-3l\/\" \/>\n<meta property=\"og:locale\" content=\"en_US\" \/>\n<meta property=\"og:type\" content=\"article\" \/>\n<meta property=\"og:title\" content=\"Looduslik aedviljav\u00e4etis-10L - WorkShop\" \/>\n<meta property=\"og:description\" content=\"Toode vastab E\u00dc m\u00e4\u00e4ruele 834\/2007 ja 889\/2008 ja on maheviljeluseks.\" \/>\n<meta property=\"og:url\" content=\"https:\/\/www.workshop.ee\/en\/toode\/looduslik-aedviljavaetis-3l\/\" \/>\n<meta property=\"og:site_name\" content=\"WorkShop\" \/>\n<meta property=\"article:modified_time\" content=\"2025-11-15T13:10:39+00:00\" \/>\n<meta property=\"og:image\" content=\"https:\/\/www.workshop.ee\/wp-content\/uploads\/2024\/07\/Bio-aedvilja.png\" \/>\n\t<meta property=\"og:image:width\" content=\"373\" \/>\n\t<meta property=\"og:image:height\" content=\"565\" \/>\n\t<meta property=\"og:image:type\" content=\"image\/png\" \/>\n<meta name=\"twitter:card\" content=\"summary_large_image\" \/>\n<meta name=\"twitter:label1\" content=\"Est. reading time\" \/>\n\t<meta name=\"twitter:data1\" content=\"1 minute\" \/>\n<script type=\"application\/ld+json\" class=\"yoast-schema-graph\">{\"@context\":\"https:\/\/schema.org\",\"@graph\":[{\"@type\":\"WebPage\",\"@id\":\"https:\/\/www.workshop.ee\/en\/toode\/looduslik-aedviljavaetis-3l\/\",\"url\":\"https:\/\/www.workshop.ee\/en\/toode\/looduslik-aedviljavaetis-3l\/\",\"name\":\"Looduslik aedviljav\u00e4etis-10L - WorkShop\",\"isPartOf\":{\"@id\":\"https:\/\/www.workshop.ee\/en\/#website\"},\"primaryImageOfPage\":{\"@id\":\"https:\/\/www.workshop.ee\/en\/toode\/looduslik-aedviljavaetis-3l\/#primaryimage\"},\"image\":{\"@id\":\"https:\/\/www.workshop.ee\/toode\/looduslik-aedviljavaetis-3l\/#primaryimage\"},\"thumbnailUrl\":\"https:\/\/www.workshop.ee\/wp-content\/uploads\/2024\/07\/Bio-aedvilja.png\",\"datePublished\":\"2024-07-07T14:02:30+00:00\",\"dateModified\":\"2025-11-15T13:10:39+00:00\",\"breadcrumb\":{\"@id\":\"https:\/\/www.workshop.ee\/en\/toode\/looduslik-aedviljavaetis-3l\/#breadcrumb\"},\"inLanguage\":\"en-US\",\"potentialAction\":[{\"@type\":\"ReadAction\",\"target\":[[\"https:\/\/www.workshop.ee\/en\/toode\/looduslik-aedviljavaetis-3l\/\"]]}]},{\"@type\":\"ImageObject\",\"inLanguage\":\"en-US\",\"@id\":\"https:\/\/www.workshop.ee\/en\/toode\/looduslik-aedviljavaetis-3l\/#primaryimage\",\"url\":\"https:\/\/www.workshop.ee\/wp-content\/uploads\/2024\/07\/Bio-aedvilja.png\",\"contentUrl\":\"https:\/\/www.workshop.ee\/wp-content\/uploads\/2024\/07\/Bio-aedvilja.png\",\"width\":373,\"height\":565},{\"@type\":\"BreadcrumbList\",\"@id\":\"https:\/\/www.workshop.ee\/en\/toode\/looduslik-aedviljavaetis-3l\/#breadcrumb\",\"itemListElement\":[{\"@type\":\"ListItem\",\"position\":1,\"name\":\"Home\",\"item\":\"https:\/\/www.workshop.ee\/en\/\"},{\"@type\":\"ListItem\",\"position\":2,\"name\":\"E-pood\",\"item\":\"https:\/\/www.workshop.ee\/en\/e-pood\/\"},{\"@type\":\"ListItem\",\"position\":3,\"name\":\"Looduslik aedviljav\u00e4etis-3L\"}]},{\"@type\":\"WebSite\",\"@id\":\"https:\/\/www.workshop.ee\/en\/#website\",\"url\":\"https:\/\/www.workshop.ee\/en\/\",\"name\":\"WorkShop\",\"description\":\"\",\"publisher\":{\"@id\":\"https:\/\/www.workshop.ee\/en\/#organization\"},\"potentialAction\":[{\"@type\":\"SearchAction\",\"target\":{\"@type\":\"EntryPoint\",\"urlTemplate\":\"https:\/\/www.workshop.ee\/en\/?s={search_term_string}\"},\"query-input\":{\"@type\":\"PropertyValueSpecification\",\"valueRequired\":true,\"valueName\":\"search_term_string\"}}],\"inLanguage\":\"en-US\"},{\"@type\":\"Organization\",\"@id\":\"https:\/\/www.workshop.ee\/en\/#organization\",\"name\":\"WorkShop\",\"url\":\"https:\/\/www.workshop.ee\/en\/\",\"logo\":{\"@type\":\"ImageObject\",\"inLanguage\":\"en-US\",\"@id\":\"https:\/\/www.workshop.ee\/en\/#\/schema\/logo\/image\/\",\"url\":\"https:\/\/www.workshop.ee\/wp-content\/uploads\/2024\/06\/logo.png\",\"contentUrl\":\"https:\/\/www.workshop.ee\/wp-content\/uploads\/2024\/06\/logo.png\",\"width\":170,\"height\":57,\"caption\":\"WorkShop\"},\"image\":{\"@id\":\"https:\/\/www.workshop.ee\/en\/#\/schema\/logo\/image\/\"}}]}<\/script>\n<!-- \/ Yoast SEO plugin. -->","yoast_head_json":{"title":"Looduslik aedviljav\u00e4etis-10L - WorkShop","robots":{"index":"index","follow":"follow","max-snippet":"max-snippet:-1","max-image-preview":"max-image-preview:large","max-video-preview":"max-video-preview:-1"},"canonical":"https:\/\/www.workshop.ee\/en\/toode\/looduslik-aedviljavaetis-3l\/","og_locale":"en_US","og_type":"article","og_title":"Looduslik aedviljav\u00e4etis-10L - WorkShop","og_description":"Toode vastab E\u00dc m\u00e4\u00e4ruele 834\/2007 ja 889\/2008 ja on maheviljeluseks.","og_url":"https:\/\/www.workshop.ee\/en\/toode\/looduslik-aedviljavaetis-3l\/","og_site_name":"WorkShop","article_modified_time":"2025-11-15T13:10:39+00:00","og_image":[{"width":373,"height":565,"url":"https:\/\/www.workshop.ee\/wp-content\/uploads\/2024\/07\/Bio-aedvilja.png","type":"image\/png"}],"twitter_card":"summary_large_image","twitter_misc":{"Est. reading time":"1 minute"},"schema":{"@context":"https:\/\/schema.org","@graph":[{"@type":"WebPage","@id":"https:\/\/www.workshop.ee\/en\/toode\/looduslik-aedviljavaetis-3l\/","url":"https:\/\/www.workshop.ee\/en\/toode\/looduslik-aedviljavaetis-3l\/","name":"Looduslik aedviljav\u00e4etis-10L - WorkShop","isPartOf":{"@id":"https:\/\/www.workshop.ee\/en\/#website"},"primaryImageOfPage":{"@id":"https:\/\/www.workshop.ee\/en\/toode\/looduslik-aedviljavaetis-3l\/#primaryimage"},"image":{"@id":"https:\/\/www.workshop.ee\/toode\/looduslik-aedviljavaetis-3l\/#primaryimage"},"thumbnailUrl":"https:\/\/www.workshop.ee\/wp-content\/uploads\/2024\/07\/Bio-aedvilja.png","datePublished":"2024-07-07T14:02:30+00:00","dateModified":"2025-11-15T13:10:39+00:00","breadcrumb":{"@id":"https:\/\/www.workshop.ee\/en\/toode\/looduslik-aedviljavaetis-3l\/#breadcrumb"},"inLanguage":"en-US","potentialAction":[{"@type":"ReadAction","target":[["https:\/\/www.workshop.ee\/en\/toode\/looduslik-aedviljavaetis-3l\/"]]}]},{"@type":"ImageObject","inLanguage":"en-US","@id":"https:\/\/www.workshop.ee\/en\/toode\/looduslik-aedviljavaetis-3l\/#primaryimage","url":"https:\/\/www.workshop.ee\/wp-content\/uploads\/2024\/07\/Bio-aedvilja.png","contentUrl":"https:\/\/www.workshop.ee\/wp-content\/uploads\/2024\/07\/Bio-aedvilja.png","width":373,"height":565},{"@type":"BreadcrumbList","@id":"https:\/\/www.workshop.ee\/en\/toode\/looduslik-aedviljavaetis-3l\/#breadcrumb","itemListElement":[{"@type":"ListItem","position":1,"name":"Home","item":"https:\/\/www.workshop.ee\/en\/"},{"@type":"ListItem","position":2,"name":"E-pood","item":"https:\/\/www.workshop.ee\/en\/e-pood\/"},{"@type":"ListItem","position":3,"name":"Looduslik aedviljav\u00e4etis-3L"}]},{"@type":"WebSite","@id":"https:\/\/www.workshop.ee\/en\/#website","url":"https:\/\/www.workshop.ee\/en\/","name":"WorkShop","description":"","publisher":{"@id":"https:\/\/www.workshop.ee\/en\/#organization"},"potentialAction":[{"@type":"SearchAction","target":{"@type":"EntryPoint","urlTemplate":"https:\/\/www.workshop.ee\/en\/?s={search_term_string}"},"query-input":{"@type":"PropertyValueSpecification","valueRequired":true,"valueName":"search_term_string"}}],"inLanguage":"en-US"},{"@type":"Organization","@id":"https:\/\/www.workshop.ee\/en\/#organization","name":"WorkShop","url":"https:\/\/www.workshop.ee\/en\/","logo":{"@type":"ImageObject","inLanguage":"en-US","@id":"https:\/\/www.workshop.ee\/en\/#\/schema\/logo\/image\/","url":"https:\/\/www.workshop.ee\/wp-content\/uploads\/2024\/06\/logo.png","contentUrl":"https:\/\/www.workshop.ee\/wp-content\/uploads\/2024\/06\/logo.png","width":170,"height":57,"caption":"WorkShop"},"image":{"@id":"https:\/\/www.workshop.ee\/en\/#\/schema\/logo\/image\/"}}]}},"_links":{"self":[{"href":"https:\/\/www.workshop.ee\/en\/wp-json\/wp\/v2\/product\/10739","targetHints":{"allow":["GET"]}}],"collection":[{"href":"https:\/\/www.workshop.ee\/en\/wp-json\/wp\/v2\/product"}],"about":[{"href":"https:\/\/www.workshop.ee\/en\/wp-json\/wp\/v2\/types\/product"}],"wp:featuredmedia":[{"embeddable":true,"href":"https:\/\/www.workshop.ee\/en\/wp-json\/wp\/v2\/media\/10768"}],"wp:attachment":[{"href":"https:\/\/www.workshop.ee\/en\/wp-json\/wp\/v2\/media?parent=10739"}],"wp:term":[{"taxonomy":"product_brand","embeddable":true,"href":"https:\/\/www.workshop.ee\/en\/wp-json\/wp\/v2\/product_brand?post=10739"},{"taxonomy":"product_cat","embeddable":true,"href":"https:\/\/www.workshop.ee\/en\/wp-json\/wp\/v2\/product_cat?post=10739"},{"taxonomy":"product_tag","embeddable":true,"href":"https:\/\/www.workshop.ee\/en\/wp-json\/wp\/v2\/product_tag?post=10739"}],"curies":[{"name":"wp","href":"https:\/\/api.w.org\/{rel}","templated":true}]}}