{"id":10797,"date":"2024-08-24T16:15:35","date_gmt":"2024-08-24T13:15:35","guid":{"rendered":"https:\/\/uuswp.workshop.ee\/?post_type=product&#038;p=10797"},"modified":"2024-08-25T14:20:12","modified_gmt":"2024-08-25T11:20:12","slug":"repeller-verejahu-vaetis-1l","status":"publish","type":"product","link":"https:\/\/www.workshop.ee\/en\/toode\/repeller-verejahu-vaetis-1l\/","title":{"rendered":"Repeller-Verejahu v\u00e4etis-3L (kopeeri)"},"content":{"rendered":"<p>Loomi l\u00f5hnaga peletava 100 % looduslik verejahu toode . M\u00f5ju kestab 3-6 kuni kuud ,s\u00f5ltuvalt \u00f5huniiskusest . Kitsede ja p\u00f5trade kaitseks\/ peletamiseks pritsida peamiselt ladvad. J\u00e4neste kaitseks pritsi v\u00f5i pintselda t\u00fcved ja alumised lehed. Viljapuudel ja p\u00f5\u00f5satel vajalik enne hiliss\u00fcgist , samuti niiskemal talvel v\u00f5i varakevadel . Talvel kui loomad intensiivselt toitu otsivad v\u00f5ib osutuda vajalikuks taimede kordust\u00f6\u00f6tlus 3 kuu p\u00e4rast. Dekoratiivtaimi pritsida peamiselt lehtedele ja v\u00e4ltida \u00f5itele sattumist. Pritsi alati noortele ja uutele v\u00f5rsetele. Pulber lahustada soojas vees ja lasta seista pool tundi. Valmissegatud lahus kasutada \u00e4ra 24 tunni jooksul.Verejahu pakend hoida jahedas,kuivas ja pimedas ruumis .Kasutamata pulber pakkida \u00f5hutihedalt .<br \/>\n<\/p>","protected":false},"excerpt":{"rendered":"<p>Sisaldab ainult toorainet, mis on lubatud E\u00dc m\u00e4\u00e4rusega mahep\u00f5llumajanduses.<\/p>\n","protected":false},"featured_media":10541,"template":"","meta":[],"product_brand":[],"product_cat":[82],"product_tag":[],"class_list":{"0":"post-10797","1":"product","2":"type-product","3":"status-publish","4":"has-post-thumbnail","6":"product_cat-bio-mahe-vaetis-2","8":"first","9":"instock","10":"shipping-taxable","11":"purchasable","12":"product-type-simple"},"yoast_head":"<!-- This site is optimized with the Yoast SEO plugin v26.8 - https:\/\/yoast.com\/product\/yoast-seo-wordpress\/ -->\n<title>Repeller-Verejahu v\u00e4etis-3L (kopeeri) - WorkShop<\/title>\n<meta name=\"robots\" content=\"index, follow, max-snippet:-1, max-image-preview:large, max-video-preview:-1\" \/>\n<link rel=\"canonical\" href=\"https:\/\/www.workshop.ee\/en\/toode\/repeller-verejahu-vaetis-1l\/\" \/>\n<meta property=\"og:locale\" content=\"en_US\" \/>\n<meta property=\"og:type\" content=\"article\" \/>\n<meta property=\"og:title\" content=\"Repeller-Verejahu v\u00e4etis-3L (kopeeri) - WorkShop\" \/>\n<meta property=\"og:description\" content=\"Sisaldab ainult toorainet, mis on lubatud E\u00dc m\u00e4\u00e4rusega mahep\u00f5llumajanduses.\" \/>\n<meta property=\"og:url\" content=\"https:\/\/www.workshop.ee\/en\/toode\/repeller-verejahu-vaetis-1l\/\" \/>\n<meta property=\"og:site_name\" content=\"WorkShop\" \/>\n<meta property=\"article:modified_time\" content=\"2024-08-25T11:20:12+00:00\" \/>\n<meta property=\"og:image\" content=\"https:\/\/www.workshop.ee\/wp-content\/uploads\/2024\/07\/Verijauho.jpg\" \/>\n\t<meta property=\"og:image:width\" content=\"1252\" \/>\n\t<meta property=\"og:image:height\" content=\"1843\" \/>\n\t<meta property=\"og:image:type\" content=\"image\/jpeg\" \/>\n<meta name=\"twitter:card\" content=\"summary_large_image\" \/>\n<meta name=\"twitter:label1\" content=\"Est. reading time\" \/>\n\t<meta name=\"twitter:data1\" content=\"1 minute\" \/>\n<script type=\"application\/ld+json\" class=\"yoast-schema-graph\">{\"@context\":\"https:\/\/schema.org\",\"@graph\":[{\"@type\":\"WebPage\",\"@id\":\"https:\/\/www.workshop.ee\/en\/toode\/repeller-verejahu-vaetis-1l\/\",\"url\":\"https:\/\/www.workshop.ee\/en\/toode\/repeller-verejahu-vaetis-1l\/\",\"name\":\"Repeller-Verejahu v\u00e4etis-3L (kopeeri) - WorkShop\",\"isPartOf\":{\"@id\":\"https:\/\/www.workshop.ee\/en\/#website\"},\"primaryImageOfPage\":{\"@id\":\"https:\/\/www.workshop.ee\/en\/toode\/repeller-verejahu-vaetis-1l\/#primaryimage\"},\"image\":{\"@id\":\"https:\/\/www.workshop.ee\/toode\/repeller-verejahu-vaetis-1l\/#primaryimage\"},\"thumbnailUrl\":\"https:\/\/www.workshop.ee\/wp-content\/uploads\/2024\/07\/Verijauho.jpg\",\"datePublished\":\"2024-08-24T13:15:35+00:00\",\"dateModified\":\"2024-08-25T11:20:12+00:00\",\"breadcrumb\":{\"@id\":\"https:\/\/www.workshop.ee\/en\/toode\/repeller-verejahu-vaetis-1l\/#breadcrumb\"},\"inLanguage\":\"en-US\",\"potentialAction\":[{\"@type\":\"ReadAction\",\"target\":[[\"https:\/\/www.workshop.ee\/en\/toode\/repeller-verejahu-vaetis-1l\/\"]]}]},{\"@type\":\"ImageObject\",\"inLanguage\":\"en-US\",\"@id\":\"https:\/\/www.workshop.ee\/en\/toode\/repeller-verejahu-vaetis-1l\/#primaryimage\",\"url\":\"https:\/\/www.workshop.ee\/wp-content\/uploads\/2024\/07\/Verijauho.jpg\",\"contentUrl\":\"https:\/\/www.workshop.ee\/wp-content\/uploads\/2024\/07\/Verijauho.jpg\",\"width\":1252,\"height\":1843},{\"@type\":\"BreadcrumbList\",\"@id\":\"https:\/\/www.workshop.ee\/en\/toode\/repeller-verejahu-vaetis-1l\/#breadcrumb\",\"itemListElement\":[{\"@type\":\"ListItem\",\"position\":1,\"name\":\"Home\",\"item\":\"https:\/\/www.workshop.ee\/en\/\"},{\"@type\":\"ListItem\",\"position\":2,\"name\":\"E-pood\",\"item\":\"https:\/\/www.workshop.ee\/en\/e-pood\/\"},{\"@type\":\"ListItem\",\"position\":3,\"name\":\"Repeller-Verejahu v\u00e4etis-1L\"}]},{\"@type\":\"WebSite\",\"@id\":\"https:\/\/www.workshop.ee\/en\/#website\",\"url\":\"https:\/\/www.workshop.ee\/en\/\",\"name\":\"WorkShop\",\"description\":\"\",\"publisher\":{\"@id\":\"https:\/\/www.workshop.ee\/en\/#organization\"},\"potentialAction\":[{\"@type\":\"SearchAction\",\"target\":{\"@type\":\"EntryPoint\",\"urlTemplate\":\"https:\/\/www.workshop.ee\/en\/?s={search_term_string}\"},\"query-input\":{\"@type\":\"PropertyValueSpecification\",\"valueRequired\":true,\"valueName\":\"search_term_string\"}}],\"inLanguage\":\"en-US\"},{\"@type\":\"Organization\",\"@id\":\"https:\/\/www.workshop.ee\/en\/#organization\",\"name\":\"WorkShop\",\"url\":\"https:\/\/www.workshop.ee\/en\/\",\"logo\":{\"@type\":\"ImageObject\",\"inLanguage\":\"en-US\",\"@id\":\"https:\/\/www.workshop.ee\/en\/#\/schema\/logo\/image\/\",\"url\":\"https:\/\/www.workshop.ee\/wp-content\/uploads\/2024\/06\/logo.png\",\"contentUrl\":\"https:\/\/www.workshop.ee\/wp-content\/uploads\/2024\/06\/logo.png\",\"width\":170,\"height\":57,\"caption\":\"WorkShop\"},\"image\":{\"@id\":\"https:\/\/www.workshop.ee\/en\/#\/schema\/logo\/image\/\"}}]}<\/script>\n<!-- \/ Yoast SEO plugin. -->","yoast_head_json":{"title":"Repeller-Verejahu v\u00e4etis-3L (kopeeri) - WorkShop","robots":{"index":"index","follow":"follow","max-snippet":"max-snippet:-1","max-image-preview":"max-image-preview:large","max-video-preview":"max-video-preview:-1"},"canonical":"https:\/\/www.workshop.ee\/en\/toode\/repeller-verejahu-vaetis-1l\/","og_locale":"en_US","og_type":"article","og_title":"Repeller-Verejahu v\u00e4etis-3L (kopeeri) - WorkShop","og_description":"Sisaldab ainult toorainet, mis on lubatud E\u00dc m\u00e4\u00e4rusega mahep\u00f5llumajanduses.","og_url":"https:\/\/www.workshop.ee\/en\/toode\/repeller-verejahu-vaetis-1l\/","og_site_name":"WorkShop","article_modified_time":"2024-08-25T11:20:12+00:00","og_image":[{"width":1252,"height":1843,"url":"https:\/\/www.workshop.ee\/wp-content\/uploads\/2024\/07\/Verijauho.jpg","type":"image\/jpeg"}],"twitter_card":"summary_large_image","twitter_misc":{"Est. reading time":"1 minute"},"schema":{"@context":"https:\/\/schema.org","@graph":[{"@type":"WebPage","@id":"https:\/\/www.workshop.ee\/en\/toode\/repeller-verejahu-vaetis-1l\/","url":"https:\/\/www.workshop.ee\/en\/toode\/repeller-verejahu-vaetis-1l\/","name":"Repeller-Verejahu v\u00e4etis-3L (kopeeri) - WorkShop","isPartOf":{"@id":"https:\/\/www.workshop.ee\/en\/#website"},"primaryImageOfPage":{"@id":"https:\/\/www.workshop.ee\/en\/toode\/repeller-verejahu-vaetis-1l\/#primaryimage"},"image":{"@id":"https:\/\/www.workshop.ee\/toode\/repeller-verejahu-vaetis-1l\/#primaryimage"},"thumbnailUrl":"https:\/\/www.workshop.ee\/wp-content\/uploads\/2024\/07\/Verijauho.jpg","datePublished":"2024-08-24T13:15:35+00:00","dateModified":"2024-08-25T11:20:12+00:00","breadcrumb":{"@id":"https:\/\/www.workshop.ee\/en\/toode\/repeller-verejahu-vaetis-1l\/#breadcrumb"},"inLanguage":"en-US","potentialAction":[{"@type":"ReadAction","target":[["https:\/\/www.workshop.ee\/en\/toode\/repeller-verejahu-vaetis-1l\/"]]}]},{"@type":"ImageObject","inLanguage":"en-US","@id":"https:\/\/www.workshop.ee\/en\/toode\/repeller-verejahu-vaetis-1l\/#primaryimage","url":"https:\/\/www.workshop.ee\/wp-content\/uploads\/2024\/07\/Verijauho.jpg","contentUrl":"https:\/\/www.workshop.ee\/wp-content\/uploads\/2024\/07\/Verijauho.jpg","width":1252,"height":1843},{"@type":"BreadcrumbList","@id":"https:\/\/www.workshop.ee\/en\/toode\/repeller-verejahu-vaetis-1l\/#breadcrumb","itemListElement":[{"@type":"ListItem","position":1,"name":"Home","item":"https:\/\/www.workshop.ee\/en\/"},{"@type":"ListItem","position":2,"name":"E-pood","item":"https:\/\/www.workshop.ee\/en\/e-pood\/"},{"@type":"ListItem","position":3,"name":"Repeller-Verejahu v\u00e4etis-1L"}]},{"@type":"WebSite","@id":"https:\/\/www.workshop.ee\/en\/#website","url":"https:\/\/www.workshop.ee\/en\/","name":"WorkShop","description":"","publisher":{"@id":"https:\/\/www.workshop.ee\/en\/#organization"},"potentialAction":[{"@type":"SearchAction","target":{"@type":"EntryPoint","urlTemplate":"https:\/\/www.workshop.ee\/en\/?s={search_term_string}"},"query-input":{"@type":"PropertyValueSpecification","valueRequired":true,"valueName":"search_term_string"}}],"inLanguage":"en-US"},{"@type":"Organization","@id":"https:\/\/www.workshop.ee\/en\/#organization","name":"WorkShop","url":"https:\/\/www.workshop.ee\/en\/","logo":{"@type":"ImageObject","inLanguage":"en-US","@id":"https:\/\/www.workshop.ee\/en\/#\/schema\/logo\/image\/","url":"https:\/\/www.workshop.ee\/wp-content\/uploads\/2024\/06\/logo.png","contentUrl":"https:\/\/www.workshop.ee\/wp-content\/uploads\/2024\/06\/logo.png","width":170,"height":57,"caption":"WorkShop"},"image":{"@id":"https:\/\/www.workshop.ee\/en\/#\/schema\/logo\/image\/"}}]}},"_links":{"self":[{"href":"https:\/\/www.workshop.ee\/en\/wp-json\/wp\/v2\/product\/10797","targetHints":{"allow":["GET"]}}],"collection":[{"href":"https:\/\/www.workshop.ee\/en\/wp-json\/wp\/v2\/product"}],"about":[{"href":"https:\/\/www.workshop.ee\/en\/wp-json\/wp\/v2\/types\/product"}],"wp:featuredmedia":[{"embeddable":true,"href":"https:\/\/www.workshop.ee\/en\/wp-json\/wp\/v2\/media\/10541"}],"wp:attachment":[{"href":"https:\/\/www.workshop.ee\/en\/wp-json\/wp\/v2\/media?parent=10797"}],"wp:term":[{"taxonomy":"product_brand","embeddable":true,"href":"https:\/\/www.workshop.ee\/en\/wp-json\/wp\/v2\/product_brand?post=10797"},{"taxonomy":"product_cat","embeddable":true,"href":"https:\/\/www.workshop.ee\/en\/wp-json\/wp\/v2\/product_cat?post=10797"},{"taxonomy":"product_tag","embeddable":true,"href":"https:\/\/www.workshop.ee\/en\/wp-json\/wp\/v2\/product_tag?post=10797"}],"curies":[{"name":"wp","href":"https:\/\/api.w.org\/{rel}","templated":true}]}}