{"id":10085,"date":"2024-06-13T15:00:44","date_gmt":"2024-06-13T12:00:44","guid":{"rendered":"https:\/\/uuswp.workshop.ee\/?page_id=10085"},"modified":"2024-09-16T17:00:48","modified_gmt":"2024-09-16T14:00:48","slug":"ostu-tingimused","status":"publish","type":"page","link":"https:\/\/www.workshop.ee\/fi\/ostu-tingimused\/","title":{"rendered":"Ostu tingimused"},"content":{"rendered":"<p><strong>www.workshop.ee (workshop\u2019i e-poe ) kasutamine ja n\u00f5uanded ostmiseks:<\/strong><\/p>\n<p>1. Meie e-kaubamajast on lihtne ja mugav osta. Tellimusi saab vormistada \u00f6\u00f6p\u00e4evaringselt 7 p\u00e4eva n\u00e4dalas. P\u00fcsikliendi andmed on eelt\u00e4idetud, seega registreerides on ostmine veelgi kiirem ja mugavam.<br \/>\nSamas on v\u00f5imalik sooritada ost ka k\u00fclaliskliendina.<\/p>\n<p>2. Vali meelep\u00e4rased tooted klikates\u00a0 tootele \u00a0&#8221;Lisa Ostukorvi&#8221;. Lisades tooted ostukorvi on v\u00f5imalik ostlemist j\u00e4tkata ning kui k\u00f5ik tooted on valitud saab vormistada ostu valides &#8221; (tulen kohapeale j\u00e4rgi \/ saatke posti teel)&#8221;.<br \/>\nTooteid, mille juures ei ole kuvatud nuppu &#8221;Lisa Ostukorvi&#8221;, ei ole hetkel v\u00f5imalik tellida. Toote saadavuse kohta saab infot k\u00fcsida\u00a0<a title=\"e-posti\" href=\"mailto:info@hansashop.eu\">e-posti<\/a>\u00a0v\u00f5i telefoni (+372 5016281 \u00a0) teel.<\/p>\n<p>3. Soovitavat kogust saad ostukorvis muuta. Kui otsustad, et ei soovi toodet siiski osta, siis vali koguseks 0 (null) v\u00f5i kasuta \u00a0 X\u00a0 \u00a0nupukest tooterea l\u00f5pus ning toode kustutatakse ostukorvist.<br \/>\nKoguseid muutes klikka kindlasti ka nupule Uuenda ostukorvi, et ostukorvi sisu summa \u00fcmber arvutataks. K\u00f5ik hinnad on Eurodes ja sisaldavad k\u00e4ibemaksu.<\/p>\n<p>4. Kui tooted on v\u00e4lja valitud ja kogused kontrollitud on aeg tellimus vormistada. Selleks klikka nupudele tasun: &#8221;arvega &#8221; ; \u2019\u2019 pangalingiga\u2019\u2019 .<br \/>\nEdasi valige Teile sobilik ostu vormistamise viis &#8211; kas k\u00fclalisena v\u00f5i kliendina.<\/p>\n<p>5. Tellitud kauba k\u00e4ttesaamiseks on mitu v\u00f5imalust: valides Tarneviiside men\u00fc\u00fcst \u201e Ise j\u00e4rgi\u201c saad kauba k\u00e4tte\u00a0 : V\u00e4ike-T\u00f6\u00f6stuse 4,Haapsalu .<br \/>\nTeine v\u00f5imalus on kasutada \u00a0kullerteenuseid v\u00f5i pakiautomaati. Tellitud kaupade hinnale lisandub\u00a0 teenuse hind.<\/p>\n<p>6. Sul on v\u00f5imalik valida just sulle sobiv makseviis. Maksta saab nii l\u00e4bi internetipanga kui ka arvega .<br \/>\nMeie kaupluses V\u00e4ike-T\u00f6\u00f6stuse 4, saab maksta sularahas .<\/p>\n<p>7. Tellimus loetakse \u00fcldjuhul pakkumuseks v\u00f5la\u00f5igusseaduse t\u00e4henduses. Workshop O\u00dc ei pea oma n\u00f5ustumisest Tellimusega Tellijale eraldi teatama.<br \/>\nKui\u00a0 Workshop asub tellimust t\u00e4itma, loetakse tellimus aktsepteerituks. Juhul, kui Tellija on teavitanud\u00a0 Workshop\u2019i oma e-maili aadressist,<br \/>\nsiis edastatakse talle Tellimuse kinnitus elektrooniliselt. Tellimuse kinnitus omab \u00fcksnes informatiivset t\u00e4hendust Tellimuse k\u00e4ttesaamise kohta.<br \/>\nTellimust esitades kinnitab Ostja, et ta on v\u00e4hemalt 16-aastane, tema otsusev\u00f5ime ja juhul, kui ta on t\u00e4isealine, siis ka tema teov\u00f5ime ei ole piiratud.<\/p>\n<p>8. Workshopi e-kauplusse\u00a0 esitatud tellimused vaadatakse \u00fcle 3 t\u00f6\u00f6p\u00e4eva jooksul. Juhul kui soovitud kaupa hetkel ei ole laos v\u00f5i ei ole v\u00f5imalik muul p\u00f5hjusel tellimust t\u00e4ita, v\u00f5tab Workshop\u2019i esindaja Sinuga kirjalikult \u00fchendust, et leppida kokku tasutud summa t\u00e4ielikus v\u00f5i osalises tagastamises v\u00f5i kliendi n\u00f5usolekul toodete pikemas tarneajas.<\/p>\n<p>9. Kauba hind v\u00f5i kauba saadavus v\u00f5ib jooksvalt ja ette teatamata muutuda. Workshop\u00a0 O\u00dc-l on \u00f5igus e-kaupluse\u00a0 vahendusel s\u00f5lmitud m\u00fc\u00fcgi- v\u00f5i j\u00e4relmaksulepingust sanktsioonideta taganeda, kui e-kauplusel\u00a0 ei ole v\u00f5imalik tellimust t\u00e4ita. Sel juhul v\u00f5etakse ostjaga \u00fchendust ning tagastatakse tasutud summa.<\/p>\n<p>10. Kaupade tarnimise alustamise aeg on kaks t\u00f6\u00f6p\u00e4eva kuni kolm t\u00f6\u00f6n\u00e4dalat, vastavalt toote juures olevale tarne informatsioonile. Kui tellitud toodete tarneajad on erinevad, l\u00e4htutakse toodete tarnimisel pikimast tarneajast, kui pole teisiti kokku lepitud. Kui tellimuse t\u00e4itmine v\u00f5tab rohkem aega, siis teatatakse sellest kliendile e-kirjaga.<\/p>\n<p>11. Kliendil on \u00f5igus 14 p\u00e4eva jooksul alates kauba k\u00e4ttetoimetamise p\u00e4evast kaup tagastada ja kauba eest tasutud raha tagasi saada (va transpordikulud).<br \/>\nKauba tagastamisel tasub tagastamise traspordikulud klient. Tagastamisele kuuluv summa kantakse kliendi pangaarvele\u00a0\u00a0 \u00a0 (samale, millelt kauba eest algselt tasuti 30 p\u00e4eva jooksul, eeldusel, et kaup tagastatakse selle aja piires Workshop\u2019i lattu).<br \/>\nTagastatud kuid garantiiekspertiisi vajavate kaupade eest makstakse raha tagasi 6 n\u00e4dala jooksul.<br \/>\nNB! Kaupa ei saa tagastada ,kui olete k\u00e4inud kaubal ise j\u00e4rel ja veendunud kauba \u00f5igsuses.<\/p>\n<p>12. Vabas vormis taganemisavaldus peab olema Workshop\u00a0 O\u00dc\u2019le saadetud kirjalikult aadressil info@workshop.ee v\u00f5i kontaktaadressil t\u00e4htaja (so 14 p\u00e4eva) jooksul.<br \/>\nTagastatav kaup ei tohi olla kasutatud ning see peab olema originaalpakendis. Kaupa v\u00f5ib proovida, et veenduda selle sobivuses v\u00f5i mittesobivuses, kuid proovimise k\u00e4igus tuleb tagada kauba ja selle pakendi minimaalne m\u00f5jutatus. Proovimine t\u00e4hendab samav\u00e4\u00e4rset kasutust, nagu on tavaks jaekaubandusasutustes enne ostu sooritamist.<br \/>\nTagastada ei ole v\u00f5imalik s\u00e4ilivust\u00e4htaja \u00fcletanud kaupa, kliendi poolt vale kasutamise t\u00f5ttu purunenud v\u00f5i rikutud kaupa (nt kasutusjuhendis m\u00e4rgitud tingimuste mitte j\u00e4rgimine).<\/p>\n<p>13. Pretensioonide korral v\u00f5tke \u00fchendust meie teeninduskeskusega. Teeninduskeskuse telefon +372 5016281 , e-post: <a href=\"mailto:info@workshop.ee\">info@workshop.ee<\/a>; tiit@workshop.ee<\/p>\n<p>14. K\u00f5ik\u00a0www.workshop.ee\u00a0lehel olevad tootepildid on illustratiivse t\u00e4hendusega. Kauplejal on \u00f5igus ilma ette teatamata muuta m\u00fc\u00fcdavate kaupade hindu, sortimenti, kirjeldusi ja muud kaupu puudutavat infot.<\/p>\n<p>15. Kinnitame, et tegutseme vastavalt Eesti Vabariigis kehtivale v\u00f5la\u00f5igusseadusele, tarbijakaitseseadusele, kaubandustegevuse seadusele ja reklaamiseadusele.<\/p>\n<p>16. Tellija isikuandmed, mis on sisestatud ostude sooritamiseks, on konfidentsiaalne info ja ei kuulu avaldamisele kolmandatele osapooltele, v.a. seadusega etten\u00e4htud juhtudel.<\/p>\n<p>17. Workshop O\u00dc\u00a0 e-kauplusel\u00a0\u00a0 on \u00f5igus keelduda Kliendilt Tellimuse vastuv\u00f5tmisest, kui Tellija on Lepingust taganenud ja tellitud kauba v\u00e4ljaostmata tagasi saatnud 2 (kaks ) v\u00f5i enam korda 12- (kaheteist-) kuulise j\u00e4rjestikkuse ajaperioodi jooksul .<\/p>","protected":false},"excerpt":{"rendered":"<p>www.workshop.ee (workshop\u2019i e-poe ) kasutamine ja n\u00f5uanded ostmiseks: 1. Meie e-kaubamajast on lihtne ja mugav osta. Tellimusi saab vormistada \u00f6\u00f6p\u00e4evaringselt<\/p>\n","protected":false},"author":1,"featured_media":0,"parent":0,"menu_order":0,"comment_status":"closed","ping_status":"closed","template":"","meta":{"footnotes":""},"class_list":["post-10085","page","type-page","status-publish","hentry"],"yoast_head":"<!-- This site is optimized with the Yoast SEO plugin v26.8 - https:\/\/yoast.com\/product\/yoast-seo-wordpress\/ -->\n<title>Ostu tingimused - WorkShop<\/title>\n<meta name=\"robots\" content=\"index, follow, max-snippet:-1, max-image-preview:large, max-video-preview:-1\" \/>\n<link rel=\"canonical\" href=\"https:\/\/www.workshop.ee\/fi\/ostu-tingimused\/\" \/>\n<meta property=\"og:locale\" content=\"fi_FI\" \/>\n<meta property=\"og:type\" content=\"article\" \/>\n<meta property=\"og:title\" content=\"Ostu tingimused - WorkShop\" \/>\n<meta property=\"og:description\" content=\"www.workshop.ee (workshop\u2019i e-poe ) kasutamine ja n\u00f5uanded ostmiseks: 1. Meie e-kaubamajast on lihtne ja mugav osta. Tellimusi saab vormistada \u00f6\u00f6p\u00e4evaringselt\" \/>\n<meta property=\"og:url\" content=\"https:\/\/www.workshop.ee\/fi\/ostu-tingimused\/\" \/>\n<meta property=\"og:site_name\" content=\"WorkShop\" \/>\n<meta property=\"article:modified_time\" content=\"2024-09-16T14:00:48+00:00\" \/>\n<meta name=\"twitter:card\" content=\"summary_large_image\" \/>\n<meta name=\"twitter:label1\" content=\"Arvioitu lukuaika\" \/>\n\t<meta name=\"twitter:data1\" content=\"8 minuuttia\" \/>\n<script type=\"application\/ld+json\" class=\"yoast-schema-graph\">{\"@context\":\"https:\/\/schema.org\",\"@graph\":[{\"@type\":\"WebPage\",\"@id\":\"https:\/\/www.workshop.ee\/fi\/ostu-tingimused\/\",\"url\":\"https:\/\/www.workshop.ee\/fi\/ostu-tingimused\/\",\"name\":\"Ostu tingimused - WorkShop\",\"isPartOf\":{\"@id\":\"https:\/\/www.workshop.ee\/fi\/#website\"},\"datePublished\":\"2024-06-13T12:00:44+00:00\",\"dateModified\":\"2024-09-16T14:00:48+00:00\",\"breadcrumb\":{\"@id\":\"https:\/\/www.workshop.ee\/fi\/ostu-tingimused\/#breadcrumb\"},\"inLanguage\":\"fi\",\"potentialAction\":[{\"@type\":\"ReadAction\",\"target\":[[\"https:\/\/www.workshop.ee\/fi\/ostu-tingimused\/\"]]}]},{\"@type\":\"BreadcrumbList\",\"@id\":\"https:\/\/www.workshop.ee\/fi\/ostu-tingimused\/#breadcrumb\",\"itemListElement\":[{\"@type\":\"ListItem\",\"position\":1,\"name\":\"Home\",\"item\":\"https:\/\/www.workshop.ee\/fi\/\"},{\"@type\":\"ListItem\",\"position\":2,\"name\":\"Ostu tingimused\"}]},{\"@type\":\"WebSite\",\"@id\":\"https:\/\/www.workshop.ee\/fi\/#website\",\"url\":\"https:\/\/www.workshop.ee\/fi\/\",\"name\":\"WorkShop\",\"description\":\"\",\"publisher\":{\"@id\":\"https:\/\/www.workshop.ee\/fi\/#organization\"},\"potentialAction\":[{\"@type\":\"SearchAction\",\"target\":{\"@type\":\"EntryPoint\",\"urlTemplate\":\"https:\/\/www.workshop.ee\/fi\/?s={search_term_string}\"},\"query-input\":{\"@type\":\"PropertyValueSpecification\",\"valueRequired\":true,\"valueName\":\"search_term_string\"}}],\"inLanguage\":\"fi\"},{\"@type\":\"Organization\",\"@id\":\"https:\/\/www.workshop.ee\/fi\/#organization\",\"name\":\"WorkShop\",\"url\":\"https:\/\/www.workshop.ee\/fi\/\",\"logo\":{\"@type\":\"ImageObject\",\"inLanguage\":\"fi\",\"@id\":\"https:\/\/www.workshop.ee\/fi\/#\/schema\/logo\/image\/\",\"url\":\"https:\/\/www.workshop.ee\/wp-content\/uploads\/2024\/06\/logo.png\",\"contentUrl\":\"https:\/\/www.workshop.ee\/wp-content\/uploads\/2024\/06\/logo.png\",\"width\":170,\"height\":57,\"caption\":\"WorkShop\"},\"image\":{\"@id\":\"https:\/\/www.workshop.ee\/fi\/#\/schema\/logo\/image\/\"}}]}<\/script>\n<!-- \/ Yoast SEO plugin. -->","yoast_head_json":{"title":"Ostu tingimused - WorkShop","robots":{"index":"index","follow":"follow","max-snippet":"max-snippet:-1","max-image-preview":"max-image-preview:large","max-video-preview":"max-video-preview:-1"},"canonical":"https:\/\/www.workshop.ee\/fi\/ostu-tingimused\/","og_locale":"fi_FI","og_type":"article","og_title":"Ostu tingimused - WorkShop","og_description":"www.workshop.ee (workshop\u2019i e-poe ) kasutamine ja n\u00f5uanded ostmiseks: 1. Meie e-kaubamajast on lihtne ja mugav osta. Tellimusi saab vormistada \u00f6\u00f6p\u00e4evaringselt","og_url":"https:\/\/www.workshop.ee\/fi\/ostu-tingimused\/","og_site_name":"WorkShop","article_modified_time":"2024-09-16T14:00:48+00:00","twitter_card":"summary_large_image","twitter_misc":{"Arvioitu lukuaika":"8 minuuttia"},"schema":{"@context":"https:\/\/schema.org","@graph":[{"@type":"WebPage","@id":"https:\/\/www.workshop.ee\/fi\/ostu-tingimused\/","url":"https:\/\/www.workshop.ee\/fi\/ostu-tingimused\/","name":"Ostu tingimused - WorkShop","isPartOf":{"@id":"https:\/\/www.workshop.ee\/fi\/#website"},"datePublished":"2024-06-13T12:00:44+00:00","dateModified":"2024-09-16T14:00:48+00:00","breadcrumb":{"@id":"https:\/\/www.workshop.ee\/fi\/ostu-tingimused\/#breadcrumb"},"inLanguage":"fi","potentialAction":[{"@type":"ReadAction","target":[["https:\/\/www.workshop.ee\/fi\/ostu-tingimused\/"]]}]},{"@type":"BreadcrumbList","@id":"https:\/\/www.workshop.ee\/fi\/ostu-tingimused\/#breadcrumb","itemListElement":[{"@type":"ListItem","position":1,"name":"Home","item":"https:\/\/www.workshop.ee\/fi\/"},{"@type":"ListItem","position":2,"name":"Ostu tingimused"}]},{"@type":"WebSite","@id":"https:\/\/www.workshop.ee\/fi\/#website","url":"https:\/\/www.workshop.ee\/fi\/","name":"WorkShop","description":"","publisher":{"@id":"https:\/\/www.workshop.ee\/fi\/#organization"},"potentialAction":[{"@type":"SearchAction","target":{"@type":"EntryPoint","urlTemplate":"https:\/\/www.workshop.ee\/fi\/?s={search_term_string}"},"query-input":{"@type":"PropertyValueSpecification","valueRequired":true,"valueName":"search_term_string"}}],"inLanguage":"fi"},{"@type":"Organization","@id":"https:\/\/www.workshop.ee\/fi\/#organization","name":"WorkShop","url":"https:\/\/www.workshop.ee\/fi\/","logo":{"@type":"ImageObject","inLanguage":"fi","@id":"https:\/\/www.workshop.ee\/fi\/#\/schema\/logo\/image\/","url":"https:\/\/www.workshop.ee\/wp-content\/uploads\/2024\/06\/logo.png","contentUrl":"https:\/\/www.workshop.ee\/wp-content\/uploads\/2024\/06\/logo.png","width":170,"height":57,"caption":"WorkShop"},"image":{"@id":"https:\/\/www.workshop.ee\/fi\/#\/schema\/logo\/image\/"}}]}},"_links":{"self":[{"href":"https:\/\/www.workshop.ee\/fi\/wp-json\/wp\/v2\/pages\/10085","targetHints":{"allow":["GET"]}}],"collection":[{"href":"https:\/\/www.workshop.ee\/fi\/wp-json\/wp\/v2\/pages"}],"about":[{"href":"https:\/\/www.workshop.ee\/fi\/wp-json\/wp\/v2\/types\/page"}],"author":[{"embeddable":true,"href":"https:\/\/www.workshop.ee\/fi\/wp-json\/wp\/v2\/users\/1"}],"replies":[{"embeddable":true,"href":"https:\/\/www.workshop.ee\/fi\/wp-json\/wp\/v2\/comments?post=10085"}],"version-history":[{"count":2,"href":"https:\/\/www.workshop.ee\/fi\/wp-json\/wp\/v2\/pages\/10085\/revisions"}],"predecessor-version":[{"id":10837,"href":"https:\/\/www.workshop.ee\/fi\/wp-json\/wp\/v2\/pages\/10085\/revisions\/10837"}],"wp:attachment":[{"href":"https:\/\/www.workshop.ee\/fi\/wp-json\/wp\/v2\/media?parent=10085"}],"curies":[{"name":"wp","href":"https:\/\/api.w.org\/{rel}","templated":true}]}}