{"id":10581,"date":"2024-07-07T16:56:52","date_gmt":"2024-07-07T13:56:52","guid":{"rendered":"https:\/\/uuswp.workshop.ee\/toode\/kalajahu-vaetis-3l-2\/"},"modified":"2025-04-15T14:45:37","modified_gmt":"2025-04-15T11:45:37","slug":"kalajahu-vaetis-3l-2","status":"publish","type":"product","link":"https:\/\/www.workshop.ee\/fi\/toode\/kalajahu-vaetis-3l-2\/","title":{"rendered":"Kalajahu v\u00e4etis-3L"},"content":{"rendered":"<p>Kalajahu on orgaaniline v\u00e4etis ,sobib k\u00f5ikidele taimedele .Kalajahus on palju fosforit ,mis soodustab taimede j\u00f5udsat kasvu .Tagab \u00f5itsemise ja viljumise ning\u00a0suure saagikuse .Kalajahu rikastab mulda kasulike bakterite ja mikroorganismidega ning parndab mulla struktuuri.Orgaaniline kalajahu v\u00e4etis on keskkonna s\u00f5bralik .<\/p>\n","protected":false},"excerpt":{"rendered":"<p>Kalajahu\u00a0on orgaaniline\u00a0v\u00e4etis, mis sisaldab ainult looduslikke elemente, see sobib\u00a0k\u00f5ikidele taimedele. Kalajahu\u00a0sisaldab mikro- ja makroelemente, mis on vajalikud\u00a0taimede kasvuks ja arenguks\u00a0N-P-K 6-4-0,4<\/p>\n","protected":false},"featured_media":10155,"template":"","meta":[],"product_brand":[],"product_cat":[70],"product_tag":[],"class_list":{"0":"post-10581","1":"product","2":"type-product","3":"status-publish","4":"has-post-thumbnail","6":"product_cat-loodusvaetised","8":"first","9":"instock","10":"shipping-taxable","11":"purchasable","12":"product-type-simple"},"yoast_head":"<!-- This site is optimized with the Yoast SEO plugin v26.8 - https:\/\/yoast.com\/product\/yoast-seo-wordpress\/ -->\n<title>Kalajahu v\u00e4etis-3L - WorkShop<\/title>\n<meta name=\"robots\" content=\"index, follow, max-snippet:-1, max-image-preview:large, max-video-preview:-1\" \/>\n<link rel=\"canonical\" href=\"https:\/\/www.workshop.ee\/fi\/toode\/kalajahu-vaetis-3l-2\/\" \/>\n<meta property=\"og:locale\" content=\"fi_FI\" \/>\n<meta property=\"og:type\" content=\"article\" \/>\n<meta property=\"og:title\" content=\"Kalajahu v\u00e4etis-3L - WorkShop\" \/>\n<meta property=\"og:description\" content=\"Kalajahu\u00a0on orgaaniline\u00a0v\u00e4etis, mis sisaldab ainult looduslikke elemente, see sobib\u00a0k\u00f5ikidele taimedele. Kalajahu\u00a0sisaldab mikro- ja makroelemente, mis on vajalikud\u00a0taimede kasvuks ja arenguks\u00a0N-P-K 6-4-0,4\" \/>\n<meta property=\"og:url\" content=\"https:\/\/www.workshop.ee\/fi\/toode\/kalajahu-vaetis-3l-2\/\" \/>\n<meta property=\"og:site_name\" content=\"WorkShop\" \/>\n<meta property=\"article:modified_time\" content=\"2025-04-15T11:45:37+00:00\" \/>\n<meta property=\"og:image\" content=\"https:\/\/www.workshop.ee\/wp-content\/uploads\/2024\/07\/Kalajahu.jpg\" \/>\n\t<meta property=\"og:image:width\" content=\"1181\" \/>\n\t<meta property=\"og:image:height\" content=\"1771\" \/>\n\t<meta property=\"og:image:type\" content=\"image\/jpeg\" \/>\n<meta name=\"twitter:card\" content=\"summary_large_image\" \/>\n<meta name=\"twitter:label1\" content=\"Arvioitu lukuaika\" \/>\n\t<meta name=\"twitter:data1\" content=\"1 minuutti\" \/>\n<script type=\"application\/ld+json\" class=\"yoast-schema-graph\">{\"@context\":\"https:\/\/schema.org\",\"@graph\":[{\"@type\":\"WebPage\",\"@id\":\"https:\/\/www.workshop.ee\/fi\/toode\/kalajahu-vaetis-3l-2\/\",\"url\":\"https:\/\/www.workshop.ee\/fi\/toode\/kalajahu-vaetis-3l-2\/\",\"name\":\"Kalajahu v\u00e4etis-3L - WorkShop\",\"isPartOf\":{\"@id\":\"https:\/\/www.workshop.ee\/fi\/#website\"},\"primaryImageOfPage\":{\"@id\":\"https:\/\/www.workshop.ee\/fi\/toode\/kalajahu-vaetis-3l-2\/#primaryimage\"},\"image\":{\"@id\":\"https:\/\/www.workshop.ee\/toode\/kalajahu-vaetis-3l-2\/#primaryimage\"},\"thumbnailUrl\":\"https:\/\/www.workshop.ee\/wp-content\/uploads\/2024\/07\/Kalajahu.jpg\",\"datePublished\":\"2024-07-07T13:56:52+00:00\",\"dateModified\":\"2025-04-15T11:45:37+00:00\",\"breadcrumb\":{\"@id\":\"https:\/\/www.workshop.ee\/fi\/toode\/kalajahu-vaetis-3l-2\/#breadcrumb\"},\"inLanguage\":\"fi\",\"potentialAction\":[{\"@type\":\"ReadAction\",\"target\":[[\"https:\/\/www.workshop.ee\/fi\/toode\/kalajahu-vaetis-3l-2\/\"]]}]},{\"@type\":\"ImageObject\",\"inLanguage\":\"fi\",\"@id\":\"https:\/\/www.workshop.ee\/fi\/toode\/kalajahu-vaetis-3l-2\/#primaryimage\",\"url\":\"https:\/\/www.workshop.ee\/wp-content\/uploads\/2024\/07\/Kalajahu.jpg\",\"contentUrl\":\"https:\/\/www.workshop.ee\/wp-content\/uploads\/2024\/07\/Kalajahu.jpg\",\"width\":1181,\"height\":1771},{\"@type\":\"BreadcrumbList\",\"@id\":\"https:\/\/www.workshop.ee\/fi\/toode\/kalajahu-vaetis-3l-2\/#breadcrumb\",\"itemListElement\":[{\"@type\":\"ListItem\",\"position\":1,\"name\":\"Home\",\"item\":\"https:\/\/www.workshop.ee\/fi\/\"},{\"@type\":\"ListItem\",\"position\":2,\"name\":\"E-pood\",\"item\":\"https:\/\/www.workshop.ee\/fi\/e-pood\/\"},{\"@type\":\"ListItem\",\"position\":3,\"name\":\"Kalajahu v\u00e4etis-3L\"}]},{\"@type\":\"WebSite\",\"@id\":\"https:\/\/www.workshop.ee\/fi\/#website\",\"url\":\"https:\/\/www.workshop.ee\/fi\/\",\"name\":\"WorkShop\",\"description\":\"\",\"publisher\":{\"@id\":\"https:\/\/www.workshop.ee\/fi\/#organization\"},\"potentialAction\":[{\"@type\":\"SearchAction\",\"target\":{\"@type\":\"EntryPoint\",\"urlTemplate\":\"https:\/\/www.workshop.ee\/fi\/?s={search_term_string}\"},\"query-input\":{\"@type\":\"PropertyValueSpecification\",\"valueRequired\":true,\"valueName\":\"search_term_string\"}}],\"inLanguage\":\"fi\"},{\"@type\":\"Organization\",\"@id\":\"https:\/\/www.workshop.ee\/fi\/#organization\",\"name\":\"WorkShop\",\"url\":\"https:\/\/www.workshop.ee\/fi\/\",\"logo\":{\"@type\":\"ImageObject\",\"inLanguage\":\"fi\",\"@id\":\"https:\/\/www.workshop.ee\/fi\/#\/schema\/logo\/image\/\",\"url\":\"https:\/\/www.workshop.ee\/wp-content\/uploads\/2024\/06\/logo.png\",\"contentUrl\":\"https:\/\/www.workshop.ee\/wp-content\/uploads\/2024\/06\/logo.png\",\"width\":170,\"height\":57,\"caption\":\"WorkShop\"},\"image\":{\"@id\":\"https:\/\/www.workshop.ee\/fi\/#\/schema\/logo\/image\/\"}}]}<\/script>\n<!-- \/ Yoast SEO plugin. -->","yoast_head_json":{"title":"Kalajahu v\u00e4etis-3L - WorkShop","robots":{"index":"index","follow":"follow","max-snippet":"max-snippet:-1","max-image-preview":"max-image-preview:large","max-video-preview":"max-video-preview:-1"},"canonical":"https:\/\/www.workshop.ee\/fi\/toode\/kalajahu-vaetis-3l-2\/","og_locale":"fi_FI","og_type":"article","og_title":"Kalajahu v\u00e4etis-3L - WorkShop","og_description":"Kalajahu\u00a0on orgaaniline\u00a0v\u00e4etis, mis sisaldab ainult looduslikke elemente, see sobib\u00a0k\u00f5ikidele taimedele. Kalajahu\u00a0sisaldab mikro- ja makroelemente, mis on vajalikud\u00a0taimede kasvuks ja arenguks\u00a0N-P-K 6-4-0,4","og_url":"https:\/\/www.workshop.ee\/fi\/toode\/kalajahu-vaetis-3l-2\/","og_site_name":"WorkShop","article_modified_time":"2025-04-15T11:45:37+00:00","og_image":[{"width":1181,"height":1771,"url":"https:\/\/www.workshop.ee\/wp-content\/uploads\/2024\/07\/Kalajahu.jpg","type":"image\/jpeg"}],"twitter_card":"summary_large_image","twitter_misc":{"Arvioitu lukuaika":"1 minuutti"},"schema":{"@context":"https:\/\/schema.org","@graph":[{"@type":"WebPage","@id":"https:\/\/www.workshop.ee\/fi\/toode\/kalajahu-vaetis-3l-2\/","url":"https:\/\/www.workshop.ee\/fi\/toode\/kalajahu-vaetis-3l-2\/","name":"Kalajahu v\u00e4etis-3L - WorkShop","isPartOf":{"@id":"https:\/\/www.workshop.ee\/fi\/#website"},"primaryImageOfPage":{"@id":"https:\/\/www.workshop.ee\/fi\/toode\/kalajahu-vaetis-3l-2\/#primaryimage"},"image":{"@id":"https:\/\/www.workshop.ee\/toode\/kalajahu-vaetis-3l-2\/#primaryimage"},"thumbnailUrl":"https:\/\/www.workshop.ee\/wp-content\/uploads\/2024\/07\/Kalajahu.jpg","datePublished":"2024-07-07T13:56:52+00:00","dateModified":"2025-04-15T11:45:37+00:00","breadcrumb":{"@id":"https:\/\/www.workshop.ee\/fi\/toode\/kalajahu-vaetis-3l-2\/#breadcrumb"},"inLanguage":"fi","potentialAction":[{"@type":"ReadAction","target":[["https:\/\/www.workshop.ee\/fi\/toode\/kalajahu-vaetis-3l-2\/"]]}]},{"@type":"ImageObject","inLanguage":"fi","@id":"https:\/\/www.workshop.ee\/fi\/toode\/kalajahu-vaetis-3l-2\/#primaryimage","url":"https:\/\/www.workshop.ee\/wp-content\/uploads\/2024\/07\/Kalajahu.jpg","contentUrl":"https:\/\/www.workshop.ee\/wp-content\/uploads\/2024\/07\/Kalajahu.jpg","width":1181,"height":1771},{"@type":"BreadcrumbList","@id":"https:\/\/www.workshop.ee\/fi\/toode\/kalajahu-vaetis-3l-2\/#breadcrumb","itemListElement":[{"@type":"ListItem","position":1,"name":"Home","item":"https:\/\/www.workshop.ee\/fi\/"},{"@type":"ListItem","position":2,"name":"E-pood","item":"https:\/\/www.workshop.ee\/fi\/e-pood\/"},{"@type":"ListItem","position":3,"name":"Kalajahu v\u00e4etis-3L"}]},{"@type":"WebSite","@id":"https:\/\/www.workshop.ee\/fi\/#website","url":"https:\/\/www.workshop.ee\/fi\/","name":"WorkShop","description":"","publisher":{"@id":"https:\/\/www.workshop.ee\/fi\/#organization"},"potentialAction":[{"@type":"SearchAction","target":{"@type":"EntryPoint","urlTemplate":"https:\/\/www.workshop.ee\/fi\/?s={search_term_string}"},"query-input":{"@type":"PropertyValueSpecification","valueRequired":true,"valueName":"search_term_string"}}],"inLanguage":"fi"},{"@type":"Organization","@id":"https:\/\/www.workshop.ee\/fi\/#organization","name":"WorkShop","url":"https:\/\/www.workshop.ee\/fi\/","logo":{"@type":"ImageObject","inLanguage":"fi","@id":"https:\/\/www.workshop.ee\/fi\/#\/schema\/logo\/image\/","url":"https:\/\/www.workshop.ee\/wp-content\/uploads\/2024\/06\/logo.png","contentUrl":"https:\/\/www.workshop.ee\/wp-content\/uploads\/2024\/06\/logo.png","width":170,"height":57,"caption":"WorkShop"},"image":{"@id":"https:\/\/www.workshop.ee\/fi\/#\/schema\/logo\/image\/"}}]}},"_links":{"self":[{"href":"https:\/\/www.workshop.ee\/fi\/wp-json\/wp\/v2\/product\/10581","targetHints":{"allow":["GET"]}}],"collection":[{"href":"https:\/\/www.workshop.ee\/fi\/wp-json\/wp\/v2\/product"}],"about":[{"href":"https:\/\/www.workshop.ee\/fi\/wp-json\/wp\/v2\/types\/product"}],"wp:featuredmedia":[{"embeddable":true,"href":"https:\/\/www.workshop.ee\/fi\/wp-json\/wp\/v2\/media\/10155"}],"wp:attachment":[{"href":"https:\/\/www.workshop.ee\/fi\/wp-json\/wp\/v2\/media?parent=10581"}],"wp:term":[{"taxonomy":"product_brand","embeddable":true,"href":"https:\/\/www.workshop.ee\/fi\/wp-json\/wp\/v2\/product_brand?post=10581"},{"taxonomy":"product_cat","embeddable":true,"href":"https:\/\/www.workshop.ee\/fi\/wp-json\/wp\/v2\/product_cat?post=10581"},{"taxonomy":"product_tag","embeddable":true,"href":"https:\/\/www.workshop.ee\/fi\/wp-json\/wp\/v2\/product_tag?post=10581"}],"curies":[{"name":"wp","href":"https:\/\/api.w.org\/{rel}","templated":true}]}}