{"id":10584,"date":"2024-07-07T16:56:52","date_gmt":"2024-07-07T13:56:52","guid":{"rendered":"https:\/\/uuswp.workshop.ee\/toode\/koogivilja-vaetis-1l\/"},"modified":"2025-11-16T14:26:57","modified_gmt":"2025-11-16T12:26:57","slug":"koogivilja-vaetis-1l","status":"publish","type":"product","link":"https:\/\/www.workshop.ee\/fi\/toode\/koogivilja-vaetis-1l\/","title":{"rendered":"K\u00f6\u00f6givilja v\u00e4etis-1L"},"content":{"rendered":"<p>K\u00f6\u00f6givilja v\u00e4etis on h\u00fcgeene loodustoode ja ei sidalda umbrohu seemneid .S\u00f5nnik on kuumutatud ja granuleeritud ,seda on lihtne ja puhas k\u00e4sitseda .\u00a0K\u00f6\u00f6giv\u00e4etis sisaldab taimede jaoks vajalikke p\u00f5hi ja mikroelemente nende looduslikul kujul. Tagab taimede tugeva kasvu ja rikkaliku \u00f5itsemise ,suurendab\u00a0saagikust,s\u00f5nnik t\u00f5stab mulla huumuse sisaldust ja toidab pinnasele kasulikke mikroorganisme ja vihmausse .<\/p>\n","protected":false},"excerpt":{"rendered":"<p>K\u00f6\u00f6givilja v\u00e4etis sisaldab taimede jaoks vajalikke p\u00f5hi ja mikroelemente nende looduslikul kujul. T\u00f5stab mulla huumuse sisaldust ja toidab pinnasele kasulikke mikroorganisme ja vihmausse .<\/p>\n","protected":false},"featured_media":10374,"template":"","meta":[],"product_brand":[],"product_cat":[70],"product_tag":[],"class_list":{"0":"post-10584","1":"product","2":"type-product","3":"status-publish","4":"has-post-thumbnail","6":"product_cat-loodusvaetised","8":"first","9":"instock","10":"shipping-taxable","11":"purchasable","12":"product-type-simple"},"yoast_head":"<!-- This site is optimized with the Yoast SEO plugin v26.8 - https:\/\/yoast.com\/product\/yoast-seo-wordpress\/ -->\n<title>K\u00f6\u00f6givilja v\u00e4etis-1L - WorkShop<\/title>\n<meta name=\"robots\" content=\"index, follow, max-snippet:-1, max-image-preview:large, max-video-preview:-1\" \/>\n<link rel=\"canonical\" href=\"https:\/\/www.workshop.ee\/fi\/toode\/koogivilja-vaetis-1l\/\" \/>\n<meta property=\"og:locale\" content=\"fi_FI\" \/>\n<meta property=\"og:type\" content=\"article\" \/>\n<meta property=\"og:title\" content=\"K\u00f6\u00f6givilja v\u00e4etis-1L - WorkShop\" \/>\n<meta property=\"og:description\" content=\"K\u00f6\u00f6givilja v\u00e4etis sisaldab taimede jaoks vajalikke p\u00f5hi ja mikroelemente nende looduslikul kujul. T\u00f5stab mulla huumuse sisaldust ja toidab pinnasele kasulikke mikroorganisme ja vihmausse .\" \/>\n<meta property=\"og:url\" content=\"https:\/\/www.workshop.ee\/fi\/toode\/koogivilja-vaetis-1l\/\" \/>\n<meta property=\"og:site_name\" content=\"WorkShop\" \/>\n<meta property=\"article:modified_time\" content=\"2025-11-16T12:26:57+00:00\" \/>\n<meta property=\"og:image\" content=\"https:\/\/www.workshop.ee\/wp-content\/uploads\/2024\/07\/K-vilja-Copy.jpg\" \/>\n\t<meta property=\"og:image:width\" content=\"533\" \/>\n\t<meta property=\"og:image:height\" content=\"800\" \/>\n\t<meta property=\"og:image:type\" content=\"image\/jpeg\" \/>\n<meta name=\"twitter:card\" content=\"summary_large_image\" \/>\n<meta name=\"twitter:label1\" content=\"Arvioitu lukuaika\" \/>\n\t<meta name=\"twitter:data1\" content=\"1 minuutti\" \/>\n<script type=\"application\/ld+json\" class=\"yoast-schema-graph\">{\"@context\":\"https:\/\/schema.org\",\"@graph\":[{\"@type\":\"WebPage\",\"@id\":\"https:\/\/www.workshop.ee\/fi\/toode\/koogivilja-vaetis-1l\/\",\"url\":\"https:\/\/www.workshop.ee\/fi\/toode\/koogivilja-vaetis-1l\/\",\"name\":\"K\u00f6\u00f6givilja v\u00e4etis-1L - WorkShop\",\"isPartOf\":{\"@id\":\"https:\/\/www.workshop.ee\/fi\/#website\"},\"primaryImageOfPage\":{\"@id\":\"https:\/\/www.workshop.ee\/fi\/toode\/koogivilja-vaetis-1l\/#primaryimage\"},\"image\":{\"@id\":\"https:\/\/www.workshop.ee\/toode\/koogivilja-vaetis-1l\/#primaryimage\"},\"thumbnailUrl\":\"https:\/\/www.workshop.ee\/wp-content\/uploads\/2024\/07\/K-vilja-Copy.jpg\",\"datePublished\":\"2024-07-07T13:56:52+00:00\",\"dateModified\":\"2025-11-16T12:26:57+00:00\",\"breadcrumb\":{\"@id\":\"https:\/\/www.workshop.ee\/fi\/toode\/koogivilja-vaetis-1l\/#breadcrumb\"},\"inLanguage\":\"fi\",\"potentialAction\":[{\"@type\":\"ReadAction\",\"target\":[[\"https:\/\/www.workshop.ee\/fi\/toode\/koogivilja-vaetis-1l\/\"]]}]},{\"@type\":\"ImageObject\",\"inLanguage\":\"fi\",\"@id\":\"https:\/\/www.workshop.ee\/fi\/toode\/koogivilja-vaetis-1l\/#primaryimage\",\"url\":\"https:\/\/www.workshop.ee\/wp-content\/uploads\/2024\/07\/K-vilja-Copy.jpg\",\"contentUrl\":\"https:\/\/www.workshop.ee\/wp-content\/uploads\/2024\/07\/K-vilja-Copy.jpg\",\"width\":533,\"height\":800,\"caption\":\"100x150mm_etiketid.indd\"},{\"@type\":\"BreadcrumbList\",\"@id\":\"https:\/\/www.workshop.ee\/fi\/toode\/koogivilja-vaetis-1l\/#breadcrumb\",\"itemListElement\":[{\"@type\":\"ListItem\",\"position\":1,\"name\":\"Home\",\"item\":\"https:\/\/www.workshop.ee\/fi\/\"},{\"@type\":\"ListItem\",\"position\":2,\"name\":\"E-pood\",\"item\":\"https:\/\/www.workshop.ee\/fi\/e-pood\/\"},{\"@type\":\"ListItem\",\"position\":3,\"name\":\"K\u00f6\u00f6givilja v\u00e4etis-1L\"}]},{\"@type\":\"WebSite\",\"@id\":\"https:\/\/www.workshop.ee\/fi\/#website\",\"url\":\"https:\/\/www.workshop.ee\/fi\/\",\"name\":\"WorkShop\",\"description\":\"\",\"publisher\":{\"@id\":\"https:\/\/www.workshop.ee\/fi\/#organization\"},\"potentialAction\":[{\"@type\":\"SearchAction\",\"target\":{\"@type\":\"EntryPoint\",\"urlTemplate\":\"https:\/\/www.workshop.ee\/fi\/?s={search_term_string}\"},\"query-input\":{\"@type\":\"PropertyValueSpecification\",\"valueRequired\":true,\"valueName\":\"search_term_string\"}}],\"inLanguage\":\"fi\"},{\"@type\":\"Organization\",\"@id\":\"https:\/\/www.workshop.ee\/fi\/#organization\",\"name\":\"WorkShop\",\"url\":\"https:\/\/www.workshop.ee\/fi\/\",\"logo\":{\"@type\":\"ImageObject\",\"inLanguage\":\"fi\",\"@id\":\"https:\/\/www.workshop.ee\/fi\/#\/schema\/logo\/image\/\",\"url\":\"https:\/\/www.workshop.ee\/wp-content\/uploads\/2024\/06\/logo.png\",\"contentUrl\":\"https:\/\/www.workshop.ee\/wp-content\/uploads\/2024\/06\/logo.png\",\"width\":170,\"height\":57,\"caption\":\"WorkShop\"},\"image\":{\"@id\":\"https:\/\/www.workshop.ee\/fi\/#\/schema\/logo\/image\/\"}}]}<\/script>\n<!-- \/ Yoast SEO plugin. -->","yoast_head_json":{"title":"K\u00f6\u00f6givilja v\u00e4etis-1L - WorkShop","robots":{"index":"index","follow":"follow","max-snippet":"max-snippet:-1","max-image-preview":"max-image-preview:large","max-video-preview":"max-video-preview:-1"},"canonical":"https:\/\/www.workshop.ee\/fi\/toode\/koogivilja-vaetis-1l\/","og_locale":"fi_FI","og_type":"article","og_title":"K\u00f6\u00f6givilja v\u00e4etis-1L - WorkShop","og_description":"K\u00f6\u00f6givilja v\u00e4etis sisaldab taimede jaoks vajalikke p\u00f5hi ja mikroelemente nende looduslikul kujul. T\u00f5stab mulla huumuse sisaldust ja toidab pinnasele kasulikke mikroorganisme ja vihmausse .","og_url":"https:\/\/www.workshop.ee\/fi\/toode\/koogivilja-vaetis-1l\/","og_site_name":"WorkShop","article_modified_time":"2025-11-16T12:26:57+00:00","og_image":[{"width":533,"height":800,"url":"https:\/\/www.workshop.ee\/wp-content\/uploads\/2024\/07\/K-vilja-Copy.jpg","type":"image\/jpeg"}],"twitter_card":"summary_large_image","twitter_misc":{"Arvioitu lukuaika":"1 minuutti"},"schema":{"@context":"https:\/\/schema.org","@graph":[{"@type":"WebPage","@id":"https:\/\/www.workshop.ee\/fi\/toode\/koogivilja-vaetis-1l\/","url":"https:\/\/www.workshop.ee\/fi\/toode\/koogivilja-vaetis-1l\/","name":"K\u00f6\u00f6givilja v\u00e4etis-1L - WorkShop","isPartOf":{"@id":"https:\/\/www.workshop.ee\/fi\/#website"},"primaryImageOfPage":{"@id":"https:\/\/www.workshop.ee\/fi\/toode\/koogivilja-vaetis-1l\/#primaryimage"},"image":{"@id":"https:\/\/www.workshop.ee\/toode\/koogivilja-vaetis-1l\/#primaryimage"},"thumbnailUrl":"https:\/\/www.workshop.ee\/wp-content\/uploads\/2024\/07\/K-vilja-Copy.jpg","datePublished":"2024-07-07T13:56:52+00:00","dateModified":"2025-11-16T12:26:57+00:00","breadcrumb":{"@id":"https:\/\/www.workshop.ee\/fi\/toode\/koogivilja-vaetis-1l\/#breadcrumb"},"inLanguage":"fi","potentialAction":[{"@type":"ReadAction","target":[["https:\/\/www.workshop.ee\/fi\/toode\/koogivilja-vaetis-1l\/"]]}]},{"@type":"ImageObject","inLanguage":"fi","@id":"https:\/\/www.workshop.ee\/fi\/toode\/koogivilja-vaetis-1l\/#primaryimage","url":"https:\/\/www.workshop.ee\/wp-content\/uploads\/2024\/07\/K-vilja-Copy.jpg","contentUrl":"https:\/\/www.workshop.ee\/wp-content\/uploads\/2024\/07\/K-vilja-Copy.jpg","width":533,"height":800,"caption":"100x150mm_etiketid.indd"},{"@type":"BreadcrumbList","@id":"https:\/\/www.workshop.ee\/fi\/toode\/koogivilja-vaetis-1l\/#breadcrumb","itemListElement":[{"@type":"ListItem","position":1,"name":"Home","item":"https:\/\/www.workshop.ee\/fi\/"},{"@type":"ListItem","position":2,"name":"E-pood","item":"https:\/\/www.workshop.ee\/fi\/e-pood\/"},{"@type":"ListItem","position":3,"name":"K\u00f6\u00f6givilja v\u00e4etis-1L"}]},{"@type":"WebSite","@id":"https:\/\/www.workshop.ee\/fi\/#website","url":"https:\/\/www.workshop.ee\/fi\/","name":"WorkShop","description":"","publisher":{"@id":"https:\/\/www.workshop.ee\/fi\/#organization"},"potentialAction":[{"@type":"SearchAction","target":{"@type":"EntryPoint","urlTemplate":"https:\/\/www.workshop.ee\/fi\/?s={search_term_string}"},"query-input":{"@type":"PropertyValueSpecification","valueRequired":true,"valueName":"search_term_string"}}],"inLanguage":"fi"},{"@type":"Organization","@id":"https:\/\/www.workshop.ee\/fi\/#organization","name":"WorkShop","url":"https:\/\/www.workshop.ee\/fi\/","logo":{"@type":"ImageObject","inLanguage":"fi","@id":"https:\/\/www.workshop.ee\/fi\/#\/schema\/logo\/image\/","url":"https:\/\/www.workshop.ee\/wp-content\/uploads\/2024\/06\/logo.png","contentUrl":"https:\/\/www.workshop.ee\/wp-content\/uploads\/2024\/06\/logo.png","width":170,"height":57,"caption":"WorkShop"},"image":{"@id":"https:\/\/www.workshop.ee\/fi\/#\/schema\/logo\/image\/"}}]}},"_links":{"self":[{"href":"https:\/\/www.workshop.ee\/fi\/wp-json\/wp\/v2\/product\/10584","targetHints":{"allow":["GET"]}}],"collection":[{"href":"https:\/\/www.workshop.ee\/fi\/wp-json\/wp\/v2\/product"}],"about":[{"href":"https:\/\/www.workshop.ee\/fi\/wp-json\/wp\/v2\/types\/product"}],"wp:featuredmedia":[{"embeddable":true,"href":"https:\/\/www.workshop.ee\/fi\/wp-json\/wp\/v2\/media\/10374"}],"wp:attachment":[{"href":"https:\/\/www.workshop.ee\/fi\/wp-json\/wp\/v2\/media?parent=10584"}],"wp:term":[{"taxonomy":"product_brand","embeddable":true,"href":"https:\/\/www.workshop.ee\/fi\/wp-json\/wp\/v2\/product_brand?post=10584"},{"taxonomy":"product_cat","embeddable":true,"href":"https:\/\/www.workshop.ee\/fi\/wp-json\/wp\/v2\/product_cat?post=10584"},{"taxonomy":"product_tag","embeddable":true,"href":"https:\/\/www.workshop.ee\/fi\/wp-json\/wp\/v2\/product_tag?post=10584"}],"curies":[{"name":"wp","href":"https:\/\/api.w.org\/{rel}","templated":true}]}}