{"id":10610,"date":"2024-07-07T16:57:01","date_gmt":"2024-07-07T13:57:01","guid":{"rendered":"https:\/\/uuswp.workshop.ee\/toode\/orhideevaetise-konsentraat-025l\/"},"modified":"2025-02-26T10:31:36","modified_gmt":"2025-02-26T08:31:36","slug":"orhideevaetise-konsentraat-025l","status":"publish","type":"product","link":"https:\/\/www.workshop.ee\/fi\/toode\/orhideevaetise-konsentraat-025l\/","title":{"rendered":"Orhideev\u00e4etise konsentraat 0,25L"},"content":{"rendered":"<p>Orhidee-toitelahus k\u00f5ikidele orhideeliikidele aastringseks kasutamiseks kastmisvette segatuna.<br \/>\nToitelahu on valmistatud vetikapreparaadist ja sisaldab orhideedele vajalikke looduslikke taimehormoone ja erinevaid toitaineid, mikromineraale need on olulised taime tervislikuks kasvuks. Merevetikas on palju kaalium, see on t\u00e4htis makroelement taimede kasvus ja arengus, parandades n\u00e4iteks k\u00fclma-, haigus- ja p\u00f5uakindlust, kindlustab fotos\u00fcnteesiprotsesside kulgemist ning parandab taime kvaliteeti. Merevetikas sisaldab ka antitoksiine, mis aitavad taimedel v\u00f5idelda bakterite ja viiruste vastu ning peletada putukaid. T\u00f5stab taime taluvust keskkonnast tuleneva stressi vastu ja soodustab v\u00f5rsete ja juurte arenemist. Seega aktiveerib \u00f5itsemist, orhideede \u00f5ied on lopsakad ja kirka \u00f5iev\u00e4rviga.<br \/>\nKastmine; \u00bdkorgit\u00e4it merevetika-toitelahust 1 &#8211; 2 liitri vee kohta (vihmavesi v\u00f5i keedetud leige vesi), kasvuperioodil v\u00e4etada 2-3 korda kuus, talvel (oktoobrist m\u00e4rtsini) 1-2 korda kuus..<br \/>\n<\/p>","protected":false},"excerpt":{"rendered":"<p>Kastmine; \u00bdkorgit\u00e4it merevetika-toitelahust 1 &#8211; 2 liitri vee kohta (vihmavesi v\u00f5i keedetud leige vesi), kasvuperioodil v\u00e4etada 2-3 korda kuus, talvel (oktoobrist m\u00e4rtsini) 1-2 korda kuus..<\/p>\n","protected":false},"featured_media":10452,"template":"","meta":[],"product_brand":[],"product_cat":[81],"product_tag":[],"class_list":{"0":"post-10610","1":"product","2":"type-product","3":"status-publish","4":"has-post-thumbnail","6":"product_cat-iluaeda-loodusvaetised-2","8":"first","9":"instock","10":"shipping-taxable","11":"purchasable","12":"product-type-simple"},"yoast_head":"<!-- This site is optimized with the Yoast SEO plugin v26.8 - https:\/\/yoast.com\/product\/yoast-seo-wordpress\/ -->\n<title>Orhideev\u00e4etise konsentraat 0,25L - WorkShop<\/title>\n<meta name=\"robots\" content=\"index, follow, max-snippet:-1, max-image-preview:large, max-video-preview:-1\" \/>\n<link rel=\"canonical\" href=\"https:\/\/www.workshop.ee\/fi\/toode\/orhideevaetise-konsentraat-025l\/\" \/>\n<meta property=\"og:locale\" content=\"fi_FI\" \/>\n<meta property=\"og:type\" content=\"article\" \/>\n<meta property=\"og:title\" content=\"Orhideev\u00e4etise konsentraat 0,25L - WorkShop\" \/>\n<meta property=\"og:description\" content=\"Kastmine; \u00bdkorgit\u00e4it merevetika-toitelahust 1 - 2 liitri vee kohta (vihmavesi v\u00f5i keedetud leige vesi), kasvuperioodil v\u00e4etada 2-3 korda kuus, talvel (oktoobrist m\u00e4rtsini) 1-2 korda kuus..\" \/>\n<meta property=\"og:url\" content=\"https:\/\/www.workshop.ee\/fi\/toode\/orhideevaetise-konsentraat-025l\/\" \/>\n<meta property=\"og:site_name\" content=\"WorkShop\" \/>\n<meta property=\"article:modified_time\" content=\"2025-02-26T08:31:36+00:00\" \/>\n<meta property=\"og:image\" content=\"https:\/\/www.workshop.ee\/wp-content\/uploads\/2024\/07\/Orhidee-konsentraat-2017-09-26-474x800.jpg\" \/>\n\t<meta property=\"og:image:width\" content=\"474\" \/>\n\t<meta property=\"og:image:height\" content=\"800\" \/>\n\t<meta property=\"og:image:type\" content=\"image\/jpeg\" \/>\n<meta name=\"twitter:card\" content=\"summary_large_image\" \/>\n<meta name=\"twitter:label1\" content=\"Arvioitu lukuaika\" \/>\n\t<meta name=\"twitter:data1\" content=\"1 minuutti\" \/>\n<script type=\"application\/ld+json\" class=\"yoast-schema-graph\">{\"@context\":\"https:\/\/schema.org\",\"@graph\":[{\"@type\":\"WebPage\",\"@id\":\"https:\/\/www.workshop.ee\/fi\/toode\/orhideevaetise-konsentraat-025l\/\",\"url\":\"https:\/\/www.workshop.ee\/fi\/toode\/orhideevaetise-konsentraat-025l\/\",\"name\":\"Orhideev\u00e4etise konsentraat 0,25L - WorkShop\",\"isPartOf\":{\"@id\":\"https:\/\/www.workshop.ee\/fi\/#website\"},\"primaryImageOfPage\":{\"@id\":\"https:\/\/www.workshop.ee\/fi\/toode\/orhideevaetise-konsentraat-025l\/#primaryimage\"},\"image\":{\"@id\":\"https:\/\/www.workshop.ee\/toode\/orhideevaetise-konsentraat-025l\/#primaryimage\"},\"thumbnailUrl\":\"https:\/\/www.workshop.ee\/wp-content\/uploads\/2024\/07\/Orhidee-konsentraat-2017-09-26.jpg\",\"datePublished\":\"2024-07-07T13:57:01+00:00\",\"dateModified\":\"2025-02-26T08:31:36+00:00\",\"breadcrumb\":{\"@id\":\"https:\/\/www.workshop.ee\/fi\/toode\/orhideevaetise-konsentraat-025l\/#breadcrumb\"},\"inLanguage\":\"fi\",\"potentialAction\":[{\"@type\":\"ReadAction\",\"target\":[[\"https:\/\/www.workshop.ee\/fi\/toode\/orhideevaetise-konsentraat-025l\/\"]]}]},{\"@type\":\"ImageObject\",\"inLanguage\":\"fi\",\"@id\":\"https:\/\/www.workshop.ee\/fi\/toode\/orhideevaetise-konsentraat-025l\/#primaryimage\",\"url\":\"https:\/\/www.workshop.ee\/wp-content\/uploads\/2024\/07\/Orhidee-konsentraat-2017-09-26.jpg\",\"contentUrl\":\"https:\/\/www.workshop.ee\/wp-content\/uploads\/2024\/07\/Orhidee-konsentraat-2017-09-26.jpg\",\"width\":825,\"height\":1392},{\"@type\":\"BreadcrumbList\",\"@id\":\"https:\/\/www.workshop.ee\/fi\/toode\/orhideevaetise-konsentraat-025l\/#breadcrumb\",\"itemListElement\":[{\"@type\":\"ListItem\",\"position\":1,\"name\":\"Home\",\"item\":\"https:\/\/www.workshop.ee\/fi\/\"},{\"@type\":\"ListItem\",\"position\":2,\"name\":\"E-pood\",\"item\":\"https:\/\/www.workshop.ee\/fi\/e-pood\/\"},{\"@type\":\"ListItem\",\"position\":3,\"name\":\"Orhideev\u00e4etise konsentraat 0,25L\"}]},{\"@type\":\"WebSite\",\"@id\":\"https:\/\/www.workshop.ee\/fi\/#website\",\"url\":\"https:\/\/www.workshop.ee\/fi\/\",\"name\":\"WorkShop\",\"description\":\"\",\"publisher\":{\"@id\":\"https:\/\/www.workshop.ee\/fi\/#organization\"},\"potentialAction\":[{\"@type\":\"SearchAction\",\"target\":{\"@type\":\"EntryPoint\",\"urlTemplate\":\"https:\/\/www.workshop.ee\/fi\/?s={search_term_string}\"},\"query-input\":{\"@type\":\"PropertyValueSpecification\",\"valueRequired\":true,\"valueName\":\"search_term_string\"}}],\"inLanguage\":\"fi\"},{\"@type\":\"Organization\",\"@id\":\"https:\/\/www.workshop.ee\/fi\/#organization\",\"name\":\"WorkShop\",\"url\":\"https:\/\/www.workshop.ee\/fi\/\",\"logo\":{\"@type\":\"ImageObject\",\"inLanguage\":\"fi\",\"@id\":\"https:\/\/www.workshop.ee\/fi\/#\/schema\/logo\/image\/\",\"url\":\"https:\/\/www.workshop.ee\/wp-content\/uploads\/2024\/06\/logo.png\",\"contentUrl\":\"https:\/\/www.workshop.ee\/wp-content\/uploads\/2024\/06\/logo.png\",\"width\":170,\"height\":57,\"caption\":\"WorkShop\"},\"image\":{\"@id\":\"https:\/\/www.workshop.ee\/fi\/#\/schema\/logo\/image\/\"}}]}<\/script>\n<!-- \/ Yoast SEO plugin. -->","yoast_head_json":{"title":"Orhideev\u00e4etise konsentraat 0,25L - WorkShop","robots":{"index":"index","follow":"follow","max-snippet":"max-snippet:-1","max-image-preview":"max-image-preview:large","max-video-preview":"max-video-preview:-1"},"canonical":"https:\/\/www.workshop.ee\/fi\/toode\/orhideevaetise-konsentraat-025l\/","og_locale":"fi_FI","og_type":"article","og_title":"Orhideev\u00e4etise konsentraat 0,25L - WorkShop","og_description":"Kastmine; \u00bdkorgit\u00e4it merevetika-toitelahust 1 - 2 liitri vee kohta (vihmavesi v\u00f5i keedetud leige vesi), kasvuperioodil v\u00e4etada 2-3 korda kuus, talvel (oktoobrist m\u00e4rtsini) 1-2 korda kuus..","og_url":"https:\/\/www.workshop.ee\/fi\/toode\/orhideevaetise-konsentraat-025l\/","og_site_name":"WorkShop","article_modified_time":"2025-02-26T08:31:36+00:00","og_image":[{"width":474,"height":800,"url":"https:\/\/www.workshop.ee\/wp-content\/uploads\/2024\/07\/Orhidee-konsentraat-2017-09-26-474x800.jpg","type":"image\/jpeg"}],"twitter_card":"summary_large_image","twitter_misc":{"Arvioitu lukuaika":"1 minuutti"},"schema":{"@context":"https:\/\/schema.org","@graph":[{"@type":"WebPage","@id":"https:\/\/www.workshop.ee\/fi\/toode\/orhideevaetise-konsentraat-025l\/","url":"https:\/\/www.workshop.ee\/fi\/toode\/orhideevaetise-konsentraat-025l\/","name":"Orhideev\u00e4etise konsentraat 0,25L - WorkShop","isPartOf":{"@id":"https:\/\/www.workshop.ee\/fi\/#website"},"primaryImageOfPage":{"@id":"https:\/\/www.workshop.ee\/fi\/toode\/orhideevaetise-konsentraat-025l\/#primaryimage"},"image":{"@id":"https:\/\/www.workshop.ee\/toode\/orhideevaetise-konsentraat-025l\/#primaryimage"},"thumbnailUrl":"https:\/\/www.workshop.ee\/wp-content\/uploads\/2024\/07\/Orhidee-konsentraat-2017-09-26.jpg","datePublished":"2024-07-07T13:57:01+00:00","dateModified":"2025-02-26T08:31:36+00:00","breadcrumb":{"@id":"https:\/\/www.workshop.ee\/fi\/toode\/orhideevaetise-konsentraat-025l\/#breadcrumb"},"inLanguage":"fi","potentialAction":[{"@type":"ReadAction","target":[["https:\/\/www.workshop.ee\/fi\/toode\/orhideevaetise-konsentraat-025l\/"]]}]},{"@type":"ImageObject","inLanguage":"fi","@id":"https:\/\/www.workshop.ee\/fi\/toode\/orhideevaetise-konsentraat-025l\/#primaryimage","url":"https:\/\/www.workshop.ee\/wp-content\/uploads\/2024\/07\/Orhidee-konsentraat-2017-09-26.jpg","contentUrl":"https:\/\/www.workshop.ee\/wp-content\/uploads\/2024\/07\/Orhidee-konsentraat-2017-09-26.jpg","width":825,"height":1392},{"@type":"BreadcrumbList","@id":"https:\/\/www.workshop.ee\/fi\/toode\/orhideevaetise-konsentraat-025l\/#breadcrumb","itemListElement":[{"@type":"ListItem","position":1,"name":"Home","item":"https:\/\/www.workshop.ee\/fi\/"},{"@type":"ListItem","position":2,"name":"E-pood","item":"https:\/\/www.workshop.ee\/fi\/e-pood\/"},{"@type":"ListItem","position":3,"name":"Orhideev\u00e4etise konsentraat 0,25L"}]},{"@type":"WebSite","@id":"https:\/\/www.workshop.ee\/fi\/#website","url":"https:\/\/www.workshop.ee\/fi\/","name":"WorkShop","description":"","publisher":{"@id":"https:\/\/www.workshop.ee\/fi\/#organization"},"potentialAction":[{"@type":"SearchAction","target":{"@type":"EntryPoint","urlTemplate":"https:\/\/www.workshop.ee\/fi\/?s={search_term_string}"},"query-input":{"@type":"PropertyValueSpecification","valueRequired":true,"valueName":"search_term_string"}}],"inLanguage":"fi"},{"@type":"Organization","@id":"https:\/\/www.workshop.ee\/fi\/#organization","name":"WorkShop","url":"https:\/\/www.workshop.ee\/fi\/","logo":{"@type":"ImageObject","inLanguage":"fi","@id":"https:\/\/www.workshop.ee\/fi\/#\/schema\/logo\/image\/","url":"https:\/\/www.workshop.ee\/wp-content\/uploads\/2024\/06\/logo.png","contentUrl":"https:\/\/www.workshop.ee\/wp-content\/uploads\/2024\/06\/logo.png","width":170,"height":57,"caption":"WorkShop"},"image":{"@id":"https:\/\/www.workshop.ee\/fi\/#\/schema\/logo\/image\/"}}]}},"_links":{"self":[{"href":"https:\/\/www.workshop.ee\/fi\/wp-json\/wp\/v2\/product\/10610","targetHints":{"allow":["GET"]}}],"collection":[{"href":"https:\/\/www.workshop.ee\/fi\/wp-json\/wp\/v2\/product"}],"about":[{"href":"https:\/\/www.workshop.ee\/fi\/wp-json\/wp\/v2\/types\/product"}],"wp:featuredmedia":[{"embeddable":true,"href":"https:\/\/www.workshop.ee\/fi\/wp-json\/wp\/v2\/media\/10452"}],"wp:attachment":[{"href":"https:\/\/www.workshop.ee\/fi\/wp-json\/wp\/v2\/media?parent=10610"}],"wp:term":[{"taxonomy":"product_brand","embeddable":true,"href":"https:\/\/www.workshop.ee\/fi\/wp-json\/wp\/v2\/product_brand?post=10610"},{"taxonomy":"product_cat","embeddable":true,"href":"https:\/\/www.workshop.ee\/fi\/wp-json\/wp\/v2\/product_cat?post=10610"},{"taxonomy":"product_tag","embeddable":true,"href":"https:\/\/www.workshop.ee\/fi\/wp-json\/wp\/v2\/product_tag?post=10610"}],"curies":[{"name":"wp","href":"https:\/\/api.w.org\/{rel}","templated":true}]}}