{"id":10616,"date":"2024-07-07T16:57:01","date_gmt":"2024-07-07T13:57:01","guid":{"rendered":"https:\/\/uuswp.workshop.ee\/toode\/maitsetaimede-konsentraat-0-25l\/"},"modified":"2025-11-16T13:51:00","modified_gmt":"2025-11-16T11:51:00","slug":"maitsetaimede-konsentraat-0-25l","status":"publish","type":"product","link":"https:\/\/www.workshop.ee\/fi\/toode\/maitsetaimede-konsentraat-0-25l\/","title":{"rendered":"Maitsetaimede konsentraat-0.25L"},"content":{"rendered":"<p>Kontsentraat on valmistatud merevetikast, sisaldab looduslikke taimehormoone ja erinevaid toitaineid, mikromineraale need on olulised taime tervislikuks kasvuks. Merevetikas on palju kaalium, see on t\u00e4htis makroelement taimede kasvus ja arengus, parandades n\u00e4iteks k\u00fclma-, haigus- ja p\u00f5uakindlust, kindlustab fotos\u00fcnteesiprotsesside kulgemist ning parandab saagi kvaliteeti. Merevetikas sisaldab ka antitoksiine, mis aitavad taimedel v\u00f5idelda bakterite ja viiruste vastu ning peletada putukaid. Parandab seemnete idanemist ja istikute juurdumist. T\u00f5stab taime taluvust keskkonnast tuleneva stressi vastu ja soodustab v\u00f5rsete ning juurte arenemist. Seega parandab taimede kvaliteeti, \u00f5itsemist ja viljumist. Suurendab saagikust Pritsimine; \u00bd korgit\u00e4it merevetika-konsentraati 2- 2,5 liitri vee kohta. Pritsi 3-4 korda, iga 20-p\u00e4evase intervalliga kasvuperioodil. Pritsi varahommikul v\u00f5i hilis\u00f5htul, \u00e4ra kasuta vihma, tugeva tuule v\u00f5i \u00e4\u00e4rmusliku temperatuuri tingimustes.<br \/>\n<\/p>","protected":false},"excerpt":{"rendered":"<p>T\u00f5stab taime taluvust keskkonnast tuleneva stressi vastu ja soodustab v\u00f5rsete ning juurte arenemist.<\/p>\n","protected":false},"featured_media":10433,"template":"","meta":[],"product_brand":[],"product_cat":[81,82,75],"product_tag":[],"class_list":{"0":"post-10616","1":"product","2":"type-product","3":"status-publish","4":"has-post-thumbnail","6":"product_cat-iluaeda-loodusvaetised-2","7":"product_cat-bio-mahe-vaetis-2","8":"product_cat-tarbeaeda-loodusvaetised","10":"first","11":"instock","12":"shipping-taxable","13":"purchasable","14":"product-type-simple"},"yoast_head":"<!-- This site is optimized with the Yoast SEO plugin v26.8 - https:\/\/yoast.com\/product\/yoast-seo-wordpress\/ -->\n<title>Maitsetaimede konsentraat-0.25L - WorkShop<\/title>\n<meta name=\"robots\" content=\"index, follow, max-snippet:-1, max-image-preview:large, max-video-preview:-1\" \/>\n<link rel=\"canonical\" href=\"https:\/\/www.workshop.ee\/fi\/toode\/maitsetaimede-konsentraat-0-25l\/\" \/>\n<meta property=\"og:locale\" content=\"fi_FI\" \/>\n<meta property=\"og:type\" content=\"article\" \/>\n<meta property=\"og:title\" content=\"Maitsetaimede konsentraat-0.25L - WorkShop\" \/>\n<meta property=\"og:description\" content=\"T\u00f5stab taime taluvust keskkonnast tuleneva stressi vastu ja soodustab v\u00f5rsete ning juurte arenemist.\" \/>\n<meta property=\"og:url\" content=\"https:\/\/www.workshop.ee\/fi\/toode\/maitsetaimede-konsentraat-0-25l\/\" \/>\n<meta property=\"og:site_name\" content=\"WorkShop\" \/>\n<meta property=\"article:modified_time\" content=\"2025-11-16T11:51:00+00:00\" \/>\n<meta property=\"og:image\" content=\"https:\/\/www.workshop.ee\/wp-content\/uploads\/2024\/07\/maitsetaimede-konsentraat-477x800.jpg\" \/>\n\t<meta property=\"og:image:width\" content=\"477\" \/>\n\t<meta property=\"og:image:height\" content=\"800\" \/>\n\t<meta property=\"og:image:type\" content=\"image\/jpeg\" \/>\n<meta name=\"twitter:card\" content=\"summary_large_image\" \/>\n<meta name=\"twitter:label1\" content=\"Arvioitu lukuaika\" \/>\n\t<meta name=\"twitter:data1\" content=\"1 minuutti\" \/>\n<script type=\"application\/ld+json\" class=\"yoast-schema-graph\">{\"@context\":\"https:\/\/schema.org\",\"@graph\":[{\"@type\":\"WebPage\",\"@id\":\"https:\/\/www.workshop.ee\/fi\/toode\/maitsetaimede-konsentraat-0-25l\/\",\"url\":\"https:\/\/www.workshop.ee\/fi\/toode\/maitsetaimede-konsentraat-0-25l\/\",\"name\":\"Maitsetaimede konsentraat-0.25L - WorkShop\",\"isPartOf\":{\"@id\":\"https:\/\/www.workshop.ee\/fi\/#website\"},\"primaryImageOfPage\":{\"@id\":\"https:\/\/www.workshop.ee\/fi\/toode\/maitsetaimede-konsentraat-0-25l\/#primaryimage\"},\"image\":{\"@id\":\"https:\/\/www.workshop.ee\/toode\/maitsetaimede-konsentraat-0-25l\/#primaryimage\"},\"thumbnailUrl\":\"https:\/\/www.workshop.ee\/wp-content\/uploads\/2024\/07\/maitsetaimede-konsentraat.jpg\",\"datePublished\":\"2024-07-07T13:57:01+00:00\",\"dateModified\":\"2025-11-16T11:51:00+00:00\",\"breadcrumb\":{\"@id\":\"https:\/\/www.workshop.ee\/fi\/toode\/maitsetaimede-konsentraat-0-25l\/#breadcrumb\"},\"inLanguage\":\"fi\",\"potentialAction\":[{\"@type\":\"ReadAction\",\"target\":[[\"https:\/\/www.workshop.ee\/fi\/toode\/maitsetaimede-konsentraat-0-25l\/\"]]}]},{\"@type\":\"ImageObject\",\"inLanguage\":\"fi\",\"@id\":\"https:\/\/www.workshop.ee\/fi\/toode\/maitsetaimede-konsentraat-0-25l\/#primaryimage\",\"url\":\"https:\/\/www.workshop.ee\/wp-content\/uploads\/2024\/07\/maitsetaimede-konsentraat.jpg\",\"contentUrl\":\"https:\/\/www.workshop.ee\/wp-content\/uploads\/2024\/07\/maitsetaimede-konsentraat.jpg\",\"width\":829,\"height\":1390},{\"@type\":\"BreadcrumbList\",\"@id\":\"https:\/\/www.workshop.ee\/fi\/toode\/maitsetaimede-konsentraat-0-25l\/#breadcrumb\",\"itemListElement\":[{\"@type\":\"ListItem\",\"position\":1,\"name\":\"Home\",\"item\":\"https:\/\/www.workshop.ee\/fi\/\"},{\"@type\":\"ListItem\",\"position\":2,\"name\":\"E-pood\",\"item\":\"https:\/\/www.workshop.ee\/fi\/e-pood\/\"},{\"@type\":\"ListItem\",\"position\":3,\"name\":\"Maitsetaimede konsentraat-0.25L\"}]},{\"@type\":\"WebSite\",\"@id\":\"https:\/\/www.workshop.ee\/fi\/#website\",\"url\":\"https:\/\/www.workshop.ee\/fi\/\",\"name\":\"WorkShop\",\"description\":\"\",\"publisher\":{\"@id\":\"https:\/\/www.workshop.ee\/fi\/#organization\"},\"potentialAction\":[{\"@type\":\"SearchAction\",\"target\":{\"@type\":\"EntryPoint\",\"urlTemplate\":\"https:\/\/www.workshop.ee\/fi\/?s={search_term_string}\"},\"query-input\":{\"@type\":\"PropertyValueSpecification\",\"valueRequired\":true,\"valueName\":\"search_term_string\"}}],\"inLanguage\":\"fi\"},{\"@type\":\"Organization\",\"@id\":\"https:\/\/www.workshop.ee\/fi\/#organization\",\"name\":\"WorkShop\",\"url\":\"https:\/\/www.workshop.ee\/fi\/\",\"logo\":{\"@type\":\"ImageObject\",\"inLanguage\":\"fi\",\"@id\":\"https:\/\/www.workshop.ee\/fi\/#\/schema\/logo\/image\/\",\"url\":\"https:\/\/www.workshop.ee\/wp-content\/uploads\/2024\/06\/logo.png\",\"contentUrl\":\"https:\/\/www.workshop.ee\/wp-content\/uploads\/2024\/06\/logo.png\",\"width\":170,\"height\":57,\"caption\":\"WorkShop\"},\"image\":{\"@id\":\"https:\/\/www.workshop.ee\/fi\/#\/schema\/logo\/image\/\"}}]}<\/script>\n<!-- \/ Yoast SEO plugin. -->","yoast_head_json":{"title":"Maitsetaimede konsentraat-0.25L - WorkShop","robots":{"index":"index","follow":"follow","max-snippet":"max-snippet:-1","max-image-preview":"max-image-preview:large","max-video-preview":"max-video-preview:-1"},"canonical":"https:\/\/www.workshop.ee\/fi\/toode\/maitsetaimede-konsentraat-0-25l\/","og_locale":"fi_FI","og_type":"article","og_title":"Maitsetaimede konsentraat-0.25L - WorkShop","og_description":"T\u00f5stab taime taluvust keskkonnast tuleneva stressi vastu ja soodustab v\u00f5rsete ning juurte arenemist.","og_url":"https:\/\/www.workshop.ee\/fi\/toode\/maitsetaimede-konsentraat-0-25l\/","og_site_name":"WorkShop","article_modified_time":"2025-11-16T11:51:00+00:00","og_image":[{"width":477,"height":800,"url":"https:\/\/www.workshop.ee\/wp-content\/uploads\/2024\/07\/maitsetaimede-konsentraat-477x800.jpg","type":"image\/jpeg"}],"twitter_card":"summary_large_image","twitter_misc":{"Arvioitu lukuaika":"1 minuutti"},"schema":{"@context":"https:\/\/schema.org","@graph":[{"@type":"WebPage","@id":"https:\/\/www.workshop.ee\/fi\/toode\/maitsetaimede-konsentraat-0-25l\/","url":"https:\/\/www.workshop.ee\/fi\/toode\/maitsetaimede-konsentraat-0-25l\/","name":"Maitsetaimede konsentraat-0.25L - WorkShop","isPartOf":{"@id":"https:\/\/www.workshop.ee\/fi\/#website"},"primaryImageOfPage":{"@id":"https:\/\/www.workshop.ee\/fi\/toode\/maitsetaimede-konsentraat-0-25l\/#primaryimage"},"image":{"@id":"https:\/\/www.workshop.ee\/toode\/maitsetaimede-konsentraat-0-25l\/#primaryimage"},"thumbnailUrl":"https:\/\/www.workshop.ee\/wp-content\/uploads\/2024\/07\/maitsetaimede-konsentraat.jpg","datePublished":"2024-07-07T13:57:01+00:00","dateModified":"2025-11-16T11:51:00+00:00","breadcrumb":{"@id":"https:\/\/www.workshop.ee\/fi\/toode\/maitsetaimede-konsentraat-0-25l\/#breadcrumb"},"inLanguage":"fi","potentialAction":[{"@type":"ReadAction","target":[["https:\/\/www.workshop.ee\/fi\/toode\/maitsetaimede-konsentraat-0-25l\/"]]}]},{"@type":"ImageObject","inLanguage":"fi","@id":"https:\/\/www.workshop.ee\/fi\/toode\/maitsetaimede-konsentraat-0-25l\/#primaryimage","url":"https:\/\/www.workshop.ee\/wp-content\/uploads\/2024\/07\/maitsetaimede-konsentraat.jpg","contentUrl":"https:\/\/www.workshop.ee\/wp-content\/uploads\/2024\/07\/maitsetaimede-konsentraat.jpg","width":829,"height":1390},{"@type":"BreadcrumbList","@id":"https:\/\/www.workshop.ee\/fi\/toode\/maitsetaimede-konsentraat-0-25l\/#breadcrumb","itemListElement":[{"@type":"ListItem","position":1,"name":"Home","item":"https:\/\/www.workshop.ee\/fi\/"},{"@type":"ListItem","position":2,"name":"E-pood","item":"https:\/\/www.workshop.ee\/fi\/e-pood\/"},{"@type":"ListItem","position":3,"name":"Maitsetaimede konsentraat-0.25L"}]},{"@type":"WebSite","@id":"https:\/\/www.workshop.ee\/fi\/#website","url":"https:\/\/www.workshop.ee\/fi\/","name":"WorkShop","description":"","publisher":{"@id":"https:\/\/www.workshop.ee\/fi\/#organization"},"potentialAction":[{"@type":"SearchAction","target":{"@type":"EntryPoint","urlTemplate":"https:\/\/www.workshop.ee\/fi\/?s={search_term_string}"},"query-input":{"@type":"PropertyValueSpecification","valueRequired":true,"valueName":"search_term_string"}}],"inLanguage":"fi"},{"@type":"Organization","@id":"https:\/\/www.workshop.ee\/fi\/#organization","name":"WorkShop","url":"https:\/\/www.workshop.ee\/fi\/","logo":{"@type":"ImageObject","inLanguage":"fi","@id":"https:\/\/www.workshop.ee\/fi\/#\/schema\/logo\/image\/","url":"https:\/\/www.workshop.ee\/wp-content\/uploads\/2024\/06\/logo.png","contentUrl":"https:\/\/www.workshop.ee\/wp-content\/uploads\/2024\/06\/logo.png","width":170,"height":57,"caption":"WorkShop"},"image":{"@id":"https:\/\/www.workshop.ee\/fi\/#\/schema\/logo\/image\/"}}]}},"_links":{"self":[{"href":"https:\/\/www.workshop.ee\/fi\/wp-json\/wp\/v2\/product\/10616","targetHints":{"allow":["GET"]}}],"collection":[{"href":"https:\/\/www.workshop.ee\/fi\/wp-json\/wp\/v2\/product"}],"about":[{"href":"https:\/\/www.workshop.ee\/fi\/wp-json\/wp\/v2\/types\/product"}],"wp:featuredmedia":[{"embeddable":true,"href":"https:\/\/www.workshop.ee\/fi\/wp-json\/wp\/v2\/media\/10433"}],"wp:attachment":[{"href":"https:\/\/www.workshop.ee\/fi\/wp-json\/wp\/v2\/media?parent=10616"}],"wp:term":[{"taxonomy":"product_brand","embeddable":true,"href":"https:\/\/www.workshop.ee\/fi\/wp-json\/wp\/v2\/product_brand?post=10616"},{"taxonomy":"product_cat","embeddable":true,"href":"https:\/\/www.workshop.ee\/fi\/wp-json\/wp\/v2\/product_cat?post=10616"},{"taxonomy":"product_tag","embeddable":true,"href":"https:\/\/www.workshop.ee\/fi\/wp-json\/wp\/v2\/product_tag?post=10616"}],"curies":[{"name":"wp","href":"https:\/\/api.w.org\/{rel}","templated":true}]}}