{"id":10617,"date":"2024-07-07T16:57:01","date_gmt":"2024-07-07T13:57:01","guid":{"rendered":"https:\/\/uuswp.workshop.ee\/toode\/rodulillede-ja-ampli-toitelahus-1l\/"},"modified":"2025-11-16T13:46:41","modified_gmt":"2025-11-16T11:46:41","slug":"rodulillede-ja-ampli-toitelahus-1l","status":"publish","type":"product","link":"https:\/\/www.workshop.ee\/fi\/toode\/rodulillede-ja-ampli-toitelahus-1l\/","title":{"rendered":"R\u00f5dulillede ja ampli toitelahus-1L"},"content":{"rendered":"<p>R\u00f5dulille\/ampli-toitelahus 2 \u00fches &#8211; toida ja hoolda Merevetika-toitelahus k\u00f5ikidele dekoratiivtaimede liikidele ja sortidele. (k.a kevad ettek\u00fclv) kastmisvette segatuna ja lehtedele piserdamisel. Merevetikas sisaldab looduslikke taimehormoone ja erinevaid toitaineid, mikromineraale need on olulised taime tervislikuks kasvuks. Merevetikas on palju kaaliumi, see on t\u00e4htis makroelement taimede kasvuks ja arenguks, parandades n\u00e4iteks k\u00fclma-, haigus- ja p\u00f5uakindlust, kindlustab fotos\u00fcnteesiprotsesside kulgemist ning parandab saagi kvaliteeti. Merevetikas sisaldab ka antitoksiine, mis aitavad taimedel v\u00f5idelda bakterite ja viiruste vastu ning peletada putukaid. Parandab seemnete idanemist ja pistikute juurdumist. T\u00f5stab taime taluvust keskkonnast tuleneva stressi vastu ja soodustab v\u00f5rsete, juurte ja \u00f5iepungade arenemist. Seega garanteerib taimede tiheda ja \u00fchtlase v\u00e4ljan\u00e4gemise ning stimuleerib pikka ja rikkalikku \u00f5itsemist . Pritsimine; 2 korgit\u00e4it merevetika-toitelahust 2- 2,5 liitri vee kohta. Pritsi 3-4 korda, iga 20-p\u00e4evase intervalliga kasvuperioodil. Pritsi varahommikul v\u00f5i hilis\u00f5htul, \u00e4ra kasuta vihma, tugeva tuule v\u00f5i \u00e4\u00e4rmusliku temperatuuri tingimustes. Kastmine; 2 korgit\u00e4it merevetika-toitelahust 1 &#8211; 2 liitri vee kohta, kasta 5 &#8211; 7 p\u00e4eva j\u00e4rgi aprillist oktoobrini. Muld ei tohi olla kuiv. M\u00e4rkus: sobib ka mehaanilise kastmiss\u00fcsteemi (pihustis\u00fcsteem) korral. Seemnete ja juurte t\u00f6\u00f6tlemine: 2 korgit\u00e4it merevetika-toitelahust 1,5 liitri vee kohta. Seemnete ja mugulate leotamise aeg 8-12 tundi vastavalt nende suurusele, lahuse temperatuur on umbes 20*C. Enne tarvitamist loksutada. Kaitsta j\u00e4\u00e4tumise eest. Hoida temperatuuril alla 34\u00b0C.<br \/>\n<\/p>","protected":false},"excerpt":{"rendered":"<p>R\u00f5dulille\/ampli-toitelahus 2 \u00fches &#8211; toida ja hoolda Merevetika-toitelahus k\u00f5ikidele dekoratiivtaimede liikidele ja sortidele. (k.a kevad ettek\u00fclv) kastmisvette segatuna ja lehtedele<\/p>\n","protected":false},"featured_media":10468,"template":"","meta":[],"product_brand":[],"product_cat":[81],"product_tag":[],"class_list":{"0":"post-10617","1":"product","2":"type-product","3":"status-publish","4":"has-post-thumbnail","6":"product_cat-iluaeda-loodusvaetised-2","8":"first","9":"instock","10":"shipping-taxable","11":"purchasable","12":"product-type-simple"},"yoast_head":"<!-- This site is optimized with the Yoast SEO plugin v26.8 - https:\/\/yoast.com\/product\/yoast-seo-wordpress\/ -->\n<title>R\u00f5dulillede ja ampli toitelahus-1L - WorkShop<\/title>\n<meta name=\"robots\" content=\"index, follow, max-snippet:-1, max-image-preview:large, max-video-preview:-1\" \/>\n<link rel=\"canonical\" href=\"https:\/\/www.workshop.ee\/fi\/toode\/rodulillede-ja-ampli-toitelahus-1l\/\" \/>\n<meta property=\"og:locale\" content=\"fi_FI\" \/>\n<meta property=\"og:type\" content=\"article\" \/>\n<meta property=\"og:title\" content=\"R\u00f5dulillede ja ampli toitelahus-1L - WorkShop\" \/>\n<meta property=\"og:description\" content=\"R\u00f5dulille\/ampli-toitelahus 2 \u00fches &#8211; toida ja hoolda Merevetika-toitelahus k\u00f5ikidele dekoratiivtaimede liikidele ja sortidele. (k.a kevad ettek\u00fclv) kastmisvette segatuna ja lehtedele\" \/>\n<meta property=\"og:url\" content=\"https:\/\/www.workshop.ee\/fi\/toode\/rodulillede-ja-ampli-toitelahus-1l\/\" \/>\n<meta property=\"og:site_name\" content=\"WorkShop\" \/>\n<meta property=\"article:modified_time\" content=\"2025-11-16T11:46:41+00:00\" \/>\n<meta property=\"og:image\" content=\"https:\/\/www.workshop.ee\/wp-content\/uploads\/2024\/07\/Rodulill-2017-09-20.jpg\" \/>\n\t<meta property=\"og:image:width\" content=\"701\" \/>\n\t<meta property=\"og:image:height\" content=\"1176\" \/>\n\t<meta property=\"og:image:type\" content=\"image\/jpeg\" \/>\n<meta name=\"twitter:card\" content=\"summary_large_image\" \/>\n<meta name=\"twitter:label1\" content=\"Arvioitu lukuaika\" \/>\n\t<meta name=\"twitter:data1\" content=\"2 minuuttia\" \/>\n<script type=\"application\/ld+json\" class=\"yoast-schema-graph\">{\"@context\":\"https:\/\/schema.org\",\"@graph\":[{\"@type\":\"WebPage\",\"@id\":\"https:\/\/www.workshop.ee\/fi\/toode\/rodulillede-ja-ampli-toitelahus-1l\/\",\"url\":\"https:\/\/www.workshop.ee\/fi\/toode\/rodulillede-ja-ampli-toitelahus-1l\/\",\"name\":\"R\u00f5dulillede ja ampli toitelahus-1L - WorkShop\",\"isPartOf\":{\"@id\":\"https:\/\/www.workshop.ee\/fi\/#website\"},\"primaryImageOfPage\":{\"@id\":\"https:\/\/www.workshop.ee\/fi\/toode\/rodulillede-ja-ampli-toitelahus-1l\/#primaryimage\"},\"image\":{\"@id\":\"https:\/\/www.workshop.ee\/toode\/rodulillede-ja-ampli-toitelahus-1l\/#primaryimage\"},\"thumbnailUrl\":\"https:\/\/www.workshop.ee\/wp-content\/uploads\/2024\/07\/Rodulill-2017-09-20.jpg\",\"datePublished\":\"2024-07-07T13:57:01+00:00\",\"dateModified\":\"2025-11-16T11:46:41+00:00\",\"breadcrumb\":{\"@id\":\"https:\/\/www.workshop.ee\/fi\/toode\/rodulillede-ja-ampli-toitelahus-1l\/#breadcrumb\"},\"inLanguage\":\"fi\",\"potentialAction\":[{\"@type\":\"ReadAction\",\"target\":[[\"https:\/\/www.workshop.ee\/fi\/toode\/rodulillede-ja-ampli-toitelahus-1l\/\"]]}]},{\"@type\":\"ImageObject\",\"inLanguage\":\"fi\",\"@id\":\"https:\/\/www.workshop.ee\/fi\/toode\/rodulillede-ja-ampli-toitelahus-1l\/#primaryimage\",\"url\":\"https:\/\/www.workshop.ee\/wp-content\/uploads\/2024\/07\/Rodulill-2017-09-20.jpg\",\"contentUrl\":\"https:\/\/www.workshop.ee\/wp-content\/uploads\/2024\/07\/Rodulill-2017-09-20.jpg\",\"width\":701,\"height\":1176},{\"@type\":\"BreadcrumbList\",\"@id\":\"https:\/\/www.workshop.ee\/fi\/toode\/rodulillede-ja-ampli-toitelahus-1l\/#breadcrumb\",\"itemListElement\":[{\"@type\":\"ListItem\",\"position\":1,\"name\":\"Home\",\"item\":\"https:\/\/www.workshop.ee\/fi\/\"},{\"@type\":\"ListItem\",\"position\":2,\"name\":\"E-pood\",\"item\":\"https:\/\/www.workshop.ee\/fi\/e-pood\/\"},{\"@type\":\"ListItem\",\"position\":3,\"name\":\"R\u00f5dulillede ja ampli kasutusvalmis toitelahus-1L\"}]},{\"@type\":\"WebSite\",\"@id\":\"https:\/\/www.workshop.ee\/fi\/#website\",\"url\":\"https:\/\/www.workshop.ee\/fi\/\",\"name\":\"WorkShop\",\"description\":\"\",\"publisher\":{\"@id\":\"https:\/\/www.workshop.ee\/fi\/#organization\"},\"potentialAction\":[{\"@type\":\"SearchAction\",\"target\":{\"@type\":\"EntryPoint\",\"urlTemplate\":\"https:\/\/www.workshop.ee\/fi\/?s={search_term_string}\"},\"query-input\":{\"@type\":\"PropertyValueSpecification\",\"valueRequired\":true,\"valueName\":\"search_term_string\"}}],\"inLanguage\":\"fi\"},{\"@type\":\"Organization\",\"@id\":\"https:\/\/www.workshop.ee\/fi\/#organization\",\"name\":\"WorkShop\",\"url\":\"https:\/\/www.workshop.ee\/fi\/\",\"logo\":{\"@type\":\"ImageObject\",\"inLanguage\":\"fi\",\"@id\":\"https:\/\/www.workshop.ee\/fi\/#\/schema\/logo\/image\/\",\"url\":\"https:\/\/www.workshop.ee\/wp-content\/uploads\/2024\/06\/logo.png\",\"contentUrl\":\"https:\/\/www.workshop.ee\/wp-content\/uploads\/2024\/06\/logo.png\",\"width\":170,\"height\":57,\"caption\":\"WorkShop\"},\"image\":{\"@id\":\"https:\/\/www.workshop.ee\/fi\/#\/schema\/logo\/image\/\"}}]}<\/script>\n<!-- \/ Yoast SEO plugin. -->","yoast_head_json":{"title":"R\u00f5dulillede ja ampli toitelahus-1L - WorkShop","robots":{"index":"index","follow":"follow","max-snippet":"max-snippet:-1","max-image-preview":"max-image-preview:large","max-video-preview":"max-video-preview:-1"},"canonical":"https:\/\/www.workshop.ee\/fi\/toode\/rodulillede-ja-ampli-toitelahus-1l\/","og_locale":"fi_FI","og_type":"article","og_title":"R\u00f5dulillede ja ampli toitelahus-1L - WorkShop","og_description":"R\u00f5dulille\/ampli-toitelahus 2 \u00fches &#8211; toida ja hoolda Merevetika-toitelahus k\u00f5ikidele dekoratiivtaimede liikidele ja sortidele. (k.a kevad ettek\u00fclv) kastmisvette segatuna ja lehtedele","og_url":"https:\/\/www.workshop.ee\/fi\/toode\/rodulillede-ja-ampli-toitelahus-1l\/","og_site_name":"WorkShop","article_modified_time":"2025-11-16T11:46:41+00:00","og_image":[{"width":701,"height":1176,"url":"https:\/\/www.workshop.ee\/wp-content\/uploads\/2024\/07\/Rodulill-2017-09-20.jpg","type":"image\/jpeg"}],"twitter_card":"summary_large_image","twitter_misc":{"Arvioitu lukuaika":"2 minuuttia"},"schema":{"@context":"https:\/\/schema.org","@graph":[{"@type":"WebPage","@id":"https:\/\/www.workshop.ee\/fi\/toode\/rodulillede-ja-ampli-toitelahus-1l\/","url":"https:\/\/www.workshop.ee\/fi\/toode\/rodulillede-ja-ampli-toitelahus-1l\/","name":"R\u00f5dulillede ja ampli toitelahus-1L - WorkShop","isPartOf":{"@id":"https:\/\/www.workshop.ee\/fi\/#website"},"primaryImageOfPage":{"@id":"https:\/\/www.workshop.ee\/fi\/toode\/rodulillede-ja-ampli-toitelahus-1l\/#primaryimage"},"image":{"@id":"https:\/\/www.workshop.ee\/toode\/rodulillede-ja-ampli-toitelahus-1l\/#primaryimage"},"thumbnailUrl":"https:\/\/www.workshop.ee\/wp-content\/uploads\/2024\/07\/Rodulill-2017-09-20.jpg","datePublished":"2024-07-07T13:57:01+00:00","dateModified":"2025-11-16T11:46:41+00:00","breadcrumb":{"@id":"https:\/\/www.workshop.ee\/fi\/toode\/rodulillede-ja-ampli-toitelahus-1l\/#breadcrumb"},"inLanguage":"fi","potentialAction":[{"@type":"ReadAction","target":[["https:\/\/www.workshop.ee\/fi\/toode\/rodulillede-ja-ampli-toitelahus-1l\/"]]}]},{"@type":"ImageObject","inLanguage":"fi","@id":"https:\/\/www.workshop.ee\/fi\/toode\/rodulillede-ja-ampli-toitelahus-1l\/#primaryimage","url":"https:\/\/www.workshop.ee\/wp-content\/uploads\/2024\/07\/Rodulill-2017-09-20.jpg","contentUrl":"https:\/\/www.workshop.ee\/wp-content\/uploads\/2024\/07\/Rodulill-2017-09-20.jpg","width":701,"height":1176},{"@type":"BreadcrumbList","@id":"https:\/\/www.workshop.ee\/fi\/toode\/rodulillede-ja-ampli-toitelahus-1l\/#breadcrumb","itemListElement":[{"@type":"ListItem","position":1,"name":"Home","item":"https:\/\/www.workshop.ee\/fi\/"},{"@type":"ListItem","position":2,"name":"E-pood","item":"https:\/\/www.workshop.ee\/fi\/e-pood\/"},{"@type":"ListItem","position":3,"name":"R\u00f5dulillede ja ampli kasutusvalmis toitelahus-1L"}]},{"@type":"WebSite","@id":"https:\/\/www.workshop.ee\/fi\/#website","url":"https:\/\/www.workshop.ee\/fi\/","name":"WorkShop","description":"","publisher":{"@id":"https:\/\/www.workshop.ee\/fi\/#organization"},"potentialAction":[{"@type":"SearchAction","target":{"@type":"EntryPoint","urlTemplate":"https:\/\/www.workshop.ee\/fi\/?s={search_term_string}"},"query-input":{"@type":"PropertyValueSpecification","valueRequired":true,"valueName":"search_term_string"}}],"inLanguage":"fi"},{"@type":"Organization","@id":"https:\/\/www.workshop.ee\/fi\/#organization","name":"WorkShop","url":"https:\/\/www.workshop.ee\/fi\/","logo":{"@type":"ImageObject","inLanguage":"fi","@id":"https:\/\/www.workshop.ee\/fi\/#\/schema\/logo\/image\/","url":"https:\/\/www.workshop.ee\/wp-content\/uploads\/2024\/06\/logo.png","contentUrl":"https:\/\/www.workshop.ee\/wp-content\/uploads\/2024\/06\/logo.png","width":170,"height":57,"caption":"WorkShop"},"image":{"@id":"https:\/\/www.workshop.ee\/fi\/#\/schema\/logo\/image\/"}}]}},"_links":{"self":[{"href":"https:\/\/www.workshop.ee\/fi\/wp-json\/wp\/v2\/product\/10617","targetHints":{"allow":["GET"]}}],"collection":[{"href":"https:\/\/www.workshop.ee\/fi\/wp-json\/wp\/v2\/product"}],"about":[{"href":"https:\/\/www.workshop.ee\/fi\/wp-json\/wp\/v2\/types\/product"}],"wp:featuredmedia":[{"embeddable":true,"href":"https:\/\/www.workshop.ee\/fi\/wp-json\/wp\/v2\/media\/10468"}],"wp:attachment":[{"href":"https:\/\/www.workshop.ee\/fi\/wp-json\/wp\/v2\/media?parent=10617"}],"wp:term":[{"taxonomy":"product_brand","embeddable":true,"href":"https:\/\/www.workshop.ee\/fi\/wp-json\/wp\/v2\/product_brand?post=10617"},{"taxonomy":"product_cat","embeddable":true,"href":"https:\/\/www.workshop.ee\/fi\/wp-json\/wp\/v2\/product_cat?post=10617"},{"taxonomy":"product_tag","embeddable":true,"href":"https:\/\/www.workshop.ee\/fi\/wp-json\/wp\/v2\/product_tag?post=10617"}],"curies":[{"name":"wp","href":"https:\/\/api.w.org\/{rel}","templated":true}]}}