{"id":10620,"date":"2024-07-07T16:57:02","date_gmt":"2024-07-07T13:57:02","guid":{"rendered":"https:\/\/uuswp.workshop.ee\/toode\/veganvaetis-juurviljale-10l\/"},"modified":"2025-11-16T13:32:52","modified_gmt":"2025-11-16T11:32:52","slug":"veganvaetis-juurviljale-10l","status":"publish","type":"product","link":"https:\/\/www.workshop.ee\/fi\/toode\/veganvaetis-juurviljale-10l\/","title":{"rendered":"Veganv\u00e4etis juurviljale-10L"},"content":{"rendered":"<p>Lisaks sellele, et taimed suurest l\u00e4mmasikukogusest s\u00f5ltuvusse v\u00f5ivad j\u00e4\u00e4da on oht, et isegi kompostitud kuid kuumutamata loomas\u00f5nnik sisaldada mitmeid patogeene, kes v\u00f5ivad j\u00e4\u00e4vad eluj\u00f5uliseks ka mullas.Loomade toitmiseks ja \u00fclalpidamiseks l\u00e4heb vaja oluliselt rohkem maad, vett ja v\u00e4etist kui taimetoidu saamiseks.See on nii, sest suur osa loomas\u00f6\u00f6daks kasutatavas teraviljas sisalduvatest kaloritest l\u00e4heb lihtsalt kaduma loomade elu- ja seedetegevuse k\u00e4igus. Ei ole vajalik orgaanilist ainet l\u00e4bi looma seedes\u00fcsteemi lasta, et looma kehaosadest toitu v\u00f5i v\u00e4etist saada. Selleks, et saada \u00fcks kilo loomaliha, kulub umbes 10 kilo teravilja ja 5000\u201320 000 liitrit vett. V\u00f5rdluseks, \u00fche kilo nisu tootmiseks kulub 500\u20134000 liitrit vett. Loesiit(vegan.ee)edasi, kuidas intensiivne loomakasvatus keskkonda kurnab.Taimed sobivad v\u00e4etiseks t\u00f5husamaltneid otse taimseks kompostiks, mult\u0161iks v\u00f5i haljasv\u00e4etisena kasutades.Kui toidad mulda, toidab muld taimi.Kasutades taimekasvatusesv\u00e4etisena taimset orgaanilist materjali, loob see viljakat, eluj\u00f5ulist mulda, kus arenevadj\u00f5udsalt mikroorganismid jam\u00fckoriisav\u00f5rgustik, kes omakorda mineraalaineid lagundades neid taimedele paremini omastatavaks muudavad. See tagab mulla pikaajalise viljakuse ning taasloob tasakaalustatud loodusliku flora ja faunamitmekesisuse farmis ning selle \u00fcmber.Kolmandik kogu maakeral toodetud teraviljast l\u00e4heb loomadele s\u00f6\u00f6daks.USA-s s\u00f6\u00f6detakse \u00fcle 70% teraviljast kariloomadele, Euroopa Liit impordib aga umbes 70% oma loomas\u00f6\u00f6dast, mille kasvatamiseks kulub 20 miljonit hektarit maad v\u00e4ljaspool Euroopat.Euroopa Komisjon on \u00f6elnud, et \u201eEuroopa p\u00f5llumajandus on v\u00f5imeline toitma Euroopa inimesi, kuid mitte Euroopa loomi\u201d.Tervelt 30% kogu maismaast kasutatakse p\u00f5llumajandusloomade kasvatamiseks, kas karjamaana v\u00f5i s\u00f6\u00f6da tootmiseks. Vabapidamisel olevad kariloomad v\u00f5tavad enda alla veelgi enam maad, mis on enamasti loodud metsiku looduse arve<br \/>\n<\/p>","protected":false},"excerpt":{"rendered":"<p>Veganv\u00e4etis sisaldab \u00fcksnes taimse p\u00e4ritoluga orgaanilist ainet ja on vaba igasugustest loomsetest valkudest.<\/p>\n","protected":false},"featured_media":10527,"template":"","meta":[],"product_brand":[],"product_cat":[84],"product_tag":[],"class_list":{"0":"post-10620","1":"product","2":"type-product","3":"status-publish","4":"has-post-thumbnail","6":"product_cat-vegan-vaetised","8":"first","9":"instock","10":"shipping-taxable","11":"purchasable","12":"product-type-simple"},"yoast_head":"<!-- This site is optimized with the Yoast SEO plugin v26.8 - https:\/\/yoast.com\/product\/yoast-seo-wordpress\/ -->\n<title>Veganv\u00e4etis juurviljale-10L - WorkShop<\/title>\n<meta name=\"robots\" content=\"index, follow, max-snippet:-1, max-image-preview:large, max-video-preview:-1\" \/>\n<link rel=\"canonical\" href=\"https:\/\/www.workshop.ee\/fi\/toode\/veganvaetis-juurviljale-10l\/\" \/>\n<meta property=\"og:locale\" content=\"fi_FI\" \/>\n<meta property=\"og:type\" content=\"article\" \/>\n<meta property=\"og:title\" content=\"Veganv\u00e4etis juurviljale-10L - WorkShop\" \/>\n<meta property=\"og:description\" content=\"Veganv\u00e4etis sisaldab \u00fcksnes taimse p\u00e4ritoluga orgaanilist ainet ja on vaba igasugustest loomsetest valkudest.\" \/>\n<meta property=\"og:url\" content=\"https:\/\/www.workshop.ee\/fi\/toode\/veganvaetis-juurviljale-10l\/\" \/>\n<meta property=\"og:site_name\" content=\"WorkShop\" \/>\n<meta property=\"article:modified_time\" content=\"2025-11-16T11:32:52+00:00\" \/>\n<meta property=\"og:image\" content=\"https:\/\/www.workshop.ee\/wp-content\/uploads\/2024\/07\/Vegan_juurvili-1.jpg\" \/>\n\t<meta property=\"og:image:width\" content=\"302\" \/>\n\t<meta property=\"og:image:height\" content=\"448\" \/>\n\t<meta property=\"og:image:type\" content=\"image\/jpeg\" \/>\n<meta name=\"twitter:card\" content=\"summary_large_image\" \/>\n<meta name=\"twitter:label1\" content=\"Arvioitu lukuaika\" \/>\n\t<meta name=\"twitter:data1\" content=\"2 minuuttia\" \/>\n<script type=\"application\/ld+json\" class=\"yoast-schema-graph\">{\"@context\":\"https:\/\/schema.org\",\"@graph\":[{\"@type\":\"WebPage\",\"@id\":\"https:\/\/www.workshop.ee\/fi\/toode\/veganvaetis-juurviljale-10l\/\",\"url\":\"https:\/\/www.workshop.ee\/fi\/toode\/veganvaetis-juurviljale-10l\/\",\"name\":\"Veganv\u00e4etis juurviljale-10L - WorkShop\",\"isPartOf\":{\"@id\":\"https:\/\/www.workshop.ee\/fi\/#website\"},\"primaryImageOfPage\":{\"@id\":\"https:\/\/www.workshop.ee\/fi\/toode\/veganvaetis-juurviljale-10l\/#primaryimage\"},\"image\":{\"@id\":\"https:\/\/www.workshop.ee\/toode\/veganvaetis-juurviljale-10l\/#primaryimage\"},\"thumbnailUrl\":\"https:\/\/www.workshop.ee\/wp-content\/uploads\/2024\/07\/Vegan_juurvili-1.jpg\",\"datePublished\":\"2024-07-07T13:57:02+00:00\",\"dateModified\":\"2025-11-16T11:32:52+00:00\",\"breadcrumb\":{\"@id\":\"https:\/\/www.workshop.ee\/fi\/toode\/veganvaetis-juurviljale-10l\/#breadcrumb\"},\"inLanguage\":\"fi\",\"potentialAction\":[{\"@type\":\"ReadAction\",\"target\":[[\"https:\/\/www.workshop.ee\/fi\/toode\/veganvaetis-juurviljale-10l\/\"]]}]},{\"@type\":\"ImageObject\",\"inLanguage\":\"fi\",\"@id\":\"https:\/\/www.workshop.ee\/fi\/toode\/veganvaetis-juurviljale-10l\/#primaryimage\",\"url\":\"https:\/\/www.workshop.ee\/wp-content\/uploads\/2024\/07\/Vegan_juurvili-1.jpg\",\"contentUrl\":\"https:\/\/www.workshop.ee\/wp-content\/uploads\/2024\/07\/Vegan_juurvili-1.jpg\",\"width\":302,\"height\":448},{\"@type\":\"BreadcrumbList\",\"@id\":\"https:\/\/www.workshop.ee\/fi\/toode\/veganvaetis-juurviljale-10l\/#breadcrumb\",\"itemListElement\":[{\"@type\":\"ListItem\",\"position\":1,\"name\":\"Home\",\"item\":\"https:\/\/www.workshop.ee\/fi\/\"},{\"@type\":\"ListItem\",\"position\":2,\"name\":\"E-pood\",\"item\":\"https:\/\/www.workshop.ee\/fi\/e-pood\/\"},{\"@type\":\"ListItem\",\"position\":3,\"name\":\"Veganv\u00e4etis juurviljale-10L\"}]},{\"@type\":\"WebSite\",\"@id\":\"https:\/\/www.workshop.ee\/fi\/#website\",\"url\":\"https:\/\/www.workshop.ee\/fi\/\",\"name\":\"WorkShop\",\"description\":\"\",\"publisher\":{\"@id\":\"https:\/\/www.workshop.ee\/fi\/#organization\"},\"potentialAction\":[{\"@type\":\"SearchAction\",\"target\":{\"@type\":\"EntryPoint\",\"urlTemplate\":\"https:\/\/www.workshop.ee\/fi\/?s={search_term_string}\"},\"query-input\":{\"@type\":\"PropertyValueSpecification\",\"valueRequired\":true,\"valueName\":\"search_term_string\"}}],\"inLanguage\":\"fi\"},{\"@type\":\"Organization\",\"@id\":\"https:\/\/www.workshop.ee\/fi\/#organization\",\"name\":\"WorkShop\",\"url\":\"https:\/\/www.workshop.ee\/fi\/\",\"logo\":{\"@type\":\"ImageObject\",\"inLanguage\":\"fi\",\"@id\":\"https:\/\/www.workshop.ee\/fi\/#\/schema\/logo\/image\/\",\"url\":\"https:\/\/www.workshop.ee\/wp-content\/uploads\/2024\/06\/logo.png\",\"contentUrl\":\"https:\/\/www.workshop.ee\/wp-content\/uploads\/2024\/06\/logo.png\",\"width\":170,\"height\":57,\"caption\":\"WorkShop\"},\"image\":{\"@id\":\"https:\/\/www.workshop.ee\/fi\/#\/schema\/logo\/image\/\"}}]}<\/script>\n<!-- \/ Yoast SEO plugin. -->","yoast_head_json":{"title":"Veganv\u00e4etis juurviljale-10L - WorkShop","robots":{"index":"index","follow":"follow","max-snippet":"max-snippet:-1","max-image-preview":"max-image-preview:large","max-video-preview":"max-video-preview:-1"},"canonical":"https:\/\/www.workshop.ee\/fi\/toode\/veganvaetis-juurviljale-10l\/","og_locale":"fi_FI","og_type":"article","og_title":"Veganv\u00e4etis juurviljale-10L - WorkShop","og_description":"Veganv\u00e4etis sisaldab \u00fcksnes taimse p\u00e4ritoluga orgaanilist ainet ja on vaba igasugustest loomsetest valkudest.","og_url":"https:\/\/www.workshop.ee\/fi\/toode\/veganvaetis-juurviljale-10l\/","og_site_name":"WorkShop","article_modified_time":"2025-11-16T11:32:52+00:00","og_image":[{"width":302,"height":448,"url":"https:\/\/www.workshop.ee\/wp-content\/uploads\/2024\/07\/Vegan_juurvili-1.jpg","type":"image\/jpeg"}],"twitter_card":"summary_large_image","twitter_misc":{"Arvioitu lukuaika":"2 minuuttia"},"schema":{"@context":"https:\/\/schema.org","@graph":[{"@type":"WebPage","@id":"https:\/\/www.workshop.ee\/fi\/toode\/veganvaetis-juurviljale-10l\/","url":"https:\/\/www.workshop.ee\/fi\/toode\/veganvaetis-juurviljale-10l\/","name":"Veganv\u00e4etis juurviljale-10L - WorkShop","isPartOf":{"@id":"https:\/\/www.workshop.ee\/fi\/#website"},"primaryImageOfPage":{"@id":"https:\/\/www.workshop.ee\/fi\/toode\/veganvaetis-juurviljale-10l\/#primaryimage"},"image":{"@id":"https:\/\/www.workshop.ee\/toode\/veganvaetis-juurviljale-10l\/#primaryimage"},"thumbnailUrl":"https:\/\/www.workshop.ee\/wp-content\/uploads\/2024\/07\/Vegan_juurvili-1.jpg","datePublished":"2024-07-07T13:57:02+00:00","dateModified":"2025-11-16T11:32:52+00:00","breadcrumb":{"@id":"https:\/\/www.workshop.ee\/fi\/toode\/veganvaetis-juurviljale-10l\/#breadcrumb"},"inLanguage":"fi","potentialAction":[{"@type":"ReadAction","target":[["https:\/\/www.workshop.ee\/fi\/toode\/veganvaetis-juurviljale-10l\/"]]}]},{"@type":"ImageObject","inLanguage":"fi","@id":"https:\/\/www.workshop.ee\/fi\/toode\/veganvaetis-juurviljale-10l\/#primaryimage","url":"https:\/\/www.workshop.ee\/wp-content\/uploads\/2024\/07\/Vegan_juurvili-1.jpg","contentUrl":"https:\/\/www.workshop.ee\/wp-content\/uploads\/2024\/07\/Vegan_juurvili-1.jpg","width":302,"height":448},{"@type":"BreadcrumbList","@id":"https:\/\/www.workshop.ee\/fi\/toode\/veganvaetis-juurviljale-10l\/#breadcrumb","itemListElement":[{"@type":"ListItem","position":1,"name":"Home","item":"https:\/\/www.workshop.ee\/fi\/"},{"@type":"ListItem","position":2,"name":"E-pood","item":"https:\/\/www.workshop.ee\/fi\/e-pood\/"},{"@type":"ListItem","position":3,"name":"Veganv\u00e4etis juurviljale-10L"}]},{"@type":"WebSite","@id":"https:\/\/www.workshop.ee\/fi\/#website","url":"https:\/\/www.workshop.ee\/fi\/","name":"WorkShop","description":"","publisher":{"@id":"https:\/\/www.workshop.ee\/fi\/#organization"},"potentialAction":[{"@type":"SearchAction","target":{"@type":"EntryPoint","urlTemplate":"https:\/\/www.workshop.ee\/fi\/?s={search_term_string}"},"query-input":{"@type":"PropertyValueSpecification","valueRequired":true,"valueName":"search_term_string"}}],"inLanguage":"fi"},{"@type":"Organization","@id":"https:\/\/www.workshop.ee\/fi\/#organization","name":"WorkShop","url":"https:\/\/www.workshop.ee\/fi\/","logo":{"@type":"ImageObject","inLanguage":"fi","@id":"https:\/\/www.workshop.ee\/fi\/#\/schema\/logo\/image\/","url":"https:\/\/www.workshop.ee\/wp-content\/uploads\/2024\/06\/logo.png","contentUrl":"https:\/\/www.workshop.ee\/wp-content\/uploads\/2024\/06\/logo.png","width":170,"height":57,"caption":"WorkShop"},"image":{"@id":"https:\/\/www.workshop.ee\/fi\/#\/schema\/logo\/image\/"}}]}},"_links":{"self":[{"href":"https:\/\/www.workshop.ee\/fi\/wp-json\/wp\/v2\/product\/10620","targetHints":{"allow":["GET"]}}],"collection":[{"href":"https:\/\/www.workshop.ee\/fi\/wp-json\/wp\/v2\/product"}],"about":[{"href":"https:\/\/www.workshop.ee\/fi\/wp-json\/wp\/v2\/types\/product"}],"wp:featuredmedia":[{"embeddable":true,"href":"https:\/\/www.workshop.ee\/fi\/wp-json\/wp\/v2\/media\/10527"}],"wp:attachment":[{"href":"https:\/\/www.workshop.ee\/fi\/wp-json\/wp\/v2\/media?parent=10620"}],"wp:term":[{"taxonomy":"product_brand","embeddable":true,"href":"https:\/\/www.workshop.ee\/fi\/wp-json\/wp\/v2\/product_brand?post=10620"},{"taxonomy":"product_cat","embeddable":true,"href":"https:\/\/www.workshop.ee\/fi\/wp-json\/wp\/v2\/product_cat?post=10620"},{"taxonomy":"product_tag","embeddable":true,"href":"https:\/\/www.workshop.ee\/fi\/wp-json\/wp\/v2\/product_tag?post=10620"}],"curies":[{"name":"wp","href":"https:\/\/api.w.org\/{rel}","templated":true}]}}