{"id":10630,"date":"2024-07-07T16:57:08","date_gmt":"2024-07-07T13:57:08","guid":{"rendered":"https:\/\/uuswp.workshop.ee\/toode\/kasvustart-iii-kaalium-1kg\/"},"modified":"2025-11-16T13:18:04","modified_gmt":"2025-11-16T11:18:04","slug":"kasvustart-iii-looduslik-kaalium-1kg","status":"publish","type":"product","link":"https:\/\/www.workshop.ee\/fi\/toode\/kasvustart-iii-looduslik-kaalium-1kg\/","title":{"rendered":"KasvuStart-III Kaalium 1kg"},"content":{"rendered":"<p>Kasvu-Start III vinassist on kaalium rikas v\u00e4etis ja 100% looduslik. Kaalium soodustab suhkrute ladestamist ja m\u00f5jutab taimede k\u00fclma-, p\u00f5ua- ja haiguskindlust. Parandab saagikvaliteeti ja saagi s\u00e4ilimist. Kaalium soodustab \u00f5iealgete moodustumist, m\u00f5jutades nii j\u00e4rgmise aasta saagi suurust. Rohkem vajavad kaaliumi suure juurestikuga kultuurid, liblik\u00f5ielised, kartul. Kaalium on l\u00e4mmastiku k\u00f5rval teine enam vajatav toiteelement, mida kultuurid saagi moodustamiseks kasutavad.<br \/>\n<\/p>","protected":false},"excerpt":{"rendered":"<p>N-P-K-0- 0-38 Kasvu-Start III vinassist on kaalium rikas v\u00e4etis ja 100% looduslik.<\/p>\n","protected":false},"featured_media":10400,"template":"","meta":[],"product_brand":[],"product_cat":[81,82,75],"product_tag":[],"class_list":{"0":"post-10630","1":"product","2":"type-product","3":"status-publish","4":"has-post-thumbnail","6":"product_cat-iluaeda-loodusvaetised-2","7":"product_cat-bio-mahe-vaetis-2","8":"product_cat-tarbeaeda-loodusvaetised","10":"first","11":"instock","12":"shipping-taxable","13":"purchasable","14":"product-type-simple"},"yoast_head":"<!-- This site is optimized with the Yoast SEO plugin v26.8 - https:\/\/yoast.com\/product\/yoast-seo-wordpress\/ -->\n<title>KasvuStart-III Kaalium 1kg - WorkShop<\/title>\n<meta name=\"robots\" content=\"index, follow, max-snippet:-1, max-image-preview:large, max-video-preview:-1\" \/>\n<link rel=\"canonical\" href=\"https:\/\/www.workshop.ee\/fi\/toode\/kasvustart-iii-looduslik-kaalium-1kg\/\" \/>\n<meta property=\"og:locale\" content=\"fi_FI\" \/>\n<meta property=\"og:type\" content=\"article\" \/>\n<meta property=\"og:title\" content=\"KasvuStart-III Kaalium 1kg - WorkShop\" \/>\n<meta property=\"og:description\" content=\"N-P-K-0- 0-38 Kasvu-Start III vinassist on kaalium rikas v\u00e4etis ja 100% looduslik.\" \/>\n<meta property=\"og:url\" content=\"https:\/\/www.workshop.ee\/fi\/toode\/kasvustart-iii-looduslik-kaalium-1kg\/\" \/>\n<meta property=\"og:site_name\" content=\"WorkShop\" \/>\n<meta property=\"article:modified_time\" content=\"2025-11-16T11:18:04+00:00\" \/>\n<meta property=\"og:image\" content=\"https:\/\/www.workshop.ee\/wp-content\/uploads\/2024\/07\/Kasvustart3_kaalium_soome_JPG.jpg\" \/>\n\t<meta property=\"og:image:width\" content=\"787\" \/>\n\t<meta property=\"og:image:height\" content=\"1181\" \/>\n\t<meta property=\"og:image:type\" content=\"image\/jpeg\" \/>\n<meta name=\"twitter:card\" content=\"summary_large_image\" \/>\n<meta name=\"twitter:label1\" content=\"Arvioitu lukuaika\" \/>\n\t<meta name=\"twitter:data1\" content=\"1 minuutti\" \/>\n<script type=\"application\/ld+json\" class=\"yoast-schema-graph\">{\"@context\":\"https:\/\/schema.org\",\"@graph\":[{\"@type\":\"WebPage\",\"@id\":\"https:\/\/www.workshop.ee\/fi\/toode\/kasvustart-iii-looduslik-kaalium-1kg\/\",\"url\":\"https:\/\/www.workshop.ee\/fi\/toode\/kasvustart-iii-looduslik-kaalium-1kg\/\",\"name\":\"KasvuStart-III Kaalium 1kg - WorkShop\",\"isPartOf\":{\"@id\":\"https:\/\/www.workshop.ee\/fi\/#website\"},\"primaryImageOfPage\":{\"@id\":\"https:\/\/www.workshop.ee\/fi\/toode\/kasvustart-iii-looduslik-kaalium-1kg\/#primaryimage\"},\"image\":{\"@id\":\"https:\/\/www.workshop.ee\/toode\/kasvustart-iii-looduslik-kaalium-1kg\/#primaryimage\"},\"thumbnailUrl\":\"https:\/\/www.workshop.ee\/wp-content\/uploads\/2024\/07\/Kasvustart3_kaalium_soome_JPG.jpg\",\"datePublished\":\"2024-07-07T13:57:08+00:00\",\"dateModified\":\"2025-11-16T11:18:04+00:00\",\"breadcrumb\":{\"@id\":\"https:\/\/www.workshop.ee\/fi\/toode\/kasvustart-iii-looduslik-kaalium-1kg\/#breadcrumb\"},\"inLanguage\":\"fi\",\"potentialAction\":[{\"@type\":\"ReadAction\",\"target\":[[\"https:\/\/www.workshop.ee\/fi\/toode\/kasvustart-iii-looduslik-kaalium-1kg\/\"]]}]},{\"@type\":\"ImageObject\",\"inLanguage\":\"fi\",\"@id\":\"https:\/\/www.workshop.ee\/fi\/toode\/kasvustart-iii-looduslik-kaalium-1kg\/#primaryimage\",\"url\":\"https:\/\/www.workshop.ee\/wp-content\/uploads\/2024\/07\/Kasvustart3_kaalium_soome_JPG.jpg\",\"contentUrl\":\"https:\/\/www.workshop.ee\/wp-content\/uploads\/2024\/07\/Kasvustart3_kaalium_soome_JPG.jpg\",\"width\":787,\"height\":1181},{\"@type\":\"BreadcrumbList\",\"@id\":\"https:\/\/www.workshop.ee\/fi\/toode\/kasvustart-iii-looduslik-kaalium-1kg\/#breadcrumb\",\"itemListElement\":[{\"@type\":\"ListItem\",\"position\":1,\"name\":\"Home\",\"item\":\"https:\/\/www.workshop.ee\/fi\/\"},{\"@type\":\"ListItem\",\"position\":2,\"name\":\"E-pood\",\"item\":\"https:\/\/www.workshop.ee\/fi\/e-pood\/\"},{\"@type\":\"ListItem\",\"position\":3,\"name\":\"Looduslik kaalium v\u00e4etis 1kg Kasvu-Start III\"}]},{\"@type\":\"WebSite\",\"@id\":\"https:\/\/www.workshop.ee\/fi\/#website\",\"url\":\"https:\/\/www.workshop.ee\/fi\/\",\"name\":\"WorkShop\",\"description\":\"\",\"publisher\":{\"@id\":\"https:\/\/www.workshop.ee\/fi\/#organization\"},\"potentialAction\":[{\"@type\":\"SearchAction\",\"target\":{\"@type\":\"EntryPoint\",\"urlTemplate\":\"https:\/\/www.workshop.ee\/fi\/?s={search_term_string}\"},\"query-input\":{\"@type\":\"PropertyValueSpecification\",\"valueRequired\":true,\"valueName\":\"search_term_string\"}}],\"inLanguage\":\"fi\"},{\"@type\":\"Organization\",\"@id\":\"https:\/\/www.workshop.ee\/fi\/#organization\",\"name\":\"WorkShop\",\"url\":\"https:\/\/www.workshop.ee\/fi\/\",\"logo\":{\"@type\":\"ImageObject\",\"inLanguage\":\"fi\",\"@id\":\"https:\/\/www.workshop.ee\/fi\/#\/schema\/logo\/image\/\",\"url\":\"https:\/\/www.workshop.ee\/wp-content\/uploads\/2024\/06\/logo.png\",\"contentUrl\":\"https:\/\/www.workshop.ee\/wp-content\/uploads\/2024\/06\/logo.png\",\"width\":170,\"height\":57,\"caption\":\"WorkShop\"},\"image\":{\"@id\":\"https:\/\/www.workshop.ee\/fi\/#\/schema\/logo\/image\/\"}}]}<\/script>\n<!-- \/ Yoast SEO plugin. -->","yoast_head_json":{"title":"KasvuStart-III Kaalium 1kg - WorkShop","robots":{"index":"index","follow":"follow","max-snippet":"max-snippet:-1","max-image-preview":"max-image-preview:large","max-video-preview":"max-video-preview:-1"},"canonical":"https:\/\/www.workshop.ee\/fi\/toode\/kasvustart-iii-looduslik-kaalium-1kg\/","og_locale":"fi_FI","og_type":"article","og_title":"KasvuStart-III Kaalium 1kg - WorkShop","og_description":"N-P-K-0- 0-38 Kasvu-Start III vinassist on kaalium rikas v\u00e4etis ja 100% looduslik.","og_url":"https:\/\/www.workshop.ee\/fi\/toode\/kasvustart-iii-looduslik-kaalium-1kg\/","og_site_name":"WorkShop","article_modified_time":"2025-11-16T11:18:04+00:00","og_image":[{"width":787,"height":1181,"url":"https:\/\/www.workshop.ee\/wp-content\/uploads\/2024\/07\/Kasvustart3_kaalium_soome_JPG.jpg","type":"image\/jpeg"}],"twitter_card":"summary_large_image","twitter_misc":{"Arvioitu lukuaika":"1 minuutti"},"schema":{"@context":"https:\/\/schema.org","@graph":[{"@type":"WebPage","@id":"https:\/\/www.workshop.ee\/fi\/toode\/kasvustart-iii-looduslik-kaalium-1kg\/","url":"https:\/\/www.workshop.ee\/fi\/toode\/kasvustart-iii-looduslik-kaalium-1kg\/","name":"KasvuStart-III Kaalium 1kg - WorkShop","isPartOf":{"@id":"https:\/\/www.workshop.ee\/fi\/#website"},"primaryImageOfPage":{"@id":"https:\/\/www.workshop.ee\/fi\/toode\/kasvustart-iii-looduslik-kaalium-1kg\/#primaryimage"},"image":{"@id":"https:\/\/www.workshop.ee\/toode\/kasvustart-iii-looduslik-kaalium-1kg\/#primaryimage"},"thumbnailUrl":"https:\/\/www.workshop.ee\/wp-content\/uploads\/2024\/07\/Kasvustart3_kaalium_soome_JPG.jpg","datePublished":"2024-07-07T13:57:08+00:00","dateModified":"2025-11-16T11:18:04+00:00","breadcrumb":{"@id":"https:\/\/www.workshop.ee\/fi\/toode\/kasvustart-iii-looduslik-kaalium-1kg\/#breadcrumb"},"inLanguage":"fi","potentialAction":[{"@type":"ReadAction","target":[["https:\/\/www.workshop.ee\/fi\/toode\/kasvustart-iii-looduslik-kaalium-1kg\/"]]}]},{"@type":"ImageObject","inLanguage":"fi","@id":"https:\/\/www.workshop.ee\/fi\/toode\/kasvustart-iii-looduslik-kaalium-1kg\/#primaryimage","url":"https:\/\/www.workshop.ee\/wp-content\/uploads\/2024\/07\/Kasvustart3_kaalium_soome_JPG.jpg","contentUrl":"https:\/\/www.workshop.ee\/wp-content\/uploads\/2024\/07\/Kasvustart3_kaalium_soome_JPG.jpg","width":787,"height":1181},{"@type":"BreadcrumbList","@id":"https:\/\/www.workshop.ee\/fi\/toode\/kasvustart-iii-looduslik-kaalium-1kg\/#breadcrumb","itemListElement":[{"@type":"ListItem","position":1,"name":"Home","item":"https:\/\/www.workshop.ee\/fi\/"},{"@type":"ListItem","position":2,"name":"E-pood","item":"https:\/\/www.workshop.ee\/fi\/e-pood\/"},{"@type":"ListItem","position":3,"name":"Looduslik kaalium v\u00e4etis 1kg Kasvu-Start III"}]},{"@type":"WebSite","@id":"https:\/\/www.workshop.ee\/fi\/#website","url":"https:\/\/www.workshop.ee\/fi\/","name":"WorkShop","description":"","publisher":{"@id":"https:\/\/www.workshop.ee\/fi\/#organization"},"potentialAction":[{"@type":"SearchAction","target":{"@type":"EntryPoint","urlTemplate":"https:\/\/www.workshop.ee\/fi\/?s={search_term_string}"},"query-input":{"@type":"PropertyValueSpecification","valueRequired":true,"valueName":"search_term_string"}}],"inLanguage":"fi"},{"@type":"Organization","@id":"https:\/\/www.workshop.ee\/fi\/#organization","name":"WorkShop","url":"https:\/\/www.workshop.ee\/fi\/","logo":{"@type":"ImageObject","inLanguage":"fi","@id":"https:\/\/www.workshop.ee\/fi\/#\/schema\/logo\/image\/","url":"https:\/\/www.workshop.ee\/wp-content\/uploads\/2024\/06\/logo.png","contentUrl":"https:\/\/www.workshop.ee\/wp-content\/uploads\/2024\/06\/logo.png","width":170,"height":57,"caption":"WorkShop"},"image":{"@id":"https:\/\/www.workshop.ee\/fi\/#\/schema\/logo\/image\/"}}]}},"_links":{"self":[{"href":"https:\/\/www.workshop.ee\/fi\/wp-json\/wp\/v2\/product\/10630","targetHints":{"allow":["GET"]}}],"collection":[{"href":"https:\/\/www.workshop.ee\/fi\/wp-json\/wp\/v2\/product"}],"about":[{"href":"https:\/\/www.workshop.ee\/fi\/wp-json\/wp\/v2\/types\/product"}],"wp:featuredmedia":[{"embeddable":true,"href":"https:\/\/www.workshop.ee\/fi\/wp-json\/wp\/v2\/media\/10400"}],"wp:attachment":[{"href":"https:\/\/www.workshop.ee\/fi\/wp-json\/wp\/v2\/media?parent=10630"}],"wp:term":[{"taxonomy":"product_brand","embeddable":true,"href":"https:\/\/www.workshop.ee\/fi\/wp-json\/wp\/v2\/product_brand?post=10630"},{"taxonomy":"product_cat","embeddable":true,"href":"https:\/\/www.workshop.ee\/fi\/wp-json\/wp\/v2\/product_cat?post=10630"},{"taxonomy":"product_tag","embeddable":true,"href":"https:\/\/www.workshop.ee\/fi\/wp-json\/wp\/v2\/product_tag?post=10630"}],"curies":[{"name":"wp","href":"https:\/\/api.w.org\/{rel}","templated":true}]}}