{"id":10631,"date":"2024-07-07T16:57:08","date_gmt":"2024-07-07T13:57:08","guid":{"rendered":"https:\/\/uuswp.workshop.ee\/toode\/kasvustart-iii-kaalium-3l\/"},"modified":"2025-11-16T13:22:14","modified_gmt":"2025-11-16T11:22:14","slug":"kasvustart-iii-kaalium-3l","status":"publish","type":"product","link":"https:\/\/www.workshop.ee\/fi\/toode\/kasvustart-iii-kaalium-3l\/","title":{"rendered":"KasvuStart-III Kaalium-3L"},"content":{"rendered":"<p>Kasvu-Start III vinassist on kaalium rikas v\u00e4etis ja 100% looduslik. Kaalium soodustab suhkrute ladestamist ja m\u00f5jutab taimede k\u00fclma-, p\u00f5ua- ja haiguskindlust. Parandab saagikvaliteeti ja saagi s\u00e4ilimist. Kaalium soodustab \u00f5iealgete moodustumist, m\u00f5jutades nii j\u00e4rgmise aasta saagi suurust. Rohkem vajavad kaaliumi suure juurestikuga kultuurid, liblik\u00f5ielised, kartul. Kaalium on l\u00e4mmastiku k\u00f5rval teine enam vajatav toiteelement, mida kultuurid saagi moodustamiseks kasutavad. Kasutada m\u00e4rtsist augustini vastavalt vajadusele.<br \/>\n<\/p>","protected":false},"excerpt":{"rendered":"<p>N-P-K-0-0-38 Kasvu-Start III vinassist on kaalium rikas v\u00e4etis ja 100% looduslik. Kaalium soodustab suhkrute ladestamist ja m\u00f5jutab taimede k\u00fclma-, p\u00f5ua- ja haiguskindlust.<\/p>\n","protected":false},"featured_media":10401,"template":"","meta":[],"product_brand":[],"product_cat":[81],"product_tag":[],"class_list":{"0":"post-10631","1":"product","2":"type-product","3":"status-publish","4":"has-post-thumbnail","6":"product_cat-iluaeda-loodusvaetised-2","8":"first","9":"instock","10":"shipping-taxable","11":"purchasable","12":"product-type-simple"},"yoast_head":"<!-- This site is optimized with the Yoast SEO plugin v26.8 - https:\/\/yoast.com\/product\/yoast-seo-wordpress\/ -->\n<title>KasvuStart-III Kaalium-3L - WorkShop<\/title>\n<meta name=\"robots\" content=\"index, follow, max-snippet:-1, max-image-preview:large, max-video-preview:-1\" \/>\n<link rel=\"canonical\" href=\"https:\/\/www.workshop.ee\/fi\/toode\/kasvustart-iii-kaalium-3l\/\" \/>\n<meta property=\"og:locale\" content=\"fi_FI\" \/>\n<meta property=\"og:type\" content=\"article\" \/>\n<meta property=\"og:title\" content=\"KasvuStart-III Kaalium-3L - WorkShop\" \/>\n<meta property=\"og:description\" content=\"N-P-K-0-0-38 Kasvu-Start III vinassist on kaalium rikas v\u00e4etis ja 100% looduslik. Kaalium soodustab suhkrute ladestamist ja m\u00f5jutab taimede k\u00fclma-, p\u00f5ua- ja haiguskindlust.\" \/>\n<meta property=\"og:url\" content=\"https:\/\/www.workshop.ee\/fi\/toode\/kasvustart-iii-kaalium-3l\/\" \/>\n<meta property=\"og:site_name\" content=\"WorkShop\" \/>\n<meta property=\"article:modified_time\" content=\"2025-11-16T11:22:14+00:00\" \/>\n<meta property=\"og:image\" content=\"https:\/\/www.workshop.ee\/wp-content\/uploads\/2024\/07\/Kasvustart3_kaalium-538x800.jpg\" \/>\n\t<meta property=\"og:image:width\" content=\"538\" \/>\n\t<meta property=\"og:image:height\" content=\"800\" \/>\n\t<meta property=\"og:image:type\" content=\"image\/jpeg\" \/>\n<meta name=\"twitter:card\" content=\"summary_large_image\" \/>\n<meta name=\"twitter:label1\" content=\"Arvioitu lukuaika\" \/>\n\t<meta name=\"twitter:data1\" content=\"1 minuutti\" \/>\n<script type=\"application\/ld+json\" class=\"yoast-schema-graph\">{\"@context\":\"https:\/\/schema.org\",\"@graph\":[{\"@type\":\"WebPage\",\"@id\":\"https:\/\/www.workshop.ee\/fi\/toode\/kasvustart-iii-kaalium-3l\/\",\"url\":\"https:\/\/www.workshop.ee\/fi\/toode\/kasvustart-iii-kaalium-3l\/\",\"name\":\"KasvuStart-III Kaalium-3L - WorkShop\",\"isPartOf\":{\"@id\":\"https:\/\/www.workshop.ee\/fi\/#website\"},\"primaryImageOfPage\":{\"@id\":\"https:\/\/www.workshop.ee\/fi\/toode\/kasvustart-iii-kaalium-3l\/#primaryimage\"},\"image\":{\"@id\":\"https:\/\/www.workshop.ee\/toode\/kasvustart-iii-kaalium-3l\/#primaryimage\"},\"thumbnailUrl\":\"https:\/\/www.workshop.ee\/wp-content\/uploads\/2024\/07\/Kasvustart3_kaalium.jpg\",\"datePublished\":\"2024-07-07T13:57:08+00:00\",\"dateModified\":\"2025-11-16T11:22:14+00:00\",\"breadcrumb\":{\"@id\":\"https:\/\/www.workshop.ee\/fi\/toode\/kasvustart-iii-kaalium-3l\/#breadcrumb\"},\"inLanguage\":\"fi\",\"potentialAction\":[{\"@type\":\"ReadAction\",\"target\":[[\"https:\/\/www.workshop.ee\/fi\/toode\/kasvustart-iii-kaalium-3l\/\"]]}]},{\"@type\":\"ImageObject\",\"inLanguage\":\"fi\",\"@id\":\"https:\/\/www.workshop.ee\/fi\/toode\/kasvustart-iii-kaalium-3l\/#primaryimage\",\"url\":\"https:\/\/www.workshop.ee\/wp-content\/uploads\/2024\/07\/Kasvustart3_kaalium.jpg\",\"contentUrl\":\"https:\/\/www.workshop.ee\/wp-content\/uploads\/2024\/07\/Kasvustart3_kaalium.jpg\",\"width\":1191,\"height\":1772},{\"@type\":\"BreadcrumbList\",\"@id\":\"https:\/\/www.workshop.ee\/fi\/toode\/kasvustart-iii-kaalium-3l\/#breadcrumb\",\"itemListElement\":[{\"@type\":\"ListItem\",\"position\":1,\"name\":\"Home\",\"item\":\"https:\/\/www.workshop.ee\/fi\/\"},{\"@type\":\"ListItem\",\"position\":2,\"name\":\"E-pood\",\"item\":\"https:\/\/www.workshop.ee\/fi\/e-pood\/\"},{\"@type\":\"ListItem\",\"position\":3,\"name\":\"Looduslik kaalium v\u00e4etis-3 kg Kasvu-Start III\"}]},{\"@type\":\"WebSite\",\"@id\":\"https:\/\/www.workshop.ee\/fi\/#website\",\"url\":\"https:\/\/www.workshop.ee\/fi\/\",\"name\":\"WorkShop\",\"description\":\"\",\"publisher\":{\"@id\":\"https:\/\/www.workshop.ee\/fi\/#organization\"},\"potentialAction\":[{\"@type\":\"SearchAction\",\"target\":{\"@type\":\"EntryPoint\",\"urlTemplate\":\"https:\/\/www.workshop.ee\/fi\/?s={search_term_string}\"},\"query-input\":{\"@type\":\"PropertyValueSpecification\",\"valueRequired\":true,\"valueName\":\"search_term_string\"}}],\"inLanguage\":\"fi\"},{\"@type\":\"Organization\",\"@id\":\"https:\/\/www.workshop.ee\/fi\/#organization\",\"name\":\"WorkShop\",\"url\":\"https:\/\/www.workshop.ee\/fi\/\",\"logo\":{\"@type\":\"ImageObject\",\"inLanguage\":\"fi\",\"@id\":\"https:\/\/www.workshop.ee\/fi\/#\/schema\/logo\/image\/\",\"url\":\"https:\/\/www.workshop.ee\/wp-content\/uploads\/2024\/06\/logo.png\",\"contentUrl\":\"https:\/\/www.workshop.ee\/wp-content\/uploads\/2024\/06\/logo.png\",\"width\":170,\"height\":57,\"caption\":\"WorkShop\"},\"image\":{\"@id\":\"https:\/\/www.workshop.ee\/fi\/#\/schema\/logo\/image\/\"}}]}<\/script>\n<!-- \/ Yoast SEO plugin. -->","yoast_head_json":{"title":"KasvuStart-III Kaalium-3L - WorkShop","robots":{"index":"index","follow":"follow","max-snippet":"max-snippet:-1","max-image-preview":"max-image-preview:large","max-video-preview":"max-video-preview:-1"},"canonical":"https:\/\/www.workshop.ee\/fi\/toode\/kasvustart-iii-kaalium-3l\/","og_locale":"fi_FI","og_type":"article","og_title":"KasvuStart-III Kaalium-3L - WorkShop","og_description":"N-P-K-0-0-38 Kasvu-Start III vinassist on kaalium rikas v\u00e4etis ja 100% looduslik. Kaalium soodustab suhkrute ladestamist ja m\u00f5jutab taimede k\u00fclma-, p\u00f5ua- ja haiguskindlust.","og_url":"https:\/\/www.workshop.ee\/fi\/toode\/kasvustart-iii-kaalium-3l\/","og_site_name":"WorkShop","article_modified_time":"2025-11-16T11:22:14+00:00","og_image":[{"width":538,"height":800,"url":"https:\/\/www.workshop.ee\/wp-content\/uploads\/2024\/07\/Kasvustart3_kaalium-538x800.jpg","type":"image\/jpeg"}],"twitter_card":"summary_large_image","twitter_misc":{"Arvioitu lukuaika":"1 minuutti"},"schema":{"@context":"https:\/\/schema.org","@graph":[{"@type":"WebPage","@id":"https:\/\/www.workshop.ee\/fi\/toode\/kasvustart-iii-kaalium-3l\/","url":"https:\/\/www.workshop.ee\/fi\/toode\/kasvustart-iii-kaalium-3l\/","name":"KasvuStart-III Kaalium-3L - WorkShop","isPartOf":{"@id":"https:\/\/www.workshop.ee\/fi\/#website"},"primaryImageOfPage":{"@id":"https:\/\/www.workshop.ee\/fi\/toode\/kasvustart-iii-kaalium-3l\/#primaryimage"},"image":{"@id":"https:\/\/www.workshop.ee\/toode\/kasvustart-iii-kaalium-3l\/#primaryimage"},"thumbnailUrl":"https:\/\/www.workshop.ee\/wp-content\/uploads\/2024\/07\/Kasvustart3_kaalium.jpg","datePublished":"2024-07-07T13:57:08+00:00","dateModified":"2025-11-16T11:22:14+00:00","breadcrumb":{"@id":"https:\/\/www.workshop.ee\/fi\/toode\/kasvustart-iii-kaalium-3l\/#breadcrumb"},"inLanguage":"fi","potentialAction":[{"@type":"ReadAction","target":[["https:\/\/www.workshop.ee\/fi\/toode\/kasvustart-iii-kaalium-3l\/"]]}]},{"@type":"ImageObject","inLanguage":"fi","@id":"https:\/\/www.workshop.ee\/fi\/toode\/kasvustart-iii-kaalium-3l\/#primaryimage","url":"https:\/\/www.workshop.ee\/wp-content\/uploads\/2024\/07\/Kasvustart3_kaalium.jpg","contentUrl":"https:\/\/www.workshop.ee\/wp-content\/uploads\/2024\/07\/Kasvustart3_kaalium.jpg","width":1191,"height":1772},{"@type":"BreadcrumbList","@id":"https:\/\/www.workshop.ee\/fi\/toode\/kasvustart-iii-kaalium-3l\/#breadcrumb","itemListElement":[{"@type":"ListItem","position":1,"name":"Home","item":"https:\/\/www.workshop.ee\/fi\/"},{"@type":"ListItem","position":2,"name":"E-pood","item":"https:\/\/www.workshop.ee\/fi\/e-pood\/"},{"@type":"ListItem","position":3,"name":"Looduslik kaalium v\u00e4etis-3 kg Kasvu-Start III"}]},{"@type":"WebSite","@id":"https:\/\/www.workshop.ee\/fi\/#website","url":"https:\/\/www.workshop.ee\/fi\/","name":"WorkShop","description":"","publisher":{"@id":"https:\/\/www.workshop.ee\/fi\/#organization"},"potentialAction":[{"@type":"SearchAction","target":{"@type":"EntryPoint","urlTemplate":"https:\/\/www.workshop.ee\/fi\/?s={search_term_string}"},"query-input":{"@type":"PropertyValueSpecification","valueRequired":true,"valueName":"search_term_string"}}],"inLanguage":"fi"},{"@type":"Organization","@id":"https:\/\/www.workshop.ee\/fi\/#organization","name":"WorkShop","url":"https:\/\/www.workshop.ee\/fi\/","logo":{"@type":"ImageObject","inLanguage":"fi","@id":"https:\/\/www.workshop.ee\/fi\/#\/schema\/logo\/image\/","url":"https:\/\/www.workshop.ee\/wp-content\/uploads\/2024\/06\/logo.png","contentUrl":"https:\/\/www.workshop.ee\/wp-content\/uploads\/2024\/06\/logo.png","width":170,"height":57,"caption":"WorkShop"},"image":{"@id":"https:\/\/www.workshop.ee\/fi\/#\/schema\/logo\/image\/"}}]}},"_links":{"self":[{"href":"https:\/\/www.workshop.ee\/fi\/wp-json\/wp\/v2\/product\/10631","targetHints":{"allow":["GET"]}}],"collection":[{"href":"https:\/\/www.workshop.ee\/fi\/wp-json\/wp\/v2\/product"}],"about":[{"href":"https:\/\/www.workshop.ee\/fi\/wp-json\/wp\/v2\/types\/product"}],"wp:featuredmedia":[{"embeddable":true,"href":"https:\/\/www.workshop.ee\/fi\/wp-json\/wp\/v2\/media\/10401"}],"wp:attachment":[{"href":"https:\/\/www.workshop.ee\/fi\/wp-json\/wp\/v2\/media?parent=10631"}],"wp:term":[{"taxonomy":"product_brand","embeddable":true,"href":"https:\/\/www.workshop.ee\/fi\/wp-json\/wp\/v2\/product_brand?post=10631"},{"taxonomy":"product_cat","embeddable":true,"href":"https:\/\/www.workshop.ee\/fi\/wp-json\/wp\/v2\/product_cat?post=10631"},{"taxonomy":"product_tag","embeddable":true,"href":"https:\/\/www.workshop.ee\/fi\/wp-json\/wp\/v2\/product_tag?post=10631"}],"curies":[{"name":"wp","href":"https:\/\/api.w.org\/{rel}","templated":true}]}}