{"id":10639,"date":"2024-07-07T16:57:09","date_gmt":"2024-07-07T13:57:09","guid":{"rendered":"https:\/\/uuswp.workshop.ee\/toode\/asalea-ja-rododendronite-vaetis-ph-10l\/"},"modified":"2025-11-16T12:06:32","modified_gmt":"2025-11-16T10:06:32","slug":"asalea-ja-rododendronite-vaetis-ph-10l","status":"publish","type":"product","link":"https:\/\/www.workshop.ee\/fi\/toode\/asalea-ja-rododendronite-vaetis-ph-10l\/","title":{"rendered":"Asalea ja Rododendronite v\u00e4etis pH-10L"},"content":{"rendered":"<p>Antud v\u00e4etis on m\u00f5eldud rododendronitele ja asaleadele. V\u00e4etist on rikastatud magneesiumiga tagamaks erksamav\u00e4rvilised lilled. T\u00e4nu k\u00f5rgemale kaaliumi sisaldusele v\u00e4etises tagab antud pehme ja happelise toimega v\u00e4etis k\u00fcllase \u00f5itsemise ja pikemaajalise s\u00e4ilimise ka peale l\u00f5ikamist. Rododendroni ja asalea v\u00e4etist saab kasutada ka kui pH taseme korrektorit kaltsiumirikastes muldades, kus v\u00e4etis alandab pH taset. Toimeaeg on kuni 3 kuud<\/p>\n","protected":false},"excerpt":{"rendered":"<p>Antud v\u00e4etis on m\u00f5eldud rododendronitele ja asaleadele. V\u00e4etist on rikastatud magneesiumiga tagamaks erksamav\u00e4rvilised lilled.N-P-K 6-4-6<\/p>\n","protected":false},"featured_media":10311,"template":"","meta":[],"product_brand":[],"product_cat":[81,70],"product_tag":[],"class_list":{"0":"post-10639","1":"product","2":"type-product","3":"status-publish","4":"has-post-thumbnail","6":"product_cat-iluaeda-loodusvaetised-2","7":"product_cat-loodusvaetised","9":"first","10":"instock","11":"shipping-taxable","12":"purchasable","13":"product-type-simple"},"yoast_head":"<!-- This site is optimized with the Yoast SEO plugin v26.8 - https:\/\/yoast.com\/product\/yoast-seo-wordpress\/ -->\n<title>Asalea ja Rododendronite v\u00e4etis pH-10L - WorkShop<\/title>\n<meta name=\"robots\" content=\"index, follow, max-snippet:-1, max-image-preview:large, max-video-preview:-1\" \/>\n<link rel=\"canonical\" href=\"https:\/\/www.workshop.ee\/fi\/toode\/asalea-ja-rododendronite-vaetis-ph-10l\/\" \/>\n<meta property=\"og:locale\" content=\"fi_FI\" \/>\n<meta property=\"og:type\" content=\"article\" \/>\n<meta property=\"og:title\" content=\"Asalea ja Rododendronite v\u00e4etis pH-10L - WorkShop\" \/>\n<meta property=\"og:description\" content=\"Antud v\u00e4etis on m\u00f5eldud rododendronitele ja asaleadele. V\u00e4etist on rikastatud magneesiumiga tagamaks erksamav\u00e4rvilised lilled.N-P-K 6-4-6\" \/>\n<meta property=\"og:url\" content=\"https:\/\/www.workshop.ee\/fi\/toode\/asalea-ja-rododendronite-vaetis-ph-10l\/\" \/>\n<meta property=\"og:site_name\" content=\"WorkShop\" \/>\n<meta property=\"article:modified_time\" content=\"2025-11-16T10:06:32+00:00\" \/>\n<meta property=\"og:image\" content=\"https:\/\/www.workshop.ee\/wp-content\/uploads\/2024\/07\/Asalea-Rodo-538x800.jpg\" \/>\n\t<meta property=\"og:image:width\" content=\"538\" \/>\n\t<meta property=\"og:image:height\" content=\"800\" \/>\n\t<meta property=\"og:image:type\" content=\"image\/jpeg\" \/>\n<meta name=\"twitter:card\" content=\"summary_large_image\" \/>\n<meta name=\"twitter:label1\" content=\"Arvioitu lukuaika\" \/>\n\t<meta name=\"twitter:data1\" content=\"1 minuutti\" \/>\n<script type=\"application\/ld+json\" class=\"yoast-schema-graph\">{\"@context\":\"https:\/\/schema.org\",\"@graph\":[{\"@type\":\"WebPage\",\"@id\":\"https:\/\/www.workshop.ee\/fi\/toode\/asalea-ja-rododendronite-vaetis-ph-10l\/\",\"url\":\"https:\/\/www.workshop.ee\/fi\/toode\/asalea-ja-rododendronite-vaetis-ph-10l\/\",\"name\":\"Asalea ja Rododendronite v\u00e4etis pH-10L - WorkShop\",\"isPartOf\":{\"@id\":\"https:\/\/www.workshop.ee\/fi\/#website\"},\"primaryImageOfPage\":{\"@id\":\"https:\/\/www.workshop.ee\/fi\/toode\/asalea-ja-rododendronite-vaetis-ph-10l\/#primaryimage\"},\"image\":{\"@id\":\"https:\/\/www.workshop.ee\/toode\/asalea-ja-rododendronite-vaetis-ph-10l\/#primaryimage\"},\"thumbnailUrl\":\"https:\/\/www.workshop.ee\/wp-content\/uploads\/2024\/07\/Asalea-Rodo.jpg\",\"datePublished\":\"2024-07-07T13:57:09+00:00\",\"dateModified\":\"2025-11-16T10:06:32+00:00\",\"breadcrumb\":{\"@id\":\"https:\/\/www.workshop.ee\/fi\/toode\/asalea-ja-rododendronite-vaetis-ph-10l\/#breadcrumb\"},\"inLanguage\":\"fi\",\"potentialAction\":[{\"@type\":\"ReadAction\",\"target\":[[\"https:\/\/www.workshop.ee\/fi\/toode\/asalea-ja-rododendronite-vaetis-ph-10l\/\"]]}]},{\"@type\":\"ImageObject\",\"inLanguage\":\"fi\",\"@id\":\"https:\/\/www.workshop.ee\/fi\/toode\/asalea-ja-rododendronite-vaetis-ph-10l\/#primaryimage\",\"url\":\"https:\/\/www.workshop.ee\/wp-content\/uploads\/2024\/07\/Asalea-Rodo.jpg\",\"contentUrl\":\"https:\/\/www.workshop.ee\/wp-content\/uploads\/2024\/07\/Asalea-Rodo.jpg\",\"width\":1191,\"height\":1772},{\"@type\":\"BreadcrumbList\",\"@id\":\"https:\/\/www.workshop.ee\/fi\/toode\/asalea-ja-rododendronite-vaetis-ph-10l\/#breadcrumb\",\"itemListElement\":[{\"@type\":\"ListItem\",\"position\":1,\"name\":\"Home\",\"item\":\"https:\/\/www.workshop.ee\/fi\/\"},{\"@type\":\"ListItem\",\"position\":2,\"name\":\"E-pood\",\"item\":\"https:\/\/www.workshop.ee\/fi\/e-pood\/\"},{\"@type\":\"ListItem\",\"position\":3,\"name\":\"Rododendronite v\u00e4etis-10L\"}]},{\"@type\":\"WebSite\",\"@id\":\"https:\/\/www.workshop.ee\/fi\/#website\",\"url\":\"https:\/\/www.workshop.ee\/fi\/\",\"name\":\"WorkShop\",\"description\":\"\",\"publisher\":{\"@id\":\"https:\/\/www.workshop.ee\/fi\/#organization\"},\"potentialAction\":[{\"@type\":\"SearchAction\",\"target\":{\"@type\":\"EntryPoint\",\"urlTemplate\":\"https:\/\/www.workshop.ee\/fi\/?s={search_term_string}\"},\"query-input\":{\"@type\":\"PropertyValueSpecification\",\"valueRequired\":true,\"valueName\":\"search_term_string\"}}],\"inLanguage\":\"fi\"},{\"@type\":\"Organization\",\"@id\":\"https:\/\/www.workshop.ee\/fi\/#organization\",\"name\":\"WorkShop\",\"url\":\"https:\/\/www.workshop.ee\/fi\/\",\"logo\":{\"@type\":\"ImageObject\",\"inLanguage\":\"fi\",\"@id\":\"https:\/\/www.workshop.ee\/fi\/#\/schema\/logo\/image\/\",\"url\":\"https:\/\/www.workshop.ee\/wp-content\/uploads\/2024\/06\/logo.png\",\"contentUrl\":\"https:\/\/www.workshop.ee\/wp-content\/uploads\/2024\/06\/logo.png\",\"width\":170,\"height\":57,\"caption\":\"WorkShop\"},\"image\":{\"@id\":\"https:\/\/www.workshop.ee\/fi\/#\/schema\/logo\/image\/\"}}]}<\/script>\n<!-- \/ Yoast SEO plugin. -->","yoast_head_json":{"title":"Asalea ja Rododendronite v\u00e4etis pH-10L - WorkShop","robots":{"index":"index","follow":"follow","max-snippet":"max-snippet:-1","max-image-preview":"max-image-preview:large","max-video-preview":"max-video-preview:-1"},"canonical":"https:\/\/www.workshop.ee\/fi\/toode\/asalea-ja-rododendronite-vaetis-ph-10l\/","og_locale":"fi_FI","og_type":"article","og_title":"Asalea ja Rododendronite v\u00e4etis pH-10L - WorkShop","og_description":"Antud v\u00e4etis on m\u00f5eldud rododendronitele ja asaleadele. V\u00e4etist on rikastatud magneesiumiga tagamaks erksamav\u00e4rvilised lilled.N-P-K 6-4-6","og_url":"https:\/\/www.workshop.ee\/fi\/toode\/asalea-ja-rododendronite-vaetis-ph-10l\/","og_site_name":"WorkShop","article_modified_time":"2025-11-16T10:06:32+00:00","og_image":[{"width":538,"height":800,"url":"https:\/\/www.workshop.ee\/wp-content\/uploads\/2024\/07\/Asalea-Rodo-538x800.jpg","type":"image\/jpeg"}],"twitter_card":"summary_large_image","twitter_misc":{"Arvioitu lukuaika":"1 minuutti"},"schema":{"@context":"https:\/\/schema.org","@graph":[{"@type":"WebPage","@id":"https:\/\/www.workshop.ee\/fi\/toode\/asalea-ja-rododendronite-vaetis-ph-10l\/","url":"https:\/\/www.workshop.ee\/fi\/toode\/asalea-ja-rododendronite-vaetis-ph-10l\/","name":"Asalea ja Rododendronite v\u00e4etis pH-10L - WorkShop","isPartOf":{"@id":"https:\/\/www.workshop.ee\/fi\/#website"},"primaryImageOfPage":{"@id":"https:\/\/www.workshop.ee\/fi\/toode\/asalea-ja-rododendronite-vaetis-ph-10l\/#primaryimage"},"image":{"@id":"https:\/\/www.workshop.ee\/toode\/asalea-ja-rododendronite-vaetis-ph-10l\/#primaryimage"},"thumbnailUrl":"https:\/\/www.workshop.ee\/wp-content\/uploads\/2024\/07\/Asalea-Rodo.jpg","datePublished":"2024-07-07T13:57:09+00:00","dateModified":"2025-11-16T10:06:32+00:00","breadcrumb":{"@id":"https:\/\/www.workshop.ee\/fi\/toode\/asalea-ja-rododendronite-vaetis-ph-10l\/#breadcrumb"},"inLanguage":"fi","potentialAction":[{"@type":"ReadAction","target":[["https:\/\/www.workshop.ee\/fi\/toode\/asalea-ja-rododendronite-vaetis-ph-10l\/"]]}]},{"@type":"ImageObject","inLanguage":"fi","@id":"https:\/\/www.workshop.ee\/fi\/toode\/asalea-ja-rododendronite-vaetis-ph-10l\/#primaryimage","url":"https:\/\/www.workshop.ee\/wp-content\/uploads\/2024\/07\/Asalea-Rodo.jpg","contentUrl":"https:\/\/www.workshop.ee\/wp-content\/uploads\/2024\/07\/Asalea-Rodo.jpg","width":1191,"height":1772},{"@type":"BreadcrumbList","@id":"https:\/\/www.workshop.ee\/fi\/toode\/asalea-ja-rododendronite-vaetis-ph-10l\/#breadcrumb","itemListElement":[{"@type":"ListItem","position":1,"name":"Home","item":"https:\/\/www.workshop.ee\/fi\/"},{"@type":"ListItem","position":2,"name":"E-pood","item":"https:\/\/www.workshop.ee\/fi\/e-pood\/"},{"@type":"ListItem","position":3,"name":"Rododendronite v\u00e4etis-10L"}]},{"@type":"WebSite","@id":"https:\/\/www.workshop.ee\/fi\/#website","url":"https:\/\/www.workshop.ee\/fi\/","name":"WorkShop","description":"","publisher":{"@id":"https:\/\/www.workshop.ee\/fi\/#organization"},"potentialAction":[{"@type":"SearchAction","target":{"@type":"EntryPoint","urlTemplate":"https:\/\/www.workshop.ee\/fi\/?s={search_term_string}"},"query-input":{"@type":"PropertyValueSpecification","valueRequired":true,"valueName":"search_term_string"}}],"inLanguage":"fi"},{"@type":"Organization","@id":"https:\/\/www.workshop.ee\/fi\/#organization","name":"WorkShop","url":"https:\/\/www.workshop.ee\/fi\/","logo":{"@type":"ImageObject","inLanguage":"fi","@id":"https:\/\/www.workshop.ee\/fi\/#\/schema\/logo\/image\/","url":"https:\/\/www.workshop.ee\/wp-content\/uploads\/2024\/06\/logo.png","contentUrl":"https:\/\/www.workshop.ee\/wp-content\/uploads\/2024\/06\/logo.png","width":170,"height":57,"caption":"WorkShop"},"image":{"@id":"https:\/\/www.workshop.ee\/fi\/#\/schema\/logo\/image\/"}}]}},"_links":{"self":[{"href":"https:\/\/www.workshop.ee\/fi\/wp-json\/wp\/v2\/product\/10639","targetHints":{"allow":["GET"]}}],"collection":[{"href":"https:\/\/www.workshop.ee\/fi\/wp-json\/wp\/v2\/product"}],"about":[{"href":"https:\/\/www.workshop.ee\/fi\/wp-json\/wp\/v2\/types\/product"}],"wp:featuredmedia":[{"embeddable":true,"href":"https:\/\/www.workshop.ee\/fi\/wp-json\/wp\/v2\/media\/10311"}],"wp:attachment":[{"href":"https:\/\/www.workshop.ee\/fi\/wp-json\/wp\/v2\/media?parent=10639"}],"wp:term":[{"taxonomy":"product_brand","embeddable":true,"href":"https:\/\/www.workshop.ee\/fi\/wp-json\/wp\/v2\/product_brand?post=10639"},{"taxonomy":"product_cat","embeddable":true,"href":"https:\/\/www.workshop.ee\/fi\/wp-json\/wp\/v2\/product_cat?post=10639"},{"taxonomy":"product_tag","embeddable":true,"href":"https:\/\/www.workshop.ee\/fi\/wp-json\/wp\/v2\/product_tag?post=10639"}],"curies":[{"name":"wp","href":"https:\/\/api.w.org\/{rel}","templated":true}]}}