{"id":10640,"date":"2024-07-07T16:57:09","date_gmt":"2024-07-07T13:57:09","guid":{"rendered":"https:\/\/uuswp.workshop.ee\/toode\/kaunvilja-vaetis-1l\/"},"modified":"2025-11-16T12:07:46","modified_gmt":"2025-11-16T10:07:46","slug":"kaunvilja-vaetis-1l","status":"publish","type":"product","link":"https:\/\/www.workshop.ee\/fi\/toode\/kaunvilja-vaetis-1l\/","title":{"rendered":"Kaunvilja v\u00e4etis-1L"},"content":{"rendered":"<p>Orgaaniline v\u00e4etis kaunviljadele (uba, hernes, kikerhernes, l\u00e4\u00e4ts, soja.) on h\u00fcgieene loodus toode. Seda on lihtne kasutada ja orgaaniline v\u00e4etis on ohutu loomadele ja inimestele . Kaunviljade orgaaniline v\u00e4etis sisaldab taimse ja loomse p\u00e4ritoluga orgaanilist ainet.. Orgaanilises v\u00e4etises enamik toiteelemente on taimedele omastatavad kogu kasvuperioodi jooksul. Orgaaniline v\u00e4etis on huumuse tekkeks asendamatu, kuna see on sobivaks elukeskkonnaks mulla mikroorganismidele. Mikroorganismid omakorda vabastavad taimede jaoks k\u00e4ttesaamatut lahustumatut kaaliumi ja fosforit. Orgaanilised v\u00e4etised on taastuva p\u00e4ritoluga, biolagunevad, keskkonnas\u00f5bralikud ja aitavad kaasa toitainete ringlusele. See v\u00e4etis ei kahjusta p\u00f5hjavett on aeglase toimega ja ei p\u00f5leta taimi ning toimib 3kuud.<br \/>\n<\/p>","protected":false},"excerpt":{"rendered":"<p>N-P-K<br \/>\n3-6-12<br \/>\nOrgaaniline v\u00e4etis kaunviljadele (uba, hernes, kikerhernes, l\u00e4\u00e4ts, soja.) on h\u00fcgieene loodus toode.<\/p>\n","protected":false},"featured_media":10448,"template":"","meta":[],"product_brand":[],"product_cat":[75],"product_tag":[],"class_list":{"0":"post-10640","1":"product","2":"type-product","3":"status-publish","4":"has-post-thumbnail","6":"product_cat-tarbeaeda-loodusvaetised","8":"first","9":"instock","10":"shipping-taxable","11":"purchasable","12":"product-type-simple"},"yoast_head":"<!-- This site is optimized with the Yoast SEO plugin v26.8 - https:\/\/yoast.com\/product\/yoast-seo-wordpress\/ -->\n<title>Kaunvilja v\u00e4etis-1L - WorkShop<\/title>\n<meta name=\"robots\" content=\"index, follow, max-snippet:-1, max-image-preview:large, max-video-preview:-1\" \/>\n<link rel=\"canonical\" href=\"https:\/\/www.workshop.ee\/fi\/toode\/kaunvilja-vaetis-1l\/\" \/>\n<meta property=\"og:locale\" content=\"fi_FI\" \/>\n<meta property=\"og:type\" content=\"article\" \/>\n<meta property=\"og:title\" content=\"Kaunvilja v\u00e4etis-1L - WorkShop\" \/>\n<meta property=\"og:description\" content=\"N-P-K 3-6-12 Orgaaniline v\u00e4etis kaunviljadele (uba, hernes, kikerhernes, l\u00e4\u00e4ts, soja.) on h\u00fcgieene loodus toode.\" \/>\n<meta property=\"og:url\" content=\"https:\/\/www.workshop.ee\/fi\/toode\/kaunvilja-vaetis-1l\/\" \/>\n<meta property=\"og:site_name\" content=\"WorkShop\" \/>\n<meta property=\"article:modified_time\" content=\"2025-11-16T10:07:46+00:00\" \/>\n<meta property=\"og:image\" content=\"https:\/\/www.workshop.ee\/wp-content\/uploads\/2024\/07\/Orgaaniline_kaunvili-538x800.jpg\" \/>\n\t<meta property=\"og:image:width\" content=\"538\" \/>\n\t<meta property=\"og:image:height\" content=\"800\" \/>\n\t<meta property=\"og:image:type\" content=\"image\/jpeg\" \/>\n<meta name=\"twitter:card\" content=\"summary_large_image\" \/>\n<meta name=\"twitter:label1\" content=\"Arvioitu lukuaika\" \/>\n\t<meta name=\"twitter:data1\" content=\"1 minuutti\" \/>\n<script type=\"application\/ld+json\" class=\"yoast-schema-graph\">{\"@context\":\"https:\/\/schema.org\",\"@graph\":[{\"@type\":\"WebPage\",\"@id\":\"https:\/\/www.workshop.ee\/fi\/toode\/kaunvilja-vaetis-1l\/\",\"url\":\"https:\/\/www.workshop.ee\/fi\/toode\/kaunvilja-vaetis-1l\/\",\"name\":\"Kaunvilja v\u00e4etis-1L - WorkShop\",\"isPartOf\":{\"@id\":\"https:\/\/www.workshop.ee\/fi\/#website\"},\"primaryImageOfPage\":{\"@id\":\"https:\/\/www.workshop.ee\/fi\/toode\/kaunvilja-vaetis-1l\/#primaryimage\"},\"image\":{\"@id\":\"https:\/\/www.workshop.ee\/toode\/kaunvilja-vaetis-1l\/#primaryimage\"},\"thumbnailUrl\":\"https:\/\/www.workshop.ee\/wp-content\/uploads\/2024\/07\/Orgaaniline_kaunvili.jpg\",\"datePublished\":\"2024-07-07T13:57:09+00:00\",\"dateModified\":\"2025-11-16T10:07:46+00:00\",\"breadcrumb\":{\"@id\":\"https:\/\/www.workshop.ee\/fi\/toode\/kaunvilja-vaetis-1l\/#breadcrumb\"},\"inLanguage\":\"fi\",\"potentialAction\":[{\"@type\":\"ReadAction\",\"target\":[[\"https:\/\/www.workshop.ee\/fi\/toode\/kaunvilja-vaetis-1l\/\"]]}]},{\"@type\":\"ImageObject\",\"inLanguage\":\"fi\",\"@id\":\"https:\/\/www.workshop.ee\/fi\/toode\/kaunvilja-vaetis-1l\/#primaryimage\",\"url\":\"https:\/\/www.workshop.ee\/wp-content\/uploads\/2024\/07\/Orgaaniline_kaunvili.jpg\",\"contentUrl\":\"https:\/\/www.workshop.ee\/wp-content\/uploads\/2024\/07\/Orgaaniline_kaunvili.jpg\",\"width\":1191,\"height\":1772},{\"@type\":\"BreadcrumbList\",\"@id\":\"https:\/\/www.workshop.ee\/fi\/toode\/kaunvilja-vaetis-1l\/#breadcrumb\",\"itemListElement\":[{\"@type\":\"ListItem\",\"position\":1,\"name\":\"Home\",\"item\":\"https:\/\/www.workshop.ee\/fi\/\"},{\"@type\":\"ListItem\",\"position\":2,\"name\":\"E-pood\",\"item\":\"https:\/\/www.workshop.ee\/fi\/e-pood\/\"},{\"@type\":\"ListItem\",\"position\":3,\"name\":\"Kaunvilja v\u00e4etis-1L\"}]},{\"@type\":\"WebSite\",\"@id\":\"https:\/\/www.workshop.ee\/fi\/#website\",\"url\":\"https:\/\/www.workshop.ee\/fi\/\",\"name\":\"WorkShop\",\"description\":\"\",\"publisher\":{\"@id\":\"https:\/\/www.workshop.ee\/fi\/#organization\"},\"potentialAction\":[{\"@type\":\"SearchAction\",\"target\":{\"@type\":\"EntryPoint\",\"urlTemplate\":\"https:\/\/www.workshop.ee\/fi\/?s={search_term_string}\"},\"query-input\":{\"@type\":\"PropertyValueSpecification\",\"valueRequired\":true,\"valueName\":\"search_term_string\"}}],\"inLanguage\":\"fi\"},{\"@type\":\"Organization\",\"@id\":\"https:\/\/www.workshop.ee\/fi\/#organization\",\"name\":\"WorkShop\",\"url\":\"https:\/\/www.workshop.ee\/fi\/\",\"logo\":{\"@type\":\"ImageObject\",\"inLanguage\":\"fi\",\"@id\":\"https:\/\/www.workshop.ee\/fi\/#\/schema\/logo\/image\/\",\"url\":\"https:\/\/www.workshop.ee\/wp-content\/uploads\/2024\/06\/logo.png\",\"contentUrl\":\"https:\/\/www.workshop.ee\/wp-content\/uploads\/2024\/06\/logo.png\",\"width\":170,\"height\":57,\"caption\":\"WorkShop\"},\"image\":{\"@id\":\"https:\/\/www.workshop.ee\/fi\/#\/schema\/logo\/image\/\"}}]}<\/script>\n<!-- \/ Yoast SEO plugin. -->","yoast_head_json":{"title":"Kaunvilja v\u00e4etis-1L - WorkShop","robots":{"index":"index","follow":"follow","max-snippet":"max-snippet:-1","max-image-preview":"max-image-preview:large","max-video-preview":"max-video-preview:-1"},"canonical":"https:\/\/www.workshop.ee\/fi\/toode\/kaunvilja-vaetis-1l\/","og_locale":"fi_FI","og_type":"article","og_title":"Kaunvilja v\u00e4etis-1L - WorkShop","og_description":"N-P-K 3-6-12 Orgaaniline v\u00e4etis kaunviljadele (uba, hernes, kikerhernes, l\u00e4\u00e4ts, soja.) on h\u00fcgieene loodus toode.","og_url":"https:\/\/www.workshop.ee\/fi\/toode\/kaunvilja-vaetis-1l\/","og_site_name":"WorkShop","article_modified_time":"2025-11-16T10:07:46+00:00","og_image":[{"width":538,"height":800,"url":"https:\/\/www.workshop.ee\/wp-content\/uploads\/2024\/07\/Orgaaniline_kaunvili-538x800.jpg","type":"image\/jpeg"}],"twitter_card":"summary_large_image","twitter_misc":{"Arvioitu lukuaika":"1 minuutti"},"schema":{"@context":"https:\/\/schema.org","@graph":[{"@type":"WebPage","@id":"https:\/\/www.workshop.ee\/fi\/toode\/kaunvilja-vaetis-1l\/","url":"https:\/\/www.workshop.ee\/fi\/toode\/kaunvilja-vaetis-1l\/","name":"Kaunvilja v\u00e4etis-1L - WorkShop","isPartOf":{"@id":"https:\/\/www.workshop.ee\/fi\/#website"},"primaryImageOfPage":{"@id":"https:\/\/www.workshop.ee\/fi\/toode\/kaunvilja-vaetis-1l\/#primaryimage"},"image":{"@id":"https:\/\/www.workshop.ee\/toode\/kaunvilja-vaetis-1l\/#primaryimage"},"thumbnailUrl":"https:\/\/www.workshop.ee\/wp-content\/uploads\/2024\/07\/Orgaaniline_kaunvili.jpg","datePublished":"2024-07-07T13:57:09+00:00","dateModified":"2025-11-16T10:07:46+00:00","breadcrumb":{"@id":"https:\/\/www.workshop.ee\/fi\/toode\/kaunvilja-vaetis-1l\/#breadcrumb"},"inLanguage":"fi","potentialAction":[{"@type":"ReadAction","target":[["https:\/\/www.workshop.ee\/fi\/toode\/kaunvilja-vaetis-1l\/"]]}]},{"@type":"ImageObject","inLanguage":"fi","@id":"https:\/\/www.workshop.ee\/fi\/toode\/kaunvilja-vaetis-1l\/#primaryimage","url":"https:\/\/www.workshop.ee\/wp-content\/uploads\/2024\/07\/Orgaaniline_kaunvili.jpg","contentUrl":"https:\/\/www.workshop.ee\/wp-content\/uploads\/2024\/07\/Orgaaniline_kaunvili.jpg","width":1191,"height":1772},{"@type":"BreadcrumbList","@id":"https:\/\/www.workshop.ee\/fi\/toode\/kaunvilja-vaetis-1l\/#breadcrumb","itemListElement":[{"@type":"ListItem","position":1,"name":"Home","item":"https:\/\/www.workshop.ee\/fi\/"},{"@type":"ListItem","position":2,"name":"E-pood","item":"https:\/\/www.workshop.ee\/fi\/e-pood\/"},{"@type":"ListItem","position":3,"name":"Kaunvilja v\u00e4etis-1L"}]},{"@type":"WebSite","@id":"https:\/\/www.workshop.ee\/fi\/#website","url":"https:\/\/www.workshop.ee\/fi\/","name":"WorkShop","description":"","publisher":{"@id":"https:\/\/www.workshop.ee\/fi\/#organization"},"potentialAction":[{"@type":"SearchAction","target":{"@type":"EntryPoint","urlTemplate":"https:\/\/www.workshop.ee\/fi\/?s={search_term_string}"},"query-input":{"@type":"PropertyValueSpecification","valueRequired":true,"valueName":"search_term_string"}}],"inLanguage":"fi"},{"@type":"Organization","@id":"https:\/\/www.workshop.ee\/fi\/#organization","name":"WorkShop","url":"https:\/\/www.workshop.ee\/fi\/","logo":{"@type":"ImageObject","inLanguage":"fi","@id":"https:\/\/www.workshop.ee\/fi\/#\/schema\/logo\/image\/","url":"https:\/\/www.workshop.ee\/wp-content\/uploads\/2024\/06\/logo.png","contentUrl":"https:\/\/www.workshop.ee\/wp-content\/uploads\/2024\/06\/logo.png","width":170,"height":57,"caption":"WorkShop"},"image":{"@id":"https:\/\/www.workshop.ee\/fi\/#\/schema\/logo\/image\/"}}]}},"_links":{"self":[{"href":"https:\/\/www.workshop.ee\/fi\/wp-json\/wp\/v2\/product\/10640","targetHints":{"allow":["GET"]}}],"collection":[{"href":"https:\/\/www.workshop.ee\/fi\/wp-json\/wp\/v2\/product"}],"about":[{"href":"https:\/\/www.workshop.ee\/fi\/wp-json\/wp\/v2\/types\/product"}],"wp:featuredmedia":[{"embeddable":true,"href":"https:\/\/www.workshop.ee\/fi\/wp-json\/wp\/v2\/media\/10448"}],"wp:attachment":[{"href":"https:\/\/www.workshop.ee\/fi\/wp-json\/wp\/v2\/media?parent=10640"}],"wp:term":[{"taxonomy":"product_brand","embeddable":true,"href":"https:\/\/www.workshop.ee\/fi\/wp-json\/wp\/v2\/product_brand?post=10640"},{"taxonomy":"product_cat","embeddable":true,"href":"https:\/\/www.workshop.ee\/fi\/wp-json\/wp\/v2\/product_cat?post=10640"},{"taxonomy":"product_tag","embeddable":true,"href":"https:\/\/www.workshop.ee\/fi\/wp-json\/wp\/v2\/product_tag?post=10640"}],"curies":[{"name":"wp","href":"https:\/\/api.w.org\/{rel}","templated":true}]}}