{"id":10648,"date":"2024-07-07T16:57:10","date_gmt":"2024-07-07T13:57:10","guid":{"rendered":"https:\/\/uuswp.workshop.ee\/toode\/lillevaetis-3l\/"},"modified":"2025-11-16T11:50:52","modified_gmt":"2025-11-16T09:50:52","slug":"lillevaetis-3l","status":"publish","type":"product","link":"https:\/\/www.workshop.ee\/fi\/toode\/lillevaetis-3l\/","title":{"rendered":"Lillev\u00e4etis-3L"},"content":{"rendered":"<p>Orgaaniline v\u00e4etis lilledele sisaldab k\u00f5iki taimede kasvuks ja arenguks vajalikke p\u00f5hitoitaineid sobivas vahekorras. Seda on lihtne kasutada ja orgaaniline v\u00e4etis on ohutu loomadele ja inimestele. Sobib suurep\u00e4raselt tulpide, rooside, petuuniate, ronitaimede, gladioolide, iiriste, surfiiniate, r\u00f5du-, suve- ja p\u00fcsilillede kevad-suviseks v\u00e4etamiseks. V\u00e4etamine soodustab taimede ja nende juurte kasvu, \u00f5iepungade moodustumist ja tagab rikkaliku \u00f5itsemise ning \u00f5ite ja lehtede kirka v\u00e4rvi. Tasakaalustatult toitunud taimed on kahjurite ja seenhaiguste suhtes hea vastupanuv\u00f5imega. Orgaanilised v\u00e4etised on taastuva p\u00e4ritoluga, biolagunevad, keskkonnas\u00f5bralikud ja aitavad kaasa toitainete ringlusele. See v\u00e4etis ei kahjusta p\u00f5hjavett on aeglase toimega ja ei p\u00f5leta taimi ning toimib 3 kuud.<br \/>\n<\/p>","protected":false},"excerpt":{"rendered":"<p>Sobib suurep\u00e4raselt tulpide, rooside, petuuniate, ronitaimede, gladioolide, iiriste, surfiiniate, r\u00f5du-, suve- ja p\u00fcsilillede kevad-suviseks v\u00e4etamiseks. N-P-K : 6-5-10+4mg<\/p>\n","protected":false},"featured_media":10416,"template":"","meta":[],"product_brand":[],"product_cat":[81],"product_tag":[],"class_list":{"0":"post-10648","1":"product","2":"type-product","3":"status-publish","4":"has-post-thumbnail","6":"product_cat-iluaeda-loodusvaetised-2","8":"first","9":"instock","10":"shipping-taxable","11":"purchasable","12":"product-type-simple"},"yoast_head":"<!-- This site is optimized with the Yoast SEO plugin v26.8 - https:\/\/yoast.com\/product\/yoast-seo-wordpress\/ -->\n<title>Lillev\u00e4etis-3L - WorkShop<\/title>\n<meta name=\"robots\" content=\"index, follow, max-snippet:-1, max-image-preview:large, max-video-preview:-1\" \/>\n<link rel=\"canonical\" href=\"https:\/\/www.workshop.ee\/fi\/toode\/lillevaetis-3l\/\" \/>\n<meta property=\"og:locale\" content=\"fi_FI\" \/>\n<meta property=\"og:type\" content=\"article\" \/>\n<meta property=\"og:title\" content=\"Lillev\u00e4etis-3L - WorkShop\" \/>\n<meta property=\"og:description\" content=\"Sobib suurep\u00e4raselt tulpide, rooside, petuuniate, ronitaimede, gladioolide, iiriste, surfiiniate, r\u00f5du-, suve- ja p\u00fcsilillede kevad-suviseks v\u00e4etamiseks. N-P-K : 6-5-10+4mg\" \/>\n<meta property=\"og:url\" content=\"https:\/\/www.workshop.ee\/fi\/toode\/lillevaetis-3l\/\" \/>\n<meta property=\"og:site_name\" content=\"WorkShop\" \/>\n<meta property=\"article:modified_time\" content=\"2025-11-16T09:50:52+00:00\" \/>\n<meta property=\"og:image\" content=\"https:\/\/www.workshop.ee\/wp-content\/uploads\/2024\/07\/Lilled-vaetis-538x800.jpg\" \/>\n\t<meta property=\"og:image:width\" content=\"538\" \/>\n\t<meta property=\"og:image:height\" content=\"800\" \/>\n\t<meta property=\"og:image:type\" content=\"image\/jpeg\" \/>\n<meta name=\"twitter:card\" content=\"summary_large_image\" \/>\n<meta name=\"twitter:label1\" content=\"Arvioitu lukuaika\" \/>\n\t<meta name=\"twitter:data1\" content=\"1 minuutti\" \/>\n<script type=\"application\/ld+json\" class=\"yoast-schema-graph\">{\"@context\":\"https:\/\/schema.org\",\"@graph\":[{\"@type\":\"WebPage\",\"@id\":\"https:\/\/www.workshop.ee\/fi\/toode\/lillevaetis-3l\/\",\"url\":\"https:\/\/www.workshop.ee\/fi\/toode\/lillevaetis-3l\/\",\"name\":\"Lillev\u00e4etis-3L - WorkShop\",\"isPartOf\":{\"@id\":\"https:\/\/www.workshop.ee\/fi\/#website\"},\"primaryImageOfPage\":{\"@id\":\"https:\/\/www.workshop.ee\/fi\/toode\/lillevaetis-3l\/#primaryimage\"},\"image\":{\"@id\":\"https:\/\/www.workshop.ee\/toode\/lillevaetis-3l\/#primaryimage\"},\"thumbnailUrl\":\"https:\/\/www.workshop.ee\/wp-content\/uploads\/2024\/07\/Lilled-vaetis.jpg\",\"datePublished\":\"2024-07-07T13:57:10+00:00\",\"dateModified\":\"2025-11-16T09:50:52+00:00\",\"breadcrumb\":{\"@id\":\"https:\/\/www.workshop.ee\/fi\/toode\/lillevaetis-3l\/#breadcrumb\"},\"inLanguage\":\"fi\",\"potentialAction\":[{\"@type\":\"ReadAction\",\"target\":[[\"https:\/\/www.workshop.ee\/fi\/toode\/lillevaetis-3l\/\"]]}]},{\"@type\":\"ImageObject\",\"inLanguage\":\"fi\",\"@id\":\"https:\/\/www.workshop.ee\/fi\/toode\/lillevaetis-3l\/#primaryimage\",\"url\":\"https:\/\/www.workshop.ee\/wp-content\/uploads\/2024\/07\/Lilled-vaetis.jpg\",\"contentUrl\":\"https:\/\/www.workshop.ee\/wp-content\/uploads\/2024\/07\/Lilled-vaetis.jpg\",\"width\":1191,\"height\":1772},{\"@type\":\"BreadcrumbList\",\"@id\":\"https:\/\/www.workshop.ee\/fi\/toode\/lillevaetis-3l\/#breadcrumb\",\"itemListElement\":[{\"@type\":\"ListItem\",\"position\":1,\"name\":\"Home\",\"item\":\"https:\/\/www.workshop.ee\/fi\/\"},{\"@type\":\"ListItem\",\"position\":2,\"name\":\"E-pood\",\"item\":\"https:\/\/www.workshop.ee\/fi\/e-pood\/\"},{\"@type\":\"ListItem\",\"position\":3,\"name\":\"Lillev\u00e4etis-3L\"}]},{\"@type\":\"WebSite\",\"@id\":\"https:\/\/www.workshop.ee\/fi\/#website\",\"url\":\"https:\/\/www.workshop.ee\/fi\/\",\"name\":\"WorkShop\",\"description\":\"\",\"publisher\":{\"@id\":\"https:\/\/www.workshop.ee\/fi\/#organization\"},\"potentialAction\":[{\"@type\":\"SearchAction\",\"target\":{\"@type\":\"EntryPoint\",\"urlTemplate\":\"https:\/\/www.workshop.ee\/fi\/?s={search_term_string}\"},\"query-input\":{\"@type\":\"PropertyValueSpecification\",\"valueRequired\":true,\"valueName\":\"search_term_string\"}}],\"inLanguage\":\"fi\"},{\"@type\":\"Organization\",\"@id\":\"https:\/\/www.workshop.ee\/fi\/#organization\",\"name\":\"WorkShop\",\"url\":\"https:\/\/www.workshop.ee\/fi\/\",\"logo\":{\"@type\":\"ImageObject\",\"inLanguage\":\"fi\",\"@id\":\"https:\/\/www.workshop.ee\/fi\/#\/schema\/logo\/image\/\",\"url\":\"https:\/\/www.workshop.ee\/wp-content\/uploads\/2024\/06\/logo.png\",\"contentUrl\":\"https:\/\/www.workshop.ee\/wp-content\/uploads\/2024\/06\/logo.png\",\"width\":170,\"height\":57,\"caption\":\"WorkShop\"},\"image\":{\"@id\":\"https:\/\/www.workshop.ee\/fi\/#\/schema\/logo\/image\/\"}}]}<\/script>\n<!-- \/ Yoast SEO plugin. -->","yoast_head_json":{"title":"Lillev\u00e4etis-3L - WorkShop","robots":{"index":"index","follow":"follow","max-snippet":"max-snippet:-1","max-image-preview":"max-image-preview:large","max-video-preview":"max-video-preview:-1"},"canonical":"https:\/\/www.workshop.ee\/fi\/toode\/lillevaetis-3l\/","og_locale":"fi_FI","og_type":"article","og_title":"Lillev\u00e4etis-3L - WorkShop","og_description":"Sobib suurep\u00e4raselt tulpide, rooside, petuuniate, ronitaimede, gladioolide, iiriste, surfiiniate, r\u00f5du-, suve- ja p\u00fcsilillede kevad-suviseks v\u00e4etamiseks. N-P-K : 6-5-10+4mg","og_url":"https:\/\/www.workshop.ee\/fi\/toode\/lillevaetis-3l\/","og_site_name":"WorkShop","article_modified_time":"2025-11-16T09:50:52+00:00","og_image":[{"width":538,"height":800,"url":"https:\/\/www.workshop.ee\/wp-content\/uploads\/2024\/07\/Lilled-vaetis-538x800.jpg","type":"image\/jpeg"}],"twitter_card":"summary_large_image","twitter_misc":{"Arvioitu lukuaika":"1 minuutti"},"schema":{"@context":"https:\/\/schema.org","@graph":[{"@type":"WebPage","@id":"https:\/\/www.workshop.ee\/fi\/toode\/lillevaetis-3l\/","url":"https:\/\/www.workshop.ee\/fi\/toode\/lillevaetis-3l\/","name":"Lillev\u00e4etis-3L - WorkShop","isPartOf":{"@id":"https:\/\/www.workshop.ee\/fi\/#website"},"primaryImageOfPage":{"@id":"https:\/\/www.workshop.ee\/fi\/toode\/lillevaetis-3l\/#primaryimage"},"image":{"@id":"https:\/\/www.workshop.ee\/toode\/lillevaetis-3l\/#primaryimage"},"thumbnailUrl":"https:\/\/www.workshop.ee\/wp-content\/uploads\/2024\/07\/Lilled-vaetis.jpg","datePublished":"2024-07-07T13:57:10+00:00","dateModified":"2025-11-16T09:50:52+00:00","breadcrumb":{"@id":"https:\/\/www.workshop.ee\/fi\/toode\/lillevaetis-3l\/#breadcrumb"},"inLanguage":"fi","potentialAction":[{"@type":"ReadAction","target":[["https:\/\/www.workshop.ee\/fi\/toode\/lillevaetis-3l\/"]]}]},{"@type":"ImageObject","inLanguage":"fi","@id":"https:\/\/www.workshop.ee\/fi\/toode\/lillevaetis-3l\/#primaryimage","url":"https:\/\/www.workshop.ee\/wp-content\/uploads\/2024\/07\/Lilled-vaetis.jpg","contentUrl":"https:\/\/www.workshop.ee\/wp-content\/uploads\/2024\/07\/Lilled-vaetis.jpg","width":1191,"height":1772},{"@type":"BreadcrumbList","@id":"https:\/\/www.workshop.ee\/fi\/toode\/lillevaetis-3l\/#breadcrumb","itemListElement":[{"@type":"ListItem","position":1,"name":"Home","item":"https:\/\/www.workshop.ee\/fi\/"},{"@type":"ListItem","position":2,"name":"E-pood","item":"https:\/\/www.workshop.ee\/fi\/e-pood\/"},{"@type":"ListItem","position":3,"name":"Lillev\u00e4etis-3L"}]},{"@type":"WebSite","@id":"https:\/\/www.workshop.ee\/fi\/#website","url":"https:\/\/www.workshop.ee\/fi\/","name":"WorkShop","description":"","publisher":{"@id":"https:\/\/www.workshop.ee\/fi\/#organization"},"potentialAction":[{"@type":"SearchAction","target":{"@type":"EntryPoint","urlTemplate":"https:\/\/www.workshop.ee\/fi\/?s={search_term_string}"},"query-input":{"@type":"PropertyValueSpecification","valueRequired":true,"valueName":"search_term_string"}}],"inLanguage":"fi"},{"@type":"Organization","@id":"https:\/\/www.workshop.ee\/fi\/#organization","name":"WorkShop","url":"https:\/\/www.workshop.ee\/fi\/","logo":{"@type":"ImageObject","inLanguage":"fi","@id":"https:\/\/www.workshop.ee\/fi\/#\/schema\/logo\/image\/","url":"https:\/\/www.workshop.ee\/wp-content\/uploads\/2024\/06\/logo.png","contentUrl":"https:\/\/www.workshop.ee\/wp-content\/uploads\/2024\/06\/logo.png","width":170,"height":57,"caption":"WorkShop"},"image":{"@id":"https:\/\/www.workshop.ee\/fi\/#\/schema\/logo\/image\/"}}]}},"_links":{"self":[{"href":"https:\/\/www.workshop.ee\/fi\/wp-json\/wp\/v2\/product\/10648","targetHints":{"allow":["GET"]}}],"collection":[{"href":"https:\/\/www.workshop.ee\/fi\/wp-json\/wp\/v2\/product"}],"about":[{"href":"https:\/\/www.workshop.ee\/fi\/wp-json\/wp\/v2\/types\/product"}],"wp:featuredmedia":[{"embeddable":true,"href":"https:\/\/www.workshop.ee\/fi\/wp-json\/wp\/v2\/media\/10416"}],"wp:attachment":[{"href":"https:\/\/www.workshop.ee\/fi\/wp-json\/wp\/v2\/media?parent=10648"}],"wp:term":[{"taxonomy":"product_brand","embeddable":true,"href":"https:\/\/www.workshop.ee\/fi\/wp-json\/wp\/v2\/product_brand?post=10648"},{"taxonomy":"product_cat","embeddable":true,"href":"https:\/\/www.workshop.ee\/fi\/wp-json\/wp\/v2\/product_cat?post=10648"},{"taxonomy":"product_tag","embeddable":true,"href":"https:\/\/www.workshop.ee\/fi\/wp-json\/wp\/v2\/product_tag?post=10648"}],"curies":[{"name":"wp","href":"https:\/\/api.w.org\/{rel}","templated":true}]}}