{"id":10650,"date":"2024-07-07T16:57:10","date_gmt":"2024-07-07T13:57:10","guid":{"rendered":"https:\/\/uuswp.workshop.ee\/toode\/ettekulvi-konsentraat-025-l\/"},"modified":"2025-11-16T11:55:21","modified_gmt":"2025-11-16T09:55:21","slug":"ettekulvi-konsentraat-025-l","status":"publish","type":"product","link":"https:\/\/www.workshop.ee\/fi\/toode\/ettekulvi-konsentraat-025-l\/","title":{"rendered":"Ettek\u00fclvi konsentraat-0,25 L"},"content":{"rendered":"<p>Ettek\u00fclvi konsentraat-toidab ja hooldab. Osa kultuure vajab meie kliimas ettekasvatamist. Seda saab teha valgusrikkas k\u00f6etavas ruumis, n\u00e4iteks toas aknalaual v\u00f5i kasvuhoones. Vahel on tarvilik ka lisavalgustuse kasutamise v\u00f5imalus. N\u00e4dal peale esimest pikeerimist v\u00f5ib taimi hakata kastma v\u00f5i pritsima toitelahusega andes neile lisaj\u00f5udu juurdumiseks ja kasvamiseks. N\u00e4dal peale esimest pikeerimist v\u00f5ib taimi hakata kastma v\u00f5i pritsima ettek\u00fclvi konsentraat -toitelahusega andes neile lisaj\u00f5udu juurdumiseks ja kasvamiseks.<br \/>\nEttek\u00fclvi konsentraat -toitelahus on valmistatud merevetikast, sisaldab looduslikke taimehormoone ja erinevaid toitaineid, mikromineraale need on olulised taime tervislikuks kasvuks<\/p>\n","protected":false},"excerpt":{"rendered":"<p>Ettek\u00fclvi konsentraat-toidab ja hooldab. Osa kultuure vajab meie kliimas ettekasvatamist. Seda saab teha valgusrikkas k\u00f6etavas ruumis.<\/p>\n","protected":false},"featured_media":10364,"template":"","meta":[],"product_brand":[],"product_cat":[81,82,75],"product_tag":[],"class_list":{"0":"post-10650","1":"product","2":"type-product","3":"status-publish","4":"has-post-thumbnail","6":"product_cat-iluaeda-loodusvaetised-2","7":"product_cat-bio-mahe-vaetis-2","8":"product_cat-tarbeaeda-loodusvaetised","10":"first","11":"instock","12":"shipping-taxable","13":"purchasable","14":"product-type-simple"},"yoast_head":"<!-- This site is optimized with the Yoast SEO plugin v26.8 - https:\/\/yoast.com\/product\/yoast-seo-wordpress\/ -->\n<title>Ettek\u00fclvi konsentraat-0,25 L - WorkShop<\/title>\n<meta name=\"robots\" content=\"index, follow, max-snippet:-1, max-image-preview:large, max-video-preview:-1\" \/>\n<link rel=\"canonical\" href=\"https:\/\/www.workshop.ee\/fi\/toode\/ettekulvi-konsentraat-025-l\/\" \/>\n<meta property=\"og:locale\" content=\"fi_FI\" \/>\n<meta property=\"og:type\" content=\"article\" \/>\n<meta property=\"og:title\" content=\"Ettek\u00fclvi konsentraat-0,25 L - WorkShop\" \/>\n<meta property=\"og:description\" content=\"Ettek\u00fclvi konsentraat-toidab ja hooldab. Osa kultuure vajab meie kliimas ettekasvatamist. Seda saab teha valgusrikkas k\u00f6etavas ruumis.\" \/>\n<meta property=\"og:url\" content=\"https:\/\/www.workshop.ee\/fi\/toode\/ettekulvi-konsentraat-025-l\/\" \/>\n<meta property=\"og:site_name\" content=\"WorkShop\" \/>\n<meta property=\"article:modified_time\" content=\"2025-11-16T09:55:21+00:00\" \/>\n<meta property=\"og:image\" content=\"https:\/\/www.workshop.ee\/wp-content\/uploads\/2024\/07\/Ettekulvi_konts-535x800.jpg\" \/>\n\t<meta property=\"og:image:width\" content=\"535\" \/>\n\t<meta property=\"og:image:height\" content=\"800\" \/>\n\t<meta property=\"og:image:type\" content=\"image\/jpeg\" \/>\n<meta name=\"twitter:card\" content=\"summary_large_image\" \/>\n<meta name=\"twitter:label1\" content=\"Arvioitu lukuaika\" \/>\n\t<meta name=\"twitter:data1\" content=\"1 minuutti\" \/>\n<script type=\"application\/ld+json\" class=\"yoast-schema-graph\">{\"@context\":\"https:\/\/schema.org\",\"@graph\":[{\"@type\":\"WebPage\",\"@id\":\"https:\/\/www.workshop.ee\/fi\/toode\/ettekulvi-konsentraat-025-l\/\",\"url\":\"https:\/\/www.workshop.ee\/fi\/toode\/ettekulvi-konsentraat-025-l\/\",\"name\":\"Ettek\u00fclvi konsentraat-0,25 L - WorkShop\",\"isPartOf\":{\"@id\":\"https:\/\/www.workshop.ee\/fi\/#website\"},\"primaryImageOfPage\":{\"@id\":\"https:\/\/www.workshop.ee\/fi\/toode\/ettekulvi-konsentraat-025-l\/#primaryimage\"},\"image\":{\"@id\":\"https:\/\/www.workshop.ee\/toode\/ettekulvi-konsentraat-025-l\/#primaryimage\"},\"thumbnailUrl\":\"https:\/\/www.workshop.ee\/wp-content\/uploads\/2024\/07\/Ettekulvi_konts.jpg\",\"datePublished\":\"2024-07-07T13:57:10+00:00\",\"dateModified\":\"2025-11-16T09:55:21+00:00\",\"breadcrumb\":{\"@id\":\"https:\/\/www.workshop.ee\/fi\/toode\/ettekulvi-konsentraat-025-l\/#breadcrumb\"},\"inLanguage\":\"fi\",\"potentialAction\":[{\"@type\":\"ReadAction\",\"target\":[[\"https:\/\/www.workshop.ee\/fi\/toode\/ettekulvi-konsentraat-025-l\/\"]]}]},{\"@type\":\"ImageObject\",\"inLanguage\":\"fi\",\"@id\":\"https:\/\/www.workshop.ee\/fi\/toode\/ettekulvi-konsentraat-025-l\/#primaryimage\",\"url\":\"https:\/\/www.workshop.ee\/wp-content\/uploads\/2024\/07\/Ettekulvi_konts.jpg\",\"contentUrl\":\"https:\/\/www.workshop.ee\/wp-content\/uploads\/2024\/07\/Ettekulvi_konts.jpg\",\"width\":1184,\"height\":1772},{\"@type\":\"BreadcrumbList\",\"@id\":\"https:\/\/www.workshop.ee\/fi\/toode\/ettekulvi-konsentraat-025-l\/#breadcrumb\",\"itemListElement\":[{\"@type\":\"ListItem\",\"position\":1,\"name\":\"Home\",\"item\":\"https:\/\/www.workshop.ee\/fi\/\"},{\"@type\":\"ListItem\",\"position\":2,\"name\":\"E-pood\",\"item\":\"https:\/\/www.workshop.ee\/fi\/e-pood\/\"},{\"@type\":\"ListItem\",\"position\":3,\"name\":\"Ettek\u00fclvi konsentraat-0,25 L\"}]},{\"@type\":\"WebSite\",\"@id\":\"https:\/\/www.workshop.ee\/fi\/#website\",\"url\":\"https:\/\/www.workshop.ee\/fi\/\",\"name\":\"WorkShop\",\"description\":\"\",\"publisher\":{\"@id\":\"https:\/\/www.workshop.ee\/fi\/#organization\"},\"potentialAction\":[{\"@type\":\"SearchAction\",\"target\":{\"@type\":\"EntryPoint\",\"urlTemplate\":\"https:\/\/www.workshop.ee\/fi\/?s={search_term_string}\"},\"query-input\":{\"@type\":\"PropertyValueSpecification\",\"valueRequired\":true,\"valueName\":\"search_term_string\"}}],\"inLanguage\":\"fi\"},{\"@type\":\"Organization\",\"@id\":\"https:\/\/www.workshop.ee\/fi\/#organization\",\"name\":\"WorkShop\",\"url\":\"https:\/\/www.workshop.ee\/fi\/\",\"logo\":{\"@type\":\"ImageObject\",\"inLanguage\":\"fi\",\"@id\":\"https:\/\/www.workshop.ee\/fi\/#\/schema\/logo\/image\/\",\"url\":\"https:\/\/www.workshop.ee\/wp-content\/uploads\/2024\/06\/logo.png\",\"contentUrl\":\"https:\/\/www.workshop.ee\/wp-content\/uploads\/2024\/06\/logo.png\",\"width\":170,\"height\":57,\"caption\":\"WorkShop\"},\"image\":{\"@id\":\"https:\/\/www.workshop.ee\/fi\/#\/schema\/logo\/image\/\"}}]}<\/script>\n<!-- \/ Yoast SEO plugin. -->","yoast_head_json":{"title":"Ettek\u00fclvi konsentraat-0,25 L - WorkShop","robots":{"index":"index","follow":"follow","max-snippet":"max-snippet:-1","max-image-preview":"max-image-preview:large","max-video-preview":"max-video-preview:-1"},"canonical":"https:\/\/www.workshop.ee\/fi\/toode\/ettekulvi-konsentraat-025-l\/","og_locale":"fi_FI","og_type":"article","og_title":"Ettek\u00fclvi konsentraat-0,25 L - WorkShop","og_description":"Ettek\u00fclvi konsentraat-toidab ja hooldab. Osa kultuure vajab meie kliimas ettekasvatamist. Seda saab teha valgusrikkas k\u00f6etavas ruumis.","og_url":"https:\/\/www.workshop.ee\/fi\/toode\/ettekulvi-konsentraat-025-l\/","og_site_name":"WorkShop","article_modified_time":"2025-11-16T09:55:21+00:00","og_image":[{"width":535,"height":800,"url":"https:\/\/www.workshop.ee\/wp-content\/uploads\/2024\/07\/Ettekulvi_konts-535x800.jpg","type":"image\/jpeg"}],"twitter_card":"summary_large_image","twitter_misc":{"Arvioitu lukuaika":"1 minuutti"},"schema":{"@context":"https:\/\/schema.org","@graph":[{"@type":"WebPage","@id":"https:\/\/www.workshop.ee\/fi\/toode\/ettekulvi-konsentraat-025-l\/","url":"https:\/\/www.workshop.ee\/fi\/toode\/ettekulvi-konsentraat-025-l\/","name":"Ettek\u00fclvi konsentraat-0,25 L - WorkShop","isPartOf":{"@id":"https:\/\/www.workshop.ee\/fi\/#website"},"primaryImageOfPage":{"@id":"https:\/\/www.workshop.ee\/fi\/toode\/ettekulvi-konsentraat-025-l\/#primaryimage"},"image":{"@id":"https:\/\/www.workshop.ee\/toode\/ettekulvi-konsentraat-025-l\/#primaryimage"},"thumbnailUrl":"https:\/\/www.workshop.ee\/wp-content\/uploads\/2024\/07\/Ettekulvi_konts.jpg","datePublished":"2024-07-07T13:57:10+00:00","dateModified":"2025-11-16T09:55:21+00:00","breadcrumb":{"@id":"https:\/\/www.workshop.ee\/fi\/toode\/ettekulvi-konsentraat-025-l\/#breadcrumb"},"inLanguage":"fi","potentialAction":[{"@type":"ReadAction","target":[["https:\/\/www.workshop.ee\/fi\/toode\/ettekulvi-konsentraat-025-l\/"]]}]},{"@type":"ImageObject","inLanguage":"fi","@id":"https:\/\/www.workshop.ee\/fi\/toode\/ettekulvi-konsentraat-025-l\/#primaryimage","url":"https:\/\/www.workshop.ee\/wp-content\/uploads\/2024\/07\/Ettekulvi_konts.jpg","contentUrl":"https:\/\/www.workshop.ee\/wp-content\/uploads\/2024\/07\/Ettekulvi_konts.jpg","width":1184,"height":1772},{"@type":"BreadcrumbList","@id":"https:\/\/www.workshop.ee\/fi\/toode\/ettekulvi-konsentraat-025-l\/#breadcrumb","itemListElement":[{"@type":"ListItem","position":1,"name":"Home","item":"https:\/\/www.workshop.ee\/fi\/"},{"@type":"ListItem","position":2,"name":"E-pood","item":"https:\/\/www.workshop.ee\/fi\/e-pood\/"},{"@type":"ListItem","position":3,"name":"Ettek\u00fclvi konsentraat-0,25 L"}]},{"@type":"WebSite","@id":"https:\/\/www.workshop.ee\/fi\/#website","url":"https:\/\/www.workshop.ee\/fi\/","name":"WorkShop","description":"","publisher":{"@id":"https:\/\/www.workshop.ee\/fi\/#organization"},"potentialAction":[{"@type":"SearchAction","target":{"@type":"EntryPoint","urlTemplate":"https:\/\/www.workshop.ee\/fi\/?s={search_term_string}"},"query-input":{"@type":"PropertyValueSpecification","valueRequired":true,"valueName":"search_term_string"}}],"inLanguage":"fi"},{"@type":"Organization","@id":"https:\/\/www.workshop.ee\/fi\/#organization","name":"WorkShop","url":"https:\/\/www.workshop.ee\/fi\/","logo":{"@type":"ImageObject","inLanguage":"fi","@id":"https:\/\/www.workshop.ee\/fi\/#\/schema\/logo\/image\/","url":"https:\/\/www.workshop.ee\/wp-content\/uploads\/2024\/06\/logo.png","contentUrl":"https:\/\/www.workshop.ee\/wp-content\/uploads\/2024\/06\/logo.png","width":170,"height":57,"caption":"WorkShop"},"image":{"@id":"https:\/\/www.workshop.ee\/fi\/#\/schema\/logo\/image\/"}}]}},"_links":{"self":[{"href":"https:\/\/www.workshop.ee\/fi\/wp-json\/wp\/v2\/product\/10650","targetHints":{"allow":["GET"]}}],"collection":[{"href":"https:\/\/www.workshop.ee\/fi\/wp-json\/wp\/v2\/product"}],"about":[{"href":"https:\/\/www.workshop.ee\/fi\/wp-json\/wp\/v2\/types\/product"}],"wp:featuredmedia":[{"embeddable":true,"href":"https:\/\/www.workshop.ee\/fi\/wp-json\/wp\/v2\/media\/10364"}],"wp:attachment":[{"href":"https:\/\/www.workshop.ee\/fi\/wp-json\/wp\/v2\/media?parent=10650"}],"wp:term":[{"taxonomy":"product_brand","embeddable":true,"href":"https:\/\/www.workshop.ee\/fi\/wp-json\/wp\/v2\/product_brand?post=10650"},{"taxonomy":"product_cat","embeddable":true,"href":"https:\/\/www.workshop.ee\/fi\/wp-json\/wp\/v2\/product_cat?post=10650"},{"taxonomy":"product_tag","embeddable":true,"href":"https:\/\/www.workshop.ee\/fi\/wp-json\/wp\/v2\/product_tag?post=10650"}],"curies":[{"name":"wp","href":"https:\/\/api.w.org\/{rel}","templated":true}]}}