{"id":10716,"date":"2024-07-07T17:02:24","date_gmt":"2024-07-07T14:02:24","guid":{"rendered":"https:\/\/uuswp.workshop.ee\/toode\/kanakaka-compost-25l\/"},"modified":"2026-01-01T23:01:09","modified_gmt":"2026-01-01T21:01:09","slug":"kanakaka-compost-25l","status":"publish","type":"product","link":"https:\/\/www.workshop.ee\/fi\/toode\/kanakaka-compost-25l\/","title":{"rendered":"Kanakaka Compost 25L"},"content":{"rendered":"<p>COMPOST KANAKAKA on valmistatud puhtast kanas\u00f5nnikust ja orgaanikast,\u00a0mida on mugav ja lihtne kasutada. Kanas\u00f5nnik on k\u00f5ige toitaineterikkam orgaaniline v\u00e4etis, peale makroelementide sisaldab veel hulgaliselt taimekasvuks vajalikke mikroelemente, mis k\u00f5ige enam vastab taimede toitainete vajadusele. COMPOST KANAKAKA kasutusala on suur ja h\u00f5lmab k\u00f5iki p\u00f5llu- ja\u00a0aiakultuure. V\u00e4etis ei sisalda taimekasvuks kahjulikke aineid ega keemilisi lisandeid. \u00a0COMPOST KANAKAKA kasutamisjuhend liiter \/100 m2 KULTUUR KEVADINE V\u00c4ETAMINE KASVUAEGNE V\u00c4ETAMINE S\u00dcGISENE V\u00c4ETAMINE Kartul \u00a020-25 l\/100\u00a0m2 &#8211; \u00a010-20 l\/100\u00a0m2 Salat,sibul,kurk \u00a020-25 l\/100\u00a0m2 &#8211; \u00a010-20 l\/100\u00a0m2 Ilup\u00f5\u00f5sad \u00a020-30 l\/100\u00a0m2 10 l\/100\u00a0m2 \u00a010-20 l\/100\u00a0m2 Kapsas, tomat \u00a030-50 l\/100\u00a0m2 2* 10 l\/100\u00a0m2 \u00a010-20 l\/100\u00a0m2 Rabarber 3- 5 l\/100\u00a0m2 2*0.5 l\/100\u00a0m2 \u00a010-20 l\/100\u00a0m2 Hernes, uba \u00a015-25 l\/100\u00a0m2 &#8211; \u00a010-20 l\/100\u00a0m2 Maasikas, vaarikas \u00a010-15 l\/100\u00a0m2 &#8211; \u00a010-20 l\/100\u00a0m2 Kandeeas viljapuud 5-8 liitrit puule &#8211; \u00a010-20 l\/100\u00a0m2 Noored viljapuud 1-3 liitrit puule &#8211; \u00a010-20 l\/100\u00a0m2 Marjap\u00f5\u00f5sad 2-3 liitrit p\u00f5\u00f5sale &#8211; \u00a010-20 l\/100\u00a0m2 Roosid \u00a010-25 l\/100\u00a0m2 2*10 l\/100\u00a0m2 \u00a010-20 l\/100\u00a0m2 Muru \u00a010-20 l\/100\u00a0m2 2* 5 l\/100\u00a0m2 \u00a010-20 l\/100\u00a0m2 Kastmisveeks 0.25 l kuivatatud linnus\u00f5nnikut 10 l veele. Normid on antud keskmise viljakusega maale SUBSTRAADI ANAL\u00dc\u00dcS mg\/kg L\u00e4mmastik N 4000 &#8211; 5100 Nitraatl\u00e4mmastik NO3-N 40 &#8211; 90 Fosfor P 2880 &#8211; 3060 Kaalium \u00a0K 11950 -19900 Kaltsium Ca 10000 -18000 Magneesium Mg \u00a03300 &#8211; 4400<\/p>","protected":false},"excerpt":{"rendered":"<p>Kulunorm:Kastmisveeks 0.25 l kuivatatud linnus\u00f5nnikut 10 l veele.\u00a0Normid on antud keskmise viljakusega maale<\/p>\n","protected":false},"featured_media":10760,"template":"","meta":[],"product_brand":[],"product_cat":[75],"product_tag":[],"class_list":{"0":"post-10716","1":"product","2":"type-product","3":"status-publish","4":"has-post-thumbnail","6":"product_cat-tarbeaeda-loodusvaetised","8":"first","9":"instock","10":"shipping-taxable","11":"purchasable","12":"product-type-simple"},"yoast_head":"<!-- This site is optimized with the Yoast SEO plugin v26.8 - https:\/\/yoast.com\/product\/yoast-seo-wordpress\/ -->\n<title>Kanakaka Compost 25L - WorkShop<\/title>\n<meta name=\"robots\" content=\"index, follow, max-snippet:-1, max-image-preview:large, max-video-preview:-1\" \/>\n<link rel=\"canonical\" href=\"https:\/\/www.workshop.ee\/fi\/toode\/kanakaka-compost-25l\/\" \/>\n<meta property=\"og:locale\" content=\"fi_FI\" \/>\n<meta property=\"og:type\" content=\"article\" \/>\n<meta property=\"og:title\" content=\"Kanakaka Compost 25L - WorkShop\" \/>\n<meta property=\"og:description\" content=\"Kulunorm:Kastmisveeks 0.25 l kuivatatud linnus\u00f5nnikut 10 l veele.\u00a0Normid on antud keskmise viljakusega maale\" \/>\n<meta property=\"og:url\" content=\"https:\/\/www.workshop.ee\/fi\/toode\/kanakaka-compost-25l\/\" \/>\n<meta property=\"og:site_name\" content=\"WorkShop\" \/>\n<meta property=\"article:modified_time\" content=\"2026-01-01T21:01:09+00:00\" \/>\n<meta property=\"og:image\" content=\"https:\/\/www.workshop.ee\/wp-content\/uploads\/2024\/07\/kanakaka-pilt.jpg\" \/>\n\t<meta property=\"og:image:width\" content=\"610\" \/>\n\t<meta property=\"og:image:height\" content=\"692\" \/>\n\t<meta property=\"og:image:type\" content=\"image\/jpeg\" \/>\n<meta name=\"twitter:card\" content=\"summary_large_image\" \/>\n<meta name=\"twitter:label1\" content=\"Arvioitu lukuaika\" \/>\n\t<meta name=\"twitter:data1\" content=\"2 minuuttia\" \/>\n<script type=\"application\/ld+json\" class=\"yoast-schema-graph\">{\"@context\":\"https:\/\/schema.org\",\"@graph\":[{\"@type\":\"WebPage\",\"@id\":\"https:\/\/www.workshop.ee\/fi\/toode\/kanakaka-compost-25l\/\",\"url\":\"https:\/\/www.workshop.ee\/fi\/toode\/kanakaka-compost-25l\/\",\"name\":\"Kanakaka Compost 25L - WorkShop\",\"isPartOf\":{\"@id\":\"https:\/\/www.workshop.ee\/fi\/#website\"},\"primaryImageOfPage\":{\"@id\":\"https:\/\/www.workshop.ee\/fi\/toode\/kanakaka-compost-25l\/#primaryimage\"},\"image\":{\"@id\":\"https:\/\/www.workshop.ee\/toode\/kanakaka-compost-25l\/#primaryimage\"},\"thumbnailUrl\":\"https:\/\/www.workshop.ee\/wp-content\/uploads\/2024\/07\/kanakaka-pilt.jpg\",\"datePublished\":\"2024-07-07T14:02:24+00:00\",\"dateModified\":\"2026-01-01T21:01:09+00:00\",\"breadcrumb\":{\"@id\":\"https:\/\/www.workshop.ee\/fi\/toode\/kanakaka-compost-25l\/#breadcrumb\"},\"inLanguage\":\"fi\",\"potentialAction\":[{\"@type\":\"ReadAction\",\"target\":[[\"https:\/\/www.workshop.ee\/fi\/toode\/kanakaka-compost-25l\/\"]]}]},{\"@type\":\"ImageObject\",\"inLanguage\":\"fi\",\"@id\":\"https:\/\/www.workshop.ee\/fi\/toode\/kanakaka-compost-25l\/#primaryimage\",\"url\":\"https:\/\/www.workshop.ee\/wp-content\/uploads\/2024\/07\/kanakaka-pilt.jpg\",\"contentUrl\":\"https:\/\/www.workshop.ee\/wp-content\/uploads\/2024\/07\/kanakaka-pilt.jpg\",\"width\":610,\"height\":692},{\"@type\":\"BreadcrumbList\",\"@id\":\"https:\/\/www.workshop.ee\/fi\/toode\/kanakaka-compost-25l\/#breadcrumb\",\"itemListElement\":[{\"@type\":\"ListItem\",\"position\":1,\"name\":\"Home\",\"item\":\"https:\/\/www.workshop.ee\/fi\/\"},{\"@type\":\"ListItem\",\"position\":2,\"name\":\"E-pood\",\"item\":\"https:\/\/www.workshop.ee\/fi\/e-pood\/\"},{\"@type\":\"ListItem\",\"position\":3,\"name\":\"Kanakaka Compost 25L\"}]},{\"@type\":\"WebSite\",\"@id\":\"https:\/\/www.workshop.ee\/fi\/#website\",\"url\":\"https:\/\/www.workshop.ee\/fi\/\",\"name\":\"WorkShop\",\"description\":\"\",\"publisher\":{\"@id\":\"https:\/\/www.workshop.ee\/fi\/#organization\"},\"potentialAction\":[{\"@type\":\"SearchAction\",\"target\":{\"@type\":\"EntryPoint\",\"urlTemplate\":\"https:\/\/www.workshop.ee\/fi\/?s={search_term_string}\"},\"query-input\":{\"@type\":\"PropertyValueSpecification\",\"valueRequired\":true,\"valueName\":\"search_term_string\"}}],\"inLanguage\":\"fi\"},{\"@type\":\"Organization\",\"@id\":\"https:\/\/www.workshop.ee\/fi\/#organization\",\"name\":\"WorkShop\",\"url\":\"https:\/\/www.workshop.ee\/fi\/\",\"logo\":{\"@type\":\"ImageObject\",\"inLanguage\":\"fi\",\"@id\":\"https:\/\/www.workshop.ee\/fi\/#\/schema\/logo\/image\/\",\"url\":\"https:\/\/www.workshop.ee\/wp-content\/uploads\/2024\/06\/logo.png\",\"contentUrl\":\"https:\/\/www.workshop.ee\/wp-content\/uploads\/2024\/06\/logo.png\",\"width\":170,\"height\":57,\"caption\":\"WorkShop\"},\"image\":{\"@id\":\"https:\/\/www.workshop.ee\/fi\/#\/schema\/logo\/image\/\"}}]}<\/script>\n<!-- \/ Yoast SEO plugin. -->","yoast_head_json":{"title":"Kanakaka Compost 25L - WorkShop","robots":{"index":"index","follow":"follow","max-snippet":"max-snippet:-1","max-image-preview":"max-image-preview:large","max-video-preview":"max-video-preview:-1"},"canonical":"https:\/\/www.workshop.ee\/fi\/toode\/kanakaka-compost-25l\/","og_locale":"fi_FI","og_type":"article","og_title":"Kanakaka Compost 25L - WorkShop","og_description":"Kulunorm:Kastmisveeks 0.25 l kuivatatud linnus\u00f5nnikut 10 l veele.\u00a0Normid on antud keskmise viljakusega maale","og_url":"https:\/\/www.workshop.ee\/fi\/toode\/kanakaka-compost-25l\/","og_site_name":"WorkShop","article_modified_time":"2026-01-01T21:01:09+00:00","og_image":[{"width":610,"height":692,"url":"https:\/\/www.workshop.ee\/wp-content\/uploads\/2024\/07\/kanakaka-pilt.jpg","type":"image\/jpeg"}],"twitter_card":"summary_large_image","twitter_misc":{"Arvioitu lukuaika":"2 minuuttia"},"schema":{"@context":"https:\/\/schema.org","@graph":[{"@type":"WebPage","@id":"https:\/\/www.workshop.ee\/fi\/toode\/kanakaka-compost-25l\/","url":"https:\/\/www.workshop.ee\/fi\/toode\/kanakaka-compost-25l\/","name":"Kanakaka Compost 25L - WorkShop","isPartOf":{"@id":"https:\/\/www.workshop.ee\/fi\/#website"},"primaryImageOfPage":{"@id":"https:\/\/www.workshop.ee\/fi\/toode\/kanakaka-compost-25l\/#primaryimage"},"image":{"@id":"https:\/\/www.workshop.ee\/toode\/kanakaka-compost-25l\/#primaryimage"},"thumbnailUrl":"https:\/\/www.workshop.ee\/wp-content\/uploads\/2024\/07\/kanakaka-pilt.jpg","datePublished":"2024-07-07T14:02:24+00:00","dateModified":"2026-01-01T21:01:09+00:00","breadcrumb":{"@id":"https:\/\/www.workshop.ee\/fi\/toode\/kanakaka-compost-25l\/#breadcrumb"},"inLanguage":"fi","potentialAction":[{"@type":"ReadAction","target":[["https:\/\/www.workshop.ee\/fi\/toode\/kanakaka-compost-25l\/"]]}]},{"@type":"ImageObject","inLanguage":"fi","@id":"https:\/\/www.workshop.ee\/fi\/toode\/kanakaka-compost-25l\/#primaryimage","url":"https:\/\/www.workshop.ee\/wp-content\/uploads\/2024\/07\/kanakaka-pilt.jpg","contentUrl":"https:\/\/www.workshop.ee\/wp-content\/uploads\/2024\/07\/kanakaka-pilt.jpg","width":610,"height":692},{"@type":"BreadcrumbList","@id":"https:\/\/www.workshop.ee\/fi\/toode\/kanakaka-compost-25l\/#breadcrumb","itemListElement":[{"@type":"ListItem","position":1,"name":"Home","item":"https:\/\/www.workshop.ee\/fi\/"},{"@type":"ListItem","position":2,"name":"E-pood","item":"https:\/\/www.workshop.ee\/fi\/e-pood\/"},{"@type":"ListItem","position":3,"name":"Kanakaka Compost 25L"}]},{"@type":"WebSite","@id":"https:\/\/www.workshop.ee\/fi\/#website","url":"https:\/\/www.workshop.ee\/fi\/","name":"WorkShop","description":"","publisher":{"@id":"https:\/\/www.workshop.ee\/fi\/#organization"},"potentialAction":[{"@type":"SearchAction","target":{"@type":"EntryPoint","urlTemplate":"https:\/\/www.workshop.ee\/fi\/?s={search_term_string}"},"query-input":{"@type":"PropertyValueSpecification","valueRequired":true,"valueName":"search_term_string"}}],"inLanguage":"fi"},{"@type":"Organization","@id":"https:\/\/www.workshop.ee\/fi\/#organization","name":"WorkShop","url":"https:\/\/www.workshop.ee\/fi\/","logo":{"@type":"ImageObject","inLanguage":"fi","@id":"https:\/\/www.workshop.ee\/fi\/#\/schema\/logo\/image\/","url":"https:\/\/www.workshop.ee\/wp-content\/uploads\/2024\/06\/logo.png","contentUrl":"https:\/\/www.workshop.ee\/wp-content\/uploads\/2024\/06\/logo.png","width":170,"height":57,"caption":"WorkShop"},"image":{"@id":"https:\/\/www.workshop.ee\/fi\/#\/schema\/logo\/image\/"}}]}},"_links":{"self":[{"href":"https:\/\/www.workshop.ee\/fi\/wp-json\/wp\/v2\/product\/10716","targetHints":{"allow":["GET"]}}],"collection":[{"href":"https:\/\/www.workshop.ee\/fi\/wp-json\/wp\/v2\/product"}],"about":[{"href":"https:\/\/www.workshop.ee\/fi\/wp-json\/wp\/v2\/types\/product"}],"wp:featuredmedia":[{"embeddable":true,"href":"https:\/\/www.workshop.ee\/fi\/wp-json\/wp\/v2\/media\/10760"}],"wp:attachment":[{"href":"https:\/\/www.workshop.ee\/fi\/wp-json\/wp\/v2\/media?parent=10716"}],"wp:term":[{"taxonomy":"product_brand","embeddable":true,"href":"https:\/\/www.workshop.ee\/fi\/wp-json\/wp\/v2\/product_brand?post=10716"},{"taxonomy":"product_cat","embeddable":true,"href":"https:\/\/www.workshop.ee\/fi\/wp-json\/wp\/v2\/product_cat?post=10716"},{"taxonomy":"product_tag","embeddable":true,"href":"https:\/\/www.workshop.ee\/fi\/wp-json\/wp\/v2\/product_tag?post=10716"}],"curies":[{"name":"wp","href":"https:\/\/api.w.org\/{rel}","templated":true}]}}