{"id":10743,"date":"2024-07-07T17:02:31","date_gmt":"2024-07-07T14:02:31","guid":{"rendered":"https:\/\/uuswp.workshop.ee\/toode\/kasvuaktivaator-nogesest-ja-kasest-025l\/"},"modified":"2025-02-24T16:46:17","modified_gmt":"2025-02-24T14:46:17","slug":"kasvuaktivaator-nogesest-ja-kasest-025l","status":"publish","type":"product","link":"https:\/\/www.workshop.ee\/fi\/toode\/kasvuaktivaator-nogesest-ja-kasest-025l\/","title":{"rendered":"Kasvuaktivaator n\u00f5gesest ja kasest-0,25L"},"content":{"rendered":"<p>Kasvuaktivaatoon valmistatud n\u00f5gese(Urtica dioca L) ja kase (Betula pendula L) segust. Preparaat sisaldab taimedele kergesti vastuv\u00f5etavas vormis toitaineid (N, P, K, Mg ja Ca), sealhulgas mikroelemente (Fe, Zn, Cu, Mn).pH 5-7 Kasvuaktivaator toetab ettek\u00fclvi arengut, lehtede kasvu, juurdumist, \u00f5itsemist ja puuviljade moodustumist.Kasvuaktivaato hoiab taime hea tervise juures ja toetab selle \u00fcldist eluj\u00f5udu. T\u00e4nu p\u00f5hitoitainete ja mikroelementide ainulaadsele kombinatsioonile ja ekstraktis sisalduvatele teistele bioloogiliselt aktiivsetele ainetele, toetatakse taimede kiiremat kasvu ja arengut. Samal ajal tugevdatakse nende looduslikku kaitsev\u00f5imet abiootilise stressi vastu. Korduv pealekandmine parandab kultuurtaimede seisundit ning suurendab nende saaki ja kvaliteeti. See kasvuaktivaator ei asenda p\u00f5hiv\u00e4etamist ja seet\u00f5ttu soovitatakse seda kasutada koos parima orgaanilise v\u00e4etisega (Kanakaka mahep\u00f5llumajanduslikuks viljeluseks).Kasutusjuhend: Preparaat on ette n\u00e4htud p\u00f5llu- aia-, puuvilja-, marjap\u00f5\u00f5sa- , dekoratiiv- ja toataimede jaoks kogu vegetatsiooniperioodil, p\u00e4rast taimede t\u00e4rkamist.<br \/>\nKasutamine: Taimede kasvuperioodil 10-14 p\u00e4evase vahega.<br \/>\nPritsimine: 25-50ml 1L vee kohta.<br \/>\nSoovitatav t\u00f6\u00f6lahuse kogus olenevalt taimede suurusest ja tihedusest; 5-10L \/100m2<br \/>\nKastmine: 50-100ml 1L vee kohta olenevalt taime vanusest . Esimene kasutamine kohe peale taimede istutamist<\/p>\n","protected":false},"excerpt":{"rendered":"<p>Kasvuaktivaator mahep\u00f5llumajanduslikuks tootmiseks. Suurendab taimede stressitaluvust \u00fcmberistutamisel ja ebasoodsate kasvutingimuste korral. Parandab taime tervist, saagikust ja kvaliteeti.<\/p>\n","protected":false},"featured_media":10766,"template":"","meta":[],"product_brand":[],"product_cat":[82],"product_tag":[],"class_list":{"0":"post-10743","1":"product","2":"type-product","3":"status-publish","4":"has-post-thumbnail","6":"product_cat-bio-mahe-vaetis-2","8":"first","9":"instock","10":"shipping-taxable","11":"purchasable","12":"product-type-simple"},"yoast_head":"<!-- This site is optimized with the Yoast SEO plugin v26.8 - https:\/\/yoast.com\/product\/yoast-seo-wordpress\/ -->\n<title>Kasvuaktivaator n\u00f5gesest ja kasest-0,25L - WorkShop<\/title>\n<meta name=\"robots\" content=\"index, follow, max-snippet:-1, max-image-preview:large, max-video-preview:-1\" \/>\n<link rel=\"canonical\" href=\"https:\/\/www.workshop.ee\/fi\/toode\/kasvuaktivaator-nogesest-ja-kasest-025l\/\" \/>\n<meta property=\"og:locale\" content=\"fi_FI\" \/>\n<meta property=\"og:type\" content=\"article\" \/>\n<meta property=\"og:title\" content=\"Kasvuaktivaator n\u00f5gesest ja kasest-0,25L - WorkShop\" \/>\n<meta property=\"og:description\" content=\"Kasvuaktivaator mahep\u00f5llumajanduslikuks tootmiseks. Suurendab taimede stressitaluvust \u00fcmberistutamisel ja ebasoodsate kasvutingimuste korral. Parandab taime tervist, saagikust ja kvaliteeti.\" \/>\n<meta property=\"og:url\" content=\"https:\/\/www.workshop.ee\/fi\/toode\/kasvuaktivaator-nogesest-ja-kasest-025l\/\" \/>\n<meta property=\"og:site_name\" content=\"WorkShop\" \/>\n<meta property=\"article:modified_time\" content=\"2025-02-24T14:46:17+00:00\" \/>\n<meta property=\"og:image\" content=\"https:\/\/www.workshop.ee\/wp-content\/uploads\/2024\/07\/Kasvustimulaator.png\" \/>\n\t<meta property=\"og:image:width\" content=\"535\" \/>\n\t<meta property=\"og:image:height\" content=\"356\" \/>\n\t<meta property=\"og:image:type\" content=\"image\/png\" \/>\n<meta name=\"twitter:card\" content=\"summary_large_image\" \/>\n<meta name=\"twitter:label1\" content=\"Arvioitu lukuaika\" \/>\n\t<meta name=\"twitter:data1\" content=\"2 minuuttia\" \/>\n<script type=\"application\/ld+json\" class=\"yoast-schema-graph\">{\"@context\":\"https:\/\/schema.org\",\"@graph\":[{\"@type\":\"WebPage\",\"@id\":\"https:\/\/www.workshop.ee\/fi\/toode\/kasvuaktivaator-nogesest-ja-kasest-025l\/\",\"url\":\"https:\/\/www.workshop.ee\/fi\/toode\/kasvuaktivaator-nogesest-ja-kasest-025l\/\",\"name\":\"Kasvuaktivaator n\u00f5gesest ja kasest-0,25L - WorkShop\",\"isPartOf\":{\"@id\":\"https:\/\/www.workshop.ee\/fi\/#website\"},\"primaryImageOfPage\":{\"@id\":\"https:\/\/www.workshop.ee\/fi\/toode\/kasvuaktivaator-nogesest-ja-kasest-025l\/#primaryimage\"},\"image\":{\"@id\":\"https:\/\/www.workshop.ee\/toode\/kasvuaktivaator-nogesest-ja-kasest-025l\/#primaryimage\"},\"thumbnailUrl\":\"https:\/\/www.workshop.ee\/wp-content\/uploads\/2024\/07\/Kasvustimulaator.png\",\"datePublished\":\"2024-07-07T14:02:31+00:00\",\"dateModified\":\"2025-02-24T14:46:17+00:00\",\"breadcrumb\":{\"@id\":\"https:\/\/www.workshop.ee\/fi\/toode\/kasvuaktivaator-nogesest-ja-kasest-025l\/#breadcrumb\"},\"inLanguage\":\"fi\",\"potentialAction\":[{\"@type\":\"ReadAction\",\"target\":[[\"https:\/\/www.workshop.ee\/fi\/toode\/kasvuaktivaator-nogesest-ja-kasest-025l\/\"]]}]},{\"@type\":\"ImageObject\",\"inLanguage\":\"fi\",\"@id\":\"https:\/\/www.workshop.ee\/fi\/toode\/kasvuaktivaator-nogesest-ja-kasest-025l\/#primaryimage\",\"url\":\"https:\/\/www.workshop.ee\/wp-content\/uploads\/2024\/07\/Kasvustimulaator.png\",\"contentUrl\":\"https:\/\/www.workshop.ee\/wp-content\/uploads\/2024\/07\/Kasvustimulaator.png\",\"width\":535,\"height\":356},{\"@type\":\"BreadcrumbList\",\"@id\":\"https:\/\/www.workshop.ee\/fi\/toode\/kasvuaktivaator-nogesest-ja-kasest-025l\/#breadcrumb\",\"itemListElement\":[{\"@type\":\"ListItem\",\"position\":1,\"name\":\"Home\",\"item\":\"https:\/\/www.workshop.ee\/fi\/\"},{\"@type\":\"ListItem\",\"position\":2,\"name\":\"E-pood\",\"item\":\"https:\/\/www.workshop.ee\/fi\/e-pood\/\"},{\"@type\":\"ListItem\",\"position\":3,\"name\":\"Kasvuaktivaator n\u00f5gesest ja kasest-0,25L\"}]},{\"@type\":\"WebSite\",\"@id\":\"https:\/\/www.workshop.ee\/fi\/#website\",\"url\":\"https:\/\/www.workshop.ee\/fi\/\",\"name\":\"WorkShop\",\"description\":\"\",\"publisher\":{\"@id\":\"https:\/\/www.workshop.ee\/fi\/#organization\"},\"potentialAction\":[{\"@type\":\"SearchAction\",\"target\":{\"@type\":\"EntryPoint\",\"urlTemplate\":\"https:\/\/www.workshop.ee\/fi\/?s={search_term_string}\"},\"query-input\":{\"@type\":\"PropertyValueSpecification\",\"valueRequired\":true,\"valueName\":\"search_term_string\"}}],\"inLanguage\":\"fi\"},{\"@type\":\"Organization\",\"@id\":\"https:\/\/www.workshop.ee\/fi\/#organization\",\"name\":\"WorkShop\",\"url\":\"https:\/\/www.workshop.ee\/fi\/\",\"logo\":{\"@type\":\"ImageObject\",\"inLanguage\":\"fi\",\"@id\":\"https:\/\/www.workshop.ee\/fi\/#\/schema\/logo\/image\/\",\"url\":\"https:\/\/www.workshop.ee\/wp-content\/uploads\/2024\/06\/logo.png\",\"contentUrl\":\"https:\/\/www.workshop.ee\/wp-content\/uploads\/2024\/06\/logo.png\",\"width\":170,\"height\":57,\"caption\":\"WorkShop\"},\"image\":{\"@id\":\"https:\/\/www.workshop.ee\/fi\/#\/schema\/logo\/image\/\"}}]}<\/script>\n<!-- \/ Yoast SEO plugin. -->","yoast_head_json":{"title":"Kasvuaktivaator n\u00f5gesest ja kasest-0,25L - WorkShop","robots":{"index":"index","follow":"follow","max-snippet":"max-snippet:-1","max-image-preview":"max-image-preview:large","max-video-preview":"max-video-preview:-1"},"canonical":"https:\/\/www.workshop.ee\/fi\/toode\/kasvuaktivaator-nogesest-ja-kasest-025l\/","og_locale":"fi_FI","og_type":"article","og_title":"Kasvuaktivaator n\u00f5gesest ja kasest-0,25L - WorkShop","og_description":"Kasvuaktivaator mahep\u00f5llumajanduslikuks tootmiseks. Suurendab taimede stressitaluvust \u00fcmberistutamisel ja ebasoodsate kasvutingimuste korral. Parandab taime tervist, saagikust ja kvaliteeti.","og_url":"https:\/\/www.workshop.ee\/fi\/toode\/kasvuaktivaator-nogesest-ja-kasest-025l\/","og_site_name":"WorkShop","article_modified_time":"2025-02-24T14:46:17+00:00","og_image":[{"width":535,"height":356,"url":"https:\/\/www.workshop.ee\/wp-content\/uploads\/2024\/07\/Kasvustimulaator.png","type":"image\/png"}],"twitter_card":"summary_large_image","twitter_misc":{"Arvioitu lukuaika":"2 minuuttia"},"schema":{"@context":"https:\/\/schema.org","@graph":[{"@type":"WebPage","@id":"https:\/\/www.workshop.ee\/fi\/toode\/kasvuaktivaator-nogesest-ja-kasest-025l\/","url":"https:\/\/www.workshop.ee\/fi\/toode\/kasvuaktivaator-nogesest-ja-kasest-025l\/","name":"Kasvuaktivaator n\u00f5gesest ja kasest-0,25L - WorkShop","isPartOf":{"@id":"https:\/\/www.workshop.ee\/fi\/#website"},"primaryImageOfPage":{"@id":"https:\/\/www.workshop.ee\/fi\/toode\/kasvuaktivaator-nogesest-ja-kasest-025l\/#primaryimage"},"image":{"@id":"https:\/\/www.workshop.ee\/toode\/kasvuaktivaator-nogesest-ja-kasest-025l\/#primaryimage"},"thumbnailUrl":"https:\/\/www.workshop.ee\/wp-content\/uploads\/2024\/07\/Kasvustimulaator.png","datePublished":"2024-07-07T14:02:31+00:00","dateModified":"2025-02-24T14:46:17+00:00","breadcrumb":{"@id":"https:\/\/www.workshop.ee\/fi\/toode\/kasvuaktivaator-nogesest-ja-kasest-025l\/#breadcrumb"},"inLanguage":"fi","potentialAction":[{"@type":"ReadAction","target":[["https:\/\/www.workshop.ee\/fi\/toode\/kasvuaktivaator-nogesest-ja-kasest-025l\/"]]}]},{"@type":"ImageObject","inLanguage":"fi","@id":"https:\/\/www.workshop.ee\/fi\/toode\/kasvuaktivaator-nogesest-ja-kasest-025l\/#primaryimage","url":"https:\/\/www.workshop.ee\/wp-content\/uploads\/2024\/07\/Kasvustimulaator.png","contentUrl":"https:\/\/www.workshop.ee\/wp-content\/uploads\/2024\/07\/Kasvustimulaator.png","width":535,"height":356},{"@type":"BreadcrumbList","@id":"https:\/\/www.workshop.ee\/fi\/toode\/kasvuaktivaator-nogesest-ja-kasest-025l\/#breadcrumb","itemListElement":[{"@type":"ListItem","position":1,"name":"Home","item":"https:\/\/www.workshop.ee\/fi\/"},{"@type":"ListItem","position":2,"name":"E-pood","item":"https:\/\/www.workshop.ee\/fi\/e-pood\/"},{"@type":"ListItem","position":3,"name":"Kasvuaktivaator n\u00f5gesest ja kasest-0,25L"}]},{"@type":"WebSite","@id":"https:\/\/www.workshop.ee\/fi\/#website","url":"https:\/\/www.workshop.ee\/fi\/","name":"WorkShop","description":"","publisher":{"@id":"https:\/\/www.workshop.ee\/fi\/#organization"},"potentialAction":[{"@type":"SearchAction","target":{"@type":"EntryPoint","urlTemplate":"https:\/\/www.workshop.ee\/fi\/?s={search_term_string}"},"query-input":{"@type":"PropertyValueSpecification","valueRequired":true,"valueName":"search_term_string"}}],"inLanguage":"fi"},{"@type":"Organization","@id":"https:\/\/www.workshop.ee\/fi\/#organization","name":"WorkShop","url":"https:\/\/www.workshop.ee\/fi\/","logo":{"@type":"ImageObject","inLanguage":"fi","@id":"https:\/\/www.workshop.ee\/fi\/#\/schema\/logo\/image\/","url":"https:\/\/www.workshop.ee\/wp-content\/uploads\/2024\/06\/logo.png","contentUrl":"https:\/\/www.workshop.ee\/wp-content\/uploads\/2024\/06\/logo.png","width":170,"height":57,"caption":"WorkShop"},"image":{"@id":"https:\/\/www.workshop.ee\/fi\/#\/schema\/logo\/image\/"}}]}},"_links":{"self":[{"href":"https:\/\/www.workshop.ee\/fi\/wp-json\/wp\/v2\/product\/10743","targetHints":{"allow":["GET"]}}],"collection":[{"href":"https:\/\/www.workshop.ee\/fi\/wp-json\/wp\/v2\/product"}],"about":[{"href":"https:\/\/www.workshop.ee\/fi\/wp-json\/wp\/v2\/types\/product"}],"wp:featuredmedia":[{"embeddable":true,"href":"https:\/\/www.workshop.ee\/fi\/wp-json\/wp\/v2\/media\/10766"}],"wp:attachment":[{"href":"https:\/\/www.workshop.ee\/fi\/wp-json\/wp\/v2\/media?parent=10743"}],"wp:term":[{"taxonomy":"product_brand","embeddable":true,"href":"https:\/\/www.workshop.ee\/fi\/wp-json\/wp\/v2\/product_brand?post=10743"},{"taxonomy":"product_cat","embeddable":true,"href":"https:\/\/www.workshop.ee\/fi\/wp-json\/wp\/v2\/product_cat?post=10743"},{"taxonomy":"product_tag","embeddable":true,"href":"https:\/\/www.workshop.ee\/fi\/wp-json\/wp\/v2\/product_tag?post=10743"}],"curies":[{"name":"wp","href":"https:\/\/api.w.org\/{rel}","templated":true}]}}