{"id":10796,"date":"2024-08-24T16:13:31","date_gmt":"2024-08-24T13:13:31","guid":{"rendered":"https:\/\/uuswp.workshop.ee\/?post_type=product&#038;p=10796"},"modified":"2025-11-15T14:54:05","modified_gmt":"2025-11-15T12:54:05","slug":"bio-verejahu-vaetis-10-l","status":"publish","type":"product","link":"https:\/\/www.workshop.ee\/fi\/toode\/bio-verejahu-vaetis-10-l\/","title":{"rendered":"Bio verejahu v\u00e4etis-1 L (kopeeri)"},"content":{"rendered":"<p>Bio verejahu v\u00e4etis aiakultuurile on h\u00fcgieene loodus toode mahep\u00f5llumajanduslikuks tootmiseks. Sisaldab ainult toorainet, mis on lubatud E\u00dc m\u00e4\u00e4rusega mahep\u00f5llumajanduses. Verejahus on palju kiire toimega orgaanilist l\u00e4mmastikku. L\u00e4mmastik soodustab lehtede kasvu ja seega sobib k\u00f6\u00f6giviljadele, nagu kapsas salat ja spinat nende intensiivsel kasvuperioodil. Verejahuga kastmisest saab suurt abi juurviljaaed jaanip\u00e4eva aegu, kui kasv \u00e4hvardab kaduma! Samas hoiab ka kitsed ja j\u00e4nesed taimedest eemal.<\/p>\n","protected":false},"excerpt":{"rendered":"<p>Sisaldab ainult toorainet, mis on lubatud E\u00dc m\u00e4\u00e4rusega mahep\u00f5llumajanduses.<\/p>\n","protected":false},"featured_media":10328,"template":"","meta":[],"product_brand":[],"product_cat":[82],"product_tag":[],"class_list":{"0":"post-10796","1":"product","2":"type-product","3":"status-publish","4":"has-post-thumbnail","6":"product_cat-bio-mahe-vaetis-2","8":"first","9":"instock","10":"shipping-taxable","11":"purchasable","12":"product-type-simple"},"yoast_head":"<!-- This site is optimized with the Yoast SEO plugin v26.8 - https:\/\/yoast.com\/product\/yoast-seo-wordpress\/ -->\n<title>Bio verejahu v\u00e4etis-1 L (kopeeri) - WorkShop<\/title>\n<meta name=\"robots\" content=\"index, follow, max-snippet:-1, max-image-preview:large, max-video-preview:-1\" \/>\n<link rel=\"canonical\" href=\"https:\/\/www.workshop.ee\/fi\/toode\/bio-verejahu-vaetis-10-l\/\" \/>\n<meta property=\"og:locale\" content=\"fi_FI\" \/>\n<meta property=\"og:type\" content=\"article\" \/>\n<meta property=\"og:title\" content=\"Bio verejahu v\u00e4etis-1 L (kopeeri) - WorkShop\" \/>\n<meta property=\"og:description\" content=\"Sisaldab ainult toorainet, mis on lubatud E\u00dc m\u00e4\u00e4rusega mahep\u00f5llumajanduses.\" \/>\n<meta property=\"og:url\" content=\"https:\/\/www.workshop.ee\/fi\/toode\/bio-verejahu-vaetis-10-l\/\" \/>\n<meta property=\"og:site_name\" content=\"WorkShop\" \/>\n<meta property=\"article:modified_time\" content=\"2025-11-15T12:54:05+00:00\" \/>\n<meta property=\"og:image\" content=\"https:\/\/www.workshop.ee\/wp-content\/uploads\/2024\/07\/BIO_VEREJAHU_SOOME_JPG.jpg\" \/>\n\t<meta property=\"og:image:width\" content=\"787\" \/>\n\t<meta property=\"og:image:height\" content=\"1181\" \/>\n\t<meta property=\"og:image:type\" content=\"image\/jpeg\" \/>\n<meta name=\"twitter:card\" content=\"summary_large_image\" \/>\n<meta name=\"twitter:label1\" content=\"Arvioitu lukuaika\" \/>\n\t<meta name=\"twitter:data1\" content=\"1 minuutti\" \/>\n<script type=\"application\/ld+json\" class=\"yoast-schema-graph\">{\"@context\":\"https:\/\/schema.org\",\"@graph\":[{\"@type\":\"WebPage\",\"@id\":\"https:\/\/www.workshop.ee\/fi\/toode\/bio-verejahu-vaetis-10-l\/\",\"url\":\"https:\/\/www.workshop.ee\/fi\/toode\/bio-verejahu-vaetis-10-l\/\",\"name\":\"Bio verejahu v\u00e4etis-1 L (kopeeri) - WorkShop\",\"isPartOf\":{\"@id\":\"https:\/\/www.workshop.ee\/fi\/#website\"},\"primaryImageOfPage\":{\"@id\":\"https:\/\/www.workshop.ee\/fi\/toode\/bio-verejahu-vaetis-10-l\/#primaryimage\"},\"image\":{\"@id\":\"https:\/\/www.workshop.ee\/toode\/bio-verejahu-vaetis-10-l\/#primaryimage\"},\"thumbnailUrl\":\"https:\/\/www.workshop.ee\/wp-content\/uploads\/2024\/07\/BIO_VEREJAHU_SOOME_JPG.jpg\",\"datePublished\":\"2024-08-24T13:13:31+00:00\",\"dateModified\":\"2025-11-15T12:54:05+00:00\",\"breadcrumb\":{\"@id\":\"https:\/\/www.workshop.ee\/fi\/toode\/bio-verejahu-vaetis-10-l\/#breadcrumb\"},\"inLanguage\":\"fi\",\"potentialAction\":[{\"@type\":\"ReadAction\",\"target\":[[\"https:\/\/www.workshop.ee\/fi\/toode\/bio-verejahu-vaetis-10-l\/\"]]}]},{\"@type\":\"ImageObject\",\"inLanguage\":\"fi\",\"@id\":\"https:\/\/www.workshop.ee\/fi\/toode\/bio-verejahu-vaetis-10-l\/#primaryimage\",\"url\":\"https:\/\/www.workshop.ee\/wp-content\/uploads\/2024\/07\/BIO_VEREJAHU_SOOME_JPG.jpg\",\"contentUrl\":\"https:\/\/www.workshop.ee\/wp-content\/uploads\/2024\/07\/BIO_VEREJAHU_SOOME_JPG.jpg\",\"width\":787,\"height\":1181},{\"@type\":\"BreadcrumbList\",\"@id\":\"https:\/\/www.workshop.ee\/fi\/toode\/bio-verejahu-vaetis-10-l\/#breadcrumb\",\"itemListElement\":[{\"@type\":\"ListItem\",\"position\":1,\"name\":\"Home\",\"item\":\"https:\/\/www.workshop.ee\/fi\/\"},{\"@type\":\"ListItem\",\"position\":2,\"name\":\"E-pood\",\"item\":\"https:\/\/www.workshop.ee\/fi\/e-pood\/\"},{\"@type\":\"ListItem\",\"position\":3,\"name\":\"Bio verejahu v\u00e4etis-10 L\"}]},{\"@type\":\"WebSite\",\"@id\":\"https:\/\/www.workshop.ee\/fi\/#website\",\"url\":\"https:\/\/www.workshop.ee\/fi\/\",\"name\":\"WorkShop\",\"description\":\"\",\"publisher\":{\"@id\":\"https:\/\/www.workshop.ee\/fi\/#organization\"},\"potentialAction\":[{\"@type\":\"SearchAction\",\"target\":{\"@type\":\"EntryPoint\",\"urlTemplate\":\"https:\/\/www.workshop.ee\/fi\/?s={search_term_string}\"},\"query-input\":{\"@type\":\"PropertyValueSpecification\",\"valueRequired\":true,\"valueName\":\"search_term_string\"}}],\"inLanguage\":\"fi\"},{\"@type\":\"Organization\",\"@id\":\"https:\/\/www.workshop.ee\/fi\/#organization\",\"name\":\"WorkShop\",\"url\":\"https:\/\/www.workshop.ee\/fi\/\",\"logo\":{\"@type\":\"ImageObject\",\"inLanguage\":\"fi\",\"@id\":\"https:\/\/www.workshop.ee\/fi\/#\/schema\/logo\/image\/\",\"url\":\"https:\/\/www.workshop.ee\/wp-content\/uploads\/2024\/06\/logo.png\",\"contentUrl\":\"https:\/\/www.workshop.ee\/wp-content\/uploads\/2024\/06\/logo.png\",\"width\":170,\"height\":57,\"caption\":\"WorkShop\"},\"image\":{\"@id\":\"https:\/\/www.workshop.ee\/fi\/#\/schema\/logo\/image\/\"}}]}<\/script>\n<!-- \/ Yoast SEO plugin. -->","yoast_head_json":{"title":"Bio verejahu v\u00e4etis-1 L (kopeeri) - WorkShop","robots":{"index":"index","follow":"follow","max-snippet":"max-snippet:-1","max-image-preview":"max-image-preview:large","max-video-preview":"max-video-preview:-1"},"canonical":"https:\/\/www.workshop.ee\/fi\/toode\/bio-verejahu-vaetis-10-l\/","og_locale":"fi_FI","og_type":"article","og_title":"Bio verejahu v\u00e4etis-1 L (kopeeri) - WorkShop","og_description":"Sisaldab ainult toorainet, mis on lubatud E\u00dc m\u00e4\u00e4rusega mahep\u00f5llumajanduses.","og_url":"https:\/\/www.workshop.ee\/fi\/toode\/bio-verejahu-vaetis-10-l\/","og_site_name":"WorkShop","article_modified_time":"2025-11-15T12:54:05+00:00","og_image":[{"width":787,"height":1181,"url":"https:\/\/www.workshop.ee\/wp-content\/uploads\/2024\/07\/BIO_VEREJAHU_SOOME_JPG.jpg","type":"image\/jpeg"}],"twitter_card":"summary_large_image","twitter_misc":{"Arvioitu lukuaika":"1 minuutti"},"schema":{"@context":"https:\/\/schema.org","@graph":[{"@type":"WebPage","@id":"https:\/\/www.workshop.ee\/fi\/toode\/bio-verejahu-vaetis-10-l\/","url":"https:\/\/www.workshop.ee\/fi\/toode\/bio-verejahu-vaetis-10-l\/","name":"Bio verejahu v\u00e4etis-1 L (kopeeri) - WorkShop","isPartOf":{"@id":"https:\/\/www.workshop.ee\/fi\/#website"},"primaryImageOfPage":{"@id":"https:\/\/www.workshop.ee\/fi\/toode\/bio-verejahu-vaetis-10-l\/#primaryimage"},"image":{"@id":"https:\/\/www.workshop.ee\/toode\/bio-verejahu-vaetis-10-l\/#primaryimage"},"thumbnailUrl":"https:\/\/www.workshop.ee\/wp-content\/uploads\/2024\/07\/BIO_VEREJAHU_SOOME_JPG.jpg","datePublished":"2024-08-24T13:13:31+00:00","dateModified":"2025-11-15T12:54:05+00:00","breadcrumb":{"@id":"https:\/\/www.workshop.ee\/fi\/toode\/bio-verejahu-vaetis-10-l\/#breadcrumb"},"inLanguage":"fi","potentialAction":[{"@type":"ReadAction","target":[["https:\/\/www.workshop.ee\/fi\/toode\/bio-verejahu-vaetis-10-l\/"]]}]},{"@type":"ImageObject","inLanguage":"fi","@id":"https:\/\/www.workshop.ee\/fi\/toode\/bio-verejahu-vaetis-10-l\/#primaryimage","url":"https:\/\/www.workshop.ee\/wp-content\/uploads\/2024\/07\/BIO_VEREJAHU_SOOME_JPG.jpg","contentUrl":"https:\/\/www.workshop.ee\/wp-content\/uploads\/2024\/07\/BIO_VEREJAHU_SOOME_JPG.jpg","width":787,"height":1181},{"@type":"BreadcrumbList","@id":"https:\/\/www.workshop.ee\/fi\/toode\/bio-verejahu-vaetis-10-l\/#breadcrumb","itemListElement":[{"@type":"ListItem","position":1,"name":"Home","item":"https:\/\/www.workshop.ee\/fi\/"},{"@type":"ListItem","position":2,"name":"E-pood","item":"https:\/\/www.workshop.ee\/fi\/e-pood\/"},{"@type":"ListItem","position":3,"name":"Bio verejahu v\u00e4etis-10 L"}]},{"@type":"WebSite","@id":"https:\/\/www.workshop.ee\/fi\/#website","url":"https:\/\/www.workshop.ee\/fi\/","name":"WorkShop","description":"","publisher":{"@id":"https:\/\/www.workshop.ee\/fi\/#organization"},"potentialAction":[{"@type":"SearchAction","target":{"@type":"EntryPoint","urlTemplate":"https:\/\/www.workshop.ee\/fi\/?s={search_term_string}"},"query-input":{"@type":"PropertyValueSpecification","valueRequired":true,"valueName":"search_term_string"}}],"inLanguage":"fi"},{"@type":"Organization","@id":"https:\/\/www.workshop.ee\/fi\/#organization","name":"WorkShop","url":"https:\/\/www.workshop.ee\/fi\/","logo":{"@type":"ImageObject","inLanguage":"fi","@id":"https:\/\/www.workshop.ee\/fi\/#\/schema\/logo\/image\/","url":"https:\/\/www.workshop.ee\/wp-content\/uploads\/2024\/06\/logo.png","contentUrl":"https:\/\/www.workshop.ee\/wp-content\/uploads\/2024\/06\/logo.png","width":170,"height":57,"caption":"WorkShop"},"image":{"@id":"https:\/\/www.workshop.ee\/fi\/#\/schema\/logo\/image\/"}}]}},"_links":{"self":[{"href":"https:\/\/www.workshop.ee\/fi\/wp-json\/wp\/v2\/product\/10796","targetHints":{"allow":["GET"]}}],"collection":[{"href":"https:\/\/www.workshop.ee\/fi\/wp-json\/wp\/v2\/product"}],"about":[{"href":"https:\/\/www.workshop.ee\/fi\/wp-json\/wp\/v2\/types\/product"}],"wp:featuredmedia":[{"embeddable":true,"href":"https:\/\/www.workshop.ee\/fi\/wp-json\/wp\/v2\/media\/10328"}],"wp:attachment":[{"href":"https:\/\/www.workshop.ee\/fi\/wp-json\/wp\/v2\/media?parent=10796"}],"wp:term":[{"taxonomy":"product_brand","embeddable":true,"href":"https:\/\/www.workshop.ee\/fi\/wp-json\/wp\/v2\/product_brand?post=10796"},{"taxonomy":"product_cat","embeddable":true,"href":"https:\/\/www.workshop.ee\/fi\/wp-json\/wp\/v2\/product_cat?post=10796"},{"taxonomy":"product_tag","embeddable":true,"href":"https:\/\/www.workshop.ee\/fi\/wp-json\/wp\/v2\/product_tag?post=10796"}],"curies":[{"name":"wp","href":"https:\/\/api.w.org\/{rel}","templated":true}]}}