{"id":10799,"date":"2024-08-24T16:19:28","date_gmt":"2024-08-24T13:19:28","guid":{"rendered":"https:\/\/uuswp.workshop.ee\/?post_type=product&#038;p=10799"},"modified":"2025-11-15T14:49:48","modified_gmt":"2025-11-15T12:49:48","slug":"bio-kompostiargitaja-3l","status":"publish","type":"product","link":"https:\/\/www.workshop.ee\/fi\/toode\/bio-kompostiargitaja-3l\/","title":{"rendered":"Bio-Komposti\u00e4rgitaja-1L (kopeeri)"},"content":{"rendered":"<p>Bio komposti\u00e4rgitaja on m\u00f5eldud orgaanilise komposti valmistamiseks, see koosneb k\u00f5rgekvaliteetsetest looduslikest koostisosadest. Ei sisalda keemilisi toitaineid ja on ideaalne abivahend aia- ja k\u00f6\u00f6gij\u00e4\u00e4tmete muutmiseks kasulikuks kvaliteetseks kompostiks. Komposti\u00e4rgitaja sisaldab bakteritele vajalikke toitaineid, mis kiirendab komposti valmimist. See toode sisaldab ka mikroelemente, mis muudavad l\u00f5pptoodangu toitainet rikkaks ja h\u00e4sti k\u00fcpsenuks kompostiks.<br \/>\n<\/p>","protected":false},"excerpt":{"rendered":"<p>Bio komposti\u00e4rgitaja on m\u00f5eldud orgaanilise komposti valmistamiseks, see koosneb k\u00f5rgekvaliteetsetest looduslikest koostisosadest.<\/p>\n","protected":false},"featured_media":10317,"template":"","meta":[],"product_brand":[],"product_cat":[82],"product_tag":[],"class_list":{"0":"post-10799","1":"product","2":"type-product","3":"status-publish","4":"has-post-thumbnail","6":"product_cat-bio-mahe-vaetis-2","8":"first","9":"instock","10":"shipping-taxable","11":"purchasable","12":"product-type-simple"},"yoast_head":"<!-- This site is optimized with the Yoast SEO plugin v26.8 - https:\/\/yoast.com\/product\/yoast-seo-wordpress\/ -->\n<title>Bio-Komposti\u00e4rgitaja-1L (kopeeri) - WorkShop<\/title>\n<meta name=\"robots\" content=\"index, follow, max-snippet:-1, max-image-preview:large, max-video-preview:-1\" \/>\n<link rel=\"canonical\" href=\"https:\/\/www.workshop.ee\/fi\/toode\/bio-kompostiargitaja-3l\/\" \/>\n<meta property=\"og:locale\" content=\"fi_FI\" \/>\n<meta property=\"og:type\" content=\"article\" \/>\n<meta property=\"og:title\" content=\"Bio-Komposti\u00e4rgitaja-1L (kopeeri) - WorkShop\" \/>\n<meta property=\"og:description\" content=\"Bio komposti\u00e4rgitaja on m\u00f5eldud orgaanilise komposti valmistamiseks, see koosneb k\u00f5rgekvaliteetsetest looduslikest koostisosadest.\" \/>\n<meta property=\"og:url\" content=\"https:\/\/www.workshop.ee\/fi\/toode\/bio-kompostiargitaja-3l\/\" \/>\n<meta property=\"og:site_name\" content=\"WorkShop\" \/>\n<meta property=\"article:modified_time\" content=\"2025-11-15T12:49:48+00:00\" \/>\n<meta property=\"og:image\" content=\"https:\/\/www.workshop.ee\/wp-content\/uploads\/2024\/07\/Bio_kompostiargitaja_JPG.jpg\" \/>\n\t<meta property=\"og:image:width\" content=\"787\" \/>\n\t<meta property=\"og:image:height\" content=\"1181\" \/>\n\t<meta property=\"og:image:type\" content=\"image\/jpeg\" \/>\n<meta name=\"twitter:card\" content=\"summary_large_image\" \/>\n<meta name=\"twitter:label1\" content=\"Arvioitu lukuaika\" \/>\n\t<meta name=\"twitter:data1\" content=\"1 minuutti\" \/>\n<script type=\"application\/ld+json\" class=\"yoast-schema-graph\">{\"@context\":\"https:\/\/schema.org\",\"@graph\":[{\"@type\":\"WebPage\",\"@id\":\"https:\/\/www.workshop.ee\/fi\/toode\/bio-kompostiargitaja-3l\/\",\"url\":\"https:\/\/www.workshop.ee\/fi\/toode\/bio-kompostiargitaja-3l\/\",\"name\":\"Bio-Komposti\u00e4rgitaja-1L (kopeeri) - WorkShop\",\"isPartOf\":{\"@id\":\"https:\/\/www.workshop.ee\/fi\/#website\"},\"primaryImageOfPage\":{\"@id\":\"https:\/\/www.workshop.ee\/fi\/toode\/bio-kompostiargitaja-3l\/#primaryimage\"},\"image\":{\"@id\":\"https:\/\/www.workshop.ee\/toode\/bio-kompostiargitaja-3l\/#primaryimage\"},\"thumbnailUrl\":\"https:\/\/www.workshop.ee\/wp-content\/uploads\/2024\/07\/Bio_kompostiargitaja_JPG.jpg\",\"datePublished\":\"2024-08-24T13:19:28+00:00\",\"dateModified\":\"2025-11-15T12:49:48+00:00\",\"breadcrumb\":{\"@id\":\"https:\/\/www.workshop.ee\/fi\/toode\/bio-kompostiargitaja-3l\/#breadcrumb\"},\"inLanguage\":\"fi\",\"potentialAction\":[{\"@type\":\"ReadAction\",\"target\":[[\"https:\/\/www.workshop.ee\/fi\/toode\/bio-kompostiargitaja-3l\/\"]]}]},{\"@type\":\"ImageObject\",\"inLanguage\":\"fi\",\"@id\":\"https:\/\/www.workshop.ee\/fi\/toode\/bio-kompostiargitaja-3l\/#primaryimage\",\"url\":\"https:\/\/www.workshop.ee\/wp-content\/uploads\/2024\/07\/Bio_kompostiargitaja_JPG.jpg\",\"contentUrl\":\"https:\/\/www.workshop.ee\/wp-content\/uploads\/2024\/07\/Bio_kompostiargitaja_JPG.jpg\",\"width\":787,\"height\":1181},{\"@type\":\"BreadcrumbList\",\"@id\":\"https:\/\/www.workshop.ee\/fi\/toode\/bio-kompostiargitaja-3l\/#breadcrumb\",\"itemListElement\":[{\"@type\":\"ListItem\",\"position\":1,\"name\":\"Home\",\"item\":\"https:\/\/www.workshop.ee\/fi\/\"},{\"@type\":\"ListItem\",\"position\":2,\"name\":\"E-pood\",\"item\":\"https:\/\/www.workshop.ee\/fi\/e-pood\/\"},{\"@type\":\"ListItem\",\"position\":3,\"name\":\"Bio-Komposti\u00e4rgitaja-3L\"}]},{\"@type\":\"WebSite\",\"@id\":\"https:\/\/www.workshop.ee\/fi\/#website\",\"url\":\"https:\/\/www.workshop.ee\/fi\/\",\"name\":\"WorkShop\",\"description\":\"\",\"publisher\":{\"@id\":\"https:\/\/www.workshop.ee\/fi\/#organization\"},\"potentialAction\":[{\"@type\":\"SearchAction\",\"target\":{\"@type\":\"EntryPoint\",\"urlTemplate\":\"https:\/\/www.workshop.ee\/fi\/?s={search_term_string}\"},\"query-input\":{\"@type\":\"PropertyValueSpecification\",\"valueRequired\":true,\"valueName\":\"search_term_string\"}}],\"inLanguage\":\"fi\"},{\"@type\":\"Organization\",\"@id\":\"https:\/\/www.workshop.ee\/fi\/#organization\",\"name\":\"WorkShop\",\"url\":\"https:\/\/www.workshop.ee\/fi\/\",\"logo\":{\"@type\":\"ImageObject\",\"inLanguage\":\"fi\",\"@id\":\"https:\/\/www.workshop.ee\/fi\/#\/schema\/logo\/image\/\",\"url\":\"https:\/\/www.workshop.ee\/wp-content\/uploads\/2024\/06\/logo.png\",\"contentUrl\":\"https:\/\/www.workshop.ee\/wp-content\/uploads\/2024\/06\/logo.png\",\"width\":170,\"height\":57,\"caption\":\"WorkShop\"},\"image\":{\"@id\":\"https:\/\/www.workshop.ee\/fi\/#\/schema\/logo\/image\/\"}}]}<\/script>\n<!-- \/ Yoast SEO plugin. -->","yoast_head_json":{"title":"Bio-Komposti\u00e4rgitaja-1L (kopeeri) - WorkShop","robots":{"index":"index","follow":"follow","max-snippet":"max-snippet:-1","max-image-preview":"max-image-preview:large","max-video-preview":"max-video-preview:-1"},"canonical":"https:\/\/www.workshop.ee\/fi\/toode\/bio-kompostiargitaja-3l\/","og_locale":"fi_FI","og_type":"article","og_title":"Bio-Komposti\u00e4rgitaja-1L (kopeeri) - WorkShop","og_description":"Bio komposti\u00e4rgitaja on m\u00f5eldud orgaanilise komposti valmistamiseks, see koosneb k\u00f5rgekvaliteetsetest looduslikest koostisosadest.","og_url":"https:\/\/www.workshop.ee\/fi\/toode\/bio-kompostiargitaja-3l\/","og_site_name":"WorkShop","article_modified_time":"2025-11-15T12:49:48+00:00","og_image":[{"width":787,"height":1181,"url":"https:\/\/www.workshop.ee\/wp-content\/uploads\/2024\/07\/Bio_kompostiargitaja_JPG.jpg","type":"image\/jpeg"}],"twitter_card":"summary_large_image","twitter_misc":{"Arvioitu lukuaika":"1 minuutti"},"schema":{"@context":"https:\/\/schema.org","@graph":[{"@type":"WebPage","@id":"https:\/\/www.workshop.ee\/fi\/toode\/bio-kompostiargitaja-3l\/","url":"https:\/\/www.workshop.ee\/fi\/toode\/bio-kompostiargitaja-3l\/","name":"Bio-Komposti\u00e4rgitaja-1L (kopeeri) - WorkShop","isPartOf":{"@id":"https:\/\/www.workshop.ee\/fi\/#website"},"primaryImageOfPage":{"@id":"https:\/\/www.workshop.ee\/fi\/toode\/bio-kompostiargitaja-3l\/#primaryimage"},"image":{"@id":"https:\/\/www.workshop.ee\/toode\/bio-kompostiargitaja-3l\/#primaryimage"},"thumbnailUrl":"https:\/\/www.workshop.ee\/wp-content\/uploads\/2024\/07\/Bio_kompostiargitaja_JPG.jpg","datePublished":"2024-08-24T13:19:28+00:00","dateModified":"2025-11-15T12:49:48+00:00","breadcrumb":{"@id":"https:\/\/www.workshop.ee\/fi\/toode\/bio-kompostiargitaja-3l\/#breadcrumb"},"inLanguage":"fi","potentialAction":[{"@type":"ReadAction","target":[["https:\/\/www.workshop.ee\/fi\/toode\/bio-kompostiargitaja-3l\/"]]}]},{"@type":"ImageObject","inLanguage":"fi","@id":"https:\/\/www.workshop.ee\/fi\/toode\/bio-kompostiargitaja-3l\/#primaryimage","url":"https:\/\/www.workshop.ee\/wp-content\/uploads\/2024\/07\/Bio_kompostiargitaja_JPG.jpg","contentUrl":"https:\/\/www.workshop.ee\/wp-content\/uploads\/2024\/07\/Bio_kompostiargitaja_JPG.jpg","width":787,"height":1181},{"@type":"BreadcrumbList","@id":"https:\/\/www.workshop.ee\/fi\/toode\/bio-kompostiargitaja-3l\/#breadcrumb","itemListElement":[{"@type":"ListItem","position":1,"name":"Home","item":"https:\/\/www.workshop.ee\/fi\/"},{"@type":"ListItem","position":2,"name":"E-pood","item":"https:\/\/www.workshop.ee\/fi\/e-pood\/"},{"@type":"ListItem","position":3,"name":"Bio-Komposti\u00e4rgitaja-3L"}]},{"@type":"WebSite","@id":"https:\/\/www.workshop.ee\/fi\/#website","url":"https:\/\/www.workshop.ee\/fi\/","name":"WorkShop","description":"","publisher":{"@id":"https:\/\/www.workshop.ee\/fi\/#organization"},"potentialAction":[{"@type":"SearchAction","target":{"@type":"EntryPoint","urlTemplate":"https:\/\/www.workshop.ee\/fi\/?s={search_term_string}"},"query-input":{"@type":"PropertyValueSpecification","valueRequired":true,"valueName":"search_term_string"}}],"inLanguage":"fi"},{"@type":"Organization","@id":"https:\/\/www.workshop.ee\/fi\/#organization","name":"WorkShop","url":"https:\/\/www.workshop.ee\/fi\/","logo":{"@type":"ImageObject","inLanguage":"fi","@id":"https:\/\/www.workshop.ee\/fi\/#\/schema\/logo\/image\/","url":"https:\/\/www.workshop.ee\/wp-content\/uploads\/2024\/06\/logo.png","contentUrl":"https:\/\/www.workshop.ee\/wp-content\/uploads\/2024\/06\/logo.png","width":170,"height":57,"caption":"WorkShop"},"image":{"@id":"https:\/\/www.workshop.ee\/fi\/#\/schema\/logo\/image\/"}}]}},"_links":{"self":[{"href":"https:\/\/www.workshop.ee\/fi\/wp-json\/wp\/v2\/product\/10799","targetHints":{"allow":["GET"]}}],"collection":[{"href":"https:\/\/www.workshop.ee\/fi\/wp-json\/wp\/v2\/product"}],"about":[{"href":"https:\/\/www.workshop.ee\/fi\/wp-json\/wp\/v2\/types\/product"}],"wp:featuredmedia":[{"embeddable":true,"href":"https:\/\/www.workshop.ee\/fi\/wp-json\/wp\/v2\/media\/10317"}],"wp:attachment":[{"href":"https:\/\/www.workshop.ee\/fi\/wp-json\/wp\/v2\/media?parent=10799"}],"wp:term":[{"taxonomy":"product_brand","embeddable":true,"href":"https:\/\/www.workshop.ee\/fi\/wp-json\/wp\/v2\/product_brand?post=10799"},{"taxonomy":"product_cat","embeddable":true,"href":"https:\/\/www.workshop.ee\/fi\/wp-json\/wp\/v2\/product_cat?post=10799"},{"taxonomy":"product_tag","embeddable":true,"href":"https:\/\/www.workshop.ee\/fi\/wp-json\/wp\/v2\/product_tag?post=10799"}],"curies":[{"name":"wp","href":"https:\/\/api.w.org\/{rel}","templated":true}]}}